{"id":50648,"date":"2025-09-17T10:16:12","date_gmt":"2025-09-17T08:16:12","guid":{"rendered":"https:\/\/librairie7l.com\/?post_type=product&#038;p=50648"},"modified":"2026-04-17T14:57:49","modified_gmt":"2026-04-17T12:57:49","slug":"la-plenitude-du-vide-art-du-bambou-au-japon-2","status":"publish","type":"product","link":"https:\/\/librairie7l.com\/en\/produit\/la-plenitude-du-vide-art-du-bambou-au-japon-2\/","title":{"rendered":"LA PL\u00c9NITUDE DU VIDE : ART DU BAMBOU AU JAPON"},"content":{"rendered":"<p>Tradition mill\u00e9naire, la vannerie de bambou a \u00e9volu\u00e9 au fil des si\u00e8cles gr\u00e2ce aux \u00e9changes avec la Chine, qui introduit les objets en bambou essentiels \u00e0 l&#8217;art du th\u00e9, dont raffole l&#8217;\u00e9lite japonaise. \u00c0 la fin de l&#8217;\u00e9poque d&#8217;Edo (1603-1868), les ma\u00eetres vanniers perfectionnent leurs techniques et donnent naissance \u00e0 un style unique. Apr\u00e8s la Seconde Guerre mondiale, certains rompent avec le fonctionnalisme et cr\u00e9ent des sculptures abstraites.<\/p>\n<p>\u00c0 travers les oeuvres des collections Mingei et NAEJ, ce catalogue d&#8217;exposition du mus\u00e9e d\u00e9partemental des arts asiatiques \u00e0 Nice offre une occasion unique d&#8217;appr\u00e9cier la beaut\u00e9 et la complexit\u00e9 de la vannerie de bambou et de mieux comprendre l&#8217;importance de cet art dans le contexte culturel et historique du Japon.<\/p>\n","protected":false},"excerpt":{"rendered":"<p>Tradition mill\u00e9naire, la vannerie de bambou a \u00e9volu\u00e9 au fil des si\u00e8cles gr\u00e2ce aux \u00e9changes avec la Chine, qui introduit les objets en bambou essentiels \u00e0 l&#8217;art du th\u00e9, dont raffole l&#8217;\u00e9lite japonaise. \u00c0 la fin de l&#8217;\u00e9poque d&#8217;Edo (1603-1868), les ma\u00eetres vanniers perfectionnent leurs techniques et donnent naissance \u00e0 un style unique. Apr\u00e8s la [&hellip;]<\/p>\n","protected":false},"featured_media":50646,"template":"","meta":[],"product_cat":[2948,2952],"product_tag":[],"acf":[],"yoast_head":"<!-- This site is optimized with the Yoast SEO plugin v20.11 - https:\/\/yoast.com\/wordpress\/plugins\/seo\/ -->\n<title>La pl\u00e9nitude du vide : Art du bambou au Japon - Librairie 7L<\/title>\n<meta name=\"robots\" content=\"index, follow, max-snippet:-1, max-image-preview:large, max-video-preview:-1\" \/>\n<link rel=\"canonical\" href=\"https:\/\/librairie7l.com\/en\/produit\/la-plenitude-du-vide-art-du-bambou-au-japon-2\/\" \/>\n<meta property=\"og:locale\" content=\"en_US\" \/>\n<meta property=\"og:type\" content=\"article\" \/>\n<meta property=\"og:title\" content=\"La pl\u00e9nitude du vide : Art du bambou au Japon - Librairie 7L\" \/>\n<meta property=\"og:description\" content=\"Tradition mill\u00e9naire, la vannerie de bambou a \u00e9volu\u00e9 au fil des si\u00e8cles gr\u00e2ce aux \u00e9changes avec la Chine, qui introduit les objets en bambou essentiels \u00e0 l&#8217;art du th\u00e9, dont raffole l&#8217;\u00e9lite japonaise. \u00c0 la fin de l&#8217;\u00e9poque d&#8217;Edo (1603-1868), les ma\u00eetres vanniers perfectionnent leurs techniques et donnent naissance \u00e0 un style unique. Apr\u00e8s la [&hellip;]\" \/>\n<meta property=\"og:url\" content=\"https:\/\/librairie7l.com\/en\/produit\/la-plenitude-du-vide-art-du-bambou-au-japon-2\/\" \/>\n<meta property=\"og:site_name\" content=\"Librairie 7L\" \/>\n<meta property=\"article:modified_time\" content=\"2026-04-17T12:57:49+00:00\" \/>\n<meta property=\"og:image\" content=\"https:\/\/librairie7l.com\/wp-content\/uploads\/2024\/03\/9788836657186_1_75.jpg\" \/>\n\t<meta property=\"og:image:width\" content=\"600\" \/>\n\t<meta property=\"og:image:height\" content=\"717\" \/>\n\t<meta property=\"og:image:type\" content=\"image\/jpeg\" \/>\n<meta name=\"twitter:card\" content=\"summary_large_image\" \/>\n<meta name=\"twitter:label1\" content=\"Est. reading time\" \/>\n\t<meta name=\"twitter:data1\" content=\"1 minute\" \/>\n<script type=\"application\/ld+json\" class=\"yoast-schema-graph\">{\"@context\":\"https:\/\/schema.org\",\"@graph\":[{\"@type\":\"WebPage\",\"@id\":\"https:\/\/librairie7l.com\/en\/produit\/la-plenitude-du-vide-art-du-bambou-au-japon-2\/\",\"url\":\"https:\/\/librairie7l.com\/en\/produit\/la-plenitude-du-vide-art-du-bambou-au-japon-2\/\",\"name\":\"La pl\u00e9nitude du vide : Art du bambou au Japon - Librairie 7L\",\"isPartOf\":{\"@id\":\"https:\/\/librairie7l.com\/en\/#website\"},\"datePublished\":\"2025-09-17T08:16:12+00:00\",\"dateModified\":\"2026-04-17T12:57:49+00:00\",\"breadcrumb\":{\"@id\":\"https:\/\/librairie7l.com\/en\/produit\/la-plenitude-du-vide-art-du-bambou-au-japon-2\/#breadcrumb\"},\"inLanguage\":\"en-US\",\"potentialAction\":[{\"@type\":\"ReadAction\",\"target\":[\"https:\/\/librairie7l.com\/en\/produit\/la-plenitude-du-vide-art-du-bambou-au-japon-2\/\"]}]},{\"@type\":\"BreadcrumbList\",\"@id\":\"https:\/\/librairie7l.com\/en\/produit\/la-plenitude-du-vide-art-du-bambou-au-japon-2\/#breadcrumb\",\"itemListElement\":[{\"@type\":\"ListItem\",\"position\":1,\"name\":\"Accueil\",\"item\":\"https:\/\/librairie7l.com\/en\/\"},{\"@type\":\"ListItem\",\"position\":2,\"name\":\"Shop\",\"item\":\"https:\/\/librairie7l.com\/en\/shop\/\"},{\"@type\":\"ListItem\",\"position\":3,\"name\":\"LA PL\u00c9NITUDE DU VIDE : ART DU BAMBOU AU JAPON\"}]},{\"@type\":\"WebSite\",\"@id\":\"https:\/\/librairie7l.com\/en\/#website\",\"url\":\"https:\/\/librairie7l.com\/en\/\",\"name\":\"Librairie 7L\",\"description\":\"Librairie fond\u00e9e en 1999 par Karl Lagerfeld \u00e0 Paris\",\"publisher\":{\"@id\":\"https:\/\/librairie7l.com\/en\/#organization\"},\"potentialAction\":[{\"@type\":\"SearchAction\",\"target\":{\"@type\":\"EntryPoint\",\"urlTemplate\":\"https:\/\/librairie7l.com\/en\/?s={search_term_string}\"},\"query-input\":\"required name=search_term_string\"}],\"inLanguage\":\"en-US\"},{\"@type\":\"Organization\",\"@id\":\"https:\/\/librairie7l.com\/en\/#organization\",\"name\":\"Librairie 7L\",\"url\":\"https:\/\/librairie7l.com\/en\/\",\"logo\":{\"@type\":\"ImageObject\",\"inLanguage\":\"en-US\",\"@id\":\"https:\/\/librairie7l.com\/en\/#\/schema\/logo\/image\/\",\"url\":\"https:\/\/librairie7l.com\/wp-content\/uploads\/2022\/08\/logo-1.png\",\"contentUrl\":\"https:\/\/librairie7l.com\/wp-content\/uploads\/2022\/08\/logo-1.png\",\"width\":227,\"height\":301,\"caption\":\"Librairie 7L\"},\"image\":{\"@id\":\"https:\/\/librairie7l.com\/en\/#\/schema\/logo\/image\/\"}}]}<\/script>\n<!-- \/ Yoast SEO plugin. -->","yoast_head_json":{"title":"La pl\u00e9nitude du vide : Art du bambou au Japon - Librairie 7L","robots":{"index":"index","follow":"follow","max-snippet":"max-snippet:-1","max-image-preview":"max-image-preview:large","max-video-preview":"max-video-preview:-1"},"canonical":"https:\/\/librairie7l.com\/en\/produit\/la-plenitude-du-vide-art-du-bambou-au-japon-2\/","og_locale":"en_US","og_type":"article","og_title":"La pl\u00e9nitude du vide : Art du bambou au Japon - Librairie 7L","og_description":"Tradition mill\u00e9naire, la vannerie de bambou a \u00e9volu\u00e9 au fil des si\u00e8cles gr\u00e2ce aux \u00e9changes avec la Chine, qui introduit les objets en bambou essentiels \u00e0 l&#8217;art du th\u00e9, dont raffole l&#8217;\u00e9lite japonaise. \u00c0 la fin de l&#8217;\u00e9poque d&#8217;Edo (1603-1868), les ma\u00eetres vanniers perfectionnent leurs techniques et donnent naissance \u00e0 un style unique. Apr\u00e8s la [&hellip;]","og_url":"https:\/\/librairie7l.com\/en\/produit\/la-plenitude-du-vide-art-du-bambou-au-japon-2\/","og_site_name":"Librairie 7L","article_modified_time":"2026-04-17T12:57:49+00:00","og_image":[{"width":600,"height":717,"url":"https:\/\/librairie7l.com\/wp-content\/uploads\/2024\/03\/9788836657186_1_75.jpg","type":"image\/jpeg"}],"twitter_card":"summary_large_image","twitter_misc":{"Est. reading time":"1 minute"},"schema":{"@context":"https:\/\/schema.org","@graph":[{"@type":"WebPage","@id":"https:\/\/librairie7l.com\/en\/produit\/la-plenitude-du-vide-art-du-bambou-au-japon-2\/","url":"https:\/\/librairie7l.com\/en\/produit\/la-plenitude-du-vide-art-du-bambou-au-japon-2\/","name":"La pl\u00e9nitude du vide : Art du bambou au Japon - Librairie 7L","isPartOf":{"@id":"https:\/\/librairie7l.com\/en\/#website"},"datePublished":"2025-09-17T08:16:12+00:00","dateModified":"2026-04-17T12:57:49+00:00","breadcrumb":{"@id":"https:\/\/librairie7l.com\/en\/produit\/la-plenitude-du-vide-art-du-bambou-au-japon-2\/#breadcrumb"},"inLanguage":"en-US","potentialAction":[{"@type":"ReadAction","target":["https:\/\/librairie7l.com\/en\/produit\/la-plenitude-du-vide-art-du-bambou-au-japon-2\/"]}]},{"@type":"BreadcrumbList","@id":"https:\/\/librairie7l.com\/en\/produit\/la-plenitude-du-vide-art-du-bambou-au-japon-2\/#breadcrumb","itemListElement":[{"@type":"ListItem","position":1,"name":"Accueil","item":"https:\/\/librairie7l.com\/en\/"},{"@type":"ListItem","position":2,"name":"Shop","item":"https:\/\/librairie7l.com\/en\/shop\/"},{"@type":"ListItem","position":3,"name":"LA PL\u00c9NITUDE DU VIDE : ART DU BAMBOU AU JAPON"}]},{"@type":"WebSite","@id":"https:\/\/librairie7l.com\/en\/#website","url":"https:\/\/librairie7l.com\/en\/","name":"Librairie 7L","description":"Librairie fond\u00e9e en 1999 par Karl Lagerfeld \u00e0 Paris","publisher":{"@id":"https:\/\/librairie7l.com\/en\/#organization"},"potentialAction":[{"@type":"SearchAction","target":{"@type":"EntryPoint","urlTemplate":"https:\/\/librairie7l.com\/en\/?s={search_term_string}"},"query-input":"required name=search_term_string"}],"inLanguage":"en-US"},{"@type":"Organization","@id":"https:\/\/librairie7l.com\/en\/#organization","name":"Librairie 7L","url":"https:\/\/librairie7l.com\/en\/","logo":{"@type":"ImageObject","inLanguage":"en-US","@id":"https:\/\/librairie7l.com\/en\/#\/schema\/logo\/image\/","url":"https:\/\/librairie7l.com\/wp-content\/uploads\/2022\/08\/logo-1.png","contentUrl":"https:\/\/librairie7l.com\/wp-content\/uploads\/2022\/08\/logo-1.png","width":227,"height":301,"caption":"Librairie 7L"},"image":{"@id":"https:\/\/librairie7l.com\/en\/#\/schema\/logo\/image\/"}}]}},"_links":{"self":[{"href":"https:\/\/librairie7l.com\/en\/wp-json\/wp\/v2\/product\/50648"}],"collection":[{"href":"https:\/\/librairie7l.com\/en\/wp-json\/wp\/v2\/product"}],"about":[{"href":"https:\/\/librairie7l.com\/en\/wp-json\/wp\/v2\/types\/product"}],"wp:featuredmedia":[{"embeddable":true,"href":"https:\/\/librairie7l.com\/en\/wp-json\/wp\/v2\/media\/50646"}],"wp:attachment":[{"href":"https:\/\/librairie7l.com\/en\/wp-json\/wp\/v2\/media?parent=50648"}],"wp:term":[{"taxonomy":"product_cat","embeddable":true,"href":"https:\/\/librairie7l.com\/en\/wp-json\/wp\/v2\/product_cat?post=50648"},{"taxonomy":"product_tag","embeddable":true,"href":"https:\/\/librairie7l.com\/en\/wp-json\/wp\/v2\/product_tag?post=50648"}],"curies":[{"name":"wp","href":"https:\/\/api.w.org\/{rel}","templated":true}]}}