{"id":50652,"date":"2025-09-17T10:16:15","date_gmt":"2025-09-17T08:16:15","guid":{"rendered":"https:\/\/librairie7l.com\/?post_type=product&#038;p=50652"},"modified":"2026-04-21T05:32:54","modified_gmt":"2026-04-21T03:32:54","slug":"la-mode-comme-indiscipline-2","status":"publish","type":"product","link":"https:\/\/librairie7l.com\/en\/produit\/la-mode-comme-indiscipline-2\/","title":{"rendered":"LA MODE COMME INDISCIPLINE"},"content":{"rendered":"<p>Expos\u00e9e, m\u00e9diatis\u00e9e, encens\u00e9e ou critiqu\u00e9e, la mode d\u00e9finit  une partie cons\u00e9quente de l&#8217;histoire mat\u00e9rielle de nos  soci\u00e9t\u00e9s, et est un ind\u00e9niable agent d&#8217;intelligibilit\u00e9 du  contemporain. \u00c0 l&#8217;image de son industrie complexe et mobile,  elle constitue une discipline en devenir, un champ de  recherche interdisciplinaire qui s&#8217;est progressivement  appropri\u00e9 les grilles d&#8217;analyse et les outils critiques des  sciences voisines, tout en se nourrissant de ses propres  paradoxes et ambigu\u00eft\u00e9s.<br \/>\nEntre permanence et nouveaut\u00e9, mat\u00e9rialit\u00e9 et immat\u00e9rialit\u00e9,  cet ouvrage a pour vocation de t\u00e9moigner de la richesse de  ce champ de cr\u00e9ation en esquissant un \u00e9tat des lieux de la  pens\u00e9e sur, par et pour la mode. Il est articul\u00e9 autour de  quatre th\u00e9matiques centrales : un premier chapitre est  consacr\u00e9 \u00e0 la formation des styles entre poncifs, normes et  \u00e9mancipations. Le deuxi\u00e8me aborde la question des formes  de la conservation de la mode, dans sa dimension artistique  et patrimoniale. Le chapitre 3 explore le th\u00e8me de l&#8217;industrie  et du capitalisme, o\u00f9 la mode d\u00e9ploie un syst\u00e8me de cr\u00e9ation  et de production divers, redoutable, mais aussi ambitieux et  prospectif. Enfin, le livre se conclut sur les processus  actuels de cr\u00e9ation, \u00e0 l&#8217;aune d&#8217;une n\u00e9cessaire perspective  \u00e9cologique et de r\u00e9silience.<\/p>\n","protected":false},"excerpt":{"rendered":"<p>Expos\u00e9e, m\u00e9diatis\u00e9e, encens\u00e9e ou critiqu\u00e9e, la mode d\u00e9finit une partie cons\u00e9quente de l&#8217;histoire mat\u00e9rielle de nos soci\u00e9t\u00e9s, et est un ind\u00e9niable agent d&#8217;intelligibilit\u00e9 du contemporain. \u00c0 l&#8217;image de son industrie complexe et mobile, elle constitue une discipline en devenir, un champ de recherche interdisciplinaire qui s&#8217;est progressivement appropri\u00e9 les grilles d&#8217;analyse et les outils critiques [&hellip;]<\/p>\n","protected":false},"featured_media":50650,"template":"","meta":[],"product_cat":[2948,2957],"product_tag":[],"acf":[],"yoast_head":"<!-- This site is optimized with the Yoast SEO plugin v20.11 - https:\/\/yoast.com\/wordpress\/plugins\/seo\/ -->\n<title>La mode comme indiscipline - Librairie 7L<\/title>\n<meta name=\"robots\" content=\"index, follow, max-snippet:-1, max-image-preview:large, max-video-preview:-1\" \/>\n<link rel=\"canonical\" href=\"https:\/\/librairie7l.com\/en\/produit\/la-mode-comme-indiscipline-2\/\" \/>\n<meta property=\"og:locale\" content=\"en_US\" \/>\n<meta property=\"og:type\" content=\"article\" \/>\n<meta property=\"og:title\" content=\"La mode comme indiscipline - Librairie 7L\" \/>\n<meta property=\"og:description\" content=\"Expos\u00e9e, m\u00e9diatis\u00e9e, encens\u00e9e ou critiqu\u00e9e, la mode d\u00e9finit une partie cons\u00e9quente de l&#8217;histoire mat\u00e9rielle de nos soci\u00e9t\u00e9s, et est un ind\u00e9niable agent d&#8217;intelligibilit\u00e9 du contemporain. \u00c0 l&#8217;image de son industrie complexe et mobile, elle constitue une discipline en devenir, un champ de recherche interdisciplinaire qui s&#8217;est progressivement appropri\u00e9 les grilles d&#8217;analyse et les outils critiques [&hellip;]\" \/>\n<meta property=\"og:url\" content=\"https:\/\/librairie7l.com\/en\/produit\/la-mode-comme-indiscipline-2\/\" \/>\n<meta property=\"og:site_name\" content=\"Librairie 7L\" \/>\n<meta property=\"article:modified_time\" content=\"2026-04-21T03:32:54+00:00\" \/>\n<meta property=\"og:image\" content=\"https:\/\/librairie7l.com\/wp-content\/uploads\/2023\/09\/9782490077779_1_75.jpg\" \/>\n\t<meta property=\"og:image:width\" content=\"600\" \/>\n\t<meta property=\"og:image:height\" content=\"922\" \/>\n\t<meta property=\"og:image:type\" content=\"image\/jpeg\" \/>\n<meta name=\"twitter:card\" content=\"summary_large_image\" \/>\n<meta name=\"twitter:label1\" content=\"Est. reading time\" \/>\n\t<meta name=\"twitter:data1\" content=\"1 minute\" \/>\n<script type=\"application\/ld+json\" class=\"yoast-schema-graph\">{\"@context\":\"https:\/\/schema.org\",\"@graph\":[{\"@type\":\"WebPage\",\"@id\":\"https:\/\/librairie7l.com\/en\/produit\/la-mode-comme-indiscipline-2\/\",\"url\":\"https:\/\/librairie7l.com\/en\/produit\/la-mode-comme-indiscipline-2\/\",\"name\":\"La mode comme indiscipline - Librairie 7L\",\"isPartOf\":{\"@id\":\"https:\/\/librairie7l.com\/en\/#website\"},\"datePublished\":\"2025-09-17T08:16:15+00:00\",\"dateModified\":\"2026-04-21T03:32:54+00:00\",\"breadcrumb\":{\"@id\":\"https:\/\/librairie7l.com\/en\/produit\/la-mode-comme-indiscipline-2\/#breadcrumb\"},\"inLanguage\":\"en-US\",\"potentialAction\":[{\"@type\":\"ReadAction\",\"target\":[\"https:\/\/librairie7l.com\/en\/produit\/la-mode-comme-indiscipline-2\/\"]}]},{\"@type\":\"BreadcrumbList\",\"@id\":\"https:\/\/librairie7l.com\/en\/produit\/la-mode-comme-indiscipline-2\/#breadcrumb\",\"itemListElement\":[{\"@type\":\"ListItem\",\"position\":1,\"name\":\"Accueil\",\"item\":\"https:\/\/librairie7l.com\/en\/\"},{\"@type\":\"ListItem\",\"position\":2,\"name\":\"Shop\",\"item\":\"https:\/\/librairie7l.com\/en\/shop\/\"},{\"@type\":\"ListItem\",\"position\":3,\"name\":\"LA MODE COMME INDISCIPLINE\"}]},{\"@type\":\"WebSite\",\"@id\":\"https:\/\/librairie7l.com\/en\/#website\",\"url\":\"https:\/\/librairie7l.com\/en\/\",\"name\":\"Librairie 7L\",\"description\":\"Librairie fond\u00e9e en 1999 par Karl Lagerfeld \u00e0 Paris\",\"publisher\":{\"@id\":\"https:\/\/librairie7l.com\/en\/#organization\"},\"potentialAction\":[{\"@type\":\"SearchAction\",\"target\":{\"@type\":\"EntryPoint\",\"urlTemplate\":\"https:\/\/librairie7l.com\/en\/?s={search_term_string}\"},\"query-input\":\"required name=search_term_string\"}],\"inLanguage\":\"en-US\"},{\"@type\":\"Organization\",\"@id\":\"https:\/\/librairie7l.com\/en\/#organization\",\"name\":\"Librairie 7L\",\"url\":\"https:\/\/librairie7l.com\/en\/\",\"logo\":{\"@type\":\"ImageObject\",\"inLanguage\":\"en-US\",\"@id\":\"https:\/\/librairie7l.com\/en\/#\/schema\/logo\/image\/\",\"url\":\"https:\/\/librairie7l.com\/wp-content\/uploads\/2022\/08\/logo-1.png\",\"contentUrl\":\"https:\/\/librairie7l.com\/wp-content\/uploads\/2022\/08\/logo-1.png\",\"width\":227,\"height\":301,\"caption\":\"Librairie 7L\"},\"image\":{\"@id\":\"https:\/\/librairie7l.com\/en\/#\/schema\/logo\/image\/\"}}]}<\/script>\n<!-- \/ Yoast SEO plugin. -->","yoast_head_json":{"title":"La mode comme indiscipline - Librairie 7L","robots":{"index":"index","follow":"follow","max-snippet":"max-snippet:-1","max-image-preview":"max-image-preview:large","max-video-preview":"max-video-preview:-1"},"canonical":"https:\/\/librairie7l.com\/en\/produit\/la-mode-comme-indiscipline-2\/","og_locale":"en_US","og_type":"article","og_title":"La mode comme indiscipline - Librairie 7L","og_description":"Expos\u00e9e, m\u00e9diatis\u00e9e, encens\u00e9e ou critiqu\u00e9e, la mode d\u00e9finit une partie cons\u00e9quente de l&#8217;histoire mat\u00e9rielle de nos soci\u00e9t\u00e9s, et est un ind\u00e9niable agent d&#8217;intelligibilit\u00e9 du contemporain. \u00c0 l&#8217;image de son industrie complexe et mobile, elle constitue une discipline en devenir, un champ de recherche interdisciplinaire qui s&#8217;est progressivement appropri\u00e9 les grilles d&#8217;analyse et les outils critiques [&hellip;]","og_url":"https:\/\/librairie7l.com\/en\/produit\/la-mode-comme-indiscipline-2\/","og_site_name":"Librairie 7L","article_modified_time":"2026-04-21T03:32:54+00:00","og_image":[{"width":600,"height":922,"url":"https:\/\/librairie7l.com\/wp-content\/uploads\/2023\/09\/9782490077779_1_75.jpg","type":"image\/jpeg"}],"twitter_card":"summary_large_image","twitter_misc":{"Est. reading time":"1 minute"},"schema":{"@context":"https:\/\/schema.org","@graph":[{"@type":"WebPage","@id":"https:\/\/librairie7l.com\/en\/produit\/la-mode-comme-indiscipline-2\/","url":"https:\/\/librairie7l.com\/en\/produit\/la-mode-comme-indiscipline-2\/","name":"La mode comme indiscipline - Librairie 7L","isPartOf":{"@id":"https:\/\/librairie7l.com\/en\/#website"},"datePublished":"2025-09-17T08:16:15+00:00","dateModified":"2026-04-21T03:32:54+00:00","breadcrumb":{"@id":"https:\/\/librairie7l.com\/en\/produit\/la-mode-comme-indiscipline-2\/#breadcrumb"},"inLanguage":"en-US","potentialAction":[{"@type":"ReadAction","target":["https:\/\/librairie7l.com\/en\/produit\/la-mode-comme-indiscipline-2\/"]}]},{"@type":"BreadcrumbList","@id":"https:\/\/librairie7l.com\/en\/produit\/la-mode-comme-indiscipline-2\/#breadcrumb","itemListElement":[{"@type":"ListItem","position":1,"name":"Accueil","item":"https:\/\/librairie7l.com\/en\/"},{"@type":"ListItem","position":2,"name":"Shop","item":"https:\/\/librairie7l.com\/en\/shop\/"},{"@type":"ListItem","position":3,"name":"LA MODE COMME INDISCIPLINE"}]},{"@type":"WebSite","@id":"https:\/\/librairie7l.com\/en\/#website","url":"https:\/\/librairie7l.com\/en\/","name":"Librairie 7L","description":"Librairie fond\u00e9e en 1999 par Karl Lagerfeld \u00e0 Paris","publisher":{"@id":"https:\/\/librairie7l.com\/en\/#organization"},"potentialAction":[{"@type":"SearchAction","target":{"@type":"EntryPoint","urlTemplate":"https:\/\/librairie7l.com\/en\/?s={search_term_string}"},"query-input":"required name=search_term_string"}],"inLanguage":"en-US"},{"@type":"Organization","@id":"https:\/\/librairie7l.com\/en\/#organization","name":"Librairie 7L","url":"https:\/\/librairie7l.com\/en\/","logo":{"@type":"ImageObject","inLanguage":"en-US","@id":"https:\/\/librairie7l.com\/en\/#\/schema\/logo\/image\/","url":"https:\/\/librairie7l.com\/wp-content\/uploads\/2022\/08\/logo-1.png","contentUrl":"https:\/\/librairie7l.com\/wp-content\/uploads\/2022\/08\/logo-1.png","width":227,"height":301,"caption":"Librairie 7L"},"image":{"@id":"https:\/\/librairie7l.com\/en\/#\/schema\/logo\/image\/"}}]}},"_links":{"self":[{"href":"https:\/\/librairie7l.com\/en\/wp-json\/wp\/v2\/product\/50652"}],"collection":[{"href":"https:\/\/librairie7l.com\/en\/wp-json\/wp\/v2\/product"}],"about":[{"href":"https:\/\/librairie7l.com\/en\/wp-json\/wp\/v2\/types\/product"}],"wp:featuredmedia":[{"embeddable":true,"href":"https:\/\/librairie7l.com\/en\/wp-json\/wp\/v2\/media\/50650"}],"wp:attachment":[{"href":"https:\/\/librairie7l.com\/en\/wp-json\/wp\/v2\/media?parent=50652"}],"wp:term":[{"taxonomy":"product_cat","embeddable":true,"href":"https:\/\/librairie7l.com\/en\/wp-json\/wp\/v2\/product_cat?post=50652"},{"taxonomy":"product_tag","embeddable":true,"href":"https:\/\/librairie7l.com\/en\/wp-json\/wp\/v2\/product_tag?post=50652"}],"curies":[{"name":"wp","href":"https:\/\/api.w.org\/{rel}","templated":true}]}}