{"id":50657,"date":"2025-09-18T09:17:47","date_gmt":"2025-09-18T07:17:47","guid":{"rendered":"https:\/\/librairie7l.com\/?post_type=product&#038;p=50657"},"modified":"2026-04-17T17:13:14","modified_gmt":"2026-04-17T15:13:14","slug":"held-marc-du-design-a-larchitecture-2","status":"publish","type":"product","link":"https:\/\/librairie7l.com\/en\/produit\/held-marc-du-design-a-larchitecture-2\/","title":{"rendered":"HELD MARC. DU DESIGN A L&#8217;ARCHITECTURE"},"content":{"rendered":"<p>Auteur du lit Prisunic en plastique et du fauteuil Culbuto \u00e9dit\u00e9 par Knoll, Marc Held est un designer incontournable des ann\u00e9es 70. L&#8217;\u00c9choppe, sa galerie de la rue de Seine, a symbolis\u00e9 les aspirations d&#8217;une g\u00e9n\u00e9ration en mati\u00e8re de style de vie et d&#8217;habitat. Postfac\u00e9 par l&#8217;historien d&#8217;architecture Petros Martinidis, cet ouvrage d&#8217;\u00c9ric Germain r\u00e9v\u00e8le les racines d&#8217;une oeuvre port\u00e9e par le d\u00e9sir d&#8217;un cr\u00e9ateur \u00e0 la fois classique et libertaire. Du teck au tout plastique, des grands voiliers aux voitures Renault, de la maison en acier aux architectures vernaculaires, des salons de l&#8217;\u00c9lys\u00e9e aux usines IBM, la diversit\u00e9 du travail de Marc Held trouve son unit\u00e9 dans une constante pr\u00e9occupation humaniste.<\/p>\n","protected":false},"excerpt":{"rendered":"<p>Auteur du lit Prisunic en plastique et du fauteuil Culbuto \u00e9dit\u00e9 par Knoll, Marc Held est un designer incontournable des ann\u00e9es 70. L&#8217;\u00c9choppe, sa galerie de la rue de Seine, a symbolis\u00e9 les aspirations d&#8217;une g\u00e9n\u00e9ration en mati\u00e8re de style de vie et d&#8217;habitat. Postfac\u00e9 par l&#8217;historien d&#8217;architecture Petros Martinidis, cet ouvrage d&#8217;\u00c9ric Germain r\u00e9v\u00e8le [&hellip;]<\/p>\n","protected":false},"featured_media":50655,"template":"","meta":[],"product_cat":[2948,2952],"product_tag":[],"acf":[],"yoast_head":"<!-- This site is optimized with the Yoast SEO plugin v20.11 - https:\/\/yoast.com\/wordpress\/plugins\/seo\/ -->\n<title>Held Marc. du Design a l&#039;Architecture - Librairie 7L<\/title>\n<meta name=\"robots\" content=\"index, follow, max-snippet:-1, max-image-preview:large, max-video-preview:-1\" \/>\n<link rel=\"canonical\" href=\"https:\/\/librairie7l.com\/en\/produit\/held-marc-du-design-a-larchitecture-2\/\" \/>\n<meta property=\"og:locale\" content=\"en_US\" \/>\n<meta property=\"og:type\" content=\"article\" \/>\n<meta property=\"og:title\" content=\"Held Marc. du Design a l&#039;Architecture - Librairie 7L\" \/>\n<meta property=\"og:description\" content=\"Auteur du lit Prisunic en plastique et du fauteuil Culbuto \u00e9dit\u00e9 par Knoll, Marc Held est un designer incontournable des ann\u00e9es 70. L&#8217;\u00c9choppe, sa galerie de la rue de Seine, a symbolis\u00e9 les aspirations d&#8217;une g\u00e9n\u00e9ration en mati\u00e8re de style de vie et d&#8217;habitat. Postfac\u00e9 par l&#8217;historien d&#8217;architecture Petros Martinidis, cet ouvrage d&#8217;\u00c9ric Germain r\u00e9v\u00e8le [&hellip;]\" \/>\n<meta property=\"og:url\" content=\"https:\/\/librairie7l.com\/en\/produit\/held-marc-du-design-a-larchitecture-2\/\" \/>\n<meta property=\"og:site_name\" content=\"Librairie 7L\" \/>\n<meta property=\"article:modified_time\" content=\"2026-04-17T15:13:14+00:00\" \/>\n<meta property=\"og:image\" content=\"https:\/\/librairie7l.com\/wp-content\/uploads\/2009\/09\/9782915542271_1_75.jpg\" \/>\n\t<meta property=\"og:image:width\" content=\"600\" \/>\n\t<meta property=\"og:image:height\" content=\"894\" \/>\n\t<meta property=\"og:image:type\" content=\"image\/jpeg\" \/>\n<meta name=\"twitter:card\" content=\"summary_large_image\" \/>\n<meta name=\"twitter:label1\" content=\"Est. reading time\" \/>\n\t<meta name=\"twitter:data1\" content=\"1 minute\" \/>\n<script type=\"application\/ld+json\" class=\"yoast-schema-graph\">{\"@context\":\"https:\/\/schema.org\",\"@graph\":[{\"@type\":\"WebPage\",\"@id\":\"https:\/\/librairie7l.com\/en\/produit\/held-marc-du-design-a-larchitecture-2\/\",\"url\":\"https:\/\/librairie7l.com\/en\/produit\/held-marc-du-design-a-larchitecture-2\/\",\"name\":\"Held Marc. du Design a l'Architecture - Librairie 7L\",\"isPartOf\":{\"@id\":\"https:\/\/librairie7l.com\/en\/#website\"},\"datePublished\":\"2025-09-18T07:17:47+00:00\",\"dateModified\":\"2026-04-17T15:13:14+00:00\",\"breadcrumb\":{\"@id\":\"https:\/\/librairie7l.com\/en\/produit\/held-marc-du-design-a-larchitecture-2\/#breadcrumb\"},\"inLanguage\":\"en-US\",\"potentialAction\":[{\"@type\":\"ReadAction\",\"target\":[\"https:\/\/librairie7l.com\/en\/produit\/held-marc-du-design-a-larchitecture-2\/\"]}]},{\"@type\":\"BreadcrumbList\",\"@id\":\"https:\/\/librairie7l.com\/en\/produit\/held-marc-du-design-a-larchitecture-2\/#breadcrumb\",\"itemListElement\":[{\"@type\":\"ListItem\",\"position\":1,\"name\":\"Accueil\",\"item\":\"https:\/\/librairie7l.com\/en\/\"},{\"@type\":\"ListItem\",\"position\":2,\"name\":\"Shop\",\"item\":\"https:\/\/librairie7l.com\/en\/shop\/\"},{\"@type\":\"ListItem\",\"position\":3,\"name\":\"HELD MARC. DU DESIGN A L&#8217;ARCHITECTURE\"}]},{\"@type\":\"WebSite\",\"@id\":\"https:\/\/librairie7l.com\/en\/#website\",\"url\":\"https:\/\/librairie7l.com\/en\/\",\"name\":\"Librairie 7L\",\"description\":\"Librairie fond\u00e9e en 1999 par Karl Lagerfeld \u00e0 Paris\",\"publisher\":{\"@id\":\"https:\/\/librairie7l.com\/en\/#organization\"},\"potentialAction\":[{\"@type\":\"SearchAction\",\"target\":{\"@type\":\"EntryPoint\",\"urlTemplate\":\"https:\/\/librairie7l.com\/en\/?s={search_term_string}\"},\"query-input\":\"required name=search_term_string\"}],\"inLanguage\":\"en-US\"},{\"@type\":\"Organization\",\"@id\":\"https:\/\/librairie7l.com\/en\/#organization\",\"name\":\"Librairie 7L\",\"url\":\"https:\/\/librairie7l.com\/en\/\",\"logo\":{\"@type\":\"ImageObject\",\"inLanguage\":\"en-US\",\"@id\":\"https:\/\/librairie7l.com\/en\/#\/schema\/logo\/image\/\",\"url\":\"https:\/\/librairie7l.com\/wp-content\/uploads\/2022\/08\/logo-1.png\",\"contentUrl\":\"https:\/\/librairie7l.com\/wp-content\/uploads\/2022\/08\/logo-1.png\",\"width\":227,\"height\":301,\"caption\":\"Librairie 7L\"},\"image\":{\"@id\":\"https:\/\/librairie7l.com\/en\/#\/schema\/logo\/image\/\"}}]}<\/script>\n<!-- \/ Yoast SEO plugin. -->","yoast_head_json":{"title":"Held Marc. du Design a l'Architecture - Librairie 7L","robots":{"index":"index","follow":"follow","max-snippet":"max-snippet:-1","max-image-preview":"max-image-preview:large","max-video-preview":"max-video-preview:-1"},"canonical":"https:\/\/librairie7l.com\/en\/produit\/held-marc-du-design-a-larchitecture-2\/","og_locale":"en_US","og_type":"article","og_title":"Held Marc. du Design a l'Architecture - Librairie 7L","og_description":"Auteur du lit Prisunic en plastique et du fauteuil Culbuto \u00e9dit\u00e9 par Knoll, Marc Held est un designer incontournable des ann\u00e9es 70. L&#8217;\u00c9choppe, sa galerie de la rue de Seine, a symbolis\u00e9 les aspirations d&#8217;une g\u00e9n\u00e9ration en mati\u00e8re de style de vie et d&#8217;habitat. Postfac\u00e9 par l&#8217;historien d&#8217;architecture Petros Martinidis, cet ouvrage d&#8217;\u00c9ric Germain r\u00e9v\u00e8le [&hellip;]","og_url":"https:\/\/librairie7l.com\/en\/produit\/held-marc-du-design-a-larchitecture-2\/","og_site_name":"Librairie 7L","article_modified_time":"2026-04-17T15:13:14+00:00","og_image":[{"width":600,"height":894,"url":"https:\/\/librairie7l.com\/wp-content\/uploads\/2009\/09\/9782915542271_1_75.jpg","type":"image\/jpeg"}],"twitter_card":"summary_large_image","twitter_misc":{"Est. reading time":"1 minute"},"schema":{"@context":"https:\/\/schema.org","@graph":[{"@type":"WebPage","@id":"https:\/\/librairie7l.com\/en\/produit\/held-marc-du-design-a-larchitecture-2\/","url":"https:\/\/librairie7l.com\/en\/produit\/held-marc-du-design-a-larchitecture-2\/","name":"Held Marc. du Design a l'Architecture - Librairie 7L","isPartOf":{"@id":"https:\/\/librairie7l.com\/en\/#website"},"datePublished":"2025-09-18T07:17:47+00:00","dateModified":"2026-04-17T15:13:14+00:00","breadcrumb":{"@id":"https:\/\/librairie7l.com\/en\/produit\/held-marc-du-design-a-larchitecture-2\/#breadcrumb"},"inLanguage":"en-US","potentialAction":[{"@type":"ReadAction","target":["https:\/\/librairie7l.com\/en\/produit\/held-marc-du-design-a-larchitecture-2\/"]}]},{"@type":"BreadcrumbList","@id":"https:\/\/librairie7l.com\/en\/produit\/held-marc-du-design-a-larchitecture-2\/#breadcrumb","itemListElement":[{"@type":"ListItem","position":1,"name":"Accueil","item":"https:\/\/librairie7l.com\/en\/"},{"@type":"ListItem","position":2,"name":"Shop","item":"https:\/\/librairie7l.com\/en\/shop\/"},{"@type":"ListItem","position":3,"name":"HELD MARC. DU DESIGN A L&#8217;ARCHITECTURE"}]},{"@type":"WebSite","@id":"https:\/\/librairie7l.com\/en\/#website","url":"https:\/\/librairie7l.com\/en\/","name":"Librairie 7L","description":"Librairie fond\u00e9e en 1999 par Karl Lagerfeld \u00e0 Paris","publisher":{"@id":"https:\/\/librairie7l.com\/en\/#organization"},"potentialAction":[{"@type":"SearchAction","target":{"@type":"EntryPoint","urlTemplate":"https:\/\/librairie7l.com\/en\/?s={search_term_string}"},"query-input":"required name=search_term_string"}],"inLanguage":"en-US"},{"@type":"Organization","@id":"https:\/\/librairie7l.com\/en\/#organization","name":"Librairie 7L","url":"https:\/\/librairie7l.com\/en\/","logo":{"@type":"ImageObject","inLanguage":"en-US","@id":"https:\/\/librairie7l.com\/en\/#\/schema\/logo\/image\/","url":"https:\/\/librairie7l.com\/wp-content\/uploads\/2022\/08\/logo-1.png","contentUrl":"https:\/\/librairie7l.com\/wp-content\/uploads\/2022\/08\/logo-1.png","width":227,"height":301,"caption":"Librairie 7L"},"image":{"@id":"https:\/\/librairie7l.com\/en\/#\/schema\/logo\/image\/"}}]}},"_links":{"self":[{"href":"https:\/\/librairie7l.com\/en\/wp-json\/wp\/v2\/product\/50657"}],"collection":[{"href":"https:\/\/librairie7l.com\/en\/wp-json\/wp\/v2\/product"}],"about":[{"href":"https:\/\/librairie7l.com\/en\/wp-json\/wp\/v2\/types\/product"}],"wp:featuredmedia":[{"embeddable":true,"href":"https:\/\/librairie7l.com\/en\/wp-json\/wp\/v2\/media\/50655"}],"wp:attachment":[{"href":"https:\/\/librairie7l.com\/en\/wp-json\/wp\/v2\/media?parent=50657"}],"wp:term":[{"taxonomy":"product_cat","embeddable":true,"href":"https:\/\/librairie7l.com\/en\/wp-json\/wp\/v2\/product_cat?post=50657"},{"taxonomy":"product_tag","embeddable":true,"href":"https:\/\/librairie7l.com\/en\/wp-json\/wp\/v2\/product_tag?post=50657"}],"curies":[{"name":"wp","href":"https:\/\/api.w.org\/{rel}","templated":true}]}}