{"id":50661,"date":"2025-09-18T09:17:49","date_gmt":"2025-09-18T07:17:49","guid":{"rendered":"https:\/\/librairie7l.com\/?post_type=product&#038;p=50661"},"modified":"2026-04-17T14:57:47","modified_gmt":"2026-04-17T12:57:47","slug":"marc-held-50-ans-de-design-2","status":"publish","type":"product","link":"https:\/\/librairie7l.com\/en\/produit\/marc-held-50-ans-de-design-2\/","title":{"rendered":"MARC HELD ; 50 ANS DE DESIGN"},"content":{"rendered":"<p>En 1968, le lit moul\u00e9 en plastique blanc con\u00e7u par Marc Held fait la couverture du fameux catalogue Prisunic et son fauteuil Culbuto est \u00e9dit\u00e9 par Knoll : le design pour tous commence son parcours triomphal dans les diff\u00e9rentes classes de la soci\u00e9t\u00e9. Des ann\u00e9es 70 \u00e0 aujourd&#8217;hui, de la montre Lip \u00e0 l&#8217;am\u00e9nagement des appartements de l&#8217;\u00c9lys\u00e9e, Marc Held est l&#8217;un des designers marquants de cette p\u00e9riode heureuse pour la cr\u00e9ation fran\u00e7aise. Pr\u00e9sentes dans le monde entier, ses oeuvres sont expos\u00e9es dans de nombreux mus\u00e9es d&#8217;art contemporain.<br \/>\nParall\u00e8lement \u00e0 sa carri\u00e8re de designer, Marc Held est architecte. Il a con\u00e7u de nombreuses maisons, dont il a r\u00e9alis\u00e9 aussi le mobilier. Il consacre aujourd&#8217;hui l&#8217;essentiel de sa r\u00e9flexion aux rapports entre l&#8217;architecture populaire et la modernit\u00e9.<br \/>\nN\u00e9 en 1932 dans une famille \u00e9migr\u00e9e d&#8217;Europe centrale, Marc Held a grandi \u00e0 Bagnolet, pr\u00e8s de Paris, dans un monde impr\u00e9gn\u00e9 par l&#8217;id\u00e9al communiste. Au lendemain de la guerre, il d\u00e9couvre le Paris des ann\u00e9es 50, le th\u00e9\u00e2tre de Jean Vilar, le jazz qui fait swinguer les caves de Saint-Germain-des-Pr\u00e9s. Il observe les d\u00e9buts du design dans les vitrines de Knoll ou de Mobilier International. Grand admirateur des Scandinaves, le Finlandais Alvar Aalto, le Danois Arne Jacobsen, qui dominent la sc\u00e8ne internationale \u00e0 ce moment-l\u00e0, ou des Am\u00e9ricains Charles et Ray Eames, il se lance, pour lui-m\u00eame et pour quelques clients, dans cet univers de modernit\u00e9 conviviale, et il en fait son m\u00e9tier.<br \/>\nTr\u00e8s r\u00e9actif et sensible \u00e0 l&#8217;air du temps, en phase avec les nouveaux besoins d&#8217;une g\u00e9n\u00e9ration qui rompt avec la tradition fran\u00e7aise du meuble de famille, il joue un r\u00f4le de premier plan. Cr\u00e9ateur, entrepreneur, galeriste, il ouvre L&#8217;\u00c9choppe, au 51 rue de Seine, puis r\u00e9alise de grandes commandes d&#8217;architecture int\u00e9rieure pour IBM, en Provence, ou les h\u00f4tels Frantel, \u00e0 Reims notamment. Son approche de l&#8217;habitat, du design, puis de l&#8217;architecture est rest\u00e9e constamment impr\u00e9gn\u00e9e des valeurs humanistes qui lui ont \u00e9t\u00e9 inculqu\u00e9es dans son enfance.<br \/>\nDes premiers meubles en teck des ann\u00e9es 60 aux cr\u00e9ations les plus r\u00e9centes, ce catalogue raisonn\u00e9 revient sur cinquante ann\u00e9es de design, couvrant des domaines aussi vari\u00e9s que les arts de la table, le mobilier, l&#8217;am\u00e9nagement des salons de l&#8217;\u00c9lys\u00e9e, la r\u00e9alisation de la tour IBM \u00e0 la D\u00e9fense. En Gr\u00e8ce, o\u00f9 il r\u00e9side depuis 1989, il a construit sa propre maison et plusieurs villas, en r\u00e9sonance avec le paysage.<\/p>\n","protected":false},"excerpt":{"rendered":"<p>En 1968, le lit moul\u00e9 en plastique blanc con\u00e7u par Marc Held fait la couverture du fameux catalogue Prisunic et son fauteuil Culbuto est \u00e9dit\u00e9 par Knoll : le design pour tous commence son parcours triomphal dans les diff\u00e9rentes classes de la soci\u00e9t\u00e9. Des ann\u00e9es 70 \u00e0 aujourd&#8217;hui, de la montre Lip \u00e0 l&#8217;am\u00e9nagement des [&hellip;]<\/p>\n","protected":false},"featured_media":50659,"template":"","meta":[],"product_cat":[2948,2952],"product_tag":[],"acf":[],"yoast_head":"<!-- This site is optimized with the Yoast SEO plugin v20.11 - https:\/\/yoast.com\/wordpress\/plugins\/seo\/ -->\n<title>Marc Held ; 50 ans de design - Librairie 7L<\/title>\n<meta name=\"robots\" content=\"index, follow, max-snippet:-1, max-image-preview:large, max-video-preview:-1\" \/>\n<link rel=\"canonical\" href=\"https:\/\/librairie7l.com\/en\/produit\/marc-held-50-ans-de-design-2\/\" \/>\n<meta property=\"og:locale\" content=\"en_US\" \/>\n<meta property=\"og:type\" content=\"article\" \/>\n<meta property=\"og:title\" content=\"Marc Held ; 50 ans de design - Librairie 7L\" \/>\n<meta property=\"og:description\" content=\"En 1968, le lit moul\u00e9 en plastique blanc con\u00e7u par Marc Held fait la couverture du fameux catalogue Prisunic et son fauteuil Culbuto est \u00e9dit\u00e9 par Knoll : le design pour tous commence son parcours triomphal dans les diff\u00e9rentes classes de la soci\u00e9t\u00e9. Des ann\u00e9es 70 \u00e0 aujourd&#8217;hui, de la montre Lip \u00e0 l&#8217;am\u00e9nagement des [&hellip;]\" \/>\n<meta property=\"og:url\" content=\"https:\/\/librairie7l.com\/en\/produit\/marc-held-50-ans-de-design-2\/\" \/>\n<meta property=\"og:site_name\" content=\"Librairie 7L\" \/>\n<meta property=\"article:modified_time\" content=\"2026-04-17T12:57:47+00:00\" \/>\n<meta property=\"og:image\" content=\"https:\/\/librairie7l.com\/wp-content\/uploads\/2014\/03\/9782915542639_1_75.jpg\" \/>\n\t<meta property=\"og:image:width\" content=\"531\" \/>\n\t<meta property=\"og:image:height\" content=\"569\" \/>\n\t<meta property=\"og:image:type\" content=\"image\/jpeg\" \/>\n<meta name=\"twitter:card\" content=\"summary_large_image\" \/>\n<meta name=\"twitter:label1\" content=\"Est. reading time\" \/>\n\t<meta name=\"twitter:data1\" content=\"2 minutes\" \/>\n<script type=\"application\/ld+json\" class=\"yoast-schema-graph\">{\"@context\":\"https:\/\/schema.org\",\"@graph\":[{\"@type\":\"WebPage\",\"@id\":\"https:\/\/librairie7l.com\/en\/produit\/marc-held-50-ans-de-design-2\/\",\"url\":\"https:\/\/librairie7l.com\/en\/produit\/marc-held-50-ans-de-design-2\/\",\"name\":\"Marc Held ; 50 ans de design - Librairie 7L\",\"isPartOf\":{\"@id\":\"https:\/\/librairie7l.com\/en\/#website\"},\"datePublished\":\"2025-09-18T07:17:49+00:00\",\"dateModified\":\"2026-04-17T12:57:47+00:00\",\"breadcrumb\":{\"@id\":\"https:\/\/librairie7l.com\/en\/produit\/marc-held-50-ans-de-design-2\/#breadcrumb\"},\"inLanguage\":\"en-US\",\"potentialAction\":[{\"@type\":\"ReadAction\",\"target\":[\"https:\/\/librairie7l.com\/en\/produit\/marc-held-50-ans-de-design-2\/\"]}]},{\"@type\":\"BreadcrumbList\",\"@id\":\"https:\/\/librairie7l.com\/en\/produit\/marc-held-50-ans-de-design-2\/#breadcrumb\",\"itemListElement\":[{\"@type\":\"ListItem\",\"position\":1,\"name\":\"Accueil\",\"item\":\"https:\/\/librairie7l.com\/en\/\"},{\"@type\":\"ListItem\",\"position\":2,\"name\":\"Shop\",\"item\":\"https:\/\/librairie7l.com\/en\/shop\/\"},{\"@type\":\"ListItem\",\"position\":3,\"name\":\"MARC HELD ; 50 ANS DE DESIGN\"}]},{\"@type\":\"WebSite\",\"@id\":\"https:\/\/librairie7l.com\/en\/#website\",\"url\":\"https:\/\/librairie7l.com\/en\/\",\"name\":\"Librairie 7L\",\"description\":\"Librairie fond\u00e9e en 1999 par Karl Lagerfeld \u00e0 Paris\",\"publisher\":{\"@id\":\"https:\/\/librairie7l.com\/en\/#organization\"},\"potentialAction\":[{\"@type\":\"SearchAction\",\"target\":{\"@type\":\"EntryPoint\",\"urlTemplate\":\"https:\/\/librairie7l.com\/en\/?s={search_term_string}\"},\"query-input\":\"required name=search_term_string\"}],\"inLanguage\":\"en-US\"},{\"@type\":\"Organization\",\"@id\":\"https:\/\/librairie7l.com\/en\/#organization\",\"name\":\"Librairie 7L\",\"url\":\"https:\/\/librairie7l.com\/en\/\",\"logo\":{\"@type\":\"ImageObject\",\"inLanguage\":\"en-US\",\"@id\":\"https:\/\/librairie7l.com\/en\/#\/schema\/logo\/image\/\",\"url\":\"https:\/\/librairie7l.com\/wp-content\/uploads\/2022\/08\/logo-1.png\",\"contentUrl\":\"https:\/\/librairie7l.com\/wp-content\/uploads\/2022\/08\/logo-1.png\",\"width\":227,\"height\":301,\"caption\":\"Librairie 7L\"},\"image\":{\"@id\":\"https:\/\/librairie7l.com\/en\/#\/schema\/logo\/image\/\"}}]}<\/script>\n<!-- \/ Yoast SEO plugin. -->","yoast_head_json":{"title":"Marc Held ; 50 ans de design - Librairie 7L","robots":{"index":"index","follow":"follow","max-snippet":"max-snippet:-1","max-image-preview":"max-image-preview:large","max-video-preview":"max-video-preview:-1"},"canonical":"https:\/\/librairie7l.com\/en\/produit\/marc-held-50-ans-de-design-2\/","og_locale":"en_US","og_type":"article","og_title":"Marc Held ; 50 ans de design - Librairie 7L","og_description":"En 1968, le lit moul\u00e9 en plastique blanc con\u00e7u par Marc Held fait la couverture du fameux catalogue Prisunic et son fauteuil Culbuto est \u00e9dit\u00e9 par Knoll : le design pour tous commence son parcours triomphal dans les diff\u00e9rentes classes de la soci\u00e9t\u00e9. Des ann\u00e9es 70 \u00e0 aujourd&#8217;hui, de la montre Lip \u00e0 l&#8217;am\u00e9nagement des [&hellip;]","og_url":"https:\/\/librairie7l.com\/en\/produit\/marc-held-50-ans-de-design-2\/","og_site_name":"Librairie 7L","article_modified_time":"2026-04-17T12:57:47+00:00","og_image":[{"width":531,"height":569,"url":"https:\/\/librairie7l.com\/wp-content\/uploads\/2014\/03\/9782915542639_1_75.jpg","type":"image\/jpeg"}],"twitter_card":"summary_large_image","twitter_misc":{"Est. reading time":"2 minutes"},"schema":{"@context":"https:\/\/schema.org","@graph":[{"@type":"WebPage","@id":"https:\/\/librairie7l.com\/en\/produit\/marc-held-50-ans-de-design-2\/","url":"https:\/\/librairie7l.com\/en\/produit\/marc-held-50-ans-de-design-2\/","name":"Marc Held ; 50 ans de design - Librairie 7L","isPartOf":{"@id":"https:\/\/librairie7l.com\/en\/#website"},"datePublished":"2025-09-18T07:17:49+00:00","dateModified":"2026-04-17T12:57:47+00:00","breadcrumb":{"@id":"https:\/\/librairie7l.com\/en\/produit\/marc-held-50-ans-de-design-2\/#breadcrumb"},"inLanguage":"en-US","potentialAction":[{"@type":"ReadAction","target":["https:\/\/librairie7l.com\/en\/produit\/marc-held-50-ans-de-design-2\/"]}]},{"@type":"BreadcrumbList","@id":"https:\/\/librairie7l.com\/en\/produit\/marc-held-50-ans-de-design-2\/#breadcrumb","itemListElement":[{"@type":"ListItem","position":1,"name":"Accueil","item":"https:\/\/librairie7l.com\/en\/"},{"@type":"ListItem","position":2,"name":"Shop","item":"https:\/\/librairie7l.com\/en\/shop\/"},{"@type":"ListItem","position":3,"name":"MARC HELD ; 50 ANS DE DESIGN"}]},{"@type":"WebSite","@id":"https:\/\/librairie7l.com\/en\/#website","url":"https:\/\/librairie7l.com\/en\/","name":"Librairie 7L","description":"Librairie fond\u00e9e en 1999 par Karl Lagerfeld \u00e0 Paris","publisher":{"@id":"https:\/\/librairie7l.com\/en\/#organization"},"potentialAction":[{"@type":"SearchAction","target":{"@type":"EntryPoint","urlTemplate":"https:\/\/librairie7l.com\/en\/?s={search_term_string}"},"query-input":"required name=search_term_string"}],"inLanguage":"en-US"},{"@type":"Organization","@id":"https:\/\/librairie7l.com\/en\/#organization","name":"Librairie 7L","url":"https:\/\/librairie7l.com\/en\/","logo":{"@type":"ImageObject","inLanguage":"en-US","@id":"https:\/\/librairie7l.com\/en\/#\/schema\/logo\/image\/","url":"https:\/\/librairie7l.com\/wp-content\/uploads\/2022\/08\/logo-1.png","contentUrl":"https:\/\/librairie7l.com\/wp-content\/uploads\/2022\/08\/logo-1.png","width":227,"height":301,"caption":"Librairie 7L"},"image":{"@id":"https:\/\/librairie7l.com\/en\/#\/schema\/logo\/image\/"}}]}},"_links":{"self":[{"href":"https:\/\/librairie7l.com\/en\/wp-json\/wp\/v2\/product\/50661"}],"collection":[{"href":"https:\/\/librairie7l.com\/en\/wp-json\/wp\/v2\/product"}],"about":[{"href":"https:\/\/librairie7l.com\/en\/wp-json\/wp\/v2\/types\/product"}],"wp:featuredmedia":[{"embeddable":true,"href":"https:\/\/librairie7l.com\/en\/wp-json\/wp\/v2\/media\/50659"}],"wp:attachment":[{"href":"https:\/\/librairie7l.com\/en\/wp-json\/wp\/v2\/media?parent=50661"}],"wp:term":[{"taxonomy":"product_cat","embeddable":true,"href":"https:\/\/librairie7l.com\/en\/wp-json\/wp\/v2\/product_cat?post=50661"},{"taxonomy":"product_tag","embeddable":true,"href":"https:\/\/librairie7l.com\/en\/wp-json\/wp\/v2\/product_tag?post=50661"}],"curies":[{"name":"wp","href":"https:\/\/api.w.org\/{rel}","templated":true}]}}