{"id":50669,"date":"2025-09-18T09:17:53","date_gmt":"2025-09-18T07:17:53","guid":{"rendered":"https:\/\/librairie7l.com\/?post_type=product&#038;p=50669"},"modified":"2026-04-17T07:37:38","modified_gmt":"2026-04-17T05:37:38","slug":"john-singer-sargent-eblouir-paris-2","status":"publish","type":"product","link":"https:\/\/librairie7l.com\/en\/produit\/john-singer-sargent-eblouir-paris-2\/","title":{"rendered":"JOHN SINGER SARGENT : \u00c9BLOUIR PARIS"},"content":{"rendered":"<p>N\u00e9 en Italie de parents am\u00e9ricains, le peintre John Singer Sargent (1856-1925) passe l&#8217;essentiel de sa carri\u00e8re \u00e0 Londres et le plus clair de sa vie \u00e0 voyager. Paris sera pour lui bien plus qu&#8217;une simple \u00e9tape. Lorsqu&#8217;il s&#8217;y installe en 1874, la capitale est en effervescence et le jeune artiste brillant y trouve sa voie. Form\u00e9 dans les ateliers de Carolus-Duran et de L\u00e9on Bonnat, Sargent s\u00e9duit le Tout-Paris. Par la virtuosit\u00e9 de sa touche, la force de ses portraits et l&#8217;\u00e9l\u00e9gance de son regard, il impose son style singulier. Le milieu artistique fran\u00e7ais salue ce talent hors du commun, qui choque parfois, avant que la reconnaissance ne c\u00e8de peu \u00e0 peu la place \u00e0 une certaine m\u00e9fiance&#8230; et \u00e0 l&#8217;oubli au XXe si\u00e8cle. Cent ans apr\u00e8s sa disparition, cette r\u00e9trospective exceptionnelle, rassemblant pr\u00e8s de 130 oeuvres majeures, redonne toute sa lumi\u00e8re \u00e0 la p\u00e9riode parisienne de Sargent &#8211; sans doute la plus d\u00e9cisive et la plus vibrante de sa carri\u00e8re.<\/p>\n","protected":false},"excerpt":{"rendered":"<p>N\u00e9 en Italie de parents am\u00e9ricains, le peintre John Singer Sargent (1856-1925) passe l&#8217;essentiel de sa carri\u00e8re \u00e0 Londres et le plus clair de sa vie \u00e0 voyager. Paris sera pour lui bien plus qu&#8217;une simple \u00e9tape. Lorsqu&#8217;il s&#8217;y installe en 1874, la capitale est en effervescence et le jeune artiste brillant y trouve sa [&hellip;]<\/p>\n","protected":false},"featured_media":50667,"template":"","meta":[],"product_cat":[2948,2953],"product_tag":[],"acf":[],"yoast_head":"<!-- This site is optimized with the Yoast SEO plugin v20.11 - https:\/\/yoast.com\/wordpress\/plugins\/seo\/ -->\n<title>John Singer Sargent : \u00c9blouir Paris - Librairie 7L<\/title>\n<meta name=\"robots\" content=\"index, follow, max-snippet:-1, max-image-preview:large, max-video-preview:-1\" \/>\n<link rel=\"canonical\" href=\"https:\/\/librairie7l.com\/en\/produit\/john-singer-sargent-eblouir-paris-2\/\" \/>\n<meta property=\"og:locale\" content=\"en_US\" \/>\n<meta property=\"og:type\" content=\"article\" \/>\n<meta property=\"og:title\" content=\"John Singer Sargent : \u00c9blouir Paris - Librairie 7L\" \/>\n<meta property=\"og:description\" content=\"N\u00e9 en Italie de parents am\u00e9ricains, le peintre John Singer Sargent (1856-1925) passe l&#8217;essentiel de sa carri\u00e8re \u00e0 Londres et le plus clair de sa vie \u00e0 voyager. Paris sera pour lui bien plus qu&#8217;une simple \u00e9tape. Lorsqu&#8217;il s&#8217;y installe en 1874, la capitale est en effervescence et le jeune artiste brillant y trouve sa [&hellip;]\" \/>\n<meta property=\"og:url\" content=\"https:\/\/librairie7l.com\/en\/produit\/john-singer-sargent-eblouir-paris-2\/\" \/>\n<meta property=\"og:site_name\" content=\"Librairie 7L\" \/>\n<meta property=\"article:modified_time\" content=\"2026-04-17T05:37:38+00:00\" \/>\n<meta property=\"og:image\" content=\"https:\/\/librairie7l.com\/wp-content\/uploads\/2025\/03\/9782073114907_1_75.jpg\" \/>\n\t<meta property=\"og:image:width\" content=\"600\" \/>\n\t<meta property=\"og:image:height\" content=\"796\" \/>\n\t<meta property=\"og:image:type\" content=\"image\/jpeg\" \/>\n<meta name=\"twitter:card\" content=\"summary_large_image\" \/>\n<meta name=\"twitter:label1\" content=\"Est. reading time\" \/>\n\t<meta name=\"twitter:data1\" content=\"1 minute\" \/>\n<script type=\"application\/ld+json\" class=\"yoast-schema-graph\">{\"@context\":\"https:\/\/schema.org\",\"@graph\":[{\"@type\":\"WebPage\",\"@id\":\"https:\/\/librairie7l.com\/en\/produit\/john-singer-sargent-eblouir-paris-2\/\",\"url\":\"https:\/\/librairie7l.com\/en\/produit\/john-singer-sargent-eblouir-paris-2\/\",\"name\":\"John Singer Sargent : \u00c9blouir Paris - Librairie 7L\",\"isPartOf\":{\"@id\":\"https:\/\/librairie7l.com\/en\/#website\"},\"datePublished\":\"2025-09-18T07:17:53+00:00\",\"dateModified\":\"2026-04-17T05:37:38+00:00\",\"breadcrumb\":{\"@id\":\"https:\/\/librairie7l.com\/en\/produit\/john-singer-sargent-eblouir-paris-2\/#breadcrumb\"},\"inLanguage\":\"en-US\",\"potentialAction\":[{\"@type\":\"ReadAction\",\"target\":[\"https:\/\/librairie7l.com\/en\/produit\/john-singer-sargent-eblouir-paris-2\/\"]}]},{\"@type\":\"BreadcrumbList\",\"@id\":\"https:\/\/librairie7l.com\/en\/produit\/john-singer-sargent-eblouir-paris-2\/#breadcrumb\",\"itemListElement\":[{\"@type\":\"ListItem\",\"position\":1,\"name\":\"Accueil\",\"item\":\"https:\/\/librairie7l.com\/en\/\"},{\"@type\":\"ListItem\",\"position\":2,\"name\":\"Shop\",\"item\":\"https:\/\/librairie7l.com\/en\/shop\/\"},{\"@type\":\"ListItem\",\"position\":3,\"name\":\"JOHN SINGER SARGENT : \u00c9BLOUIR PARIS\"}]},{\"@type\":\"WebSite\",\"@id\":\"https:\/\/librairie7l.com\/en\/#website\",\"url\":\"https:\/\/librairie7l.com\/en\/\",\"name\":\"Librairie 7L\",\"description\":\"Librairie fond\u00e9e en 1999 par Karl Lagerfeld \u00e0 Paris\",\"publisher\":{\"@id\":\"https:\/\/librairie7l.com\/en\/#organization\"},\"potentialAction\":[{\"@type\":\"SearchAction\",\"target\":{\"@type\":\"EntryPoint\",\"urlTemplate\":\"https:\/\/librairie7l.com\/en\/?s={search_term_string}\"},\"query-input\":\"required name=search_term_string\"}],\"inLanguage\":\"en-US\"},{\"@type\":\"Organization\",\"@id\":\"https:\/\/librairie7l.com\/en\/#organization\",\"name\":\"Librairie 7L\",\"url\":\"https:\/\/librairie7l.com\/en\/\",\"logo\":{\"@type\":\"ImageObject\",\"inLanguage\":\"en-US\",\"@id\":\"https:\/\/librairie7l.com\/en\/#\/schema\/logo\/image\/\",\"url\":\"https:\/\/librairie7l.com\/wp-content\/uploads\/2022\/08\/logo-1.png\",\"contentUrl\":\"https:\/\/librairie7l.com\/wp-content\/uploads\/2022\/08\/logo-1.png\",\"width\":227,\"height\":301,\"caption\":\"Librairie 7L\"},\"image\":{\"@id\":\"https:\/\/librairie7l.com\/en\/#\/schema\/logo\/image\/\"}}]}<\/script>\n<!-- \/ Yoast SEO plugin. -->","yoast_head_json":{"title":"John Singer Sargent : \u00c9blouir Paris - Librairie 7L","robots":{"index":"index","follow":"follow","max-snippet":"max-snippet:-1","max-image-preview":"max-image-preview:large","max-video-preview":"max-video-preview:-1"},"canonical":"https:\/\/librairie7l.com\/en\/produit\/john-singer-sargent-eblouir-paris-2\/","og_locale":"en_US","og_type":"article","og_title":"John Singer Sargent : \u00c9blouir Paris - Librairie 7L","og_description":"N\u00e9 en Italie de parents am\u00e9ricains, le peintre John Singer Sargent (1856-1925) passe l&#8217;essentiel de sa carri\u00e8re \u00e0 Londres et le plus clair de sa vie \u00e0 voyager. Paris sera pour lui bien plus qu&#8217;une simple \u00e9tape. Lorsqu&#8217;il s&#8217;y installe en 1874, la capitale est en effervescence et le jeune artiste brillant y trouve sa [&hellip;]","og_url":"https:\/\/librairie7l.com\/en\/produit\/john-singer-sargent-eblouir-paris-2\/","og_site_name":"Librairie 7L","article_modified_time":"2026-04-17T05:37:38+00:00","og_image":[{"width":600,"height":796,"url":"https:\/\/librairie7l.com\/wp-content\/uploads\/2025\/03\/9782073114907_1_75.jpg","type":"image\/jpeg"}],"twitter_card":"summary_large_image","twitter_misc":{"Est. reading time":"1 minute"},"schema":{"@context":"https:\/\/schema.org","@graph":[{"@type":"WebPage","@id":"https:\/\/librairie7l.com\/en\/produit\/john-singer-sargent-eblouir-paris-2\/","url":"https:\/\/librairie7l.com\/en\/produit\/john-singer-sargent-eblouir-paris-2\/","name":"John Singer Sargent : \u00c9blouir Paris - Librairie 7L","isPartOf":{"@id":"https:\/\/librairie7l.com\/en\/#website"},"datePublished":"2025-09-18T07:17:53+00:00","dateModified":"2026-04-17T05:37:38+00:00","breadcrumb":{"@id":"https:\/\/librairie7l.com\/en\/produit\/john-singer-sargent-eblouir-paris-2\/#breadcrumb"},"inLanguage":"en-US","potentialAction":[{"@type":"ReadAction","target":["https:\/\/librairie7l.com\/en\/produit\/john-singer-sargent-eblouir-paris-2\/"]}]},{"@type":"BreadcrumbList","@id":"https:\/\/librairie7l.com\/en\/produit\/john-singer-sargent-eblouir-paris-2\/#breadcrumb","itemListElement":[{"@type":"ListItem","position":1,"name":"Accueil","item":"https:\/\/librairie7l.com\/en\/"},{"@type":"ListItem","position":2,"name":"Shop","item":"https:\/\/librairie7l.com\/en\/shop\/"},{"@type":"ListItem","position":3,"name":"JOHN SINGER SARGENT : \u00c9BLOUIR PARIS"}]},{"@type":"WebSite","@id":"https:\/\/librairie7l.com\/en\/#website","url":"https:\/\/librairie7l.com\/en\/","name":"Librairie 7L","description":"Librairie fond\u00e9e en 1999 par Karl Lagerfeld \u00e0 Paris","publisher":{"@id":"https:\/\/librairie7l.com\/en\/#organization"},"potentialAction":[{"@type":"SearchAction","target":{"@type":"EntryPoint","urlTemplate":"https:\/\/librairie7l.com\/en\/?s={search_term_string}"},"query-input":"required name=search_term_string"}],"inLanguage":"en-US"},{"@type":"Organization","@id":"https:\/\/librairie7l.com\/en\/#organization","name":"Librairie 7L","url":"https:\/\/librairie7l.com\/en\/","logo":{"@type":"ImageObject","inLanguage":"en-US","@id":"https:\/\/librairie7l.com\/en\/#\/schema\/logo\/image\/","url":"https:\/\/librairie7l.com\/wp-content\/uploads\/2022\/08\/logo-1.png","contentUrl":"https:\/\/librairie7l.com\/wp-content\/uploads\/2022\/08\/logo-1.png","width":227,"height":301,"caption":"Librairie 7L"},"image":{"@id":"https:\/\/librairie7l.com\/en\/#\/schema\/logo\/image\/"}}]}},"_links":{"self":[{"href":"https:\/\/librairie7l.com\/en\/wp-json\/wp\/v2\/product\/50669"}],"collection":[{"href":"https:\/\/librairie7l.com\/en\/wp-json\/wp\/v2\/product"}],"about":[{"href":"https:\/\/librairie7l.com\/en\/wp-json\/wp\/v2\/types\/product"}],"wp:featuredmedia":[{"embeddable":true,"href":"https:\/\/librairie7l.com\/en\/wp-json\/wp\/v2\/media\/50667"}],"wp:attachment":[{"href":"https:\/\/librairie7l.com\/en\/wp-json\/wp\/v2\/media?parent=50669"}],"wp:term":[{"taxonomy":"product_cat","embeddable":true,"href":"https:\/\/librairie7l.com\/en\/wp-json\/wp\/v2\/product_cat?post=50669"},{"taxonomy":"product_tag","embeddable":true,"href":"https:\/\/librairie7l.com\/en\/wp-json\/wp\/v2\/product_tag?post=50669"}],"curies":[{"name":"wp","href":"https:\/\/api.w.org\/{rel}","templated":true}]}}