{"id":50701,"date":"2025-09-18T09:18:13","date_gmt":"2025-09-18T07:18:13","guid":{"rendered":"https:\/\/librairie7l.com\/?post_type=product&#038;p=50701"},"modified":"2026-04-17T07:37:16","modified_gmt":"2026-04-17T05:37:16","slug":"ceroplastie-2","status":"publish","type":"product","link":"https:\/\/librairie7l.com\/en\/produit\/ceroplastie-2\/","title":{"rendered":"C\u00c9ROPLASTIE"},"content":{"rendered":"<p>Apr\u00e8s les mod\u00e8les en verre des Blaschka, cet opus dans la collection du Cabinet de l&#8217;Amateur est consacr\u00e9 \u00e0 un autre ensemble issu des collections du Mus\u00e9e zoologique de Strasbourg : les mod\u00e8les p\u00e9dagogiques en cire produits \u00e0 peu pr\u00e8s \u00e0 la m\u00eame \u00e9poque, soit vers la fin du XIXe si\u00e8cle, par Adolf et Friedrich Ziegler et par Rudolf Weisker. Entre fascination et r\u00e9pulsion, ces supports d&#8217;enseignement tridimensionnels repr\u00e9sentent le d\u00e9veloppement des humains et des animaux, de loeuf f\u00e9cond\u00e9 \u00e0 la forme d\u00e9finitive. Louvrage pr\u00e9sente diff\u00e9rentes s\u00e9ries issues des deux ateliers : diff\u00e9rents types de cerveaux de vert\u00e9br\u00e9s, le d\u00e9veloppement des circonvolutions du cerveau humain, le d\u00e9veloppement de la grenouille, celui de loeuf de Chironomus (ou vers de vase) et de lAmphioxus lanceolatus (ou lancelet), mais aussi diff\u00e9rents mod\u00e8les de larves et vers.<\/p>\n","protected":false},"excerpt":{"rendered":"<p>Apr\u00e8s les mod\u00e8les en verre des Blaschka, cet opus dans la collection du Cabinet de l&#8217;Amateur est consacr\u00e9 \u00e0 un autre ensemble issu des collections du Mus\u00e9e zoologique de Strasbourg : les mod\u00e8les p\u00e9dagogiques en cire produits \u00e0 peu pr\u00e8s \u00e0 la m\u00eame \u00e9poque, soit vers la fin du XIXe si\u00e8cle, par Adolf et Friedrich [&hellip;]<\/p>\n","protected":false},"featured_media":50699,"template":"","meta":[],"product_cat":[2948,2953],"product_tag":[],"acf":[],"yoast_head":"<!-- This site is optimized with the Yoast SEO plugin v20.11 - https:\/\/yoast.com\/wordpress\/plugins\/seo\/ -->\n<title>C\u00e9roplastie - Librairie 7L<\/title>\n<meta name=\"robots\" content=\"index, follow, max-snippet:-1, max-image-preview:large, max-video-preview:-1\" \/>\n<link rel=\"canonical\" href=\"https:\/\/librairie7l.com\/en\/produit\/ceroplastie-2\/\" \/>\n<meta property=\"og:locale\" content=\"en_US\" \/>\n<meta property=\"og:type\" content=\"article\" \/>\n<meta property=\"og:title\" content=\"C\u00e9roplastie - Librairie 7L\" \/>\n<meta property=\"og:description\" content=\"Apr\u00e8s les mod\u00e8les en verre des Blaschka, cet opus dans la collection du Cabinet de l&#8217;Amateur est consacr\u00e9 \u00e0 un autre ensemble issu des collections du Mus\u00e9e zoologique de Strasbourg : les mod\u00e8les p\u00e9dagogiques en cire produits \u00e0 peu pr\u00e8s \u00e0 la m\u00eame \u00e9poque, soit vers la fin du XIXe si\u00e8cle, par Adolf et Friedrich [&hellip;]\" \/>\n<meta property=\"og:url\" content=\"https:\/\/librairie7l.com\/en\/produit\/ceroplastie-2\/\" \/>\n<meta property=\"og:site_name\" content=\"Librairie 7L\" \/>\n<meta property=\"article:modified_time\" content=\"2026-04-17T05:37:16+00:00\" \/>\n<meta property=\"og:image\" content=\"https:\/\/librairie7l.com\/wp-content\/uploads\/2025\/07\/9782351252321_1_75.jpg\" \/>\n\t<meta property=\"og:image:width\" content=\"337\" \/>\n\t<meta property=\"og:image:height\" content=\"487\" \/>\n\t<meta property=\"og:image:type\" content=\"image\/jpeg\" \/>\n<meta name=\"twitter:card\" content=\"summary_large_image\" \/>\n<meta name=\"twitter:label1\" content=\"Est. reading time\" \/>\n\t<meta name=\"twitter:data1\" content=\"1 minute\" \/>\n<script type=\"application\/ld+json\" class=\"yoast-schema-graph\">{\"@context\":\"https:\/\/schema.org\",\"@graph\":[{\"@type\":\"WebPage\",\"@id\":\"https:\/\/librairie7l.com\/en\/produit\/ceroplastie-2\/\",\"url\":\"https:\/\/librairie7l.com\/en\/produit\/ceroplastie-2\/\",\"name\":\"C\u00e9roplastie - Librairie 7L\",\"isPartOf\":{\"@id\":\"https:\/\/librairie7l.com\/en\/#website\"},\"datePublished\":\"2025-09-18T07:18:13+00:00\",\"dateModified\":\"2026-04-17T05:37:16+00:00\",\"breadcrumb\":{\"@id\":\"https:\/\/librairie7l.com\/en\/produit\/ceroplastie-2\/#breadcrumb\"},\"inLanguage\":\"en-US\",\"potentialAction\":[{\"@type\":\"ReadAction\",\"target\":[\"https:\/\/librairie7l.com\/en\/produit\/ceroplastie-2\/\"]}]},{\"@type\":\"BreadcrumbList\",\"@id\":\"https:\/\/librairie7l.com\/en\/produit\/ceroplastie-2\/#breadcrumb\",\"itemListElement\":[{\"@type\":\"ListItem\",\"position\":1,\"name\":\"Accueil\",\"item\":\"https:\/\/librairie7l.com\/en\/\"},{\"@type\":\"ListItem\",\"position\":2,\"name\":\"Shop\",\"item\":\"https:\/\/librairie7l.com\/en\/shop\/\"},{\"@type\":\"ListItem\",\"position\":3,\"name\":\"C\u00c9ROPLASTIE\"}]},{\"@type\":\"WebSite\",\"@id\":\"https:\/\/librairie7l.com\/en\/#website\",\"url\":\"https:\/\/librairie7l.com\/en\/\",\"name\":\"Librairie 7L\",\"description\":\"Librairie fond\u00e9e en 1999 par Karl Lagerfeld \u00e0 Paris\",\"publisher\":{\"@id\":\"https:\/\/librairie7l.com\/en\/#organization\"},\"potentialAction\":[{\"@type\":\"SearchAction\",\"target\":{\"@type\":\"EntryPoint\",\"urlTemplate\":\"https:\/\/librairie7l.com\/en\/?s={search_term_string}\"},\"query-input\":\"required name=search_term_string\"}],\"inLanguage\":\"en-US\"},{\"@type\":\"Organization\",\"@id\":\"https:\/\/librairie7l.com\/en\/#organization\",\"name\":\"Librairie 7L\",\"url\":\"https:\/\/librairie7l.com\/en\/\",\"logo\":{\"@type\":\"ImageObject\",\"inLanguage\":\"en-US\",\"@id\":\"https:\/\/librairie7l.com\/en\/#\/schema\/logo\/image\/\",\"url\":\"https:\/\/librairie7l.com\/wp-content\/uploads\/2022\/08\/logo-1.png\",\"contentUrl\":\"https:\/\/librairie7l.com\/wp-content\/uploads\/2022\/08\/logo-1.png\",\"width\":227,\"height\":301,\"caption\":\"Librairie 7L\"},\"image\":{\"@id\":\"https:\/\/librairie7l.com\/en\/#\/schema\/logo\/image\/\"}}]}<\/script>\n<!-- \/ Yoast SEO plugin. -->","yoast_head_json":{"title":"C\u00e9roplastie - Librairie 7L","robots":{"index":"index","follow":"follow","max-snippet":"max-snippet:-1","max-image-preview":"max-image-preview:large","max-video-preview":"max-video-preview:-1"},"canonical":"https:\/\/librairie7l.com\/en\/produit\/ceroplastie-2\/","og_locale":"en_US","og_type":"article","og_title":"C\u00e9roplastie - Librairie 7L","og_description":"Apr\u00e8s les mod\u00e8les en verre des Blaschka, cet opus dans la collection du Cabinet de l&#8217;Amateur est consacr\u00e9 \u00e0 un autre ensemble issu des collections du Mus\u00e9e zoologique de Strasbourg : les mod\u00e8les p\u00e9dagogiques en cire produits \u00e0 peu pr\u00e8s \u00e0 la m\u00eame \u00e9poque, soit vers la fin du XIXe si\u00e8cle, par Adolf et Friedrich [&hellip;]","og_url":"https:\/\/librairie7l.com\/en\/produit\/ceroplastie-2\/","og_site_name":"Librairie 7L","article_modified_time":"2026-04-17T05:37:16+00:00","og_image":[{"width":337,"height":487,"url":"https:\/\/librairie7l.com\/wp-content\/uploads\/2025\/07\/9782351252321_1_75.jpg","type":"image\/jpeg"}],"twitter_card":"summary_large_image","twitter_misc":{"Est. reading time":"1 minute"},"schema":{"@context":"https:\/\/schema.org","@graph":[{"@type":"WebPage","@id":"https:\/\/librairie7l.com\/en\/produit\/ceroplastie-2\/","url":"https:\/\/librairie7l.com\/en\/produit\/ceroplastie-2\/","name":"C\u00e9roplastie - Librairie 7L","isPartOf":{"@id":"https:\/\/librairie7l.com\/en\/#website"},"datePublished":"2025-09-18T07:18:13+00:00","dateModified":"2026-04-17T05:37:16+00:00","breadcrumb":{"@id":"https:\/\/librairie7l.com\/en\/produit\/ceroplastie-2\/#breadcrumb"},"inLanguage":"en-US","potentialAction":[{"@type":"ReadAction","target":["https:\/\/librairie7l.com\/en\/produit\/ceroplastie-2\/"]}]},{"@type":"BreadcrumbList","@id":"https:\/\/librairie7l.com\/en\/produit\/ceroplastie-2\/#breadcrumb","itemListElement":[{"@type":"ListItem","position":1,"name":"Accueil","item":"https:\/\/librairie7l.com\/en\/"},{"@type":"ListItem","position":2,"name":"Shop","item":"https:\/\/librairie7l.com\/en\/shop\/"},{"@type":"ListItem","position":3,"name":"C\u00c9ROPLASTIE"}]},{"@type":"WebSite","@id":"https:\/\/librairie7l.com\/en\/#website","url":"https:\/\/librairie7l.com\/en\/","name":"Librairie 7L","description":"Librairie fond\u00e9e en 1999 par Karl Lagerfeld \u00e0 Paris","publisher":{"@id":"https:\/\/librairie7l.com\/en\/#organization"},"potentialAction":[{"@type":"SearchAction","target":{"@type":"EntryPoint","urlTemplate":"https:\/\/librairie7l.com\/en\/?s={search_term_string}"},"query-input":"required name=search_term_string"}],"inLanguage":"en-US"},{"@type":"Organization","@id":"https:\/\/librairie7l.com\/en\/#organization","name":"Librairie 7L","url":"https:\/\/librairie7l.com\/en\/","logo":{"@type":"ImageObject","inLanguage":"en-US","@id":"https:\/\/librairie7l.com\/en\/#\/schema\/logo\/image\/","url":"https:\/\/librairie7l.com\/wp-content\/uploads\/2022\/08\/logo-1.png","contentUrl":"https:\/\/librairie7l.com\/wp-content\/uploads\/2022\/08\/logo-1.png","width":227,"height":301,"caption":"Librairie 7L"},"image":{"@id":"https:\/\/librairie7l.com\/en\/#\/schema\/logo\/image\/"}}]}},"_links":{"self":[{"href":"https:\/\/librairie7l.com\/en\/wp-json\/wp\/v2\/product\/50701"}],"collection":[{"href":"https:\/\/librairie7l.com\/en\/wp-json\/wp\/v2\/product"}],"about":[{"href":"https:\/\/librairie7l.com\/en\/wp-json\/wp\/v2\/types\/product"}],"wp:featuredmedia":[{"embeddable":true,"href":"https:\/\/librairie7l.com\/en\/wp-json\/wp\/v2\/media\/50699"}],"wp:attachment":[{"href":"https:\/\/librairie7l.com\/en\/wp-json\/wp\/v2\/media?parent=50701"}],"wp:term":[{"taxonomy":"product_cat","embeddable":true,"href":"https:\/\/librairie7l.com\/en\/wp-json\/wp\/v2\/product_cat?post=50701"},{"taxonomy":"product_tag","embeddable":true,"href":"https:\/\/librairie7l.com\/en\/wp-json\/wp\/v2\/product_tag?post=50701"}],"curies":[{"name":"wp","href":"https:\/\/api.w.org\/{rel}","templated":true}]}}