{"id":50735,"date":"2025-09-19T20:14:40","date_gmt":"2025-09-19T18:14:40","guid":{"rendered":"https:\/\/librairie7l.com\/?post_type=product&#038;p=50735"},"modified":"2026-04-06T03:13:32","modified_gmt":"2026-04-06T01:13:32","slug":"alice-colonieu-au-pays-des-ceramiques-2","status":"publish","type":"product","link":"https:\/\/librairie7l.com\/en\/produit\/alice-colonieu-au-pays-des-ceramiques-2\/","title":{"rendered":"ALICE COLONIEU : AU PAYS DES C\u00c9RAMIQUES"},"content":{"rendered":"<p>Puissante et ind\u00e9pendante, Alice Colonieu forge sa destin\u00e9e avec d\u00e9termination.<br \/>\nElle s&#8217;inscrit pleinement dans cette d\u00e9marche de libert\u00e9 qui constitue toute la fraicheur de la c\u00e9ramique fran\u00e7aise de l&#8217;apr\u00e8s-guerre, dont l&#8217;\u00e9criture trouve ses racines dans la richesse et la continuit\u00e9 des arts et traditions populaires, tant en rupture avec la sophistication et l&#8217;\u00e9pure de l&#8217;esth\u00e9tique des ann\u00e9es 1930 qu&#8217;avec les influences de l&#8217;Extr\u00eame-Orient.<br \/>\nAinsi, alors qu&#8217;elle contribue pleinement \u00e0 l&#8217;\u00e9criture de la c\u00e9ramique des ann\u00e9es 1940, son apport semble surtout issu d&#8217;une force naturelle, d&#8217;une app\u00e9tence joyeuse pour la nature qui l&#8217;entoure dont elle va exprimer toutes les ressources avec po\u00e9sie.<br \/>\nA l&#8217;\u00e9cole des Beaux-arts de Marseille, elle est imm\u00e9diatement s\u00e9duite par la c\u00e9ramique qui lui semble le meilleur support \u00e0 son expression esth\u00e9tique et plastique. Sous la houlette d&#8217;\u00c9milie Decanis et gr\u00e2ce \u00e0 une formation \u00e0 l&#8217;\u00e9cole de Fontcarrade, c&#8217;est bien arm\u00e9e qu&#8217;Alice Colonieu s&#8217;installe \u00e0 Roaix dans le Vaucluse pour y mener une carri\u00e8re artistique au sein de son terroir familial.<br \/>\nD\u00e8s le d\u00e9but, elle mod\u00e8le avec passion des oeuvres aux dimensions ambitieuses. Malicieuse elle se plaira toujours \u00e0 modifier ses \u00e9maux \u00e0 des fins tr\u00e8s personnelles en privil\u00e9giant les couleurs vives, les superpositions et les coulures, afin de d\u00e9gager une g\u00e9n\u00e9rosit\u00e9 de la mati\u00e8re qui renforce la plastique de ses formes.<br \/>\nPour la terre, comme Vassil Ivanoff et nombreux artistes exp\u00e9rimentateurs d\u00e9volus au gr\u00e8s \u00e0 Saint-Amand ou \u00e0 La Borne, elle explore les filons des argiles locales qu&#8217;elle enrichit subtilement de divers apports n\u00e9cessaires \u00e0 la belle plasticit\u00e9 qu&#8217;elle recherche.<br \/>\nPour mener son oeuvre a bien, Alice Colonieu, dispose d&#8217;une botte secr\u00e8te, sa famille. Fille unique, aim\u00e9e par ses parents et sa grand-m\u00e8re paternelle qui se mettent \u00e0 son service, elle pourra avec toute l&#8217;emphase de nos chers arts et traditions populaires, d\u00e9velopper en autarcie un art qui se joue des contraintes.<br \/>\nCatholique, berc\u00e9e par des contes d&#8217;enfants avides de voyages lointains, elle se projette dans les po\u00e8mes de Jos\u00e9 Maria de Heredia, \u00ab Chaque soir, esp\u00e9rant des lendemains \u00e9piques, L&#8217;azur phosphorescent de la mer des Tropiques, Enchantait leur sommeil d&#8217;un mirage dor\u00e9 \u00bb qui expliquent le secret de sa signature et d\u00e9montrent la richesse d&#8217;un univers personnel propre \u00e0 exhaler cette flamme qui nous touche.<\/p>\n","protected":false},"excerpt":{"rendered":"<p>Puissante et ind\u00e9pendante, Alice Colonieu forge sa destin\u00e9e avec d\u00e9termination. Elle s&#8217;inscrit pleinement dans cette d\u00e9marche de libert\u00e9 qui constitue toute la fraicheur de la c\u00e9ramique fran\u00e7aise de l&#8217;apr\u00e8s-guerre, dont l&#8217;\u00e9criture trouve ses racines dans la richesse et la continuit\u00e9 des arts et traditions populaires, tant en rupture avec la sophistication et l&#8217;\u00e9pure de l&#8217;esth\u00e9tique [&hellip;]<\/p>\n","protected":false},"featured_media":50733,"template":"","meta":[],"product_cat":[7364,2948],"product_tag":[],"acf":[],"yoast_head":"<!-- This site is optimized with the Yoast SEO plugin v20.11 - https:\/\/yoast.com\/wordpress\/plugins\/seo\/ -->\n<title>Alice Colonieu : Au pays des c\u00e9ramiques - Librairie 7L<\/title>\n<meta name=\"robots\" content=\"index, follow, max-snippet:-1, max-image-preview:large, max-video-preview:-1\" \/>\n<link rel=\"canonical\" href=\"https:\/\/librairie7l.com\/en\/produit\/alice-colonieu-au-pays-des-ceramiques-2\/\" \/>\n<meta property=\"og:locale\" content=\"en_US\" \/>\n<meta property=\"og:type\" content=\"article\" \/>\n<meta property=\"og:title\" content=\"Alice Colonieu : Au pays des c\u00e9ramiques - Librairie 7L\" \/>\n<meta property=\"og:description\" content=\"Puissante et ind\u00e9pendante, Alice Colonieu forge sa destin\u00e9e avec d\u00e9termination. Elle s&#8217;inscrit pleinement dans cette d\u00e9marche de libert\u00e9 qui constitue toute la fraicheur de la c\u00e9ramique fran\u00e7aise de l&#8217;apr\u00e8s-guerre, dont l&#8217;\u00e9criture trouve ses racines dans la richesse et la continuit\u00e9 des arts et traditions populaires, tant en rupture avec la sophistication et l&#8217;\u00e9pure de l&#8217;esth\u00e9tique [&hellip;]\" \/>\n<meta property=\"og:url\" content=\"https:\/\/librairie7l.com\/en\/produit\/alice-colonieu-au-pays-des-ceramiques-2\/\" \/>\n<meta property=\"og:site_name\" content=\"Librairie 7L\" \/>\n<meta property=\"article:modified_time\" content=\"2026-04-06T01:13:32+00:00\" \/>\n<meta property=\"og:image\" content=\"https:\/\/librairie7l.com\/wp-content\/uploads\/2025\/08\/9791094795255_1_75.jpg\" \/>\n\t<meta property=\"og:image:width\" content=\"600\" \/>\n\t<meta property=\"og:image:height\" content=\"795\" \/>\n\t<meta property=\"og:image:type\" content=\"image\/jpeg\" \/>\n<meta name=\"twitter:card\" content=\"summary_large_image\" \/>\n<meta name=\"twitter:label1\" content=\"Est. reading time\" \/>\n\t<meta name=\"twitter:data1\" content=\"2 minutes\" \/>\n<script type=\"application\/ld+json\" class=\"yoast-schema-graph\">{\"@context\":\"https:\/\/schema.org\",\"@graph\":[{\"@type\":\"WebPage\",\"@id\":\"https:\/\/librairie7l.com\/en\/produit\/alice-colonieu-au-pays-des-ceramiques-2\/\",\"url\":\"https:\/\/librairie7l.com\/en\/produit\/alice-colonieu-au-pays-des-ceramiques-2\/\",\"name\":\"Alice Colonieu : Au pays des c\u00e9ramiques - Librairie 7L\",\"isPartOf\":{\"@id\":\"https:\/\/librairie7l.com\/en\/#website\"},\"datePublished\":\"2025-09-19T18:14:40+00:00\",\"dateModified\":\"2026-04-06T01:13:32+00:00\",\"breadcrumb\":{\"@id\":\"https:\/\/librairie7l.com\/en\/produit\/alice-colonieu-au-pays-des-ceramiques-2\/#breadcrumb\"},\"inLanguage\":\"en-US\",\"potentialAction\":[{\"@type\":\"ReadAction\",\"target\":[\"https:\/\/librairie7l.com\/en\/produit\/alice-colonieu-au-pays-des-ceramiques-2\/\"]}]},{\"@type\":\"BreadcrumbList\",\"@id\":\"https:\/\/librairie7l.com\/en\/produit\/alice-colonieu-au-pays-des-ceramiques-2\/#breadcrumb\",\"itemListElement\":[{\"@type\":\"ListItem\",\"position\":1,\"name\":\"Accueil\",\"item\":\"https:\/\/librairie7l.com\/en\/\"},{\"@type\":\"ListItem\",\"position\":2,\"name\":\"Shop\",\"item\":\"https:\/\/librairie7l.com\/en\/shop\/\"},{\"@type\":\"ListItem\",\"position\":3,\"name\":\"ALICE COLONIEU : AU PAYS DES C\u00c9RAMIQUES\"}]},{\"@type\":\"WebSite\",\"@id\":\"https:\/\/librairie7l.com\/en\/#website\",\"url\":\"https:\/\/librairie7l.com\/en\/\",\"name\":\"Librairie 7L\",\"description\":\"Librairie fond\u00e9e en 1999 par Karl Lagerfeld \u00e0 Paris\",\"publisher\":{\"@id\":\"https:\/\/librairie7l.com\/en\/#organization\"},\"potentialAction\":[{\"@type\":\"SearchAction\",\"target\":{\"@type\":\"EntryPoint\",\"urlTemplate\":\"https:\/\/librairie7l.com\/en\/?s={search_term_string}\"},\"query-input\":\"required name=search_term_string\"}],\"inLanguage\":\"en-US\"},{\"@type\":\"Organization\",\"@id\":\"https:\/\/librairie7l.com\/en\/#organization\",\"name\":\"Librairie 7L\",\"url\":\"https:\/\/librairie7l.com\/en\/\",\"logo\":{\"@type\":\"ImageObject\",\"inLanguage\":\"en-US\",\"@id\":\"https:\/\/librairie7l.com\/en\/#\/schema\/logo\/image\/\",\"url\":\"https:\/\/librairie7l.com\/wp-content\/uploads\/2022\/08\/logo-1.png\",\"contentUrl\":\"https:\/\/librairie7l.com\/wp-content\/uploads\/2022\/08\/logo-1.png\",\"width\":227,\"height\":301,\"caption\":\"Librairie 7L\"},\"image\":{\"@id\":\"https:\/\/librairie7l.com\/en\/#\/schema\/logo\/image\/\"}}]}<\/script>\n<!-- \/ Yoast SEO plugin. -->","yoast_head_json":{"title":"Alice Colonieu : Au pays des c\u00e9ramiques - Librairie 7L","robots":{"index":"index","follow":"follow","max-snippet":"max-snippet:-1","max-image-preview":"max-image-preview:large","max-video-preview":"max-video-preview:-1"},"canonical":"https:\/\/librairie7l.com\/en\/produit\/alice-colonieu-au-pays-des-ceramiques-2\/","og_locale":"en_US","og_type":"article","og_title":"Alice Colonieu : Au pays des c\u00e9ramiques - Librairie 7L","og_description":"Puissante et ind\u00e9pendante, Alice Colonieu forge sa destin\u00e9e avec d\u00e9termination. Elle s&#8217;inscrit pleinement dans cette d\u00e9marche de libert\u00e9 qui constitue toute la fraicheur de la c\u00e9ramique fran\u00e7aise de l&#8217;apr\u00e8s-guerre, dont l&#8217;\u00e9criture trouve ses racines dans la richesse et la continuit\u00e9 des arts et traditions populaires, tant en rupture avec la sophistication et l&#8217;\u00e9pure de l&#8217;esth\u00e9tique [&hellip;]","og_url":"https:\/\/librairie7l.com\/en\/produit\/alice-colonieu-au-pays-des-ceramiques-2\/","og_site_name":"Librairie 7L","article_modified_time":"2026-04-06T01:13:32+00:00","og_image":[{"width":600,"height":795,"url":"https:\/\/librairie7l.com\/wp-content\/uploads\/2025\/08\/9791094795255_1_75.jpg","type":"image\/jpeg"}],"twitter_card":"summary_large_image","twitter_misc":{"Est. reading time":"2 minutes"},"schema":{"@context":"https:\/\/schema.org","@graph":[{"@type":"WebPage","@id":"https:\/\/librairie7l.com\/en\/produit\/alice-colonieu-au-pays-des-ceramiques-2\/","url":"https:\/\/librairie7l.com\/en\/produit\/alice-colonieu-au-pays-des-ceramiques-2\/","name":"Alice Colonieu : Au pays des c\u00e9ramiques - Librairie 7L","isPartOf":{"@id":"https:\/\/librairie7l.com\/en\/#website"},"datePublished":"2025-09-19T18:14:40+00:00","dateModified":"2026-04-06T01:13:32+00:00","breadcrumb":{"@id":"https:\/\/librairie7l.com\/en\/produit\/alice-colonieu-au-pays-des-ceramiques-2\/#breadcrumb"},"inLanguage":"en-US","potentialAction":[{"@type":"ReadAction","target":["https:\/\/librairie7l.com\/en\/produit\/alice-colonieu-au-pays-des-ceramiques-2\/"]}]},{"@type":"BreadcrumbList","@id":"https:\/\/librairie7l.com\/en\/produit\/alice-colonieu-au-pays-des-ceramiques-2\/#breadcrumb","itemListElement":[{"@type":"ListItem","position":1,"name":"Accueil","item":"https:\/\/librairie7l.com\/en\/"},{"@type":"ListItem","position":2,"name":"Shop","item":"https:\/\/librairie7l.com\/en\/shop\/"},{"@type":"ListItem","position":3,"name":"ALICE COLONIEU : AU PAYS DES C\u00c9RAMIQUES"}]},{"@type":"WebSite","@id":"https:\/\/librairie7l.com\/en\/#website","url":"https:\/\/librairie7l.com\/en\/","name":"Librairie 7L","description":"Librairie fond\u00e9e en 1999 par Karl Lagerfeld \u00e0 Paris","publisher":{"@id":"https:\/\/librairie7l.com\/en\/#organization"},"potentialAction":[{"@type":"SearchAction","target":{"@type":"EntryPoint","urlTemplate":"https:\/\/librairie7l.com\/en\/?s={search_term_string}"},"query-input":"required name=search_term_string"}],"inLanguage":"en-US"},{"@type":"Organization","@id":"https:\/\/librairie7l.com\/en\/#organization","name":"Librairie 7L","url":"https:\/\/librairie7l.com\/en\/","logo":{"@type":"ImageObject","inLanguage":"en-US","@id":"https:\/\/librairie7l.com\/en\/#\/schema\/logo\/image\/","url":"https:\/\/librairie7l.com\/wp-content\/uploads\/2022\/08\/logo-1.png","contentUrl":"https:\/\/librairie7l.com\/wp-content\/uploads\/2022\/08\/logo-1.png","width":227,"height":301,"caption":"Librairie 7L"},"image":{"@id":"https:\/\/librairie7l.com\/en\/#\/schema\/logo\/image\/"}}]}},"_links":{"self":[{"href":"https:\/\/librairie7l.com\/en\/wp-json\/wp\/v2\/product\/50735"}],"collection":[{"href":"https:\/\/librairie7l.com\/en\/wp-json\/wp\/v2\/product"}],"about":[{"href":"https:\/\/librairie7l.com\/en\/wp-json\/wp\/v2\/types\/product"}],"wp:featuredmedia":[{"embeddable":true,"href":"https:\/\/librairie7l.com\/en\/wp-json\/wp\/v2\/media\/50733"}],"wp:attachment":[{"href":"https:\/\/librairie7l.com\/en\/wp-json\/wp\/v2\/media?parent=50735"}],"wp:term":[{"taxonomy":"product_cat","embeddable":true,"href":"https:\/\/librairie7l.com\/en\/wp-json\/wp\/v2\/product_cat?post=50735"},{"taxonomy":"product_tag","embeddable":true,"href":"https:\/\/librairie7l.com\/en\/wp-json\/wp\/v2\/product_tag?post=50735"}],"curies":[{"name":"wp","href":"https:\/\/api.w.org\/{rel}","templated":true}]}}