{"id":50739,"date":"2025-09-20T09:17:50","date_gmt":"2025-09-20T07:17:50","guid":{"rendered":"https:\/\/librairie7l.com\/?post_type=product&#038;p=50739"},"modified":"2026-04-20T01:52:05","modified_gmt":"2026-04-19T23:52:05","slug":"madame-gres-le-sphinx-de-la-haute-couture-2","status":"publish","type":"product","link":"https:\/\/librairie7l.com\/en\/produit\/madame-gres-le-sphinx-de-la-haute-couture-2\/","title":{"rendered":"MADAME GR\u00c8S : LE SPHINX DE LA HAUTE COUTURE"},"content":{"rendered":"<p>Madame Gr\u00e8s\u00a0:\u00a0qui se cache derri\u00e8re la c\u00e9l\u00e8bre cr\u00e9atrice au turban, ic\u00f4ne de la mode pendant plus d&#8217;un demi-si\u00e8cle\u00a0? Mondialement reconnue pour ses drap\u00e9s antiques, elle pare Marl\u00e8ne Dietrich, Barbra Streisand ou Silvana Mangano de robes somptueuses, et s&#8217;entoure d&#8217;artistes comme Jean Cocteau ou Tamara de Lempicka. Ses clientes et amies comptent parmi les femmes au coeur du pouvoir\u00a0:\u00a0Jackie Kennedy, Liliane Bettencourt, Marella Agnelli, la princesse Grace de Monaco&#8230; Travailleuse passionn\u00e9e, le \u00absphinx\u00bb dirige avec panache la Maison Gr\u00e8s, 1 rue de la Paix, qu&#8217;elle a cr\u00e9\u00e9e en 1934. Elle affronte avec un rare sang-froid les soubresauts du XXe si\u00e8cle\u00a0:\u00a0d\u00e9nonc\u00e9e sous l&#8217;Occupation et sans doute r\u00e9sistante, Madame Gr\u00e8s fut le seul grand couturier \u00e0 se rendre \u00e0 Moscou en pleine guerre froide. Elle assiste \u00e0 la r\u00e9volution du pr\u00eat-\u00e0-porter, v\u00e9ritable s\u00e9isme pour la Haute Couture. Le lancement en 1959 de son embl\u00e9matique parfum Cabochard marque l&#8217;\u00e2ge d&#8217;or de la Maison Gr\u00e8s, qui d\u00e9clinera dans les ann\u00e9es 1980, une fois pass\u00e9e aux mains de Bernard Tapie. \u00c9nigme jusqu&#8217;au bout, Madame Gr\u00e8s s&#8217;\u00e9teindra dans des circonstances qui feront scandale. Dans ce r\u00e9cit poignant, Anne Graire, sa petite-fille, fait revivre une femme myst\u00e9rieuse, \u00e9pouse d&#8217;un peintre russe qu&#8217;elle soutiendra toujours bien qu&#8217;il l&#8217;ait abandonn\u00e9e, adoptant dans son foyer le mannequin Muni. Madame Gr\u00e8s ou l&#8217;un des cha\u00eenons manquants de la formidable histoire de la mode&#8230;<\/p>\n","protected":false},"excerpt":{"rendered":"<p>Madame Gr\u00e8s\u00a0:\u00a0qui se cache derri\u00e8re la c\u00e9l\u00e8bre cr\u00e9atrice au turban, ic\u00f4ne de la mode pendant plus d&#8217;un demi-si\u00e8cle\u00a0? Mondialement reconnue pour ses drap\u00e9s antiques, elle pare Marl\u00e8ne Dietrich, Barbra Streisand ou Silvana Mangano de robes somptueuses, et s&#8217;entoure d&#8217;artistes comme Jean Cocteau ou Tamara de Lempicka. Ses clientes et amies comptent parmi les femmes au [&hellip;]<\/p>\n","protected":false},"featured_media":50737,"template":"","meta":[],"product_cat":[2948,2957],"product_tag":[],"acf":[],"yoast_head":"<!-- This site is optimized with the Yoast SEO plugin v20.11 - https:\/\/yoast.com\/wordpress\/plugins\/seo\/ -->\n<title>Madame Gr\u00e8s : Le sphinx de la haute couture - Librairie 7L<\/title>\n<meta name=\"robots\" content=\"index, follow, max-snippet:-1, max-image-preview:large, max-video-preview:-1\" \/>\n<link rel=\"canonical\" href=\"https:\/\/librairie7l.com\/en\/produit\/madame-gres-le-sphinx-de-la-haute-couture-2\/\" \/>\n<meta property=\"og:locale\" content=\"en_US\" \/>\n<meta property=\"og:type\" content=\"article\" \/>\n<meta property=\"og:title\" content=\"Madame Gr\u00e8s : Le sphinx de la haute couture - Librairie 7L\" \/>\n<meta property=\"og:description\" content=\"Madame Gr\u00e8s\u00a0:\u00a0qui se cache derri\u00e8re la c\u00e9l\u00e8bre cr\u00e9atrice au turban, ic\u00f4ne de la mode pendant plus d&#8217;un demi-si\u00e8cle\u00a0? Mondialement reconnue pour ses drap\u00e9s antiques, elle pare Marl\u00e8ne Dietrich, Barbra Streisand ou Silvana Mangano de robes somptueuses, et s&#8217;entoure d&#8217;artistes comme Jean Cocteau ou Tamara de Lempicka. Ses clientes et amies comptent parmi les femmes au [&hellip;]\" \/>\n<meta property=\"og:url\" content=\"https:\/\/librairie7l.com\/en\/produit\/madame-gres-le-sphinx-de-la-haute-couture-2\/\" \/>\n<meta property=\"og:site_name\" content=\"Librairie 7L\" \/>\n<meta property=\"article:modified_time\" content=\"2026-04-19T23:52:05+00:00\" \/>\n<meta property=\"og:image\" content=\"https:\/\/librairie7l.com\/wp-content\/uploads\/2025\/02\/9782080474582_1_75.jpg\" \/>\n\t<meta property=\"og:image:width\" content=\"600\" \/>\n\t<meta property=\"og:image:height\" content=\"933\" \/>\n\t<meta property=\"og:image:type\" content=\"image\/jpeg\" \/>\n<meta name=\"twitter:card\" content=\"summary_large_image\" \/>\n<meta name=\"twitter:label1\" content=\"Est. reading time\" \/>\n\t<meta name=\"twitter:data1\" content=\"1 minute\" \/>\n<script type=\"application\/ld+json\" class=\"yoast-schema-graph\">{\"@context\":\"https:\/\/schema.org\",\"@graph\":[{\"@type\":\"WebPage\",\"@id\":\"https:\/\/librairie7l.com\/en\/produit\/madame-gres-le-sphinx-de-la-haute-couture-2\/\",\"url\":\"https:\/\/librairie7l.com\/en\/produit\/madame-gres-le-sphinx-de-la-haute-couture-2\/\",\"name\":\"Madame Gr\u00e8s : Le sphinx de la haute couture - Librairie 7L\",\"isPartOf\":{\"@id\":\"https:\/\/librairie7l.com\/en\/#website\"},\"datePublished\":\"2025-09-20T07:17:50+00:00\",\"dateModified\":\"2026-04-19T23:52:05+00:00\",\"breadcrumb\":{\"@id\":\"https:\/\/librairie7l.com\/en\/produit\/madame-gres-le-sphinx-de-la-haute-couture-2\/#breadcrumb\"},\"inLanguage\":\"en-US\",\"potentialAction\":[{\"@type\":\"ReadAction\",\"target\":[\"https:\/\/librairie7l.com\/en\/produit\/madame-gres-le-sphinx-de-la-haute-couture-2\/\"]}]},{\"@type\":\"BreadcrumbList\",\"@id\":\"https:\/\/librairie7l.com\/en\/produit\/madame-gres-le-sphinx-de-la-haute-couture-2\/#breadcrumb\",\"itemListElement\":[{\"@type\":\"ListItem\",\"position\":1,\"name\":\"Accueil\",\"item\":\"https:\/\/librairie7l.com\/en\/\"},{\"@type\":\"ListItem\",\"position\":2,\"name\":\"Shop\",\"item\":\"https:\/\/librairie7l.com\/en\/shop\/\"},{\"@type\":\"ListItem\",\"position\":3,\"name\":\"MADAME GR\u00c8S : LE SPHINX DE LA HAUTE COUTURE\"}]},{\"@type\":\"WebSite\",\"@id\":\"https:\/\/librairie7l.com\/en\/#website\",\"url\":\"https:\/\/librairie7l.com\/en\/\",\"name\":\"Librairie 7L\",\"description\":\"Librairie fond\u00e9e en 1999 par Karl Lagerfeld \u00e0 Paris\",\"publisher\":{\"@id\":\"https:\/\/librairie7l.com\/en\/#organization\"},\"potentialAction\":[{\"@type\":\"SearchAction\",\"target\":{\"@type\":\"EntryPoint\",\"urlTemplate\":\"https:\/\/librairie7l.com\/en\/?s={search_term_string}\"},\"query-input\":\"required name=search_term_string\"}],\"inLanguage\":\"en-US\"},{\"@type\":\"Organization\",\"@id\":\"https:\/\/librairie7l.com\/en\/#organization\",\"name\":\"Librairie 7L\",\"url\":\"https:\/\/librairie7l.com\/en\/\",\"logo\":{\"@type\":\"ImageObject\",\"inLanguage\":\"en-US\",\"@id\":\"https:\/\/librairie7l.com\/en\/#\/schema\/logo\/image\/\",\"url\":\"https:\/\/librairie7l.com\/wp-content\/uploads\/2022\/08\/logo-1.png\",\"contentUrl\":\"https:\/\/librairie7l.com\/wp-content\/uploads\/2022\/08\/logo-1.png\",\"width\":227,\"height\":301,\"caption\":\"Librairie 7L\"},\"image\":{\"@id\":\"https:\/\/librairie7l.com\/en\/#\/schema\/logo\/image\/\"}}]}<\/script>\n<!-- \/ Yoast SEO plugin. -->","yoast_head_json":{"title":"Madame Gr\u00e8s : Le sphinx de la haute couture - Librairie 7L","robots":{"index":"index","follow":"follow","max-snippet":"max-snippet:-1","max-image-preview":"max-image-preview:large","max-video-preview":"max-video-preview:-1"},"canonical":"https:\/\/librairie7l.com\/en\/produit\/madame-gres-le-sphinx-de-la-haute-couture-2\/","og_locale":"en_US","og_type":"article","og_title":"Madame Gr\u00e8s : Le sphinx de la haute couture - Librairie 7L","og_description":"Madame Gr\u00e8s\u00a0:\u00a0qui se cache derri\u00e8re la c\u00e9l\u00e8bre cr\u00e9atrice au turban, ic\u00f4ne de la mode pendant plus d&#8217;un demi-si\u00e8cle\u00a0? Mondialement reconnue pour ses drap\u00e9s antiques, elle pare Marl\u00e8ne Dietrich, Barbra Streisand ou Silvana Mangano de robes somptueuses, et s&#8217;entoure d&#8217;artistes comme Jean Cocteau ou Tamara de Lempicka. Ses clientes et amies comptent parmi les femmes au [&hellip;]","og_url":"https:\/\/librairie7l.com\/en\/produit\/madame-gres-le-sphinx-de-la-haute-couture-2\/","og_site_name":"Librairie 7L","article_modified_time":"2026-04-19T23:52:05+00:00","og_image":[{"width":600,"height":933,"url":"https:\/\/librairie7l.com\/wp-content\/uploads\/2025\/02\/9782080474582_1_75.jpg","type":"image\/jpeg"}],"twitter_card":"summary_large_image","twitter_misc":{"Est. reading time":"1 minute"},"schema":{"@context":"https:\/\/schema.org","@graph":[{"@type":"WebPage","@id":"https:\/\/librairie7l.com\/en\/produit\/madame-gres-le-sphinx-de-la-haute-couture-2\/","url":"https:\/\/librairie7l.com\/en\/produit\/madame-gres-le-sphinx-de-la-haute-couture-2\/","name":"Madame Gr\u00e8s : Le sphinx de la haute couture - Librairie 7L","isPartOf":{"@id":"https:\/\/librairie7l.com\/en\/#website"},"datePublished":"2025-09-20T07:17:50+00:00","dateModified":"2026-04-19T23:52:05+00:00","breadcrumb":{"@id":"https:\/\/librairie7l.com\/en\/produit\/madame-gres-le-sphinx-de-la-haute-couture-2\/#breadcrumb"},"inLanguage":"en-US","potentialAction":[{"@type":"ReadAction","target":["https:\/\/librairie7l.com\/en\/produit\/madame-gres-le-sphinx-de-la-haute-couture-2\/"]}]},{"@type":"BreadcrumbList","@id":"https:\/\/librairie7l.com\/en\/produit\/madame-gres-le-sphinx-de-la-haute-couture-2\/#breadcrumb","itemListElement":[{"@type":"ListItem","position":1,"name":"Accueil","item":"https:\/\/librairie7l.com\/en\/"},{"@type":"ListItem","position":2,"name":"Shop","item":"https:\/\/librairie7l.com\/en\/shop\/"},{"@type":"ListItem","position":3,"name":"MADAME GR\u00c8S : LE SPHINX DE LA HAUTE COUTURE"}]},{"@type":"WebSite","@id":"https:\/\/librairie7l.com\/en\/#website","url":"https:\/\/librairie7l.com\/en\/","name":"Librairie 7L","description":"Librairie fond\u00e9e en 1999 par Karl Lagerfeld \u00e0 Paris","publisher":{"@id":"https:\/\/librairie7l.com\/en\/#organization"},"potentialAction":[{"@type":"SearchAction","target":{"@type":"EntryPoint","urlTemplate":"https:\/\/librairie7l.com\/en\/?s={search_term_string}"},"query-input":"required name=search_term_string"}],"inLanguage":"en-US"},{"@type":"Organization","@id":"https:\/\/librairie7l.com\/en\/#organization","name":"Librairie 7L","url":"https:\/\/librairie7l.com\/en\/","logo":{"@type":"ImageObject","inLanguage":"en-US","@id":"https:\/\/librairie7l.com\/en\/#\/schema\/logo\/image\/","url":"https:\/\/librairie7l.com\/wp-content\/uploads\/2022\/08\/logo-1.png","contentUrl":"https:\/\/librairie7l.com\/wp-content\/uploads\/2022\/08\/logo-1.png","width":227,"height":301,"caption":"Librairie 7L"},"image":{"@id":"https:\/\/librairie7l.com\/en\/#\/schema\/logo\/image\/"}}]}},"_links":{"self":[{"href":"https:\/\/librairie7l.com\/en\/wp-json\/wp\/v2\/product\/50739"}],"collection":[{"href":"https:\/\/librairie7l.com\/en\/wp-json\/wp\/v2\/product"}],"about":[{"href":"https:\/\/librairie7l.com\/en\/wp-json\/wp\/v2\/types\/product"}],"wp:featuredmedia":[{"embeddable":true,"href":"https:\/\/librairie7l.com\/en\/wp-json\/wp\/v2\/media\/50737"}],"wp:attachment":[{"href":"https:\/\/librairie7l.com\/en\/wp-json\/wp\/v2\/media?parent=50739"}],"wp:term":[{"taxonomy":"product_cat","embeddable":true,"href":"https:\/\/librairie7l.com\/en\/wp-json\/wp\/v2\/product_cat?post=50739"},{"taxonomy":"product_tag","embeddable":true,"href":"https:\/\/librairie7l.com\/en\/wp-json\/wp\/v2\/product_tag?post=50739"}],"curies":[{"name":"wp","href":"https:\/\/api.w.org\/{rel}","templated":true}]}}