{"id":50784,"date":"2025-09-21T09:17:47","date_gmt":"2025-09-21T07:17:47","guid":{"rendered":"https:\/\/librairie7l.com\/?post_type=product&#038;p=50784"},"modified":"2026-04-25T22:48:36","modified_gmt":"2026-04-25T20:48:36","slug":"plages-dexception-100-plages-a-decouvrir-a-travers-le-monde-2","status":"publish","type":"product","link":"https:\/\/librairie7l.com\/en\/produit\/plages-dexception-100-plages-a-decouvrir-a-travers-le-monde-2\/","title":{"rendered":"PLAGES D&#8217;EXCEPTION : 100 PLAGES \u00c0 D\u00c9COUVRIR \u00c0 TRAVERS LE MONDE"},"content":{"rendered":"<p>D\u00e9couvrez les plages les plus spectaculaires qui \u00e9maillent les c\u00f4tes du monde entier. Criques idylliques, aux formes et \u00e0 la palette de couleur uniques. Curiosit\u00e9s naturelles ponctu\u00e9es d&#8217;arches ou de roches volcaniques. Vastes \u00e9tendues de sable bord\u00e9es par des agglom\u00e9rations ou frang\u00e9es de palmiers. Rivages peupl\u00e9s de surfeurs ou d&#8217;amateurs de snorkeling, d&#8217;otaries, de manchots voire de kangourous&#8230; De l&#8217;Afrique du Sud \u00e0 Miami, en passant par l&#8217;Islande et le Japon, voici autant de sites extraordinaires mis en lumi\u00e8re par cet ouvrage.<\/p>\n<p>Pour chaque plage, un texte illustr\u00e9 de photos magnifiques d\u00e9crit les raisons qui ont conduit \u00e0 lui faire une place dans ce top 100 des meilleures plages du monde selon Lonely Planet.<\/p>\n<p>Des conseils pour s&#8217;y rendre et profiter au mieux de son exp\u00e9rience sur place compl\u00e8tent le texte.<\/p>\n<p>Rejoignez par la mer la jolie crique n\u00e9o-z\u00e9landaise de Cathedral Cove et son arche de pierre. Pr\u00e9lassez-vous \u00e0 Tulum, sur l&#8217;une des rares plages domin\u00e9es par des ruines mayas. \u00c9merveillez-vous devant le sable d&#8217;une puret\u00e9 incomparable qui fait de Whitehaven Beach l&#8217;une des plages les plus photog\u00e9niques d&#8217;Australie. Parcourez l&#8217;\u00e9troite bande de sable qui serpente entre les \u00eelots jumeaux de Nosy Iranja au large de Madagascar. Rejoignez Radhanagar, l&#8217;une des plages indiennes les plus d\u00e9licieusement recul\u00e9es.<\/p>\n<p>Au final, un livre de 272 pages, reli\u00e9, richement illustr\u00e9, pour choisir sa prochaine destination baln\u00e9aire, trouver des id\u00e9es ou simplement r\u00eaver.<\/p>\n","protected":false},"excerpt":{"rendered":"<p>D\u00e9couvrez les plages les plus spectaculaires qui \u00e9maillent les c\u00f4tes du monde entier. Criques idylliques, aux formes et \u00e0 la palette de couleur uniques. Curiosit\u00e9s naturelles ponctu\u00e9es d&#8217;arches ou de roches volcaniques. Vastes \u00e9tendues de sable bord\u00e9es par des agglom\u00e9rations ou frang\u00e9es de palmiers. Rivages peupl\u00e9s de surfeurs ou d&#8217;amateurs de snorkeling, d&#8217;otaries, de manchots [&hellip;]<\/p>\n","protected":false},"featured_media":50782,"template":"","meta":[],"product_cat":[2948,2958],"product_tag":[],"acf":[],"yoast_head":"<!-- This site is optimized with the Yoast SEO plugin v20.11 - https:\/\/yoast.com\/wordpress\/plugins\/seo\/ -->\n<title>Plages d&#039;exception : 100 plages \u00e0 d\u00e9couvrir \u00e0 travers le monde - Librairie 7L<\/title>\n<meta name=\"robots\" content=\"index, follow, max-snippet:-1, max-image-preview:large, max-video-preview:-1\" \/>\n<link rel=\"canonical\" href=\"https:\/\/librairie7l.com\/en\/produit\/plages-dexception-100-plages-a-decouvrir-a-travers-le-monde-2\/\" \/>\n<meta property=\"og:locale\" content=\"en_US\" \/>\n<meta property=\"og:type\" content=\"article\" \/>\n<meta property=\"og:title\" content=\"Plages d&#039;exception : 100 plages \u00e0 d\u00e9couvrir \u00e0 travers le monde - Librairie 7L\" \/>\n<meta property=\"og:description\" content=\"D\u00e9couvrez les plages les plus spectaculaires qui \u00e9maillent les c\u00f4tes du monde entier. Criques idylliques, aux formes et \u00e0 la palette de couleur uniques. Curiosit\u00e9s naturelles ponctu\u00e9es d&#8217;arches ou de roches volcaniques. Vastes \u00e9tendues de sable bord\u00e9es par des agglom\u00e9rations ou frang\u00e9es de palmiers. Rivages peupl\u00e9s de surfeurs ou d&#8217;amateurs de snorkeling, d&#8217;otaries, de manchots [&hellip;]\" \/>\n<meta property=\"og:url\" content=\"https:\/\/librairie7l.com\/en\/produit\/plages-dexception-100-plages-a-decouvrir-a-travers-le-monde-2\/\" \/>\n<meta property=\"og:site_name\" content=\"Librairie 7L\" \/>\n<meta property=\"article:modified_time\" content=\"2026-04-25T20:48:36+00:00\" \/>\n<meta property=\"og:image\" content=\"https:\/\/librairie7l.com\/wp-content\/uploads\/2024\/06\/9782384926220_1_75.jpg\" \/>\n\t<meta property=\"og:image:width\" content=\"600\" \/>\n\t<meta property=\"og:image:height\" content=\"736\" \/>\n\t<meta property=\"og:image:type\" content=\"image\/jpeg\" \/>\n<meta name=\"twitter:card\" content=\"summary_large_image\" \/>\n<meta name=\"twitter:label1\" content=\"Est. reading time\" \/>\n\t<meta name=\"twitter:data1\" content=\"1 minute\" \/>\n<script type=\"application\/ld+json\" class=\"yoast-schema-graph\">{\"@context\":\"https:\/\/schema.org\",\"@graph\":[{\"@type\":\"WebPage\",\"@id\":\"https:\/\/librairie7l.com\/en\/produit\/plages-dexception-100-plages-a-decouvrir-a-travers-le-monde-2\/\",\"url\":\"https:\/\/librairie7l.com\/en\/produit\/plages-dexception-100-plages-a-decouvrir-a-travers-le-monde-2\/\",\"name\":\"Plages d'exception : 100 plages \u00e0 d\u00e9couvrir \u00e0 travers le monde - Librairie 7L\",\"isPartOf\":{\"@id\":\"https:\/\/librairie7l.com\/en\/#website\"},\"datePublished\":\"2025-09-21T07:17:47+00:00\",\"dateModified\":\"2026-04-25T20:48:36+00:00\",\"breadcrumb\":{\"@id\":\"https:\/\/librairie7l.com\/en\/produit\/plages-dexception-100-plages-a-decouvrir-a-travers-le-monde-2\/#breadcrumb\"},\"inLanguage\":\"en-US\",\"potentialAction\":[{\"@type\":\"ReadAction\",\"target\":[\"https:\/\/librairie7l.com\/en\/produit\/plages-dexception-100-plages-a-decouvrir-a-travers-le-monde-2\/\"]}]},{\"@type\":\"BreadcrumbList\",\"@id\":\"https:\/\/librairie7l.com\/en\/produit\/plages-dexception-100-plages-a-decouvrir-a-travers-le-monde-2\/#breadcrumb\",\"itemListElement\":[{\"@type\":\"ListItem\",\"position\":1,\"name\":\"Accueil\",\"item\":\"https:\/\/librairie7l.com\/en\/\"},{\"@type\":\"ListItem\",\"position\":2,\"name\":\"Shop\",\"item\":\"https:\/\/librairie7l.com\/en\/shop\/\"},{\"@type\":\"ListItem\",\"position\":3,\"name\":\"PLAGES D&#8217;EXCEPTION : 100 PLAGES \u00c0 D\u00c9COUVRIR \u00c0 TRAVERS LE MONDE\"}]},{\"@type\":\"WebSite\",\"@id\":\"https:\/\/librairie7l.com\/en\/#website\",\"url\":\"https:\/\/librairie7l.com\/en\/\",\"name\":\"Librairie 7L\",\"description\":\"Librairie fond\u00e9e en 1999 par Karl Lagerfeld \u00e0 Paris\",\"publisher\":{\"@id\":\"https:\/\/librairie7l.com\/en\/#organization\"},\"potentialAction\":[{\"@type\":\"SearchAction\",\"target\":{\"@type\":\"EntryPoint\",\"urlTemplate\":\"https:\/\/librairie7l.com\/en\/?s={search_term_string}\"},\"query-input\":\"required name=search_term_string\"}],\"inLanguage\":\"en-US\"},{\"@type\":\"Organization\",\"@id\":\"https:\/\/librairie7l.com\/en\/#organization\",\"name\":\"Librairie 7L\",\"url\":\"https:\/\/librairie7l.com\/en\/\",\"logo\":{\"@type\":\"ImageObject\",\"inLanguage\":\"en-US\",\"@id\":\"https:\/\/librairie7l.com\/en\/#\/schema\/logo\/image\/\",\"url\":\"https:\/\/librairie7l.com\/wp-content\/uploads\/2022\/08\/logo-1.png\",\"contentUrl\":\"https:\/\/librairie7l.com\/wp-content\/uploads\/2022\/08\/logo-1.png\",\"width\":227,\"height\":301,\"caption\":\"Librairie 7L\"},\"image\":{\"@id\":\"https:\/\/librairie7l.com\/en\/#\/schema\/logo\/image\/\"}}]}<\/script>\n<!-- \/ Yoast SEO plugin. -->","yoast_head_json":{"title":"Plages d'exception : 100 plages \u00e0 d\u00e9couvrir \u00e0 travers le monde - Librairie 7L","robots":{"index":"index","follow":"follow","max-snippet":"max-snippet:-1","max-image-preview":"max-image-preview:large","max-video-preview":"max-video-preview:-1"},"canonical":"https:\/\/librairie7l.com\/en\/produit\/plages-dexception-100-plages-a-decouvrir-a-travers-le-monde-2\/","og_locale":"en_US","og_type":"article","og_title":"Plages d'exception : 100 plages \u00e0 d\u00e9couvrir \u00e0 travers le monde - Librairie 7L","og_description":"D\u00e9couvrez les plages les plus spectaculaires qui \u00e9maillent les c\u00f4tes du monde entier. Criques idylliques, aux formes et \u00e0 la palette de couleur uniques. Curiosit\u00e9s naturelles ponctu\u00e9es d&#8217;arches ou de roches volcaniques. Vastes \u00e9tendues de sable bord\u00e9es par des agglom\u00e9rations ou frang\u00e9es de palmiers. Rivages peupl\u00e9s de surfeurs ou d&#8217;amateurs de snorkeling, d&#8217;otaries, de manchots [&hellip;]","og_url":"https:\/\/librairie7l.com\/en\/produit\/plages-dexception-100-plages-a-decouvrir-a-travers-le-monde-2\/","og_site_name":"Librairie 7L","article_modified_time":"2026-04-25T20:48:36+00:00","og_image":[{"width":600,"height":736,"url":"https:\/\/librairie7l.com\/wp-content\/uploads\/2024\/06\/9782384926220_1_75.jpg","type":"image\/jpeg"}],"twitter_card":"summary_large_image","twitter_misc":{"Est. reading time":"1 minute"},"schema":{"@context":"https:\/\/schema.org","@graph":[{"@type":"WebPage","@id":"https:\/\/librairie7l.com\/en\/produit\/plages-dexception-100-plages-a-decouvrir-a-travers-le-monde-2\/","url":"https:\/\/librairie7l.com\/en\/produit\/plages-dexception-100-plages-a-decouvrir-a-travers-le-monde-2\/","name":"Plages d'exception : 100 plages \u00e0 d\u00e9couvrir \u00e0 travers le monde - Librairie 7L","isPartOf":{"@id":"https:\/\/librairie7l.com\/en\/#website"},"datePublished":"2025-09-21T07:17:47+00:00","dateModified":"2026-04-25T20:48:36+00:00","breadcrumb":{"@id":"https:\/\/librairie7l.com\/en\/produit\/plages-dexception-100-plages-a-decouvrir-a-travers-le-monde-2\/#breadcrumb"},"inLanguage":"en-US","potentialAction":[{"@type":"ReadAction","target":["https:\/\/librairie7l.com\/en\/produit\/plages-dexception-100-plages-a-decouvrir-a-travers-le-monde-2\/"]}]},{"@type":"BreadcrumbList","@id":"https:\/\/librairie7l.com\/en\/produit\/plages-dexception-100-plages-a-decouvrir-a-travers-le-monde-2\/#breadcrumb","itemListElement":[{"@type":"ListItem","position":1,"name":"Accueil","item":"https:\/\/librairie7l.com\/en\/"},{"@type":"ListItem","position":2,"name":"Shop","item":"https:\/\/librairie7l.com\/en\/shop\/"},{"@type":"ListItem","position":3,"name":"PLAGES D&#8217;EXCEPTION : 100 PLAGES \u00c0 D\u00c9COUVRIR \u00c0 TRAVERS LE MONDE"}]},{"@type":"WebSite","@id":"https:\/\/librairie7l.com\/en\/#website","url":"https:\/\/librairie7l.com\/en\/","name":"Librairie 7L","description":"Librairie fond\u00e9e en 1999 par Karl Lagerfeld \u00e0 Paris","publisher":{"@id":"https:\/\/librairie7l.com\/en\/#organization"},"potentialAction":[{"@type":"SearchAction","target":{"@type":"EntryPoint","urlTemplate":"https:\/\/librairie7l.com\/en\/?s={search_term_string}"},"query-input":"required name=search_term_string"}],"inLanguage":"en-US"},{"@type":"Organization","@id":"https:\/\/librairie7l.com\/en\/#organization","name":"Librairie 7L","url":"https:\/\/librairie7l.com\/en\/","logo":{"@type":"ImageObject","inLanguage":"en-US","@id":"https:\/\/librairie7l.com\/en\/#\/schema\/logo\/image\/","url":"https:\/\/librairie7l.com\/wp-content\/uploads\/2022\/08\/logo-1.png","contentUrl":"https:\/\/librairie7l.com\/wp-content\/uploads\/2022\/08\/logo-1.png","width":227,"height":301,"caption":"Librairie 7L"},"image":{"@id":"https:\/\/librairie7l.com\/en\/#\/schema\/logo\/image\/"}}]}},"_links":{"self":[{"href":"https:\/\/librairie7l.com\/en\/wp-json\/wp\/v2\/product\/50784"}],"collection":[{"href":"https:\/\/librairie7l.com\/en\/wp-json\/wp\/v2\/product"}],"about":[{"href":"https:\/\/librairie7l.com\/en\/wp-json\/wp\/v2\/types\/product"}],"wp:featuredmedia":[{"embeddable":true,"href":"https:\/\/librairie7l.com\/en\/wp-json\/wp\/v2\/media\/50782"}],"wp:attachment":[{"href":"https:\/\/librairie7l.com\/en\/wp-json\/wp\/v2\/media?parent=50784"}],"wp:term":[{"taxonomy":"product_cat","embeddable":true,"href":"https:\/\/librairie7l.com\/en\/wp-json\/wp\/v2\/product_cat?post=50784"},{"taxonomy":"product_tag","embeddable":true,"href":"https:\/\/librairie7l.com\/en\/wp-json\/wp\/v2\/product_tag?post=50784"}],"curies":[{"name":"wp","href":"https:\/\/api.w.org\/{rel}","templated":true}]}}