{"id":50790,"date":"2025-09-21T09:17:52","date_gmt":"2025-09-21T07:17:52","guid":{"rendered":"https:\/\/librairie7l.com\/?post_type=product&#038;p=50790"},"modified":"2026-04-25T22:48:19","modified_gmt":"2026-04-25T20:48:19","slug":"nox-2","status":"publish","type":"product","link":"https:\/\/librairie7l.com\/en\/produit\/nox-2\/","title":{"rendered":"NOX"},"content":{"rendered":"<p>Les crimes ont lieu \u00e0 l&#8217;int\u00e9rieur d&#8217;une maison situ\u00e9e dans une zone de guerre, \u00e9chappant \u00e0 tout contr\u00f4le. Chaque nuit la meurtri\u00e8re se m\u00e9tamorphose en un insecte diff\u00e9rent. Ainsi Mantis Religiosa, Sphex Flavipennis, Carabus Auratus, Calliphora Vomitoria et Cicadatra Atra imposent leur monde, l&#8217;effarante sauvagerie de leurs instincts.<br \/>\nNOX est un film-livre de 192 pages dont 108 sont illustr\u00e9es en couleur. Le texte ainsi que les images sont de Philippe Grandrieux. Le format est de 17 x 22,6 cm. Revoir la pr\u00e9sentation sur le site officiel de METTRAY \u00e9ditions : https:\/\/mettray.com\/<\/p>\n","protected":false},"excerpt":{"rendered":"<p>Les crimes ont lieu \u00e0 l&#8217;int\u00e9rieur d&#8217;une maison situ\u00e9e dans une zone de guerre, \u00e9chappant \u00e0 tout contr\u00f4le. Chaque nuit la meurtri\u00e8re se m\u00e9tamorphose en un insecte diff\u00e9rent. Ainsi Mantis Religiosa, Sphex Flavipennis, Carabus Auratus, Calliphora Vomitoria et Cicadatra Atra imposent leur monde, l&#8217;effarante sauvagerie de leurs instincts. NOX est un film-livre de 192 pages [&hellip;]<\/p>\n","protected":false},"featured_media":0,"template":"","meta":[],"product_cat":[2948,2958],"product_tag":[],"acf":[],"yoast_head":"<!-- This site is optimized with the Yoast SEO plugin v20.11 - https:\/\/yoast.com\/wordpress\/plugins\/seo\/ -->\n<title>NOX - Librairie 7L<\/title>\n<meta name=\"robots\" content=\"index, follow, max-snippet:-1, max-image-preview:large, max-video-preview:-1\" \/>\n<link rel=\"canonical\" href=\"https:\/\/librairie7l.com\/en\/produit\/nox-2\/\" \/>\n<meta property=\"og:locale\" content=\"en_US\" \/>\n<meta property=\"og:type\" content=\"article\" \/>\n<meta property=\"og:title\" content=\"NOX - Librairie 7L\" \/>\n<meta property=\"og:description\" content=\"Les crimes ont lieu \u00e0 l&#8217;int\u00e9rieur d&#8217;une maison situ\u00e9e dans une zone de guerre, \u00e9chappant \u00e0 tout contr\u00f4le. Chaque nuit la meurtri\u00e8re se m\u00e9tamorphose en un insecte diff\u00e9rent. Ainsi Mantis Religiosa, Sphex Flavipennis, Carabus Auratus, Calliphora Vomitoria et Cicadatra Atra imposent leur monde, l&#8217;effarante sauvagerie de leurs instincts. NOX est un film-livre de 192 pages [&hellip;]\" \/>\n<meta property=\"og:url\" content=\"https:\/\/librairie7l.com\/en\/produit\/nox-2\/\" \/>\n<meta property=\"og:site_name\" content=\"Librairie 7L\" \/>\n<meta property=\"article:modified_time\" content=\"2026-04-25T20:48:19+00:00\" \/>\n<meta name=\"twitter:card\" content=\"summary_large_image\" \/>\n<script type=\"application\/ld+json\" class=\"yoast-schema-graph\">{\"@context\":\"https:\/\/schema.org\",\"@graph\":[{\"@type\":\"WebPage\",\"@id\":\"https:\/\/librairie7l.com\/en\/produit\/nox-2\/\",\"url\":\"https:\/\/librairie7l.com\/en\/produit\/nox-2\/\",\"name\":\"NOX - Librairie 7L\",\"isPartOf\":{\"@id\":\"https:\/\/librairie7l.com\/en\/#website\"},\"datePublished\":\"2025-09-21T07:17:52+00:00\",\"dateModified\":\"2026-04-25T20:48:19+00:00\",\"breadcrumb\":{\"@id\":\"https:\/\/librairie7l.com\/en\/produit\/nox-2\/#breadcrumb\"},\"inLanguage\":\"en-US\",\"potentialAction\":[{\"@type\":\"ReadAction\",\"target\":[\"https:\/\/librairie7l.com\/en\/produit\/nox-2\/\"]}]},{\"@type\":\"BreadcrumbList\",\"@id\":\"https:\/\/librairie7l.com\/en\/produit\/nox-2\/#breadcrumb\",\"itemListElement\":[{\"@type\":\"ListItem\",\"position\":1,\"name\":\"Accueil\",\"item\":\"https:\/\/librairie7l.com\/en\/\"},{\"@type\":\"ListItem\",\"position\":2,\"name\":\"Shop\",\"item\":\"https:\/\/librairie7l.com\/en\/shop\/\"},{\"@type\":\"ListItem\",\"position\":3,\"name\":\"NOX\"}]},{\"@type\":\"WebSite\",\"@id\":\"https:\/\/librairie7l.com\/en\/#website\",\"url\":\"https:\/\/librairie7l.com\/en\/\",\"name\":\"Librairie 7L\",\"description\":\"Librairie fond\u00e9e en 1999 par Karl Lagerfeld \u00e0 Paris\",\"publisher\":{\"@id\":\"https:\/\/librairie7l.com\/en\/#organization\"},\"potentialAction\":[{\"@type\":\"SearchAction\",\"target\":{\"@type\":\"EntryPoint\",\"urlTemplate\":\"https:\/\/librairie7l.com\/en\/?s={search_term_string}\"},\"query-input\":\"required name=search_term_string\"}],\"inLanguage\":\"en-US\"},{\"@type\":\"Organization\",\"@id\":\"https:\/\/librairie7l.com\/en\/#organization\",\"name\":\"Librairie 7L\",\"url\":\"https:\/\/librairie7l.com\/en\/\",\"logo\":{\"@type\":\"ImageObject\",\"inLanguage\":\"en-US\",\"@id\":\"https:\/\/librairie7l.com\/en\/#\/schema\/logo\/image\/\",\"url\":\"https:\/\/librairie7l.com\/wp-content\/uploads\/2022\/08\/logo-1.png\",\"contentUrl\":\"https:\/\/librairie7l.com\/wp-content\/uploads\/2022\/08\/logo-1.png\",\"width\":227,\"height\":301,\"caption\":\"Librairie 7L\"},\"image\":{\"@id\":\"https:\/\/librairie7l.com\/en\/#\/schema\/logo\/image\/\"}}]}<\/script>\n<!-- \/ Yoast SEO plugin. -->","yoast_head_json":{"title":"NOX - Librairie 7L","robots":{"index":"index","follow":"follow","max-snippet":"max-snippet:-1","max-image-preview":"max-image-preview:large","max-video-preview":"max-video-preview:-1"},"canonical":"https:\/\/librairie7l.com\/en\/produit\/nox-2\/","og_locale":"en_US","og_type":"article","og_title":"NOX - Librairie 7L","og_description":"Les crimes ont lieu \u00e0 l&#8217;int\u00e9rieur d&#8217;une maison situ\u00e9e dans une zone de guerre, \u00e9chappant \u00e0 tout contr\u00f4le. Chaque nuit la meurtri\u00e8re se m\u00e9tamorphose en un insecte diff\u00e9rent. Ainsi Mantis Religiosa, Sphex Flavipennis, Carabus Auratus, Calliphora Vomitoria et Cicadatra Atra imposent leur monde, l&#8217;effarante sauvagerie de leurs instincts. NOX est un film-livre de 192 pages [&hellip;]","og_url":"https:\/\/librairie7l.com\/en\/produit\/nox-2\/","og_site_name":"Librairie 7L","article_modified_time":"2026-04-25T20:48:19+00:00","twitter_card":"summary_large_image","schema":{"@context":"https:\/\/schema.org","@graph":[{"@type":"WebPage","@id":"https:\/\/librairie7l.com\/en\/produit\/nox-2\/","url":"https:\/\/librairie7l.com\/en\/produit\/nox-2\/","name":"NOX - Librairie 7L","isPartOf":{"@id":"https:\/\/librairie7l.com\/en\/#website"},"datePublished":"2025-09-21T07:17:52+00:00","dateModified":"2026-04-25T20:48:19+00:00","breadcrumb":{"@id":"https:\/\/librairie7l.com\/en\/produit\/nox-2\/#breadcrumb"},"inLanguage":"en-US","potentialAction":[{"@type":"ReadAction","target":["https:\/\/librairie7l.com\/en\/produit\/nox-2\/"]}]},{"@type":"BreadcrumbList","@id":"https:\/\/librairie7l.com\/en\/produit\/nox-2\/#breadcrumb","itemListElement":[{"@type":"ListItem","position":1,"name":"Accueil","item":"https:\/\/librairie7l.com\/en\/"},{"@type":"ListItem","position":2,"name":"Shop","item":"https:\/\/librairie7l.com\/en\/shop\/"},{"@type":"ListItem","position":3,"name":"NOX"}]},{"@type":"WebSite","@id":"https:\/\/librairie7l.com\/en\/#website","url":"https:\/\/librairie7l.com\/en\/","name":"Librairie 7L","description":"Librairie fond\u00e9e en 1999 par Karl Lagerfeld \u00e0 Paris","publisher":{"@id":"https:\/\/librairie7l.com\/en\/#organization"},"potentialAction":[{"@type":"SearchAction","target":{"@type":"EntryPoint","urlTemplate":"https:\/\/librairie7l.com\/en\/?s={search_term_string}"},"query-input":"required name=search_term_string"}],"inLanguage":"en-US"},{"@type":"Organization","@id":"https:\/\/librairie7l.com\/en\/#organization","name":"Librairie 7L","url":"https:\/\/librairie7l.com\/en\/","logo":{"@type":"ImageObject","inLanguage":"en-US","@id":"https:\/\/librairie7l.com\/en\/#\/schema\/logo\/image\/","url":"https:\/\/librairie7l.com\/wp-content\/uploads\/2022\/08\/logo-1.png","contentUrl":"https:\/\/librairie7l.com\/wp-content\/uploads\/2022\/08\/logo-1.png","width":227,"height":301,"caption":"Librairie 7L"},"image":{"@id":"https:\/\/librairie7l.com\/en\/#\/schema\/logo\/image\/"}}]}},"_links":{"self":[{"href":"https:\/\/librairie7l.com\/en\/wp-json\/wp\/v2\/product\/50790"}],"collection":[{"href":"https:\/\/librairie7l.com\/en\/wp-json\/wp\/v2\/product"}],"about":[{"href":"https:\/\/librairie7l.com\/en\/wp-json\/wp\/v2\/types\/product"}],"wp:attachment":[{"href":"https:\/\/librairie7l.com\/en\/wp-json\/wp\/v2\/media?parent=50790"}],"wp:term":[{"taxonomy":"product_cat","embeddable":true,"href":"https:\/\/librairie7l.com\/en\/wp-json\/wp\/v2\/product_cat?post=50790"},{"taxonomy":"product_tag","embeddable":true,"href":"https:\/\/librairie7l.com\/en\/wp-json\/wp\/v2\/product_tag?post=50790"}],"curies":[{"name":"wp","href":"https:\/\/api.w.org\/{rel}","templated":true}]}}