{"id":50798,"date":"2025-09-21T14:07:44","date_gmt":"2025-09-21T12:07:44","guid":{"rendered":"https:\/\/librairie7l.com\/?post_type=product&#038;p=50798"},"modified":"2026-04-06T02:43:52","modified_gmt":"2026-04-06T00:43:52","slug":"this-is-the-end-100-vinyls-covers-by-h5-2","status":"publish","type":"product","link":"https:\/\/librairie7l.com\/en\/produit\/this-is-the-end-100-vinyls-covers-by-h5-2\/","title":{"rendered":"THIS IS THE END ; 100 VINYLS COVERS BY H5"},"content":{"rendered":"<p>Durant pr\u00e8s de dix ans, accompagnant les artistes repr\u00e9sentant ce que les Anglais ont appel\u00e9 la \u00abFrench Touch\u00bb, H5 a r\u00e9alis\u00e9 des dizaines de pochettes de disques vinyles pour de petits labels ou de grandes maisons de disques (Sony, V2, BMG, Na\u00efve, Virgin Music, Source, Solid, Record Makers, Pamplemousse, Diamond Traxx, Island).<\/p>\n","protected":false},"excerpt":{"rendered":"<p>Durant pr\u00e8s de dix ans, accompagnant les artistes repr\u00e9sentant ce que les Anglais ont appel\u00e9 la \u00abFrench Touch\u00bb, H5 a r\u00e9alis\u00e9 des dizaines de pochettes de disques vinyles pour de petits labels ou de grandes maisons de disques (Sony, V2, BMG, Na\u00efve, Virgin Music, Source, Solid, Record Makers, Pamplemousse, Diamond Traxx, Island).<\/p>\n","protected":false},"featured_media":50796,"template":"","meta":[],"product_cat":[7364,2948],"product_tag":[],"acf":[],"yoast_head":"<!-- This site is optimized with the Yoast SEO plugin v20.11 - https:\/\/yoast.com\/wordpress\/plugins\/seo\/ -->\n<title>This is the end ; 100 vinyls covers by H5 - Librairie 7L<\/title>\n<meta name=\"robots\" content=\"index, follow, max-snippet:-1, max-image-preview:large, max-video-preview:-1\" \/>\n<link rel=\"canonical\" href=\"https:\/\/librairie7l.com\/en\/produit\/this-is-the-end-100-vinyls-covers-by-h5-2\/\" \/>\n<meta property=\"og:locale\" content=\"en_US\" \/>\n<meta property=\"og:type\" content=\"article\" \/>\n<meta property=\"og:title\" content=\"This is the end ; 100 vinyls covers by H5 - Librairie 7L\" \/>\n<meta property=\"og:description\" content=\"Durant pr\u00e8s de dix ans, accompagnant les artistes repr\u00e9sentant ce que les Anglais ont appel\u00e9 la \u00abFrench Touch\u00bb, H5 a r\u00e9alis\u00e9 des dizaines de pochettes de disques vinyles pour de petits labels ou de grandes maisons de disques (Sony, V2, BMG, Na\u00efve, Virgin Music, Source, Solid, Record Makers, Pamplemousse, Diamond Traxx, Island).\" \/>\n<meta property=\"og:url\" content=\"https:\/\/librairie7l.com\/en\/produit\/this-is-the-end-100-vinyls-covers-by-h5-2\/\" \/>\n<meta property=\"og:site_name\" content=\"Librairie 7L\" \/>\n<meta property=\"article:modified_time\" content=\"2026-04-06T00:43:52+00:00\" \/>\n<meta property=\"og:image\" content=\"https:\/\/librairie7l.com\/wp-content\/uploads\/2008\/11\/9782917855034_1_75.jpg\" \/>\n\t<meta property=\"og:image:width\" content=\"430\" \/>\n\t<meta property=\"og:image:height\" content=\"290\" \/>\n\t<meta property=\"og:image:type\" content=\"image\/jpeg\" \/>\n<meta name=\"twitter:card\" content=\"summary_large_image\" \/>\n<script type=\"application\/ld+json\" class=\"yoast-schema-graph\">{\"@context\":\"https:\/\/schema.org\",\"@graph\":[{\"@type\":\"WebPage\",\"@id\":\"https:\/\/librairie7l.com\/en\/produit\/this-is-the-end-100-vinyls-covers-by-h5-2\/\",\"url\":\"https:\/\/librairie7l.com\/en\/produit\/this-is-the-end-100-vinyls-covers-by-h5-2\/\",\"name\":\"This is the end ; 100 vinyls covers by H5 - Librairie 7L\",\"isPartOf\":{\"@id\":\"https:\/\/librairie7l.com\/en\/#website\"},\"datePublished\":\"2025-09-21T12:07:44+00:00\",\"dateModified\":\"2026-04-06T00:43:52+00:00\",\"breadcrumb\":{\"@id\":\"https:\/\/librairie7l.com\/en\/produit\/this-is-the-end-100-vinyls-covers-by-h5-2\/#breadcrumb\"},\"inLanguage\":\"en-US\",\"potentialAction\":[{\"@type\":\"ReadAction\",\"target\":[\"https:\/\/librairie7l.com\/en\/produit\/this-is-the-end-100-vinyls-covers-by-h5-2\/\"]}]},{\"@type\":\"BreadcrumbList\",\"@id\":\"https:\/\/librairie7l.com\/en\/produit\/this-is-the-end-100-vinyls-covers-by-h5-2\/#breadcrumb\",\"itemListElement\":[{\"@type\":\"ListItem\",\"position\":1,\"name\":\"Accueil\",\"item\":\"https:\/\/librairie7l.com\/en\/\"},{\"@type\":\"ListItem\",\"position\":2,\"name\":\"Shop\",\"item\":\"https:\/\/librairie7l.com\/en\/shop\/\"},{\"@type\":\"ListItem\",\"position\":3,\"name\":\"THIS IS THE END ; 100 VINYLS COVERS BY H5\"}]},{\"@type\":\"WebSite\",\"@id\":\"https:\/\/librairie7l.com\/en\/#website\",\"url\":\"https:\/\/librairie7l.com\/en\/\",\"name\":\"Librairie 7L\",\"description\":\"Librairie fond\u00e9e en 1999 par Karl Lagerfeld \u00e0 Paris\",\"publisher\":{\"@id\":\"https:\/\/librairie7l.com\/en\/#organization\"},\"potentialAction\":[{\"@type\":\"SearchAction\",\"target\":{\"@type\":\"EntryPoint\",\"urlTemplate\":\"https:\/\/librairie7l.com\/en\/?s={search_term_string}\"},\"query-input\":\"required name=search_term_string\"}],\"inLanguage\":\"en-US\"},{\"@type\":\"Organization\",\"@id\":\"https:\/\/librairie7l.com\/en\/#organization\",\"name\":\"Librairie 7L\",\"url\":\"https:\/\/librairie7l.com\/en\/\",\"logo\":{\"@type\":\"ImageObject\",\"inLanguage\":\"en-US\",\"@id\":\"https:\/\/librairie7l.com\/en\/#\/schema\/logo\/image\/\",\"url\":\"https:\/\/librairie7l.com\/wp-content\/uploads\/2022\/08\/logo-1.png\",\"contentUrl\":\"https:\/\/librairie7l.com\/wp-content\/uploads\/2022\/08\/logo-1.png\",\"width\":227,\"height\":301,\"caption\":\"Librairie 7L\"},\"image\":{\"@id\":\"https:\/\/librairie7l.com\/en\/#\/schema\/logo\/image\/\"}}]}<\/script>\n<!-- \/ Yoast SEO plugin. -->","yoast_head_json":{"title":"This is the end ; 100 vinyls covers by H5 - Librairie 7L","robots":{"index":"index","follow":"follow","max-snippet":"max-snippet:-1","max-image-preview":"max-image-preview:large","max-video-preview":"max-video-preview:-1"},"canonical":"https:\/\/librairie7l.com\/en\/produit\/this-is-the-end-100-vinyls-covers-by-h5-2\/","og_locale":"en_US","og_type":"article","og_title":"This is the end ; 100 vinyls covers by H5 - Librairie 7L","og_description":"Durant pr\u00e8s de dix ans, accompagnant les artistes repr\u00e9sentant ce que les Anglais ont appel\u00e9 la \u00abFrench Touch\u00bb, H5 a r\u00e9alis\u00e9 des dizaines de pochettes de disques vinyles pour de petits labels ou de grandes maisons de disques (Sony, V2, BMG, Na\u00efve, Virgin Music, Source, Solid, Record Makers, Pamplemousse, Diamond Traxx, Island).","og_url":"https:\/\/librairie7l.com\/en\/produit\/this-is-the-end-100-vinyls-covers-by-h5-2\/","og_site_name":"Librairie 7L","article_modified_time":"2026-04-06T00:43:52+00:00","og_image":[{"width":430,"height":290,"url":"https:\/\/librairie7l.com\/wp-content\/uploads\/2008\/11\/9782917855034_1_75.jpg","type":"image\/jpeg"}],"twitter_card":"summary_large_image","schema":{"@context":"https:\/\/schema.org","@graph":[{"@type":"WebPage","@id":"https:\/\/librairie7l.com\/en\/produit\/this-is-the-end-100-vinyls-covers-by-h5-2\/","url":"https:\/\/librairie7l.com\/en\/produit\/this-is-the-end-100-vinyls-covers-by-h5-2\/","name":"This is the end ; 100 vinyls covers by H5 - Librairie 7L","isPartOf":{"@id":"https:\/\/librairie7l.com\/en\/#website"},"datePublished":"2025-09-21T12:07:44+00:00","dateModified":"2026-04-06T00:43:52+00:00","breadcrumb":{"@id":"https:\/\/librairie7l.com\/en\/produit\/this-is-the-end-100-vinyls-covers-by-h5-2\/#breadcrumb"},"inLanguage":"en-US","potentialAction":[{"@type":"ReadAction","target":["https:\/\/librairie7l.com\/en\/produit\/this-is-the-end-100-vinyls-covers-by-h5-2\/"]}]},{"@type":"BreadcrumbList","@id":"https:\/\/librairie7l.com\/en\/produit\/this-is-the-end-100-vinyls-covers-by-h5-2\/#breadcrumb","itemListElement":[{"@type":"ListItem","position":1,"name":"Accueil","item":"https:\/\/librairie7l.com\/en\/"},{"@type":"ListItem","position":2,"name":"Shop","item":"https:\/\/librairie7l.com\/en\/shop\/"},{"@type":"ListItem","position":3,"name":"THIS IS THE END ; 100 VINYLS COVERS BY H5"}]},{"@type":"WebSite","@id":"https:\/\/librairie7l.com\/en\/#website","url":"https:\/\/librairie7l.com\/en\/","name":"Librairie 7L","description":"Librairie fond\u00e9e en 1999 par Karl Lagerfeld \u00e0 Paris","publisher":{"@id":"https:\/\/librairie7l.com\/en\/#organization"},"potentialAction":[{"@type":"SearchAction","target":{"@type":"EntryPoint","urlTemplate":"https:\/\/librairie7l.com\/en\/?s={search_term_string}"},"query-input":"required name=search_term_string"}],"inLanguage":"en-US"},{"@type":"Organization","@id":"https:\/\/librairie7l.com\/en\/#organization","name":"Librairie 7L","url":"https:\/\/librairie7l.com\/en\/","logo":{"@type":"ImageObject","inLanguage":"en-US","@id":"https:\/\/librairie7l.com\/en\/#\/schema\/logo\/image\/","url":"https:\/\/librairie7l.com\/wp-content\/uploads\/2022\/08\/logo-1.png","contentUrl":"https:\/\/librairie7l.com\/wp-content\/uploads\/2022\/08\/logo-1.png","width":227,"height":301,"caption":"Librairie 7L"},"image":{"@id":"https:\/\/librairie7l.com\/en\/#\/schema\/logo\/image\/"}}]}},"_links":{"self":[{"href":"https:\/\/librairie7l.com\/en\/wp-json\/wp\/v2\/product\/50798"}],"collection":[{"href":"https:\/\/librairie7l.com\/en\/wp-json\/wp\/v2\/product"}],"about":[{"href":"https:\/\/librairie7l.com\/en\/wp-json\/wp\/v2\/types\/product"}],"wp:featuredmedia":[{"embeddable":true,"href":"https:\/\/librairie7l.com\/en\/wp-json\/wp\/v2\/media\/50796"}],"wp:attachment":[{"href":"https:\/\/librairie7l.com\/en\/wp-json\/wp\/v2\/media?parent=50798"}],"wp:term":[{"taxonomy":"product_cat","embeddable":true,"href":"https:\/\/librairie7l.com\/en\/wp-json\/wp\/v2\/product_cat?post=50798"},{"taxonomy":"product_tag","embeddable":true,"href":"https:\/\/librairie7l.com\/en\/wp-json\/wp\/v2\/product_tag?post=50798"}],"curies":[{"name":"wp","href":"https:\/\/api.w.org\/{rel}","templated":true}]}}