{"id":50815,"date":"2025-09-22T16:45:36","date_gmt":"2025-09-22T14:45:36","guid":{"rendered":"https:\/\/librairie7l.com\/?post_type=product&#038;p=50815"},"modified":"2026-04-04T15:06:32","modified_gmt":"2026-04-04T13:06:32","slug":"e-1027-maison-en-bord-de-mer-house-by-the-sea-2","status":"publish","type":"product","link":"https:\/\/librairie7l.com\/en\/produit\/e-1027-maison-en-bord-de-mer-house-by-the-sea-2\/","title":{"rendered":"E.1027 : MAISON EN BORD DE MER \/ HOUSE BY THE SEA"},"content":{"rendered":"<p>Dans le cadre des comm\u00e9morations du cinquantenaire de la disparition de Le Corbusier, le site Cap Martin o\u00f9 se trouvent le cabanon et les unit\u00e9s de camping de Le Corbusier ainsi que la villa E1027 r\u00e9alis\u00e9e par Eileen Gray et Jean Badovici ouvre au public (inauguration 26 juin 2015).<br \/>\nC&#8217;est dans ce contexte que les \u00e9ditions Imbernon ont d\u00e9cid\u00e9 de publier sous forme reli\u00e9e avec une couverture souple \u00e0 rabat et en version bilingue anglais\/fran\u00e7ais, ce titre de leur catalogue E.1027 Maison en bord de mer, publi\u00e9 en 2006 et aujourd&#8217;hui \u00e9puis\u00e9 dans sa version portfolio (fac-simil\u00e9 de L&#8217;Architecture vivante 1929). <\/p>\n<p>As part of the commemorations of the fiftieth anniversary of the disappearance of Le Corbusier, the site Cap Martin where are the shed and camping units Le Corbusier and the villa E1027 conducted by Eileen Gray and Jean Badovici open to the public (opening 2015 June 26).<br \/>\nIt is in this context that Imbernon editions decided to publish in paper covers with a soft cover with flaps and English \/ French bilingual version, two titles from their catalog now exhausted: E1027 House by the sea (2006) and The Le Corbusier Cell &#8211; L&#8217;Unit\u00e9 d&#8217;habitation de Marseille (2013), both published then using the shape of the famous portfolio of the journal vanguard the Living Architecture.<\/p>\n","protected":false},"excerpt":{"rendered":"<p>Dans le cadre des comm\u00e9morations du cinquantenaire de la disparition de Le Corbusier, le site Cap Martin o\u00f9 se trouvent le cabanon et les unit\u00e9s de camping de Le Corbusier ainsi que la villa E1027 r\u00e9alis\u00e9e par Eileen Gray et Jean Badovici ouvre au public (inauguration 26 juin 2015). C&#8217;est dans ce contexte que les [&hellip;]<\/p>\n","protected":false},"featured_media":50813,"template":"","meta":[],"product_cat":[7364,2948],"product_tag":[],"acf":[],"yoast_head":"<!-- This site is optimized with the Yoast SEO plugin v20.11 - https:\/\/yoast.com\/wordpress\/plugins\/seo\/ -->\n<title>E.1027 : maison en bord de mer \/ house by the sea - Librairie 7L<\/title>\n<meta name=\"robots\" content=\"index, follow, max-snippet:-1, max-image-preview:large, max-video-preview:-1\" \/>\n<link rel=\"canonical\" href=\"https:\/\/librairie7l.com\/en\/produit\/e-1027-maison-en-bord-de-mer-house-by-the-sea-2\/\" \/>\n<meta property=\"og:locale\" content=\"en_US\" \/>\n<meta property=\"og:type\" content=\"article\" \/>\n<meta property=\"og:title\" content=\"E.1027 : maison en bord de mer \/ house by the sea - Librairie 7L\" \/>\n<meta property=\"og:description\" content=\"Dans le cadre des comm\u00e9morations du cinquantenaire de la disparition de Le Corbusier, le site Cap Martin o\u00f9 se trouvent le cabanon et les unit\u00e9s de camping de Le Corbusier ainsi que la villa E1027 r\u00e9alis\u00e9e par Eileen Gray et Jean Badovici ouvre au public (inauguration 26 juin 2015). C&#8217;est dans ce contexte que les [&hellip;]\" \/>\n<meta property=\"og:url\" content=\"https:\/\/librairie7l.com\/en\/produit\/e-1027-maison-en-bord-de-mer-house-by-the-sea-2\/\" \/>\n<meta property=\"og:site_name\" content=\"Librairie 7L\" \/>\n<meta property=\"article:modified_time\" content=\"2026-04-04T13:06:32+00:00\" \/>\n<meta property=\"og:image\" content=\"https:\/\/librairie7l.com\/wp-content\/uploads\/2015\/06\/9782919230099_1_75.jpg\" \/>\n\t<meta property=\"og:image:width\" content=\"600\" \/>\n\t<meta property=\"og:image:height\" content=\"779\" \/>\n\t<meta property=\"og:image:type\" content=\"image\/jpeg\" \/>\n<meta name=\"twitter:card\" content=\"summary_large_image\" \/>\n<meta name=\"twitter:label1\" content=\"Est. reading time\" \/>\n\t<meta name=\"twitter:data1\" content=\"1 minute\" \/>\n<script type=\"application\/ld+json\" class=\"yoast-schema-graph\">{\"@context\":\"https:\/\/schema.org\",\"@graph\":[{\"@type\":\"WebPage\",\"@id\":\"https:\/\/librairie7l.com\/en\/produit\/e-1027-maison-en-bord-de-mer-house-by-the-sea-2\/\",\"url\":\"https:\/\/librairie7l.com\/en\/produit\/e-1027-maison-en-bord-de-mer-house-by-the-sea-2\/\",\"name\":\"E.1027 : maison en bord de mer \/ house by the sea - Librairie 7L\",\"isPartOf\":{\"@id\":\"https:\/\/librairie7l.com\/en\/#website\"},\"datePublished\":\"2025-09-22T14:45:36+00:00\",\"dateModified\":\"2026-04-04T13:06:32+00:00\",\"breadcrumb\":{\"@id\":\"https:\/\/librairie7l.com\/en\/produit\/e-1027-maison-en-bord-de-mer-house-by-the-sea-2\/#breadcrumb\"},\"inLanguage\":\"en-US\",\"potentialAction\":[{\"@type\":\"ReadAction\",\"target\":[\"https:\/\/librairie7l.com\/en\/produit\/e-1027-maison-en-bord-de-mer-house-by-the-sea-2\/\"]}]},{\"@type\":\"BreadcrumbList\",\"@id\":\"https:\/\/librairie7l.com\/en\/produit\/e-1027-maison-en-bord-de-mer-house-by-the-sea-2\/#breadcrumb\",\"itemListElement\":[{\"@type\":\"ListItem\",\"position\":1,\"name\":\"Accueil\",\"item\":\"https:\/\/librairie7l.com\/en\/\"},{\"@type\":\"ListItem\",\"position\":2,\"name\":\"Shop\",\"item\":\"https:\/\/librairie7l.com\/en\/shop\/\"},{\"@type\":\"ListItem\",\"position\":3,\"name\":\"E.1027 : MAISON EN BORD DE MER \/ HOUSE BY THE SEA\"}]},{\"@type\":\"WebSite\",\"@id\":\"https:\/\/librairie7l.com\/en\/#website\",\"url\":\"https:\/\/librairie7l.com\/en\/\",\"name\":\"Librairie 7L\",\"description\":\"Librairie fond\u00e9e en 1999 par Karl Lagerfeld \u00e0 Paris\",\"publisher\":{\"@id\":\"https:\/\/librairie7l.com\/en\/#organization\"},\"potentialAction\":[{\"@type\":\"SearchAction\",\"target\":{\"@type\":\"EntryPoint\",\"urlTemplate\":\"https:\/\/librairie7l.com\/en\/?s={search_term_string}\"},\"query-input\":\"required name=search_term_string\"}],\"inLanguage\":\"en-US\"},{\"@type\":\"Organization\",\"@id\":\"https:\/\/librairie7l.com\/en\/#organization\",\"name\":\"Librairie 7L\",\"url\":\"https:\/\/librairie7l.com\/en\/\",\"logo\":{\"@type\":\"ImageObject\",\"inLanguage\":\"en-US\",\"@id\":\"https:\/\/librairie7l.com\/en\/#\/schema\/logo\/image\/\",\"url\":\"https:\/\/librairie7l.com\/wp-content\/uploads\/2022\/08\/logo-1.png\",\"contentUrl\":\"https:\/\/librairie7l.com\/wp-content\/uploads\/2022\/08\/logo-1.png\",\"width\":227,\"height\":301,\"caption\":\"Librairie 7L\"},\"image\":{\"@id\":\"https:\/\/librairie7l.com\/en\/#\/schema\/logo\/image\/\"}}]}<\/script>\n<!-- \/ Yoast SEO plugin. -->","yoast_head_json":{"title":"E.1027 : maison en bord de mer \/ house by the sea - Librairie 7L","robots":{"index":"index","follow":"follow","max-snippet":"max-snippet:-1","max-image-preview":"max-image-preview:large","max-video-preview":"max-video-preview:-1"},"canonical":"https:\/\/librairie7l.com\/en\/produit\/e-1027-maison-en-bord-de-mer-house-by-the-sea-2\/","og_locale":"en_US","og_type":"article","og_title":"E.1027 : maison en bord de mer \/ house by the sea - Librairie 7L","og_description":"Dans le cadre des comm\u00e9morations du cinquantenaire de la disparition de Le Corbusier, le site Cap Martin o\u00f9 se trouvent le cabanon et les unit\u00e9s de camping de Le Corbusier ainsi que la villa E1027 r\u00e9alis\u00e9e par Eileen Gray et Jean Badovici ouvre au public (inauguration 26 juin 2015). C&#8217;est dans ce contexte que les [&hellip;]","og_url":"https:\/\/librairie7l.com\/en\/produit\/e-1027-maison-en-bord-de-mer-house-by-the-sea-2\/","og_site_name":"Librairie 7L","article_modified_time":"2026-04-04T13:06:32+00:00","og_image":[{"width":600,"height":779,"url":"https:\/\/librairie7l.com\/wp-content\/uploads\/2015\/06\/9782919230099_1_75.jpg","type":"image\/jpeg"}],"twitter_card":"summary_large_image","twitter_misc":{"Est. reading time":"1 minute"},"schema":{"@context":"https:\/\/schema.org","@graph":[{"@type":"WebPage","@id":"https:\/\/librairie7l.com\/en\/produit\/e-1027-maison-en-bord-de-mer-house-by-the-sea-2\/","url":"https:\/\/librairie7l.com\/en\/produit\/e-1027-maison-en-bord-de-mer-house-by-the-sea-2\/","name":"E.1027 : maison en bord de mer \/ house by the sea - Librairie 7L","isPartOf":{"@id":"https:\/\/librairie7l.com\/en\/#website"},"datePublished":"2025-09-22T14:45:36+00:00","dateModified":"2026-04-04T13:06:32+00:00","breadcrumb":{"@id":"https:\/\/librairie7l.com\/en\/produit\/e-1027-maison-en-bord-de-mer-house-by-the-sea-2\/#breadcrumb"},"inLanguage":"en-US","potentialAction":[{"@type":"ReadAction","target":["https:\/\/librairie7l.com\/en\/produit\/e-1027-maison-en-bord-de-mer-house-by-the-sea-2\/"]}]},{"@type":"BreadcrumbList","@id":"https:\/\/librairie7l.com\/en\/produit\/e-1027-maison-en-bord-de-mer-house-by-the-sea-2\/#breadcrumb","itemListElement":[{"@type":"ListItem","position":1,"name":"Accueil","item":"https:\/\/librairie7l.com\/en\/"},{"@type":"ListItem","position":2,"name":"Shop","item":"https:\/\/librairie7l.com\/en\/shop\/"},{"@type":"ListItem","position":3,"name":"E.1027 : MAISON EN BORD DE MER \/ HOUSE BY THE SEA"}]},{"@type":"WebSite","@id":"https:\/\/librairie7l.com\/en\/#website","url":"https:\/\/librairie7l.com\/en\/","name":"Librairie 7L","description":"Librairie fond\u00e9e en 1999 par Karl Lagerfeld \u00e0 Paris","publisher":{"@id":"https:\/\/librairie7l.com\/en\/#organization"},"potentialAction":[{"@type":"SearchAction","target":{"@type":"EntryPoint","urlTemplate":"https:\/\/librairie7l.com\/en\/?s={search_term_string}"},"query-input":"required name=search_term_string"}],"inLanguage":"en-US"},{"@type":"Organization","@id":"https:\/\/librairie7l.com\/en\/#organization","name":"Librairie 7L","url":"https:\/\/librairie7l.com\/en\/","logo":{"@type":"ImageObject","inLanguage":"en-US","@id":"https:\/\/librairie7l.com\/en\/#\/schema\/logo\/image\/","url":"https:\/\/librairie7l.com\/wp-content\/uploads\/2022\/08\/logo-1.png","contentUrl":"https:\/\/librairie7l.com\/wp-content\/uploads\/2022\/08\/logo-1.png","width":227,"height":301,"caption":"Librairie 7L"},"image":{"@id":"https:\/\/librairie7l.com\/en\/#\/schema\/logo\/image\/"}}]}},"_links":{"self":[{"href":"https:\/\/librairie7l.com\/en\/wp-json\/wp\/v2\/product\/50815"}],"collection":[{"href":"https:\/\/librairie7l.com\/en\/wp-json\/wp\/v2\/product"}],"about":[{"href":"https:\/\/librairie7l.com\/en\/wp-json\/wp\/v2\/types\/product"}],"wp:featuredmedia":[{"embeddable":true,"href":"https:\/\/librairie7l.com\/en\/wp-json\/wp\/v2\/media\/50813"}],"wp:attachment":[{"href":"https:\/\/librairie7l.com\/en\/wp-json\/wp\/v2\/media?parent=50815"}],"wp:term":[{"taxonomy":"product_cat","embeddable":true,"href":"https:\/\/librairie7l.com\/en\/wp-json\/wp\/v2\/product_cat?post=50815"},{"taxonomy":"product_tag","embeddable":true,"href":"https:\/\/librairie7l.com\/en\/wp-json\/wp\/v2\/product_tag?post=50815"}],"curies":[{"name":"wp","href":"https:\/\/api.w.org\/{rel}","templated":true}]}}