{"id":50827,"date":"2025-09-24T09:17:44","date_gmt":"2025-09-24T07:17:44","guid":{"rendered":"https:\/\/librairie7l.com\/?post_type=product&#038;p=50827"},"modified":"2026-04-25T22:56:27","modified_gmt":"2026-04-25T20:56:27","slug":"clubbing-plongee-culturelle-et-immersive-dans-lhistoire-mondiale-des-clubs-2","status":"publish","type":"product","link":"https:\/\/librairie7l.com\/en\/produit\/clubbing-plongee-culturelle-et-immersive-dans-lhistoire-mondiale-des-clubs-2\/","title":{"rendered":"CLUBBING : PLONG\u00c9E CULTURELLE ET IMMERSIVE DANS L&#8217;HISTOIRE MONDIALE DES CLUBS"},"content":{"rendered":"<p>Les cultures clubs sont n\u00e9es \u00e0 l&#8217;aube des ann\u00e9es 1970 \u00e0 New York, au Loft de David Mancuso, qui passe ses disques pr\u00e9f\u00e9r\u00e9s lors de soir\u00e9es d&#8217;anthologie. Un souffle de libert\u00e9 emporte tout : apr\u00e8s New York, il y aura Chicago, D\u00e9troit, Londres, Paris, Ibiza, Berlin, Tokyo, S\u00e3o Paulo&#8230; Le catalogue Clubbing propose une histoire curieuse et amoureuse de la nuit, au fil de ses clubs les plus embl\u00e9matiques, de ses DJs, musiques, t\u00e9moins et artistes phares. Clubbing est une c\u00e9l\u00e9bration de l&#8217;\u00e9mancipation des corps et des esprits par la musique, la danse et la lumi\u00e8re. Un hommage \u00e0 l&#8217;invention permanente de communaut\u00e9s \u00e9lectives, cr\u00e9atrices de fragments d&#8217;art total, \u00e9ph\u00e9m\u00e8res et vivants. Entrons dans la danse et sur le dancefloor. Dansons, r\u00eavons, partageons ensemble la vibration et la beaut\u00e9 de la nuit.<\/p>\n","protected":false},"excerpt":{"rendered":"<p>Les cultures clubs sont n\u00e9es \u00e0 l&#8217;aube des ann\u00e9es 1970 \u00e0 New York, au Loft de David Mancuso, qui passe ses disques pr\u00e9f\u00e9r\u00e9s lors de soir\u00e9es d&#8217;anthologie. Un souffle de libert\u00e9 emporte tout : apr\u00e8s New York, il y aura Chicago, D\u00e9troit, Londres, Paris, Ibiza, Berlin, Tokyo, S\u00e3o Paulo&#8230; Le catalogue Clubbing propose une histoire [&hellip;]<\/p>\n","protected":false},"featured_media":50825,"template":"","meta":[],"product_cat":[2948,2958],"product_tag":[],"acf":[],"yoast_head":"<!-- This site is optimized with the Yoast SEO plugin v20.11 - https:\/\/yoast.com\/wordpress\/plugins\/seo\/ -->\n<title>Clubbing : Plong\u00e9e culturelle et immersive dans l&#039;histoire mondiale des clubs - Librairie 7L<\/title>\n<meta name=\"robots\" content=\"index, follow, max-snippet:-1, max-image-preview:large, max-video-preview:-1\" \/>\n<link rel=\"canonical\" href=\"https:\/\/librairie7l.com\/en\/produit\/clubbing-plongee-culturelle-et-immersive-dans-lhistoire-mondiale-des-clubs-2\/\" \/>\n<meta property=\"og:locale\" content=\"en_US\" \/>\n<meta property=\"og:type\" content=\"article\" \/>\n<meta property=\"og:title\" content=\"Clubbing : Plong\u00e9e culturelle et immersive dans l&#039;histoire mondiale des clubs - Librairie 7L\" \/>\n<meta property=\"og:description\" content=\"Les cultures clubs sont n\u00e9es \u00e0 l&#8217;aube des ann\u00e9es 1970 \u00e0 New York, au Loft de David Mancuso, qui passe ses disques pr\u00e9f\u00e9r\u00e9s lors de soir\u00e9es d&#8217;anthologie. Un souffle de libert\u00e9 emporte tout : apr\u00e8s New York, il y aura Chicago, D\u00e9troit, Londres, Paris, Ibiza, Berlin, Tokyo, S\u00e3o Paulo&#8230; Le catalogue Clubbing propose une histoire [&hellip;]\" \/>\n<meta property=\"og:url\" content=\"https:\/\/librairie7l.com\/en\/produit\/clubbing-plongee-culturelle-et-immersive-dans-lhistoire-mondiale-des-clubs-2\/\" \/>\n<meta property=\"og:site_name\" content=\"Librairie 7L\" \/>\n<meta property=\"article:modified_time\" content=\"2026-04-25T20:56:27+00:00\" \/>\n<meta property=\"og:image\" content=\"https:\/\/librairie7l.com\/wp-content\/uploads\/2025\/06\/9782370742902_1_75.jpg\" \/>\n\t<meta property=\"og:image:width\" content=\"600\" \/>\n\t<meta property=\"og:image:height\" content=\"913\" \/>\n\t<meta property=\"og:image:type\" content=\"image\/jpeg\" \/>\n<meta name=\"twitter:card\" content=\"summary_large_image\" \/>\n<meta name=\"twitter:label1\" content=\"Est. reading time\" \/>\n\t<meta name=\"twitter:data1\" content=\"1 minute\" \/>\n<script type=\"application\/ld+json\" class=\"yoast-schema-graph\">{\"@context\":\"https:\/\/schema.org\",\"@graph\":[{\"@type\":\"WebPage\",\"@id\":\"https:\/\/librairie7l.com\/en\/produit\/clubbing-plongee-culturelle-et-immersive-dans-lhistoire-mondiale-des-clubs-2\/\",\"url\":\"https:\/\/librairie7l.com\/en\/produit\/clubbing-plongee-culturelle-et-immersive-dans-lhistoire-mondiale-des-clubs-2\/\",\"name\":\"Clubbing : Plong\u00e9e culturelle et immersive dans l'histoire mondiale des clubs - Librairie 7L\",\"isPartOf\":{\"@id\":\"https:\/\/librairie7l.com\/en\/#website\"},\"datePublished\":\"2025-09-24T07:17:44+00:00\",\"dateModified\":\"2026-04-25T20:56:27+00:00\",\"breadcrumb\":{\"@id\":\"https:\/\/librairie7l.com\/en\/produit\/clubbing-plongee-culturelle-et-immersive-dans-lhistoire-mondiale-des-clubs-2\/#breadcrumb\"},\"inLanguage\":\"en-US\",\"potentialAction\":[{\"@type\":\"ReadAction\",\"target\":[\"https:\/\/librairie7l.com\/en\/produit\/clubbing-plongee-culturelle-et-immersive-dans-lhistoire-mondiale-des-clubs-2\/\"]}]},{\"@type\":\"BreadcrumbList\",\"@id\":\"https:\/\/librairie7l.com\/en\/produit\/clubbing-plongee-culturelle-et-immersive-dans-lhistoire-mondiale-des-clubs-2\/#breadcrumb\",\"itemListElement\":[{\"@type\":\"ListItem\",\"position\":1,\"name\":\"Accueil\",\"item\":\"https:\/\/librairie7l.com\/en\/\"},{\"@type\":\"ListItem\",\"position\":2,\"name\":\"Shop\",\"item\":\"https:\/\/librairie7l.com\/en\/shop\/\"},{\"@type\":\"ListItem\",\"position\":3,\"name\":\"CLUBBING : PLONG\u00c9E CULTURELLE ET IMMERSIVE DANS L&#8217;HISTOIRE MONDIALE DES CLUBS\"}]},{\"@type\":\"WebSite\",\"@id\":\"https:\/\/librairie7l.com\/en\/#website\",\"url\":\"https:\/\/librairie7l.com\/en\/\",\"name\":\"Librairie 7L\",\"description\":\"Librairie fond\u00e9e en 1999 par Karl Lagerfeld \u00e0 Paris\",\"publisher\":{\"@id\":\"https:\/\/librairie7l.com\/en\/#organization\"},\"potentialAction\":[{\"@type\":\"SearchAction\",\"target\":{\"@type\":\"EntryPoint\",\"urlTemplate\":\"https:\/\/librairie7l.com\/en\/?s={search_term_string}\"},\"query-input\":\"required name=search_term_string\"}],\"inLanguage\":\"en-US\"},{\"@type\":\"Organization\",\"@id\":\"https:\/\/librairie7l.com\/en\/#organization\",\"name\":\"Librairie 7L\",\"url\":\"https:\/\/librairie7l.com\/en\/\",\"logo\":{\"@type\":\"ImageObject\",\"inLanguage\":\"en-US\",\"@id\":\"https:\/\/librairie7l.com\/en\/#\/schema\/logo\/image\/\",\"url\":\"https:\/\/librairie7l.com\/wp-content\/uploads\/2022\/08\/logo-1.png\",\"contentUrl\":\"https:\/\/librairie7l.com\/wp-content\/uploads\/2022\/08\/logo-1.png\",\"width\":227,\"height\":301,\"caption\":\"Librairie 7L\"},\"image\":{\"@id\":\"https:\/\/librairie7l.com\/en\/#\/schema\/logo\/image\/\"}}]}<\/script>\n<!-- \/ Yoast SEO plugin. -->","yoast_head_json":{"title":"Clubbing : Plong\u00e9e culturelle et immersive dans l'histoire mondiale des clubs - Librairie 7L","robots":{"index":"index","follow":"follow","max-snippet":"max-snippet:-1","max-image-preview":"max-image-preview:large","max-video-preview":"max-video-preview:-1"},"canonical":"https:\/\/librairie7l.com\/en\/produit\/clubbing-plongee-culturelle-et-immersive-dans-lhistoire-mondiale-des-clubs-2\/","og_locale":"en_US","og_type":"article","og_title":"Clubbing : Plong\u00e9e culturelle et immersive dans l'histoire mondiale des clubs - Librairie 7L","og_description":"Les cultures clubs sont n\u00e9es \u00e0 l&#8217;aube des ann\u00e9es 1970 \u00e0 New York, au Loft de David Mancuso, qui passe ses disques pr\u00e9f\u00e9r\u00e9s lors de soir\u00e9es d&#8217;anthologie. Un souffle de libert\u00e9 emporte tout : apr\u00e8s New York, il y aura Chicago, D\u00e9troit, Londres, Paris, Ibiza, Berlin, Tokyo, S\u00e3o Paulo&#8230; Le catalogue Clubbing propose une histoire [&hellip;]","og_url":"https:\/\/librairie7l.com\/en\/produit\/clubbing-plongee-culturelle-et-immersive-dans-lhistoire-mondiale-des-clubs-2\/","og_site_name":"Librairie 7L","article_modified_time":"2026-04-25T20:56:27+00:00","og_image":[{"width":600,"height":913,"url":"https:\/\/librairie7l.com\/wp-content\/uploads\/2025\/06\/9782370742902_1_75.jpg","type":"image\/jpeg"}],"twitter_card":"summary_large_image","twitter_misc":{"Est. reading time":"1 minute"},"schema":{"@context":"https:\/\/schema.org","@graph":[{"@type":"WebPage","@id":"https:\/\/librairie7l.com\/en\/produit\/clubbing-plongee-culturelle-et-immersive-dans-lhistoire-mondiale-des-clubs-2\/","url":"https:\/\/librairie7l.com\/en\/produit\/clubbing-plongee-culturelle-et-immersive-dans-lhistoire-mondiale-des-clubs-2\/","name":"Clubbing : Plong\u00e9e culturelle et immersive dans l'histoire mondiale des clubs - Librairie 7L","isPartOf":{"@id":"https:\/\/librairie7l.com\/en\/#website"},"datePublished":"2025-09-24T07:17:44+00:00","dateModified":"2026-04-25T20:56:27+00:00","breadcrumb":{"@id":"https:\/\/librairie7l.com\/en\/produit\/clubbing-plongee-culturelle-et-immersive-dans-lhistoire-mondiale-des-clubs-2\/#breadcrumb"},"inLanguage":"en-US","potentialAction":[{"@type":"ReadAction","target":["https:\/\/librairie7l.com\/en\/produit\/clubbing-plongee-culturelle-et-immersive-dans-lhistoire-mondiale-des-clubs-2\/"]}]},{"@type":"BreadcrumbList","@id":"https:\/\/librairie7l.com\/en\/produit\/clubbing-plongee-culturelle-et-immersive-dans-lhistoire-mondiale-des-clubs-2\/#breadcrumb","itemListElement":[{"@type":"ListItem","position":1,"name":"Accueil","item":"https:\/\/librairie7l.com\/en\/"},{"@type":"ListItem","position":2,"name":"Shop","item":"https:\/\/librairie7l.com\/en\/shop\/"},{"@type":"ListItem","position":3,"name":"CLUBBING : PLONG\u00c9E CULTURELLE ET IMMERSIVE DANS L&#8217;HISTOIRE MONDIALE DES CLUBS"}]},{"@type":"WebSite","@id":"https:\/\/librairie7l.com\/en\/#website","url":"https:\/\/librairie7l.com\/en\/","name":"Librairie 7L","description":"Librairie fond\u00e9e en 1999 par Karl Lagerfeld \u00e0 Paris","publisher":{"@id":"https:\/\/librairie7l.com\/en\/#organization"},"potentialAction":[{"@type":"SearchAction","target":{"@type":"EntryPoint","urlTemplate":"https:\/\/librairie7l.com\/en\/?s={search_term_string}"},"query-input":"required name=search_term_string"}],"inLanguage":"en-US"},{"@type":"Organization","@id":"https:\/\/librairie7l.com\/en\/#organization","name":"Librairie 7L","url":"https:\/\/librairie7l.com\/en\/","logo":{"@type":"ImageObject","inLanguage":"en-US","@id":"https:\/\/librairie7l.com\/en\/#\/schema\/logo\/image\/","url":"https:\/\/librairie7l.com\/wp-content\/uploads\/2022\/08\/logo-1.png","contentUrl":"https:\/\/librairie7l.com\/wp-content\/uploads\/2022\/08\/logo-1.png","width":227,"height":301,"caption":"Librairie 7L"},"image":{"@id":"https:\/\/librairie7l.com\/en\/#\/schema\/logo\/image\/"}}]}},"_links":{"self":[{"href":"https:\/\/librairie7l.com\/en\/wp-json\/wp\/v2\/product\/50827"}],"collection":[{"href":"https:\/\/librairie7l.com\/en\/wp-json\/wp\/v2\/product"}],"about":[{"href":"https:\/\/librairie7l.com\/en\/wp-json\/wp\/v2\/types\/product"}],"wp:featuredmedia":[{"embeddable":true,"href":"https:\/\/librairie7l.com\/en\/wp-json\/wp\/v2\/media\/50825"}],"wp:attachment":[{"href":"https:\/\/librairie7l.com\/en\/wp-json\/wp\/v2\/media?parent=50827"}],"wp:term":[{"taxonomy":"product_cat","embeddable":true,"href":"https:\/\/librairie7l.com\/en\/wp-json\/wp\/v2\/product_cat?post=50827"},{"taxonomy":"product_tag","embeddable":true,"href":"https:\/\/librairie7l.com\/en\/wp-json\/wp\/v2\/product_tag?post=50827"}],"curies":[{"name":"wp","href":"https:\/\/api.w.org\/{rel}","templated":true}]}}