{"id":50849,"date":"2025-09-24T09:17:57","date_gmt":"2025-09-24T07:17:57","guid":{"rendered":"https:\/\/librairie7l.com\/?post_type=product&#038;p=50849"},"modified":"2026-04-13T02:07:03","modified_gmt":"2026-04-13T00:07:03","slug":"leonor-fini-2","status":"publish","type":"product","link":"https:\/\/librairie7l.com\/en\/produit\/leonor-fini-2\/","title":{"rendered":"LEONOR FINI"},"content":{"rendered":"<p>Peintre, cr\u00e9atrice de costumes et de masques, d\u00e9coratrice de th\u00e9\u00e2tre&#8230; Leonor Fini est une artiste aux multiples talents qui a inspir\u00e9 de nombreux \u00e9crivains, po\u00e8tes et photographes. Dans un texte riche et po\u00e9tique, illustr\u00e9 de tableaux et d&#8217;archives, Laurence Bena\u00efm part sur les traces de l&#8217;artiste, de Buenos Aires \u00e0 Trieste, des bals parisiens aux rivages corses. Elle brosse ainsi un portrait personnel de sa vie et de son oeuvre, dessinant, en filigrane, une histoire artistique du XXe si\u00e8cle.<\/p>\n","protected":false},"excerpt":{"rendered":"<p>Peintre, cr\u00e9atrice de costumes et de masques, d\u00e9coratrice de th\u00e9\u00e2tre&#8230; Leonor Fini est une artiste aux multiples talents qui a inspir\u00e9 de nombreux \u00e9crivains, po\u00e8tes et photographes. Dans un texte riche et po\u00e9tique, illustr\u00e9 de tableaux et d&#8217;archives, Laurence Bena\u00efm part sur les traces de l&#8217;artiste, de Buenos Aires \u00e0 Trieste, des bals parisiens aux [&hellip;]<\/p>\n","protected":false},"featured_media":50847,"template":"","meta":[],"product_cat":[2948,2953],"product_tag":[],"acf":[],"yoast_head":"<!-- This site is optimized with the Yoast SEO plugin v20.11 - https:\/\/yoast.com\/wordpress\/plugins\/seo\/ -->\n<title>Leonor Fini - Librairie 7L<\/title>\n<meta name=\"robots\" content=\"index, follow, max-snippet:-1, max-image-preview:large, max-video-preview:-1\" \/>\n<link rel=\"canonical\" href=\"https:\/\/librairie7l.com\/en\/produit\/leonor-fini-2\/\" \/>\n<meta property=\"og:locale\" content=\"en_US\" \/>\n<meta property=\"og:type\" content=\"article\" \/>\n<meta property=\"og:title\" content=\"Leonor Fini - Librairie 7L\" \/>\n<meta property=\"og:description\" content=\"Peintre, cr\u00e9atrice de costumes et de masques, d\u00e9coratrice de th\u00e9\u00e2tre&#8230; Leonor Fini est une artiste aux multiples talents qui a inspir\u00e9 de nombreux \u00e9crivains, po\u00e8tes et photographes. Dans un texte riche et po\u00e9tique, illustr\u00e9 de tableaux et d&#8217;archives, Laurence Bena\u00efm part sur les traces de l&#8217;artiste, de Buenos Aires \u00e0 Trieste, des bals parisiens aux [&hellip;]\" \/>\n<meta property=\"og:url\" content=\"https:\/\/librairie7l.com\/en\/produit\/leonor-fini-2\/\" \/>\n<meta property=\"og:site_name\" content=\"Librairie 7L\" \/>\n<meta property=\"article:modified_time\" content=\"2026-04-13T00:07:03+00:00\" \/>\n<meta property=\"og:image\" content=\"https:\/\/librairie7l.com\/wp-content\/uploads\/2025\/03\/9782073111388_1_75.jpg\" \/>\n\t<meta property=\"og:image:width\" content=\"600\" \/>\n\t<meta property=\"og:image:height\" content=\"847\" \/>\n\t<meta property=\"og:image:type\" content=\"image\/jpeg\" \/>\n<meta name=\"twitter:card\" content=\"summary_large_image\" \/>\n<script type=\"application\/ld+json\" class=\"yoast-schema-graph\">{\"@context\":\"https:\/\/schema.org\",\"@graph\":[{\"@type\":\"WebPage\",\"@id\":\"https:\/\/librairie7l.com\/en\/produit\/leonor-fini-2\/\",\"url\":\"https:\/\/librairie7l.com\/en\/produit\/leonor-fini-2\/\",\"name\":\"Leonor Fini - Librairie 7L\",\"isPartOf\":{\"@id\":\"https:\/\/librairie7l.com\/en\/#website\"},\"datePublished\":\"2025-09-24T07:17:57+00:00\",\"dateModified\":\"2026-04-13T00:07:03+00:00\",\"breadcrumb\":{\"@id\":\"https:\/\/librairie7l.com\/en\/produit\/leonor-fini-2\/#breadcrumb\"},\"inLanguage\":\"en-US\",\"potentialAction\":[{\"@type\":\"ReadAction\",\"target\":[\"https:\/\/librairie7l.com\/en\/produit\/leonor-fini-2\/\"]}]},{\"@type\":\"BreadcrumbList\",\"@id\":\"https:\/\/librairie7l.com\/en\/produit\/leonor-fini-2\/#breadcrumb\",\"itemListElement\":[{\"@type\":\"ListItem\",\"position\":1,\"name\":\"Accueil\",\"item\":\"https:\/\/librairie7l.com\/en\/\"},{\"@type\":\"ListItem\",\"position\":2,\"name\":\"Shop\",\"item\":\"https:\/\/librairie7l.com\/en\/shop\/\"},{\"@type\":\"ListItem\",\"position\":3,\"name\":\"LEONOR FINI\"}]},{\"@type\":\"WebSite\",\"@id\":\"https:\/\/librairie7l.com\/en\/#website\",\"url\":\"https:\/\/librairie7l.com\/en\/\",\"name\":\"Librairie 7L\",\"description\":\"Librairie fond\u00e9e en 1999 par Karl Lagerfeld \u00e0 Paris\",\"publisher\":{\"@id\":\"https:\/\/librairie7l.com\/en\/#organization\"},\"potentialAction\":[{\"@type\":\"SearchAction\",\"target\":{\"@type\":\"EntryPoint\",\"urlTemplate\":\"https:\/\/librairie7l.com\/en\/?s={search_term_string}\"},\"query-input\":\"required name=search_term_string\"}],\"inLanguage\":\"en-US\"},{\"@type\":\"Organization\",\"@id\":\"https:\/\/librairie7l.com\/en\/#organization\",\"name\":\"Librairie 7L\",\"url\":\"https:\/\/librairie7l.com\/en\/\",\"logo\":{\"@type\":\"ImageObject\",\"inLanguage\":\"en-US\",\"@id\":\"https:\/\/librairie7l.com\/en\/#\/schema\/logo\/image\/\",\"url\":\"https:\/\/librairie7l.com\/wp-content\/uploads\/2022\/08\/logo-1.png\",\"contentUrl\":\"https:\/\/librairie7l.com\/wp-content\/uploads\/2022\/08\/logo-1.png\",\"width\":227,\"height\":301,\"caption\":\"Librairie 7L\"},\"image\":{\"@id\":\"https:\/\/librairie7l.com\/en\/#\/schema\/logo\/image\/\"}}]}<\/script>\n<!-- \/ Yoast SEO plugin. -->","yoast_head_json":{"title":"Leonor Fini - Librairie 7L","robots":{"index":"index","follow":"follow","max-snippet":"max-snippet:-1","max-image-preview":"max-image-preview:large","max-video-preview":"max-video-preview:-1"},"canonical":"https:\/\/librairie7l.com\/en\/produit\/leonor-fini-2\/","og_locale":"en_US","og_type":"article","og_title":"Leonor Fini - Librairie 7L","og_description":"Peintre, cr\u00e9atrice de costumes et de masques, d\u00e9coratrice de th\u00e9\u00e2tre&#8230; Leonor Fini est une artiste aux multiples talents qui a inspir\u00e9 de nombreux \u00e9crivains, po\u00e8tes et photographes. Dans un texte riche et po\u00e9tique, illustr\u00e9 de tableaux et d&#8217;archives, Laurence Bena\u00efm part sur les traces de l&#8217;artiste, de Buenos Aires \u00e0 Trieste, des bals parisiens aux [&hellip;]","og_url":"https:\/\/librairie7l.com\/en\/produit\/leonor-fini-2\/","og_site_name":"Librairie 7L","article_modified_time":"2026-04-13T00:07:03+00:00","og_image":[{"width":600,"height":847,"url":"https:\/\/librairie7l.com\/wp-content\/uploads\/2025\/03\/9782073111388_1_75.jpg","type":"image\/jpeg"}],"twitter_card":"summary_large_image","schema":{"@context":"https:\/\/schema.org","@graph":[{"@type":"WebPage","@id":"https:\/\/librairie7l.com\/en\/produit\/leonor-fini-2\/","url":"https:\/\/librairie7l.com\/en\/produit\/leonor-fini-2\/","name":"Leonor Fini - Librairie 7L","isPartOf":{"@id":"https:\/\/librairie7l.com\/en\/#website"},"datePublished":"2025-09-24T07:17:57+00:00","dateModified":"2026-04-13T00:07:03+00:00","breadcrumb":{"@id":"https:\/\/librairie7l.com\/en\/produit\/leonor-fini-2\/#breadcrumb"},"inLanguage":"en-US","potentialAction":[{"@type":"ReadAction","target":["https:\/\/librairie7l.com\/en\/produit\/leonor-fini-2\/"]}]},{"@type":"BreadcrumbList","@id":"https:\/\/librairie7l.com\/en\/produit\/leonor-fini-2\/#breadcrumb","itemListElement":[{"@type":"ListItem","position":1,"name":"Accueil","item":"https:\/\/librairie7l.com\/en\/"},{"@type":"ListItem","position":2,"name":"Shop","item":"https:\/\/librairie7l.com\/en\/shop\/"},{"@type":"ListItem","position":3,"name":"LEONOR FINI"}]},{"@type":"WebSite","@id":"https:\/\/librairie7l.com\/en\/#website","url":"https:\/\/librairie7l.com\/en\/","name":"Librairie 7L","description":"Librairie fond\u00e9e en 1999 par Karl Lagerfeld \u00e0 Paris","publisher":{"@id":"https:\/\/librairie7l.com\/en\/#organization"},"potentialAction":[{"@type":"SearchAction","target":{"@type":"EntryPoint","urlTemplate":"https:\/\/librairie7l.com\/en\/?s={search_term_string}"},"query-input":"required name=search_term_string"}],"inLanguage":"en-US"},{"@type":"Organization","@id":"https:\/\/librairie7l.com\/en\/#organization","name":"Librairie 7L","url":"https:\/\/librairie7l.com\/en\/","logo":{"@type":"ImageObject","inLanguage":"en-US","@id":"https:\/\/librairie7l.com\/en\/#\/schema\/logo\/image\/","url":"https:\/\/librairie7l.com\/wp-content\/uploads\/2022\/08\/logo-1.png","contentUrl":"https:\/\/librairie7l.com\/wp-content\/uploads\/2022\/08\/logo-1.png","width":227,"height":301,"caption":"Librairie 7L"},"image":{"@id":"https:\/\/librairie7l.com\/en\/#\/schema\/logo\/image\/"}}]}},"_links":{"self":[{"href":"https:\/\/librairie7l.com\/en\/wp-json\/wp\/v2\/product\/50849"}],"collection":[{"href":"https:\/\/librairie7l.com\/en\/wp-json\/wp\/v2\/product"}],"about":[{"href":"https:\/\/librairie7l.com\/en\/wp-json\/wp\/v2\/types\/product"}],"wp:featuredmedia":[{"embeddable":true,"href":"https:\/\/librairie7l.com\/en\/wp-json\/wp\/v2\/media\/50847"}],"wp:attachment":[{"href":"https:\/\/librairie7l.com\/en\/wp-json\/wp\/v2\/media?parent=50849"}],"wp:term":[{"taxonomy":"product_cat","embeddable":true,"href":"https:\/\/librairie7l.com\/en\/wp-json\/wp\/v2\/product_cat?post=50849"},{"taxonomy":"product_tag","embeddable":true,"href":"https:\/\/librairie7l.com\/en\/wp-json\/wp\/v2\/product_tag?post=50849"}],"curies":[{"name":"wp","href":"https:\/\/api.w.org\/{rel}","templated":true}]}}