{"id":50853,"date":"2025-09-24T09:18:00","date_gmt":"2025-09-24T07:18:00","guid":{"rendered":"https:\/\/librairie7l.com\/?post_type=product&#038;p=50853"},"modified":"2026-04-13T03:53:40","modified_gmt":"2026-04-13T01:53:40","slug":"berthe-weill-galeriste-de-lavant-garde-parisienne-2","status":"publish","type":"product","link":"https:\/\/librairie7l.com\/en\/produit\/berthe-weill-galeriste-de-lavant-garde-parisienne-2\/","title":{"rendered":"BERTHE WEILL : GALERISTE DE L&#8217;AVANT-GARDE PARISIENNE"},"content":{"rendered":"<p>\u00abPlace aux jeunes\u00a0!\u00bb Mais qui est donc Berthe Weill\u00a0? Pendant quarante ans, de 1901 \u00e0 1941, cette femme d\u00e9termin\u00e9e a pr\u00e9sent\u00e9 inlassablement dans sa galerie parisienne les oeuvres de jeunes artistes \u00e0 leurs d\u00e9buts. Pionni\u00e8re \u00e0 bien des \u00e9gards, elle vend les premi\u00e8res toiles de Picasso et de Matisse, organise la seule exposition d&#8217;Amedeo Modigliani de son vivant, d\u00e9fend les mouvements \u00e9mergents comme le fauvisme ou le cubisme, et promeut le talent de nombreuses artistes comme Suzanne Valadon ou \u00c9milie Charmy. Elle est pourtant rest\u00e9e en marge de l&#8217;histoire de l&#8217;art, \u00e9clips\u00e9e par Vollard, Rosenberg ou Kahnweiler, ses confr\u00e8res masculins. Cet ouvrage entend r\u00e9parer cette injustice en se penchant sur la saga de cette galeriste hors du commun, qui vouait une v\u00e9ritable passion \u00e0 l&#8217;art et n&#8217;a jamais, malgr\u00e9 les obstacles, cess\u00e9 de d\u00e9fendre la \u00abjeune peinture\u00bb. \u00abLa peinture officielle se vend beaucoup mieux\u00a0; pourquoi donc s&#8217;ent\u00eater \u00e0 vouloir s&#8217;occuper des &#8220;Jeunes&#8221;\u00a0? Eh\u00a0! bien\u00a0! non\u00a0! Duss\u00e9-je manger des briques, je ne veux pas faire une chose qui me d\u00e9pla\u00eet\u00a0! Voil\u00e0\u00a0!&#8230;\u00bb Berthe Weill, Pan\u00a0! dans l&#8217;oeil&#8230;, 1933<\/p>\n","protected":false},"excerpt":{"rendered":"<p>\u00abPlace aux jeunes\u00a0!\u00bb Mais qui est donc Berthe Weill\u00a0? Pendant quarante ans, de 1901 \u00e0 1941, cette femme d\u00e9termin\u00e9e a pr\u00e9sent\u00e9 inlassablement dans sa galerie parisienne les oeuvres de jeunes artistes \u00e0 leurs d\u00e9buts. Pionni\u00e8re \u00e0 bien des \u00e9gards, elle vend les premi\u00e8res toiles de Picasso et de Matisse, organise la seule exposition d&#8217;Amedeo Modigliani [&hellip;]<\/p>\n","protected":false},"featured_media":50851,"template":"","meta":[],"product_cat":[2948,2953],"product_tag":[],"acf":[],"yoast_head":"<!-- This site is optimized with the Yoast SEO plugin v20.11 - https:\/\/yoast.com\/wordpress\/plugins\/seo\/ -->\n<title>Berthe Weill : Galeriste de l&#039;avant-garde parisienne - Librairie 7L<\/title>\n<meta name=\"robots\" content=\"index, follow, max-snippet:-1, max-image-preview:large, max-video-preview:-1\" \/>\n<link rel=\"canonical\" href=\"https:\/\/librairie7l.com\/en\/produit\/berthe-weill-galeriste-de-lavant-garde-parisienne-2\/\" \/>\n<meta property=\"og:locale\" content=\"en_US\" \/>\n<meta property=\"og:type\" content=\"article\" \/>\n<meta property=\"og:title\" content=\"Berthe Weill : Galeriste de l&#039;avant-garde parisienne - Librairie 7L\" \/>\n<meta property=\"og:description\" content=\"\u00abPlace aux jeunes\u00a0!\u00bb Mais qui est donc Berthe Weill\u00a0? Pendant quarante ans, de 1901 \u00e0 1941, cette femme d\u00e9termin\u00e9e a pr\u00e9sent\u00e9 inlassablement dans sa galerie parisienne les oeuvres de jeunes artistes \u00e0 leurs d\u00e9buts. Pionni\u00e8re \u00e0 bien des \u00e9gards, elle vend les premi\u00e8res toiles de Picasso et de Matisse, organise la seule exposition d&#8217;Amedeo Modigliani [&hellip;]\" \/>\n<meta property=\"og:url\" content=\"https:\/\/librairie7l.com\/en\/produit\/berthe-weill-galeriste-de-lavant-garde-parisienne-2\/\" \/>\n<meta property=\"og:site_name\" content=\"Librairie 7L\" \/>\n<meta property=\"article:modified_time\" content=\"2026-04-13T01:53:40+00:00\" \/>\n<meta property=\"og:image\" content=\"https:\/\/librairie7l.com\/wp-content\/uploads\/2025\/04\/9782080458889_1_75.jpg\" \/>\n\t<meta property=\"og:image:width\" content=\"600\" \/>\n\t<meta property=\"og:image:height\" content=\"832\" \/>\n\t<meta property=\"og:image:type\" content=\"image\/jpeg\" \/>\n<meta name=\"twitter:card\" content=\"summary_large_image\" \/>\n<meta name=\"twitter:label1\" content=\"Est. reading time\" \/>\n\t<meta name=\"twitter:data1\" content=\"1 minute\" \/>\n<script type=\"application\/ld+json\" class=\"yoast-schema-graph\">{\"@context\":\"https:\/\/schema.org\",\"@graph\":[{\"@type\":\"WebPage\",\"@id\":\"https:\/\/librairie7l.com\/en\/produit\/berthe-weill-galeriste-de-lavant-garde-parisienne-2\/\",\"url\":\"https:\/\/librairie7l.com\/en\/produit\/berthe-weill-galeriste-de-lavant-garde-parisienne-2\/\",\"name\":\"Berthe Weill : Galeriste de l'avant-garde parisienne - Librairie 7L\",\"isPartOf\":{\"@id\":\"https:\/\/librairie7l.com\/en\/#website\"},\"datePublished\":\"2025-09-24T07:18:00+00:00\",\"dateModified\":\"2026-04-13T01:53:40+00:00\",\"breadcrumb\":{\"@id\":\"https:\/\/librairie7l.com\/en\/produit\/berthe-weill-galeriste-de-lavant-garde-parisienne-2\/#breadcrumb\"},\"inLanguage\":\"en-US\",\"potentialAction\":[{\"@type\":\"ReadAction\",\"target\":[\"https:\/\/librairie7l.com\/en\/produit\/berthe-weill-galeriste-de-lavant-garde-parisienne-2\/\"]}]},{\"@type\":\"BreadcrumbList\",\"@id\":\"https:\/\/librairie7l.com\/en\/produit\/berthe-weill-galeriste-de-lavant-garde-parisienne-2\/#breadcrumb\",\"itemListElement\":[{\"@type\":\"ListItem\",\"position\":1,\"name\":\"Accueil\",\"item\":\"https:\/\/librairie7l.com\/en\/\"},{\"@type\":\"ListItem\",\"position\":2,\"name\":\"Shop\",\"item\":\"https:\/\/librairie7l.com\/en\/shop\/\"},{\"@type\":\"ListItem\",\"position\":3,\"name\":\"BERTHE WEILL : GALERISTE DE L&#8217;AVANT-GARDE PARISIENNE\"}]},{\"@type\":\"WebSite\",\"@id\":\"https:\/\/librairie7l.com\/en\/#website\",\"url\":\"https:\/\/librairie7l.com\/en\/\",\"name\":\"Librairie 7L\",\"description\":\"Librairie fond\u00e9e en 1999 par Karl Lagerfeld \u00e0 Paris\",\"publisher\":{\"@id\":\"https:\/\/librairie7l.com\/en\/#organization\"},\"potentialAction\":[{\"@type\":\"SearchAction\",\"target\":{\"@type\":\"EntryPoint\",\"urlTemplate\":\"https:\/\/librairie7l.com\/en\/?s={search_term_string}\"},\"query-input\":\"required name=search_term_string\"}],\"inLanguage\":\"en-US\"},{\"@type\":\"Organization\",\"@id\":\"https:\/\/librairie7l.com\/en\/#organization\",\"name\":\"Librairie 7L\",\"url\":\"https:\/\/librairie7l.com\/en\/\",\"logo\":{\"@type\":\"ImageObject\",\"inLanguage\":\"en-US\",\"@id\":\"https:\/\/librairie7l.com\/en\/#\/schema\/logo\/image\/\",\"url\":\"https:\/\/librairie7l.com\/wp-content\/uploads\/2022\/08\/logo-1.png\",\"contentUrl\":\"https:\/\/librairie7l.com\/wp-content\/uploads\/2022\/08\/logo-1.png\",\"width\":227,\"height\":301,\"caption\":\"Librairie 7L\"},\"image\":{\"@id\":\"https:\/\/librairie7l.com\/en\/#\/schema\/logo\/image\/\"}}]}<\/script>\n<!-- \/ Yoast SEO plugin. -->","yoast_head_json":{"title":"Berthe Weill : Galeriste de l'avant-garde parisienne - Librairie 7L","robots":{"index":"index","follow":"follow","max-snippet":"max-snippet:-1","max-image-preview":"max-image-preview:large","max-video-preview":"max-video-preview:-1"},"canonical":"https:\/\/librairie7l.com\/en\/produit\/berthe-weill-galeriste-de-lavant-garde-parisienne-2\/","og_locale":"en_US","og_type":"article","og_title":"Berthe Weill : Galeriste de l'avant-garde parisienne - Librairie 7L","og_description":"\u00abPlace aux jeunes\u00a0!\u00bb Mais qui est donc Berthe Weill\u00a0? Pendant quarante ans, de 1901 \u00e0 1941, cette femme d\u00e9termin\u00e9e a pr\u00e9sent\u00e9 inlassablement dans sa galerie parisienne les oeuvres de jeunes artistes \u00e0 leurs d\u00e9buts. Pionni\u00e8re \u00e0 bien des \u00e9gards, elle vend les premi\u00e8res toiles de Picasso et de Matisse, organise la seule exposition d&#8217;Amedeo Modigliani [&hellip;]","og_url":"https:\/\/librairie7l.com\/en\/produit\/berthe-weill-galeriste-de-lavant-garde-parisienne-2\/","og_site_name":"Librairie 7L","article_modified_time":"2026-04-13T01:53:40+00:00","og_image":[{"width":600,"height":832,"url":"https:\/\/librairie7l.com\/wp-content\/uploads\/2025\/04\/9782080458889_1_75.jpg","type":"image\/jpeg"}],"twitter_card":"summary_large_image","twitter_misc":{"Est. reading time":"1 minute"},"schema":{"@context":"https:\/\/schema.org","@graph":[{"@type":"WebPage","@id":"https:\/\/librairie7l.com\/en\/produit\/berthe-weill-galeriste-de-lavant-garde-parisienne-2\/","url":"https:\/\/librairie7l.com\/en\/produit\/berthe-weill-galeriste-de-lavant-garde-parisienne-2\/","name":"Berthe Weill : Galeriste de l'avant-garde parisienne - Librairie 7L","isPartOf":{"@id":"https:\/\/librairie7l.com\/en\/#website"},"datePublished":"2025-09-24T07:18:00+00:00","dateModified":"2026-04-13T01:53:40+00:00","breadcrumb":{"@id":"https:\/\/librairie7l.com\/en\/produit\/berthe-weill-galeriste-de-lavant-garde-parisienne-2\/#breadcrumb"},"inLanguage":"en-US","potentialAction":[{"@type":"ReadAction","target":["https:\/\/librairie7l.com\/en\/produit\/berthe-weill-galeriste-de-lavant-garde-parisienne-2\/"]}]},{"@type":"BreadcrumbList","@id":"https:\/\/librairie7l.com\/en\/produit\/berthe-weill-galeriste-de-lavant-garde-parisienne-2\/#breadcrumb","itemListElement":[{"@type":"ListItem","position":1,"name":"Accueil","item":"https:\/\/librairie7l.com\/en\/"},{"@type":"ListItem","position":2,"name":"Shop","item":"https:\/\/librairie7l.com\/en\/shop\/"},{"@type":"ListItem","position":3,"name":"BERTHE WEILL : GALERISTE DE L&#8217;AVANT-GARDE PARISIENNE"}]},{"@type":"WebSite","@id":"https:\/\/librairie7l.com\/en\/#website","url":"https:\/\/librairie7l.com\/en\/","name":"Librairie 7L","description":"Librairie fond\u00e9e en 1999 par Karl Lagerfeld \u00e0 Paris","publisher":{"@id":"https:\/\/librairie7l.com\/en\/#organization"},"potentialAction":[{"@type":"SearchAction","target":{"@type":"EntryPoint","urlTemplate":"https:\/\/librairie7l.com\/en\/?s={search_term_string}"},"query-input":"required name=search_term_string"}],"inLanguage":"en-US"},{"@type":"Organization","@id":"https:\/\/librairie7l.com\/en\/#organization","name":"Librairie 7L","url":"https:\/\/librairie7l.com\/en\/","logo":{"@type":"ImageObject","inLanguage":"en-US","@id":"https:\/\/librairie7l.com\/en\/#\/schema\/logo\/image\/","url":"https:\/\/librairie7l.com\/wp-content\/uploads\/2022\/08\/logo-1.png","contentUrl":"https:\/\/librairie7l.com\/wp-content\/uploads\/2022\/08\/logo-1.png","width":227,"height":301,"caption":"Librairie 7L"},"image":{"@id":"https:\/\/librairie7l.com\/en\/#\/schema\/logo\/image\/"}}]}},"_links":{"self":[{"href":"https:\/\/librairie7l.com\/en\/wp-json\/wp\/v2\/product\/50853"}],"collection":[{"href":"https:\/\/librairie7l.com\/en\/wp-json\/wp\/v2\/product"}],"about":[{"href":"https:\/\/librairie7l.com\/en\/wp-json\/wp\/v2\/types\/product"}],"wp:featuredmedia":[{"embeddable":true,"href":"https:\/\/librairie7l.com\/en\/wp-json\/wp\/v2\/media\/50851"}],"wp:attachment":[{"href":"https:\/\/librairie7l.com\/en\/wp-json\/wp\/v2\/media?parent=50853"}],"wp:term":[{"taxonomy":"product_cat","embeddable":true,"href":"https:\/\/librairie7l.com\/en\/wp-json\/wp\/v2\/product_cat?post=50853"},{"taxonomy":"product_tag","embeddable":true,"href":"https:\/\/librairie7l.com\/en\/wp-json\/wp\/v2\/product_tag?post=50853"}],"curies":[{"name":"wp","href":"https:\/\/api.w.org\/{rel}","templated":true}]}}