{"id":50875,"date":"2025-09-24T09:18:14","date_gmt":"2025-09-24T07:18:14","guid":{"rendered":"https:\/\/librairie7l.com\/?post_type=product&#038;p=50875"},"modified":"2026-04-16T22:49:03","modified_gmt":"2026-04-16T20:49:03","slug":"chanel-intime-2","status":"publish","type":"product","link":"https:\/\/librairie7l.com\/en\/produit\/chanel-intime-2\/","title":{"rendered":"CHANEL INTIME"},"content":{"rendered":"<p>Cette biographie illustr\u00e9e offre un aper\u00e7u sans<br \/>\npr\u00e9c\u00e9dent de la vie complexe et \u00e9nigmatique de Coco<br \/>\nChanel gr\u00e2ce \u00e0 de nouvelles recherches et \u00e0 l&#8217;analyse<br \/>\nde la vie et de la carri\u00e8re de la cr\u00e9atrice par une<br \/>\nhistorienne experte.<br \/>\nIsabelle Fiemeyer, sp\u00e9cialiste de Chanel, offre un<br \/>\nregard rare et profond\u00e9ment personnel sur la vie de<br \/>\nCoco Chanel, s&#8217;appuyant sur des entretiens exclusifs<br \/>\navec les membres les plus proches de la famille Chanel<br \/>\net sur des recherches approfondies dans les archives<br \/>\nin\u00e9dites pour r\u00e9v\u00e9ler son univers le plus priv\u00e9 &#8211; son<br \/>\namour du symbolisme et de la po\u00e9sie, ses relations<br \/>\namoureuses et son lien durable avec son neveu, Andr\u00e9<br \/>\nPalasse, qu&#8217;elle a \u00e9lev\u00e9 comme son propre fils. Sa fille,<br \/>\nGabrielle Palasse-Labrunie, filleule de Chanel et seule<br \/>\ndescendante directe, partage ses souvenirs intimes et<br \/>\nson acc\u00e8s \u00e0 la collection de mode, de bijoux et d&#8217;art de<br \/>\nsa grand-tante.<br \/>\nDivis\u00e9 en cinq sections chronologiques, le livre plonge<br \/>\nle lecteur dans la vie de Chanel, d\u00e9voilant des objets<br \/>\npersonnels rarement vus : les cadeaux de son grand<br \/>\namour, Boy Capel, ainsi que ses meubles, ses bijoux.<\/p>\n","protected":false},"excerpt":{"rendered":"<p>Cette biographie illustr\u00e9e offre un aper\u00e7u sans pr\u00e9c\u00e9dent de la vie complexe et \u00e9nigmatique de Coco Chanel gr\u00e2ce \u00e0 de nouvelles recherches et \u00e0 l&#8217;analyse de la vie et de la carri\u00e8re de la cr\u00e9atrice par une historienne experte. Isabelle Fiemeyer, sp\u00e9cialiste de Chanel, offre un regard rare et profond\u00e9ment personnel sur la vie de [&hellip;]<\/p>\n","protected":false},"featured_media":50873,"template":"","meta":[],"product_cat":[2948,2957],"product_tag":[],"acf":[],"yoast_head":"<!-- This site is optimized with the Yoast SEO plugin v20.11 - https:\/\/yoast.com\/wordpress\/plugins\/seo\/ -->\n<title>Chanel intime - Librairie 7L<\/title>\n<meta name=\"robots\" content=\"index, follow, max-snippet:-1, max-image-preview:large, max-video-preview:-1\" \/>\n<link rel=\"canonical\" href=\"https:\/\/librairie7l.com\/en\/produit\/chanel-intime-2\/\" \/>\n<meta property=\"og:locale\" content=\"en_US\" \/>\n<meta property=\"og:type\" content=\"article\" \/>\n<meta property=\"og:title\" content=\"Chanel intime - Librairie 7L\" \/>\n<meta property=\"og:description\" content=\"Cette biographie illustr\u00e9e offre un aper\u00e7u sans pr\u00e9c\u00e9dent de la vie complexe et \u00e9nigmatique de Coco Chanel gr\u00e2ce \u00e0 de nouvelles recherches et \u00e0 l&#8217;analyse de la vie et de la carri\u00e8re de la cr\u00e9atrice par une historienne experte. Isabelle Fiemeyer, sp\u00e9cialiste de Chanel, offre un regard rare et profond\u00e9ment personnel sur la vie de [&hellip;]\" \/>\n<meta property=\"og:url\" content=\"https:\/\/librairie7l.com\/en\/produit\/chanel-intime-2\/\" \/>\n<meta property=\"og:site_name\" content=\"Librairie 7L\" \/>\n<meta property=\"article:modified_time\" content=\"2026-04-16T20:49:03+00:00\" \/>\n<meta property=\"og:image\" content=\"https:\/\/librairie7l.com\/wp-content\/uploads\/2025\/04\/9782080482716_1_75.jpg\" \/>\n\t<meta property=\"og:image:width\" content=\"600\" \/>\n\t<meta property=\"og:image:height\" content=\"860\" \/>\n\t<meta property=\"og:image:type\" content=\"image\/jpeg\" \/>\n<meta name=\"twitter:card\" content=\"summary_large_image\" \/>\n<meta name=\"twitter:label1\" content=\"Est. reading time\" \/>\n\t<meta name=\"twitter:data1\" content=\"1 minute\" \/>\n<script type=\"application\/ld+json\" class=\"yoast-schema-graph\">{\"@context\":\"https:\/\/schema.org\",\"@graph\":[{\"@type\":\"WebPage\",\"@id\":\"https:\/\/librairie7l.com\/en\/produit\/chanel-intime-2\/\",\"url\":\"https:\/\/librairie7l.com\/en\/produit\/chanel-intime-2\/\",\"name\":\"Chanel intime - Librairie 7L\",\"isPartOf\":{\"@id\":\"https:\/\/librairie7l.com\/en\/#website\"},\"datePublished\":\"2025-09-24T07:18:14+00:00\",\"dateModified\":\"2026-04-16T20:49:03+00:00\",\"breadcrumb\":{\"@id\":\"https:\/\/librairie7l.com\/en\/produit\/chanel-intime-2\/#breadcrumb\"},\"inLanguage\":\"en-US\",\"potentialAction\":[{\"@type\":\"ReadAction\",\"target\":[\"https:\/\/librairie7l.com\/en\/produit\/chanel-intime-2\/\"]}]},{\"@type\":\"BreadcrumbList\",\"@id\":\"https:\/\/librairie7l.com\/en\/produit\/chanel-intime-2\/#breadcrumb\",\"itemListElement\":[{\"@type\":\"ListItem\",\"position\":1,\"name\":\"Accueil\",\"item\":\"https:\/\/librairie7l.com\/en\/\"},{\"@type\":\"ListItem\",\"position\":2,\"name\":\"Shop\",\"item\":\"https:\/\/librairie7l.com\/en\/shop\/\"},{\"@type\":\"ListItem\",\"position\":3,\"name\":\"CHANEL INTIME\"}]},{\"@type\":\"WebSite\",\"@id\":\"https:\/\/librairie7l.com\/en\/#website\",\"url\":\"https:\/\/librairie7l.com\/en\/\",\"name\":\"Librairie 7L\",\"description\":\"Librairie fond\u00e9e en 1999 par Karl Lagerfeld \u00e0 Paris\",\"publisher\":{\"@id\":\"https:\/\/librairie7l.com\/en\/#organization\"},\"potentialAction\":[{\"@type\":\"SearchAction\",\"target\":{\"@type\":\"EntryPoint\",\"urlTemplate\":\"https:\/\/librairie7l.com\/en\/?s={search_term_string}\"},\"query-input\":\"required name=search_term_string\"}],\"inLanguage\":\"en-US\"},{\"@type\":\"Organization\",\"@id\":\"https:\/\/librairie7l.com\/en\/#organization\",\"name\":\"Librairie 7L\",\"url\":\"https:\/\/librairie7l.com\/en\/\",\"logo\":{\"@type\":\"ImageObject\",\"inLanguage\":\"en-US\",\"@id\":\"https:\/\/librairie7l.com\/en\/#\/schema\/logo\/image\/\",\"url\":\"https:\/\/librairie7l.com\/wp-content\/uploads\/2022\/08\/logo-1.png\",\"contentUrl\":\"https:\/\/librairie7l.com\/wp-content\/uploads\/2022\/08\/logo-1.png\",\"width\":227,\"height\":301,\"caption\":\"Librairie 7L\"},\"image\":{\"@id\":\"https:\/\/librairie7l.com\/en\/#\/schema\/logo\/image\/\"}}]}<\/script>\n<!-- \/ Yoast SEO plugin. -->","yoast_head_json":{"title":"Chanel intime - Librairie 7L","robots":{"index":"index","follow":"follow","max-snippet":"max-snippet:-1","max-image-preview":"max-image-preview:large","max-video-preview":"max-video-preview:-1"},"canonical":"https:\/\/librairie7l.com\/en\/produit\/chanel-intime-2\/","og_locale":"en_US","og_type":"article","og_title":"Chanel intime - Librairie 7L","og_description":"Cette biographie illustr\u00e9e offre un aper\u00e7u sans pr\u00e9c\u00e9dent de la vie complexe et \u00e9nigmatique de Coco Chanel gr\u00e2ce \u00e0 de nouvelles recherches et \u00e0 l&#8217;analyse de la vie et de la carri\u00e8re de la cr\u00e9atrice par une historienne experte. Isabelle Fiemeyer, sp\u00e9cialiste de Chanel, offre un regard rare et profond\u00e9ment personnel sur la vie de [&hellip;]","og_url":"https:\/\/librairie7l.com\/en\/produit\/chanel-intime-2\/","og_site_name":"Librairie 7L","article_modified_time":"2026-04-16T20:49:03+00:00","og_image":[{"width":600,"height":860,"url":"https:\/\/librairie7l.com\/wp-content\/uploads\/2025\/04\/9782080482716_1_75.jpg","type":"image\/jpeg"}],"twitter_card":"summary_large_image","twitter_misc":{"Est. reading time":"1 minute"},"schema":{"@context":"https:\/\/schema.org","@graph":[{"@type":"WebPage","@id":"https:\/\/librairie7l.com\/en\/produit\/chanel-intime-2\/","url":"https:\/\/librairie7l.com\/en\/produit\/chanel-intime-2\/","name":"Chanel intime - Librairie 7L","isPartOf":{"@id":"https:\/\/librairie7l.com\/en\/#website"},"datePublished":"2025-09-24T07:18:14+00:00","dateModified":"2026-04-16T20:49:03+00:00","breadcrumb":{"@id":"https:\/\/librairie7l.com\/en\/produit\/chanel-intime-2\/#breadcrumb"},"inLanguage":"en-US","potentialAction":[{"@type":"ReadAction","target":["https:\/\/librairie7l.com\/en\/produit\/chanel-intime-2\/"]}]},{"@type":"BreadcrumbList","@id":"https:\/\/librairie7l.com\/en\/produit\/chanel-intime-2\/#breadcrumb","itemListElement":[{"@type":"ListItem","position":1,"name":"Accueil","item":"https:\/\/librairie7l.com\/en\/"},{"@type":"ListItem","position":2,"name":"Shop","item":"https:\/\/librairie7l.com\/en\/shop\/"},{"@type":"ListItem","position":3,"name":"CHANEL INTIME"}]},{"@type":"WebSite","@id":"https:\/\/librairie7l.com\/en\/#website","url":"https:\/\/librairie7l.com\/en\/","name":"Librairie 7L","description":"Librairie fond\u00e9e en 1999 par Karl Lagerfeld \u00e0 Paris","publisher":{"@id":"https:\/\/librairie7l.com\/en\/#organization"},"potentialAction":[{"@type":"SearchAction","target":{"@type":"EntryPoint","urlTemplate":"https:\/\/librairie7l.com\/en\/?s={search_term_string}"},"query-input":"required name=search_term_string"}],"inLanguage":"en-US"},{"@type":"Organization","@id":"https:\/\/librairie7l.com\/en\/#organization","name":"Librairie 7L","url":"https:\/\/librairie7l.com\/en\/","logo":{"@type":"ImageObject","inLanguage":"en-US","@id":"https:\/\/librairie7l.com\/en\/#\/schema\/logo\/image\/","url":"https:\/\/librairie7l.com\/wp-content\/uploads\/2022\/08\/logo-1.png","contentUrl":"https:\/\/librairie7l.com\/wp-content\/uploads\/2022\/08\/logo-1.png","width":227,"height":301,"caption":"Librairie 7L"},"image":{"@id":"https:\/\/librairie7l.com\/en\/#\/schema\/logo\/image\/"}}]}},"_links":{"self":[{"href":"https:\/\/librairie7l.com\/en\/wp-json\/wp\/v2\/product\/50875"}],"collection":[{"href":"https:\/\/librairie7l.com\/en\/wp-json\/wp\/v2\/product"}],"about":[{"href":"https:\/\/librairie7l.com\/en\/wp-json\/wp\/v2\/types\/product"}],"wp:featuredmedia":[{"embeddable":true,"href":"https:\/\/librairie7l.com\/en\/wp-json\/wp\/v2\/media\/50873"}],"wp:attachment":[{"href":"https:\/\/librairie7l.com\/en\/wp-json\/wp\/v2\/media?parent=50875"}],"wp:term":[{"taxonomy":"product_cat","embeddable":true,"href":"https:\/\/librairie7l.com\/en\/wp-json\/wp\/v2\/product_cat?post=50875"},{"taxonomy":"product_tag","embeddable":true,"href":"https:\/\/librairie7l.com\/en\/wp-json\/wp\/v2\/product_tag?post=50875"}],"curies":[{"name":"wp","href":"https:\/\/api.w.org\/{rel}","templated":true}]}}