{"id":50894,"date":"2025-09-25T09:17:50","date_gmt":"2025-09-25T07:17:50","guid":{"rendered":"https:\/\/librairie7l.com\/?post_type=product&#038;p=50894"},"modified":"2026-05-12T13:23:48","modified_gmt":"2026-05-12T11:23:48","slug":"papillons-explorer-le-monde-des-lepidopteres-2","status":"publish","type":"product","link":"https:\/\/librairie7l.com\/en\/produit\/papillons-explorer-le-monde-des-lepidopteres-2\/","title":{"rendered":"PAPILLONS : EXPLORER LE MONDE DES L\u00c9PIDOPT\u00c8RES"},"content":{"rendered":"<p>Papillons : Explorer le monde des l\u00e9pidopt\u00e8res emm\u00e8ne le lecteur \u00e0 travers les continents et les cultures pour d\u00e9couvrir comment les artistes se sont inspir\u00e9s des papillons depuis plus de 4 000 ans, de l&#8217;\u00c9gypte antique jusqu&#8217;\u00e0 nos jours.<br \/>\nCe tour d&#8217;horizon superbement illustr\u00e9 r\u00e9unit plus de 270 images \u00e9blouissantes couvrant un large \u00e9ventail de styles et de techniques &#8211; des peintures, des illustrations botaniques, des sculptures, en passant par des photographies, des affiches de films et des textiles.<br \/>\nCette s\u00e9lection, r\u00e9alis\u00e9e par un comit\u00e9 international d&#8217;experts, d\u00e9voile toute la diversit\u00e9 et la beaut\u00e9 des papillons de jour comme de nuit, ainsi que les diff\u00e9rentes \u00e9tapes de leur cycle de vie. Cet ouvrage de r\u00e9f\u00e9rence inclut des oeuvres c\u00e9l\u00e8bres ou plus confidentielles d&#8217;artistes et de cr\u00e9ateurs tels que Henry Walter Bates, Margaret Bourke-White, Wallace Chan, Jean Dubuffet, Mamie Gregory, Sheila Hicks, Frida Kahlo, Maria Sibylla Merian, Berthe Morisot, Yinka Shonibare, Vincent van Gogh, et bien d&#8217;autres. Assembl\u00e9es par paires, ind\u00e9pendamment de toute chronologie et de toute g\u00e9ographie, les images r\u00e9v\u00e8lent des contrastes et des similitudes \u00e9tonnantes.<br \/>\nD\u00e9couvrez que le premier fossile de papillon connu \u00e0 ce jour est originaire d&#8217;Am\u00e9rique du Nord et qu&#8217;une rare esp\u00e8ce gynandromorphe, mi-m\u00e2le mi-femelle, a \u00e9t\u00e9 d\u00e9couverte en Inde en 2021. Apprenez tout de la m\u00e9tamorphose des papillons, de la chenille \u00e0 la chrysalide jusqu&#8217;\u00e0 l&#8217;imago, leur forme adulte. Observez les migrations annuelles massives de certaines esp\u00e8ces \u00e0 travers les continents ou bien les motifs appel\u00e9s ocelles que d&#8217;autres arborent sur leurs ailes afin de se prot\u00e9ger des pr\u00e9dateurs.<br \/>\nLes papillons, qu&#8217;ils soient repr\u00e9sent\u00e9s sur d&#8217;anciennes mosa\u00efques romaines, dans des manuscrits enlumin\u00e9s, sur des objets en c\u00e9ramique ou bien captur\u00e9s num\u00e9riquement gr\u00e2ce aux derni\u00e8res technologies, sont depuis longtemps un sujet de pr\u00e9dilection pour les artistes du monde entier. Ces cr\u00e9atures d\u00e9licates sont intimement li\u00e9es \u00e0 notre culture et continueront d&#8217;\u00eatre une source d&#8217;inspiration pour les g\u00e9n\u00e9rations \u00e0 venir.<\/p>\n","protected":false},"excerpt":{"rendered":"<p>Papillons : Explorer le monde des l\u00e9pidopt\u00e8res emm\u00e8ne le lecteur \u00e0 travers les continents et les cultures pour d\u00e9couvrir comment les artistes se sont inspir\u00e9s des papillons depuis plus de 4 000 ans, de l&#8217;\u00c9gypte antique jusqu&#8217;\u00e0 nos jours. Ce tour d&#8217;horizon superbement illustr\u00e9 r\u00e9unit plus de 270 images \u00e9blouissantes couvrant un large \u00e9ventail de [&hellip;]<\/p>\n","protected":false},"featured_media":50892,"template":"","meta":[],"product_cat":[2948,2956],"product_tag":[],"acf":[],"yoast_head":"<!-- This site is optimized with the Yoast SEO plugin v20.11 - https:\/\/yoast.com\/wordpress\/plugins\/seo\/ -->\n<title>Papillons : Explorer le monde des l\u00e9pidopt\u00e8res - Librairie 7L<\/title>\n<meta name=\"robots\" content=\"index, follow, max-snippet:-1, max-image-preview:large, max-video-preview:-1\" \/>\n<link rel=\"canonical\" href=\"https:\/\/librairie7l.com\/en\/produit\/papillons-explorer-le-monde-des-lepidopteres-2\/\" \/>\n<meta property=\"og:locale\" content=\"en_US\" \/>\n<meta property=\"og:type\" content=\"article\" \/>\n<meta property=\"og:title\" content=\"Papillons : Explorer le monde des l\u00e9pidopt\u00e8res - Librairie 7L\" \/>\n<meta property=\"og:description\" content=\"Papillons : Explorer le monde des l\u00e9pidopt\u00e8res emm\u00e8ne le lecteur \u00e0 travers les continents et les cultures pour d\u00e9couvrir comment les artistes se sont inspir\u00e9s des papillons depuis plus de 4 000 ans, de l&#8217;\u00c9gypte antique jusqu&#8217;\u00e0 nos jours. Ce tour d&#8217;horizon superbement illustr\u00e9 r\u00e9unit plus de 270 images \u00e9blouissantes couvrant un large \u00e9ventail de [&hellip;]\" \/>\n<meta property=\"og:url\" content=\"https:\/\/librairie7l.com\/en\/produit\/papillons-explorer-le-monde-des-lepidopteres-2\/\" \/>\n<meta property=\"og:site_name\" content=\"Librairie 7L\" \/>\n<meta property=\"article:modified_time\" content=\"2026-05-12T11:23:48+00:00\" \/>\n<meta property=\"og:image\" content=\"https:\/\/librairie7l.com\/wp-content\/uploads\/2025\/06\/9781837290765_1_75.jpg\" \/>\n\t<meta property=\"og:image:width\" content=\"600\" \/>\n\t<meta property=\"og:image:height\" content=\"800\" \/>\n\t<meta property=\"og:image:type\" content=\"image\/jpeg\" \/>\n<meta name=\"twitter:card\" content=\"summary_large_image\" \/>\n<meta name=\"twitter:label1\" content=\"Est. reading time\" \/>\n\t<meta name=\"twitter:data1\" content=\"2 minutes\" \/>\n<script type=\"application\/ld+json\" class=\"yoast-schema-graph\">{\"@context\":\"https:\/\/schema.org\",\"@graph\":[{\"@type\":\"WebPage\",\"@id\":\"https:\/\/librairie7l.com\/en\/produit\/papillons-explorer-le-monde-des-lepidopteres-2\/\",\"url\":\"https:\/\/librairie7l.com\/en\/produit\/papillons-explorer-le-monde-des-lepidopteres-2\/\",\"name\":\"Papillons : Explorer le monde des l\u00e9pidopt\u00e8res - Librairie 7L\",\"isPartOf\":{\"@id\":\"https:\/\/librairie7l.com\/en\/#website\"},\"datePublished\":\"2025-09-25T07:17:50+00:00\",\"dateModified\":\"2026-05-12T11:23:48+00:00\",\"breadcrumb\":{\"@id\":\"https:\/\/librairie7l.com\/en\/produit\/papillons-explorer-le-monde-des-lepidopteres-2\/#breadcrumb\"},\"inLanguage\":\"en-US\",\"potentialAction\":[{\"@type\":\"ReadAction\",\"target\":[\"https:\/\/librairie7l.com\/en\/produit\/papillons-explorer-le-monde-des-lepidopteres-2\/\"]}]},{\"@type\":\"BreadcrumbList\",\"@id\":\"https:\/\/librairie7l.com\/en\/produit\/papillons-explorer-le-monde-des-lepidopteres-2\/#breadcrumb\",\"itemListElement\":[{\"@type\":\"ListItem\",\"position\":1,\"name\":\"Accueil\",\"item\":\"https:\/\/librairie7l.com\/en\/\"},{\"@type\":\"ListItem\",\"position\":2,\"name\":\"Shop\",\"item\":\"https:\/\/librairie7l.com\/en\/shop\/\"},{\"@type\":\"ListItem\",\"position\":3,\"name\":\"PAPILLONS : EXPLORER LE MONDE DES L\u00c9PIDOPT\u00c8RES\"}]},{\"@type\":\"WebSite\",\"@id\":\"https:\/\/librairie7l.com\/en\/#website\",\"url\":\"https:\/\/librairie7l.com\/en\/\",\"name\":\"Librairie 7L\",\"description\":\"Librairie fond\u00e9e en 1999 par Karl Lagerfeld \u00e0 Paris\",\"publisher\":{\"@id\":\"https:\/\/librairie7l.com\/en\/#organization\"},\"potentialAction\":[{\"@type\":\"SearchAction\",\"target\":{\"@type\":\"EntryPoint\",\"urlTemplate\":\"https:\/\/librairie7l.com\/en\/?s={search_term_string}\"},\"query-input\":\"required name=search_term_string\"}],\"inLanguage\":\"en-US\"},{\"@type\":\"Organization\",\"@id\":\"https:\/\/librairie7l.com\/en\/#organization\",\"name\":\"Librairie 7L\",\"url\":\"https:\/\/librairie7l.com\/en\/\",\"logo\":{\"@type\":\"ImageObject\",\"inLanguage\":\"en-US\",\"@id\":\"https:\/\/librairie7l.com\/en\/#\/schema\/logo\/image\/\",\"url\":\"https:\/\/librairie7l.com\/wp-content\/uploads\/2022\/08\/logo-1.png\",\"contentUrl\":\"https:\/\/librairie7l.com\/wp-content\/uploads\/2022\/08\/logo-1.png\",\"width\":227,\"height\":301,\"caption\":\"Librairie 7L\"},\"image\":{\"@id\":\"https:\/\/librairie7l.com\/en\/#\/schema\/logo\/image\/\"}}]}<\/script>\n<!-- \/ Yoast SEO plugin. -->","yoast_head_json":{"title":"Papillons : Explorer le monde des l\u00e9pidopt\u00e8res - Librairie 7L","robots":{"index":"index","follow":"follow","max-snippet":"max-snippet:-1","max-image-preview":"max-image-preview:large","max-video-preview":"max-video-preview:-1"},"canonical":"https:\/\/librairie7l.com\/en\/produit\/papillons-explorer-le-monde-des-lepidopteres-2\/","og_locale":"en_US","og_type":"article","og_title":"Papillons : Explorer le monde des l\u00e9pidopt\u00e8res - Librairie 7L","og_description":"Papillons : Explorer le monde des l\u00e9pidopt\u00e8res emm\u00e8ne le lecteur \u00e0 travers les continents et les cultures pour d\u00e9couvrir comment les artistes se sont inspir\u00e9s des papillons depuis plus de 4 000 ans, de l&#8217;\u00c9gypte antique jusqu&#8217;\u00e0 nos jours. Ce tour d&#8217;horizon superbement illustr\u00e9 r\u00e9unit plus de 270 images \u00e9blouissantes couvrant un large \u00e9ventail de [&hellip;]","og_url":"https:\/\/librairie7l.com\/en\/produit\/papillons-explorer-le-monde-des-lepidopteres-2\/","og_site_name":"Librairie 7L","article_modified_time":"2026-05-12T11:23:48+00:00","og_image":[{"width":600,"height":800,"url":"https:\/\/librairie7l.com\/wp-content\/uploads\/2025\/06\/9781837290765_1_75.jpg","type":"image\/jpeg"}],"twitter_card":"summary_large_image","twitter_misc":{"Est. reading time":"2 minutes"},"schema":{"@context":"https:\/\/schema.org","@graph":[{"@type":"WebPage","@id":"https:\/\/librairie7l.com\/en\/produit\/papillons-explorer-le-monde-des-lepidopteres-2\/","url":"https:\/\/librairie7l.com\/en\/produit\/papillons-explorer-le-monde-des-lepidopteres-2\/","name":"Papillons : Explorer le monde des l\u00e9pidopt\u00e8res - Librairie 7L","isPartOf":{"@id":"https:\/\/librairie7l.com\/en\/#website"},"datePublished":"2025-09-25T07:17:50+00:00","dateModified":"2026-05-12T11:23:48+00:00","breadcrumb":{"@id":"https:\/\/librairie7l.com\/en\/produit\/papillons-explorer-le-monde-des-lepidopteres-2\/#breadcrumb"},"inLanguage":"en-US","potentialAction":[{"@type":"ReadAction","target":["https:\/\/librairie7l.com\/en\/produit\/papillons-explorer-le-monde-des-lepidopteres-2\/"]}]},{"@type":"BreadcrumbList","@id":"https:\/\/librairie7l.com\/en\/produit\/papillons-explorer-le-monde-des-lepidopteres-2\/#breadcrumb","itemListElement":[{"@type":"ListItem","position":1,"name":"Accueil","item":"https:\/\/librairie7l.com\/en\/"},{"@type":"ListItem","position":2,"name":"Shop","item":"https:\/\/librairie7l.com\/en\/shop\/"},{"@type":"ListItem","position":3,"name":"PAPILLONS : EXPLORER LE MONDE DES L\u00c9PIDOPT\u00c8RES"}]},{"@type":"WebSite","@id":"https:\/\/librairie7l.com\/en\/#website","url":"https:\/\/librairie7l.com\/en\/","name":"Librairie 7L","description":"Librairie fond\u00e9e en 1999 par Karl Lagerfeld \u00e0 Paris","publisher":{"@id":"https:\/\/librairie7l.com\/en\/#organization"},"potentialAction":[{"@type":"SearchAction","target":{"@type":"EntryPoint","urlTemplate":"https:\/\/librairie7l.com\/en\/?s={search_term_string}"},"query-input":"required name=search_term_string"}],"inLanguage":"en-US"},{"@type":"Organization","@id":"https:\/\/librairie7l.com\/en\/#organization","name":"Librairie 7L","url":"https:\/\/librairie7l.com\/en\/","logo":{"@type":"ImageObject","inLanguage":"en-US","@id":"https:\/\/librairie7l.com\/en\/#\/schema\/logo\/image\/","url":"https:\/\/librairie7l.com\/wp-content\/uploads\/2022\/08\/logo-1.png","contentUrl":"https:\/\/librairie7l.com\/wp-content\/uploads\/2022\/08\/logo-1.png","width":227,"height":301,"caption":"Librairie 7L"},"image":{"@id":"https:\/\/librairie7l.com\/en\/#\/schema\/logo\/image\/"}}]}},"_links":{"self":[{"href":"https:\/\/librairie7l.com\/en\/wp-json\/wp\/v2\/product\/50894"}],"collection":[{"href":"https:\/\/librairie7l.com\/en\/wp-json\/wp\/v2\/product"}],"about":[{"href":"https:\/\/librairie7l.com\/en\/wp-json\/wp\/v2\/types\/product"}],"wp:featuredmedia":[{"embeddable":true,"href":"https:\/\/librairie7l.com\/en\/wp-json\/wp\/v2\/media\/50892"}],"wp:attachment":[{"href":"https:\/\/librairie7l.com\/en\/wp-json\/wp\/v2\/media?parent=50894"}],"wp:term":[{"taxonomy":"product_cat","embeddable":true,"href":"https:\/\/librairie7l.com\/en\/wp-json\/wp\/v2\/product_cat?post=50894"},{"taxonomy":"product_tag","embeddable":true,"href":"https:\/\/librairie7l.com\/en\/wp-json\/wp\/v2\/product_tag?post=50894"}],"curies":[{"name":"wp","href":"https:\/\/api.w.org\/{rel}","templated":true}]}}