{"id":50898,"date":"2025-09-25T09:17:54","date_gmt":"2025-09-25T07:17:54","guid":{"rendered":"https:\/\/librairie7l.com\/?post_type=product&#038;p=50898"},"modified":"2026-05-12T13:19:53","modified_gmt":"2026-05-12T11:19:53","slug":"jardins-contemporains-2","status":"publish","type":"product","link":"https:\/\/librairie7l.com\/en\/produit\/jardins-contemporains-2\/","title":{"rendered":"JARDINS CONTEMPORAINS"},"content":{"rendered":"<p>L&#8217;ouvrage le plus complet sur le paysagisme contemporain, pr\u00e9sentant les cr\u00e9ations de 300 jardiniers et paysagistes \u00e0 travers le monde<\/p>\n<p>Jardins contemporains pr\u00e9sente 300 des plus beaux jardins de la plan\u00e8te cr\u00e9\u00e9s depuis la fin des ann\u00e9es 1990, des toits v\u00e9g\u00e9talis\u00e9s aux prairies sauvages. Chaque jardin figurant dans cet ouvrage est introduit dans un texte d\u00e9taill\u00e9 qui le place dans le contexte du travail et de l&#8217;oeuvre de son cr\u00e9ateur. Richement illustr\u00e9, ce livre c\u00e9l\u00e8bre la beaut\u00e9 visuelle et le caract\u00e8re novateur des jardins du XXIe si\u00e8cle et explore les innovations esth\u00e9tiques de ces derni\u00e8res d\u00e9cennies qui se rapprochent de plus en plus du monde naturel. R\u00e9alis\u00e9 en collaboration avec une \u00e9quipe internationale d&#8217;experts en horticulture, cet ouvrage rassemble des personnalit\u00e9s reconnues et des figures montantes du paysagisme international, refl\u00e9tant l&#8217;\u00e9volution de l&#8217;art des jardins et offrant au lecteur une source d&#8217;inspiration in\u00e9puisable.<\/p>\n<p>Pr\u00e9sente des jardins con\u00e7us par Patrick Blanc, Marian Boswell, Gilles Cl\u00e9ment, Sam Cox, Erik Dhont, Isabel Duprat, Luciano Giubbilei, Olin, Piet Oudolf, Reed Hilderbrand, Amalia Robredo, Tom Stuart-Smith&#8230;<br \/>\n&#8211;<br \/>\nParmi les jardins pr\u00e9sent\u00e9s : le jardin des migrations du Mucem \u00e0 Marseille ; le jardin de Berchigranges en Normandie, le jardin comm\u00e9moratif des anc\u00eatres africains en Caroline du Sud ; la High Line \u00e0 New York ; les Gardens by the Bay \u00e0 Singapour ; les Hunting Brook Gardens en Irlande ; le parc de l&#8217;Op\u00e9ra \u00e0 Copenhague et de nombreux jardins priv\u00e9s<br \/>\n&#8211;<br \/>\nCet ouvrage a \u00e9t\u00e9 r\u00e9alis\u00e9 avec le concours d&#8217;experts tels que Richard Aitken, Matt Biggs, Matt Colllins, Joanna Fortnum, Clare Foster, Stephanie Mahon, Tovah Martin, Michael McCoy, Paul Redman ou encore Tony Spencer<\/p>\n","protected":false},"excerpt":{"rendered":"<p>L&#8217;ouvrage le plus complet sur le paysagisme contemporain, pr\u00e9sentant les cr\u00e9ations de 300 jardiniers et paysagistes \u00e0 travers le monde Jardins contemporains pr\u00e9sente 300 des plus beaux jardins de la plan\u00e8te cr\u00e9\u00e9s depuis la fin des ann\u00e9es 1990, des toits v\u00e9g\u00e9talis\u00e9s aux prairies sauvages. Chaque jardin figurant dans cet ouvrage est introduit dans un texte [&hellip;]<\/p>\n","protected":false},"featured_media":50896,"template":"","meta":[],"product_cat":[2948,2956],"product_tag":[],"acf":[],"yoast_head":"<!-- This site is optimized with the Yoast SEO plugin v20.11 - https:\/\/yoast.com\/wordpress\/plugins\/seo\/ -->\n<title>Jardins contemporains - Librairie 7L<\/title>\n<meta name=\"robots\" content=\"index, follow, max-snippet:-1, max-image-preview:large, max-video-preview:-1\" \/>\n<link rel=\"canonical\" href=\"https:\/\/librairie7l.com\/en\/produit\/jardins-contemporains-2\/\" \/>\n<meta property=\"og:locale\" content=\"en_US\" \/>\n<meta property=\"og:type\" content=\"article\" \/>\n<meta property=\"og:title\" content=\"Jardins contemporains - Librairie 7L\" \/>\n<meta property=\"og:description\" content=\"L&#8217;ouvrage le plus complet sur le paysagisme contemporain, pr\u00e9sentant les cr\u00e9ations de 300 jardiniers et paysagistes \u00e0 travers le monde Jardins contemporains pr\u00e9sente 300 des plus beaux jardins de la plan\u00e8te cr\u00e9\u00e9s depuis la fin des ann\u00e9es 1990, des toits v\u00e9g\u00e9talis\u00e9s aux prairies sauvages. Chaque jardin figurant dans cet ouvrage est introduit dans un texte [&hellip;]\" \/>\n<meta property=\"og:url\" content=\"https:\/\/librairie7l.com\/en\/produit\/jardins-contemporains-2\/\" \/>\n<meta property=\"og:site_name\" content=\"Librairie 7L\" \/>\n<meta property=\"article:modified_time\" content=\"2026-05-12T11:19:53+00:00\" \/>\n<meta property=\"og:image\" content=\"https:\/\/librairie7l.com\/wp-content\/uploads\/2025\/06\/9781837290741_1_75.jpg\" \/>\n\t<meta property=\"og:image:width\" content=\"600\" \/>\n\t<meta property=\"og:image:height\" content=\"800\" \/>\n\t<meta property=\"og:image:type\" content=\"image\/jpeg\" \/>\n<meta name=\"twitter:card\" content=\"summary_large_image\" \/>\n<meta name=\"twitter:label1\" content=\"Est. reading time\" \/>\n\t<meta name=\"twitter:data1\" content=\"1 minute\" \/>\n<script type=\"application\/ld+json\" class=\"yoast-schema-graph\">{\"@context\":\"https:\/\/schema.org\",\"@graph\":[{\"@type\":\"WebPage\",\"@id\":\"https:\/\/librairie7l.com\/en\/produit\/jardins-contemporains-2\/\",\"url\":\"https:\/\/librairie7l.com\/en\/produit\/jardins-contemporains-2\/\",\"name\":\"Jardins contemporains - Librairie 7L\",\"isPartOf\":{\"@id\":\"https:\/\/librairie7l.com\/en\/#website\"},\"datePublished\":\"2025-09-25T07:17:54+00:00\",\"dateModified\":\"2026-05-12T11:19:53+00:00\",\"breadcrumb\":{\"@id\":\"https:\/\/librairie7l.com\/en\/produit\/jardins-contemporains-2\/#breadcrumb\"},\"inLanguage\":\"en-US\",\"potentialAction\":[{\"@type\":\"ReadAction\",\"target\":[\"https:\/\/librairie7l.com\/en\/produit\/jardins-contemporains-2\/\"]}]},{\"@type\":\"BreadcrumbList\",\"@id\":\"https:\/\/librairie7l.com\/en\/produit\/jardins-contemporains-2\/#breadcrumb\",\"itemListElement\":[{\"@type\":\"ListItem\",\"position\":1,\"name\":\"Accueil\",\"item\":\"https:\/\/librairie7l.com\/en\/\"},{\"@type\":\"ListItem\",\"position\":2,\"name\":\"Shop\",\"item\":\"https:\/\/librairie7l.com\/en\/shop\/\"},{\"@type\":\"ListItem\",\"position\":3,\"name\":\"JARDINS CONTEMPORAINS\"}]},{\"@type\":\"WebSite\",\"@id\":\"https:\/\/librairie7l.com\/en\/#website\",\"url\":\"https:\/\/librairie7l.com\/en\/\",\"name\":\"Librairie 7L\",\"description\":\"Librairie fond\u00e9e en 1999 par Karl Lagerfeld \u00e0 Paris\",\"publisher\":{\"@id\":\"https:\/\/librairie7l.com\/en\/#organization\"},\"potentialAction\":[{\"@type\":\"SearchAction\",\"target\":{\"@type\":\"EntryPoint\",\"urlTemplate\":\"https:\/\/librairie7l.com\/en\/?s={search_term_string}\"},\"query-input\":\"required name=search_term_string\"}],\"inLanguage\":\"en-US\"},{\"@type\":\"Organization\",\"@id\":\"https:\/\/librairie7l.com\/en\/#organization\",\"name\":\"Librairie 7L\",\"url\":\"https:\/\/librairie7l.com\/en\/\",\"logo\":{\"@type\":\"ImageObject\",\"inLanguage\":\"en-US\",\"@id\":\"https:\/\/librairie7l.com\/en\/#\/schema\/logo\/image\/\",\"url\":\"https:\/\/librairie7l.com\/wp-content\/uploads\/2022\/08\/logo-1.png\",\"contentUrl\":\"https:\/\/librairie7l.com\/wp-content\/uploads\/2022\/08\/logo-1.png\",\"width\":227,\"height\":301,\"caption\":\"Librairie 7L\"},\"image\":{\"@id\":\"https:\/\/librairie7l.com\/en\/#\/schema\/logo\/image\/\"}}]}<\/script>\n<!-- \/ Yoast SEO plugin. -->","yoast_head_json":{"title":"Jardins contemporains - Librairie 7L","robots":{"index":"index","follow":"follow","max-snippet":"max-snippet:-1","max-image-preview":"max-image-preview:large","max-video-preview":"max-video-preview:-1"},"canonical":"https:\/\/librairie7l.com\/en\/produit\/jardins-contemporains-2\/","og_locale":"en_US","og_type":"article","og_title":"Jardins contemporains - Librairie 7L","og_description":"L&#8217;ouvrage le plus complet sur le paysagisme contemporain, pr\u00e9sentant les cr\u00e9ations de 300 jardiniers et paysagistes \u00e0 travers le monde Jardins contemporains pr\u00e9sente 300 des plus beaux jardins de la plan\u00e8te cr\u00e9\u00e9s depuis la fin des ann\u00e9es 1990, des toits v\u00e9g\u00e9talis\u00e9s aux prairies sauvages. Chaque jardin figurant dans cet ouvrage est introduit dans un texte [&hellip;]","og_url":"https:\/\/librairie7l.com\/en\/produit\/jardins-contemporains-2\/","og_site_name":"Librairie 7L","article_modified_time":"2026-05-12T11:19:53+00:00","og_image":[{"width":600,"height":800,"url":"https:\/\/librairie7l.com\/wp-content\/uploads\/2025\/06\/9781837290741_1_75.jpg","type":"image\/jpeg"}],"twitter_card":"summary_large_image","twitter_misc":{"Est. reading time":"1 minute"},"schema":{"@context":"https:\/\/schema.org","@graph":[{"@type":"WebPage","@id":"https:\/\/librairie7l.com\/en\/produit\/jardins-contemporains-2\/","url":"https:\/\/librairie7l.com\/en\/produit\/jardins-contemporains-2\/","name":"Jardins contemporains - Librairie 7L","isPartOf":{"@id":"https:\/\/librairie7l.com\/en\/#website"},"datePublished":"2025-09-25T07:17:54+00:00","dateModified":"2026-05-12T11:19:53+00:00","breadcrumb":{"@id":"https:\/\/librairie7l.com\/en\/produit\/jardins-contemporains-2\/#breadcrumb"},"inLanguage":"en-US","potentialAction":[{"@type":"ReadAction","target":["https:\/\/librairie7l.com\/en\/produit\/jardins-contemporains-2\/"]}]},{"@type":"BreadcrumbList","@id":"https:\/\/librairie7l.com\/en\/produit\/jardins-contemporains-2\/#breadcrumb","itemListElement":[{"@type":"ListItem","position":1,"name":"Accueil","item":"https:\/\/librairie7l.com\/en\/"},{"@type":"ListItem","position":2,"name":"Shop","item":"https:\/\/librairie7l.com\/en\/shop\/"},{"@type":"ListItem","position":3,"name":"JARDINS CONTEMPORAINS"}]},{"@type":"WebSite","@id":"https:\/\/librairie7l.com\/en\/#website","url":"https:\/\/librairie7l.com\/en\/","name":"Librairie 7L","description":"Librairie fond\u00e9e en 1999 par Karl Lagerfeld \u00e0 Paris","publisher":{"@id":"https:\/\/librairie7l.com\/en\/#organization"},"potentialAction":[{"@type":"SearchAction","target":{"@type":"EntryPoint","urlTemplate":"https:\/\/librairie7l.com\/en\/?s={search_term_string}"},"query-input":"required name=search_term_string"}],"inLanguage":"en-US"},{"@type":"Organization","@id":"https:\/\/librairie7l.com\/en\/#organization","name":"Librairie 7L","url":"https:\/\/librairie7l.com\/en\/","logo":{"@type":"ImageObject","inLanguage":"en-US","@id":"https:\/\/librairie7l.com\/en\/#\/schema\/logo\/image\/","url":"https:\/\/librairie7l.com\/wp-content\/uploads\/2022\/08\/logo-1.png","contentUrl":"https:\/\/librairie7l.com\/wp-content\/uploads\/2022\/08\/logo-1.png","width":227,"height":301,"caption":"Librairie 7L"},"image":{"@id":"https:\/\/librairie7l.com\/en\/#\/schema\/logo\/image\/"}}]}},"_links":{"self":[{"href":"https:\/\/librairie7l.com\/en\/wp-json\/wp\/v2\/product\/50898"}],"collection":[{"href":"https:\/\/librairie7l.com\/en\/wp-json\/wp\/v2\/product"}],"about":[{"href":"https:\/\/librairie7l.com\/en\/wp-json\/wp\/v2\/types\/product"}],"wp:featuredmedia":[{"embeddable":true,"href":"https:\/\/librairie7l.com\/en\/wp-json\/wp\/v2\/media\/50896"}],"wp:attachment":[{"href":"https:\/\/librairie7l.com\/en\/wp-json\/wp\/v2\/media?parent=50898"}],"wp:term":[{"taxonomy":"product_cat","embeddable":true,"href":"https:\/\/librairie7l.com\/en\/wp-json\/wp\/v2\/product_cat?post=50898"},{"taxonomy":"product_tag","embeddable":true,"href":"https:\/\/librairie7l.com\/en\/wp-json\/wp\/v2\/product_tag?post=50898"}],"curies":[{"name":"wp","href":"https:\/\/api.w.org\/{rel}","templated":true}]}}