{"id":50902,"date":"2025-09-25T09:17:58","date_gmt":"2025-09-25T07:17:58","guid":{"rendered":"https:\/\/librairie7l.com\/?post_type=product&#038;p=50902"},"modified":"2026-04-14T19:47:10","modified_gmt":"2026-04-14T17:47:10","slug":"marbres-francais-voyage-en-polychromie-2","status":"publish","type":"product","link":"https:\/\/librairie7l.com\/en\/produit\/marbres-francais-voyage-en-polychromie-2\/","title":{"rendered":"MARBRES FRAN\u00c7AIS : VOYAGE EN POLYCHROMIE"},"content":{"rendered":"<p>Caract\u00e9ris\u00e9s par leur grande richesse chromatique, les marbres fran\u00e7ais sont extraits dans de petites carri\u00e8res plut\u00f4t artisanales, souvent cach\u00e9es dans les montagnes et disposant de peu de moyens de promotion. Apr\u00e8s avoir connu leur apog\u00e9e au XVIIe si\u00e8cle sous l&#8217;impulsion de Louis XIV qui en fait un \u00e9l\u00e9ment central du d\u00e9cor du ch\u00e2teau de Versailles, ils retrouvent une place de choix au XIXe si\u00e8cle.<br \/>\nPort\u00e9s par une volont\u00e9 politique et \u00e9conomique, ils d\u00e9corent nos plus beaux monuments et s&#8217;invitent dans les int\u00e9rieurs bourgeois pour habiller meubles et chemin\u00e9es.<br \/>\nAlors qu&#8217;ils passent de mode au XXe si\u00e8cle, designers, architectes et d\u00e9corateurs les red\u00e9couvrent aujourd&#8217;hui dans le cadre de projets audacieux. Avec de nombreuses marbri\u00e8res encore en activit\u00e9, ils constituent un patrimoine vivant ne demandant qu&#8217;\u00e0 \u00eatre revitalis\u00e9 et reconnu. Prenez la route des marbres fran\u00e7ais et partez \u00e0 la d\u00e9couverte d&#8217;un monde en polychromie !<\/p>\n","protected":false},"excerpt":{"rendered":"<p>Caract\u00e9ris\u00e9s par leur grande richesse chromatique, les marbres fran\u00e7ais sont extraits dans de petites carri\u00e8res plut\u00f4t artisanales, souvent cach\u00e9es dans les montagnes et disposant de peu de moyens de promotion. Apr\u00e8s avoir connu leur apog\u00e9e au XVIIe si\u00e8cle sous l&#8217;impulsion de Louis XIV qui en fait un \u00e9l\u00e9ment central du d\u00e9cor du ch\u00e2teau de Versailles, [&hellip;]<\/p>\n","protected":false},"featured_media":50900,"template":"","meta":[],"product_cat":[2948,2952],"product_tag":[],"acf":[],"yoast_head":"<!-- This site is optimized with the Yoast SEO plugin v20.11 - https:\/\/yoast.com\/wordpress\/plugins\/seo\/ -->\n<title>Marbres fran\u00e7ais : Voyage en polychromie - Librairie 7L<\/title>\n<meta name=\"robots\" content=\"index, follow, max-snippet:-1, max-image-preview:large, max-video-preview:-1\" \/>\n<link rel=\"canonical\" href=\"https:\/\/librairie7l.com\/en\/produit\/marbres-francais-voyage-en-polychromie-2\/\" \/>\n<meta property=\"og:locale\" content=\"en_US\" \/>\n<meta property=\"og:type\" content=\"article\" \/>\n<meta property=\"og:title\" content=\"Marbres fran\u00e7ais : Voyage en polychromie - Librairie 7L\" \/>\n<meta property=\"og:description\" content=\"Caract\u00e9ris\u00e9s par leur grande richesse chromatique, les marbres fran\u00e7ais sont extraits dans de petites carri\u00e8res plut\u00f4t artisanales, souvent cach\u00e9es dans les montagnes et disposant de peu de moyens de promotion. Apr\u00e8s avoir connu leur apog\u00e9e au XVIIe si\u00e8cle sous l&#8217;impulsion de Louis XIV qui en fait un \u00e9l\u00e9ment central du d\u00e9cor du ch\u00e2teau de Versailles, [&hellip;]\" \/>\n<meta property=\"og:url\" content=\"https:\/\/librairie7l.com\/en\/produit\/marbres-francais-voyage-en-polychromie-2\/\" \/>\n<meta property=\"og:site_name\" content=\"Librairie 7L\" \/>\n<meta property=\"article:modified_time\" content=\"2026-04-14T17:47:10+00:00\" \/>\n<meta property=\"og:image\" content=\"https:\/\/librairie7l.com\/wp-content\/uploads\/2025\/03\/9782851012777_1_75.jpg\" \/>\n\t<meta property=\"og:image:width\" content=\"600\" \/>\n\t<meta property=\"og:image:height\" content=\"800\" \/>\n\t<meta property=\"og:image:type\" content=\"image\/jpeg\" \/>\n<meta name=\"twitter:card\" content=\"summary_large_image\" \/>\n<meta name=\"twitter:label1\" content=\"Est. reading time\" \/>\n\t<meta name=\"twitter:data1\" content=\"1 minute\" \/>\n<script type=\"application\/ld+json\" class=\"yoast-schema-graph\">{\"@context\":\"https:\/\/schema.org\",\"@graph\":[{\"@type\":\"WebPage\",\"@id\":\"https:\/\/librairie7l.com\/en\/produit\/marbres-francais-voyage-en-polychromie-2\/\",\"url\":\"https:\/\/librairie7l.com\/en\/produit\/marbres-francais-voyage-en-polychromie-2\/\",\"name\":\"Marbres fran\u00e7ais : Voyage en polychromie - Librairie 7L\",\"isPartOf\":{\"@id\":\"https:\/\/librairie7l.com\/en\/#website\"},\"datePublished\":\"2025-09-25T07:17:58+00:00\",\"dateModified\":\"2026-04-14T17:47:10+00:00\",\"breadcrumb\":{\"@id\":\"https:\/\/librairie7l.com\/en\/produit\/marbres-francais-voyage-en-polychromie-2\/#breadcrumb\"},\"inLanguage\":\"en-US\",\"potentialAction\":[{\"@type\":\"ReadAction\",\"target\":[\"https:\/\/librairie7l.com\/en\/produit\/marbres-francais-voyage-en-polychromie-2\/\"]}]},{\"@type\":\"BreadcrumbList\",\"@id\":\"https:\/\/librairie7l.com\/en\/produit\/marbres-francais-voyage-en-polychromie-2\/#breadcrumb\",\"itemListElement\":[{\"@type\":\"ListItem\",\"position\":1,\"name\":\"Accueil\",\"item\":\"https:\/\/librairie7l.com\/en\/\"},{\"@type\":\"ListItem\",\"position\":2,\"name\":\"Shop\",\"item\":\"https:\/\/librairie7l.com\/en\/shop\/\"},{\"@type\":\"ListItem\",\"position\":3,\"name\":\"MARBRES FRAN\u00c7AIS : VOYAGE EN POLYCHROMIE\"}]},{\"@type\":\"WebSite\",\"@id\":\"https:\/\/librairie7l.com\/en\/#website\",\"url\":\"https:\/\/librairie7l.com\/en\/\",\"name\":\"Librairie 7L\",\"description\":\"Librairie fond\u00e9e en 1999 par Karl Lagerfeld \u00e0 Paris\",\"publisher\":{\"@id\":\"https:\/\/librairie7l.com\/en\/#organization\"},\"potentialAction\":[{\"@type\":\"SearchAction\",\"target\":{\"@type\":\"EntryPoint\",\"urlTemplate\":\"https:\/\/librairie7l.com\/en\/?s={search_term_string}\"},\"query-input\":\"required name=search_term_string\"}],\"inLanguage\":\"en-US\"},{\"@type\":\"Organization\",\"@id\":\"https:\/\/librairie7l.com\/en\/#organization\",\"name\":\"Librairie 7L\",\"url\":\"https:\/\/librairie7l.com\/en\/\",\"logo\":{\"@type\":\"ImageObject\",\"inLanguage\":\"en-US\",\"@id\":\"https:\/\/librairie7l.com\/en\/#\/schema\/logo\/image\/\",\"url\":\"https:\/\/librairie7l.com\/wp-content\/uploads\/2022\/08\/logo-1.png\",\"contentUrl\":\"https:\/\/librairie7l.com\/wp-content\/uploads\/2022\/08\/logo-1.png\",\"width\":227,\"height\":301,\"caption\":\"Librairie 7L\"},\"image\":{\"@id\":\"https:\/\/librairie7l.com\/en\/#\/schema\/logo\/image\/\"}}]}<\/script>\n<!-- \/ Yoast SEO plugin. -->","yoast_head_json":{"title":"Marbres fran\u00e7ais : Voyage en polychromie - Librairie 7L","robots":{"index":"index","follow":"follow","max-snippet":"max-snippet:-1","max-image-preview":"max-image-preview:large","max-video-preview":"max-video-preview:-1"},"canonical":"https:\/\/librairie7l.com\/en\/produit\/marbres-francais-voyage-en-polychromie-2\/","og_locale":"en_US","og_type":"article","og_title":"Marbres fran\u00e7ais : Voyage en polychromie - Librairie 7L","og_description":"Caract\u00e9ris\u00e9s par leur grande richesse chromatique, les marbres fran\u00e7ais sont extraits dans de petites carri\u00e8res plut\u00f4t artisanales, souvent cach\u00e9es dans les montagnes et disposant de peu de moyens de promotion. Apr\u00e8s avoir connu leur apog\u00e9e au XVIIe si\u00e8cle sous l&#8217;impulsion de Louis XIV qui en fait un \u00e9l\u00e9ment central du d\u00e9cor du ch\u00e2teau de Versailles, [&hellip;]","og_url":"https:\/\/librairie7l.com\/en\/produit\/marbres-francais-voyage-en-polychromie-2\/","og_site_name":"Librairie 7L","article_modified_time":"2026-04-14T17:47:10+00:00","og_image":[{"width":600,"height":800,"url":"https:\/\/librairie7l.com\/wp-content\/uploads\/2025\/03\/9782851012777_1_75.jpg","type":"image\/jpeg"}],"twitter_card":"summary_large_image","twitter_misc":{"Est. reading time":"1 minute"},"schema":{"@context":"https:\/\/schema.org","@graph":[{"@type":"WebPage","@id":"https:\/\/librairie7l.com\/en\/produit\/marbres-francais-voyage-en-polychromie-2\/","url":"https:\/\/librairie7l.com\/en\/produit\/marbres-francais-voyage-en-polychromie-2\/","name":"Marbres fran\u00e7ais : Voyage en polychromie - Librairie 7L","isPartOf":{"@id":"https:\/\/librairie7l.com\/en\/#website"},"datePublished":"2025-09-25T07:17:58+00:00","dateModified":"2026-04-14T17:47:10+00:00","breadcrumb":{"@id":"https:\/\/librairie7l.com\/en\/produit\/marbres-francais-voyage-en-polychromie-2\/#breadcrumb"},"inLanguage":"en-US","potentialAction":[{"@type":"ReadAction","target":["https:\/\/librairie7l.com\/en\/produit\/marbres-francais-voyage-en-polychromie-2\/"]}]},{"@type":"BreadcrumbList","@id":"https:\/\/librairie7l.com\/en\/produit\/marbres-francais-voyage-en-polychromie-2\/#breadcrumb","itemListElement":[{"@type":"ListItem","position":1,"name":"Accueil","item":"https:\/\/librairie7l.com\/en\/"},{"@type":"ListItem","position":2,"name":"Shop","item":"https:\/\/librairie7l.com\/en\/shop\/"},{"@type":"ListItem","position":3,"name":"MARBRES FRAN\u00c7AIS : VOYAGE EN POLYCHROMIE"}]},{"@type":"WebSite","@id":"https:\/\/librairie7l.com\/en\/#website","url":"https:\/\/librairie7l.com\/en\/","name":"Librairie 7L","description":"Librairie fond\u00e9e en 1999 par Karl Lagerfeld \u00e0 Paris","publisher":{"@id":"https:\/\/librairie7l.com\/en\/#organization"},"potentialAction":[{"@type":"SearchAction","target":{"@type":"EntryPoint","urlTemplate":"https:\/\/librairie7l.com\/en\/?s={search_term_string}"},"query-input":"required name=search_term_string"}],"inLanguage":"en-US"},{"@type":"Organization","@id":"https:\/\/librairie7l.com\/en\/#organization","name":"Librairie 7L","url":"https:\/\/librairie7l.com\/en\/","logo":{"@type":"ImageObject","inLanguage":"en-US","@id":"https:\/\/librairie7l.com\/en\/#\/schema\/logo\/image\/","url":"https:\/\/librairie7l.com\/wp-content\/uploads\/2022\/08\/logo-1.png","contentUrl":"https:\/\/librairie7l.com\/wp-content\/uploads\/2022\/08\/logo-1.png","width":227,"height":301,"caption":"Librairie 7L"},"image":{"@id":"https:\/\/librairie7l.com\/en\/#\/schema\/logo\/image\/"}}]}},"_links":{"self":[{"href":"https:\/\/librairie7l.com\/en\/wp-json\/wp\/v2\/product\/50902"}],"collection":[{"href":"https:\/\/librairie7l.com\/en\/wp-json\/wp\/v2\/product"}],"about":[{"href":"https:\/\/librairie7l.com\/en\/wp-json\/wp\/v2\/types\/product"}],"wp:featuredmedia":[{"embeddable":true,"href":"https:\/\/librairie7l.com\/en\/wp-json\/wp\/v2\/media\/50900"}],"wp:attachment":[{"href":"https:\/\/librairie7l.com\/en\/wp-json\/wp\/v2\/media?parent=50902"}],"wp:term":[{"taxonomy":"product_cat","embeddable":true,"href":"https:\/\/librairie7l.com\/en\/wp-json\/wp\/v2\/product_cat?post=50902"},{"taxonomy":"product_tag","embeddable":true,"href":"https:\/\/librairie7l.com\/en\/wp-json\/wp\/v2\/product_tag?post=50902"}],"curies":[{"name":"wp","href":"https:\/\/api.w.org\/{rel}","templated":true}]}}