{"id":50906,"date":"2025-09-25T09:18:02","date_gmt":"2025-09-25T07:18:02","guid":{"rendered":"https:\/\/librairie7l.com\/?post_type=product&#038;p=50906"},"modified":"2026-04-09T20:24:39","modified_gmt":"2026-04-09T18:24:39","slug":"joaillerie-2","status":"publish","type":"product","link":"https:\/\/librairie7l.com\/en\/produit\/joaillerie-2\/","title":{"rendered":"JOAILLERIE"},"content":{"rendered":"<p>Les plus grands noms du monde de la joaillerie d&#8217;hier et d&#8217;aujourd&#8217;hui<\/p>\n<p>Joaillerie pr\u00e9sente dans un m\u00eame ouvrage de r\u00e9f\u00e9rence les designers, maisons de cr\u00e9ation, ic\u00f4nes, collectionneurs et autres personnalit\u00e9s marquantes qui ont con\u00e7u, fabriqu\u00e9 ou port\u00e9 les plus beaux bijoux au monde, faisant sans cesse \u00e9voluer la profession. R\u00e9alis\u00e9 sous la direction de Melanie Grant et avec le concours d&#8217;un panel international d&#8217;experts, cet ouvrage fascinant pr\u00e9sente 300 notices class\u00e9es par ordre alphab\u00e9tique pr\u00e9sentant plus de deux cents ans de l&#8217;histoire de la joaillerie. Riche d&#8217;images aussi embl\u00e9matiques qu&#8217;inspirantes, Joaillerie est le livre incontournable pour qui s&#8217;int\u00e9resse au monde des bijoux.<\/p>\n<p>Couvrant plus de deux si\u00e8cles, Joaillerie rassemble les plus grands noms de l&#8217;univers des bijoux, notamment des designers, marques, artisans, collectionneurs et ic\u00f4nes de la mode du monde entier<br \/>\n&#8211;<br \/>\nLe design de bijoux est inextricablement li\u00e9 \u00e0 la mode et \u00e0 l&#8217;art, et cet ouvrage ne manquera pas de devenir un cadeau incontournable pour les amoureux de bijoux, de mode, de culture contemporaine et d&#8217;art<br \/>\n&#8211;<br \/>\nR\u00e9unissant 300 des plus grands acteurs et actrices de la joaillerie pr\u00e9sent\u00e9s par ordre alphab\u00e9tique, ce livre fait se c\u00f4toyer les toutes premi\u00e8res stars et des marques embl\u00e9matiques, mais aussi les designers et cr\u00e9ateurs les plus novateurs de notre \u00e9poque<br \/>\n&#8211;<br \/>\nLes 300 personnalit\u00e9s ont \u00e9t\u00e9 choisies par un groupe international d&#8217;experts en joaillerie et les notices r\u00e9dig\u00e9es par des journalistes sp\u00e9cialistes de la bijouterie<br \/>\n&#8211;<br \/>\nCon\u00e7ue comme un sublime \u00e9crin, la couverture comporte un gaufrage \u00e0 facettes dans un mat\u00e9riau m\u00e9tallique \u00e9voquant une pierre pr\u00e9cieuse<\/p>\n","protected":false},"excerpt":{"rendered":"<p>Les plus grands noms du monde de la joaillerie d&#8217;hier et d&#8217;aujourd&#8217;hui Joaillerie pr\u00e9sente dans un m\u00eame ouvrage de r\u00e9f\u00e9rence les designers, maisons de cr\u00e9ation, ic\u00f4nes, collectionneurs et autres personnalit\u00e9s marquantes qui ont con\u00e7u, fabriqu\u00e9 ou port\u00e9 les plus beaux bijoux au monde, faisant sans cesse \u00e9voluer la profession. R\u00e9alis\u00e9 sous la direction de Melanie [&hellip;]<\/p>\n","protected":false},"featured_media":50904,"template":"","meta":[],"product_cat":[2948,2957],"product_tag":[],"acf":[],"yoast_head":"<!-- This site is optimized with the Yoast SEO plugin v20.11 - https:\/\/yoast.com\/wordpress\/plugins\/seo\/ -->\n<title>Joaillerie - Librairie 7L<\/title>\n<meta name=\"robots\" content=\"index, follow, max-snippet:-1, max-image-preview:large, max-video-preview:-1\" \/>\n<link rel=\"canonical\" href=\"https:\/\/librairie7l.com\/en\/produit\/joaillerie-2\/\" \/>\n<meta property=\"og:locale\" content=\"en_US\" \/>\n<meta property=\"og:type\" content=\"article\" \/>\n<meta property=\"og:title\" content=\"Joaillerie - Librairie 7L\" \/>\n<meta property=\"og:description\" content=\"Les plus grands noms du monde de la joaillerie d&#8217;hier et d&#8217;aujourd&#8217;hui Joaillerie pr\u00e9sente dans un m\u00eame ouvrage de r\u00e9f\u00e9rence les designers, maisons de cr\u00e9ation, ic\u00f4nes, collectionneurs et autres personnalit\u00e9s marquantes qui ont con\u00e7u, fabriqu\u00e9 ou port\u00e9 les plus beaux bijoux au monde, faisant sans cesse \u00e9voluer la profession. R\u00e9alis\u00e9 sous la direction de Melanie [&hellip;]\" \/>\n<meta property=\"og:url\" content=\"https:\/\/librairie7l.com\/en\/produit\/joaillerie-2\/\" \/>\n<meta property=\"og:site_name\" content=\"Librairie 7L\" \/>\n<meta property=\"article:modified_time\" content=\"2026-04-09T18:24:39+00:00\" \/>\n<meta property=\"og:image\" content=\"https:\/\/librairie7l.com\/wp-content\/uploads\/2025\/06\/9781837290734_1_75.jpg\" \/>\n\t<meta property=\"og:image:width\" content=\"600\" \/>\n\t<meta property=\"og:image:height\" content=\"800\" \/>\n\t<meta property=\"og:image:type\" content=\"image\/jpeg\" \/>\n<meta name=\"twitter:card\" content=\"summary_large_image\" \/>\n<meta name=\"twitter:label1\" content=\"Est. reading time\" \/>\n\t<meta name=\"twitter:data1\" content=\"1 minute\" \/>\n<script type=\"application\/ld+json\" class=\"yoast-schema-graph\">{\"@context\":\"https:\/\/schema.org\",\"@graph\":[{\"@type\":\"WebPage\",\"@id\":\"https:\/\/librairie7l.com\/en\/produit\/joaillerie-2\/\",\"url\":\"https:\/\/librairie7l.com\/en\/produit\/joaillerie-2\/\",\"name\":\"Joaillerie - Librairie 7L\",\"isPartOf\":{\"@id\":\"https:\/\/librairie7l.com\/en\/#website\"},\"datePublished\":\"2025-09-25T07:18:02+00:00\",\"dateModified\":\"2026-04-09T18:24:39+00:00\",\"breadcrumb\":{\"@id\":\"https:\/\/librairie7l.com\/en\/produit\/joaillerie-2\/#breadcrumb\"},\"inLanguage\":\"en-US\",\"potentialAction\":[{\"@type\":\"ReadAction\",\"target\":[\"https:\/\/librairie7l.com\/en\/produit\/joaillerie-2\/\"]}]},{\"@type\":\"BreadcrumbList\",\"@id\":\"https:\/\/librairie7l.com\/en\/produit\/joaillerie-2\/#breadcrumb\",\"itemListElement\":[{\"@type\":\"ListItem\",\"position\":1,\"name\":\"Accueil\",\"item\":\"https:\/\/librairie7l.com\/en\/\"},{\"@type\":\"ListItem\",\"position\":2,\"name\":\"Shop\",\"item\":\"https:\/\/librairie7l.com\/en\/shop\/\"},{\"@type\":\"ListItem\",\"position\":3,\"name\":\"JOAILLERIE\"}]},{\"@type\":\"WebSite\",\"@id\":\"https:\/\/librairie7l.com\/en\/#website\",\"url\":\"https:\/\/librairie7l.com\/en\/\",\"name\":\"Librairie 7L\",\"description\":\"Librairie fond\u00e9e en 1999 par Karl Lagerfeld \u00e0 Paris\",\"publisher\":{\"@id\":\"https:\/\/librairie7l.com\/en\/#organization\"},\"potentialAction\":[{\"@type\":\"SearchAction\",\"target\":{\"@type\":\"EntryPoint\",\"urlTemplate\":\"https:\/\/librairie7l.com\/en\/?s={search_term_string}\"},\"query-input\":\"required name=search_term_string\"}],\"inLanguage\":\"en-US\"},{\"@type\":\"Organization\",\"@id\":\"https:\/\/librairie7l.com\/en\/#organization\",\"name\":\"Librairie 7L\",\"url\":\"https:\/\/librairie7l.com\/en\/\",\"logo\":{\"@type\":\"ImageObject\",\"inLanguage\":\"en-US\",\"@id\":\"https:\/\/librairie7l.com\/en\/#\/schema\/logo\/image\/\",\"url\":\"https:\/\/librairie7l.com\/wp-content\/uploads\/2022\/08\/logo-1.png\",\"contentUrl\":\"https:\/\/librairie7l.com\/wp-content\/uploads\/2022\/08\/logo-1.png\",\"width\":227,\"height\":301,\"caption\":\"Librairie 7L\"},\"image\":{\"@id\":\"https:\/\/librairie7l.com\/en\/#\/schema\/logo\/image\/\"}}]}<\/script>\n<!-- \/ Yoast SEO plugin. -->","yoast_head_json":{"title":"Joaillerie - Librairie 7L","robots":{"index":"index","follow":"follow","max-snippet":"max-snippet:-1","max-image-preview":"max-image-preview:large","max-video-preview":"max-video-preview:-1"},"canonical":"https:\/\/librairie7l.com\/en\/produit\/joaillerie-2\/","og_locale":"en_US","og_type":"article","og_title":"Joaillerie - Librairie 7L","og_description":"Les plus grands noms du monde de la joaillerie d&#8217;hier et d&#8217;aujourd&#8217;hui Joaillerie pr\u00e9sente dans un m\u00eame ouvrage de r\u00e9f\u00e9rence les designers, maisons de cr\u00e9ation, ic\u00f4nes, collectionneurs et autres personnalit\u00e9s marquantes qui ont con\u00e7u, fabriqu\u00e9 ou port\u00e9 les plus beaux bijoux au monde, faisant sans cesse \u00e9voluer la profession. R\u00e9alis\u00e9 sous la direction de Melanie [&hellip;]","og_url":"https:\/\/librairie7l.com\/en\/produit\/joaillerie-2\/","og_site_name":"Librairie 7L","article_modified_time":"2026-04-09T18:24:39+00:00","og_image":[{"width":600,"height":800,"url":"https:\/\/librairie7l.com\/wp-content\/uploads\/2025\/06\/9781837290734_1_75.jpg","type":"image\/jpeg"}],"twitter_card":"summary_large_image","twitter_misc":{"Est. reading time":"1 minute"},"schema":{"@context":"https:\/\/schema.org","@graph":[{"@type":"WebPage","@id":"https:\/\/librairie7l.com\/en\/produit\/joaillerie-2\/","url":"https:\/\/librairie7l.com\/en\/produit\/joaillerie-2\/","name":"Joaillerie - Librairie 7L","isPartOf":{"@id":"https:\/\/librairie7l.com\/en\/#website"},"datePublished":"2025-09-25T07:18:02+00:00","dateModified":"2026-04-09T18:24:39+00:00","breadcrumb":{"@id":"https:\/\/librairie7l.com\/en\/produit\/joaillerie-2\/#breadcrumb"},"inLanguage":"en-US","potentialAction":[{"@type":"ReadAction","target":["https:\/\/librairie7l.com\/en\/produit\/joaillerie-2\/"]}]},{"@type":"BreadcrumbList","@id":"https:\/\/librairie7l.com\/en\/produit\/joaillerie-2\/#breadcrumb","itemListElement":[{"@type":"ListItem","position":1,"name":"Accueil","item":"https:\/\/librairie7l.com\/en\/"},{"@type":"ListItem","position":2,"name":"Shop","item":"https:\/\/librairie7l.com\/en\/shop\/"},{"@type":"ListItem","position":3,"name":"JOAILLERIE"}]},{"@type":"WebSite","@id":"https:\/\/librairie7l.com\/en\/#website","url":"https:\/\/librairie7l.com\/en\/","name":"Librairie 7L","description":"Librairie fond\u00e9e en 1999 par Karl Lagerfeld \u00e0 Paris","publisher":{"@id":"https:\/\/librairie7l.com\/en\/#organization"},"potentialAction":[{"@type":"SearchAction","target":{"@type":"EntryPoint","urlTemplate":"https:\/\/librairie7l.com\/en\/?s={search_term_string}"},"query-input":"required name=search_term_string"}],"inLanguage":"en-US"},{"@type":"Organization","@id":"https:\/\/librairie7l.com\/en\/#organization","name":"Librairie 7L","url":"https:\/\/librairie7l.com\/en\/","logo":{"@type":"ImageObject","inLanguage":"en-US","@id":"https:\/\/librairie7l.com\/en\/#\/schema\/logo\/image\/","url":"https:\/\/librairie7l.com\/wp-content\/uploads\/2022\/08\/logo-1.png","contentUrl":"https:\/\/librairie7l.com\/wp-content\/uploads\/2022\/08\/logo-1.png","width":227,"height":301,"caption":"Librairie 7L"},"image":{"@id":"https:\/\/librairie7l.com\/en\/#\/schema\/logo\/image\/"}}]}},"_links":{"self":[{"href":"https:\/\/librairie7l.com\/en\/wp-json\/wp\/v2\/product\/50906"}],"collection":[{"href":"https:\/\/librairie7l.com\/en\/wp-json\/wp\/v2\/product"}],"about":[{"href":"https:\/\/librairie7l.com\/en\/wp-json\/wp\/v2\/types\/product"}],"wp:featuredmedia":[{"embeddable":true,"href":"https:\/\/librairie7l.com\/en\/wp-json\/wp\/v2\/media\/50904"}],"wp:attachment":[{"href":"https:\/\/librairie7l.com\/en\/wp-json\/wp\/v2\/media?parent=50906"}],"wp:term":[{"taxonomy":"product_cat","embeddable":true,"href":"https:\/\/librairie7l.com\/en\/wp-json\/wp\/v2\/product_cat?post=50906"},{"taxonomy":"product_tag","embeddable":true,"href":"https:\/\/librairie7l.com\/en\/wp-json\/wp\/v2\/product_tag?post=50906"}],"curies":[{"name":"wp","href":"https:\/\/api.w.org\/{rel}","templated":true}]}}