{"id":50926,"date":"2025-09-25T09:18:21","date_gmt":"2025-09-25T07:18:21","guid":{"rendered":"https:\/\/librairie7l.com\/?post_type=product&#038;p=50926"},"modified":"2026-04-05T01:22:28","modified_gmt":"2026-04-04T23:22:28","slug":"aftersun-2","status":"publish","type":"product","link":"https:\/\/librairie7l.com\/en\/produit\/aftersun-2\/","title":{"rendered":"AFTERSUN"},"content":{"rendered":"<p>\u00abAftersun est un petit aper\u00e7u de l&#8217;obsession de Pol Viladoms pour les architectures abandonn\u00e9es et pour les mod\u00e8les de construction et d&#8217;urbanisme li\u00e9s \u00e0 l&#8217;exploitation touristique. Parmi ceux-ci, les parcs aquatiques se d\u00e9marquent, auxquels il a consacr\u00e9 **quinze ans** de voyages, de recherche et d&#8217;exploration. Cette recherche a conduit l&#8217;auteur \u00e0 parcourir des distances de plus en plus grandes : de la M\u00e9diterran\u00e9e \u00e0 l&#8217;Adriatique, puis \u00e0 la mer de Cr\u00e8te, jusqu&#8217;\u00e0 atteindre les c\u00f4tes du Japon et de la Californie, visitant ainsi plus de 50 lieux. Li\u00e9s au tourisme de soleil et de plage, les parcs aquatiques ont commenc\u00e9 \u00e0 peupler nos c\u00f4tes dans les ann\u00e9es quatre-vingt et quatre-vingt-dix, offrant de nouvelles sources de divertissement hyperbolique \u00e0 proximit\u00e9 de la mer. Ils sont apparus comme une extension, une orthop\u00e9die ajout\u00e9e \u00e0 la nature elle-m\u00eame, con\u00e7ue sur mesure pour un type de consommation touristique qui reste une forme d&#8217;extractivisme d&#8217;un territoire qui transforme le paysage en un autre produit, consommable et jetable. Le manque de planification et d&#8217;analyse a conduit \u00e0 une sur-construction et \u00e0 la fermeture et \u00e0 l&#8217;abandon pr\u00e9matur\u00e9 de nombreux de ces parcs, provoqu\u00e9s, en partie, par la concurrence et par le virage vers une consommation touristique plus durable et \u00ab authentique \u00bb. Les photographies sont accompagn\u00e9es des fragments d&#8217;images extraites de cartes postales (des parcs aqua- tiques eux-m\u00eames) collectionn\u00e9es au cours de ces derni\u00e8res ann\u00e9es. Par leurs formes, couleurs et motifs, ces compositions \u00e9tablissent un nouveau dialogue temporel avec le travail de l&#8217;auteur et ram\u00e8nent nostalgiquement \u00e0 la vie ces espaces, nous ramenant en m\u00eame temps \u00e0 nos souvenirs d&#8217;enfance [ ] qui nous transportent \u00e0 ce moment fugace de bonheur et de jeu partag\u00e9, devenu un argument publicitaire pour le prochain visiteur. Extrait du texte de Beatriz Escudero, inclus dans le livre.<\/p>\n","protected":false},"excerpt":{"rendered":"<p>\u00abAftersun est un petit aper\u00e7u de l&#8217;obsession de Pol Viladoms pour les architectures abandonn\u00e9es et pour les mod\u00e8les de construction et d&#8217;urbanisme li\u00e9s \u00e0 l&#8217;exploitation touristique. Parmi ceux-ci, les parcs aquatiques se d\u00e9marquent, auxquels il a consacr\u00e9 **quinze ans** de voyages, de recherche et d&#8217;exploration. Cette recherche a conduit l&#8217;auteur \u00e0 parcourir des distances de [&hellip;]<\/p>\n","protected":false},"featured_media":50924,"template":"","meta":[],"product_cat":[2948,2958],"product_tag":[],"acf":[],"yoast_head":"<!-- This site is optimized with the Yoast SEO plugin v20.11 - https:\/\/yoast.com\/wordpress\/plugins\/seo\/ -->\n<title>Aftersun - Librairie 7L<\/title>\n<meta name=\"robots\" content=\"index, follow, max-snippet:-1, max-image-preview:large, max-video-preview:-1\" \/>\n<link rel=\"canonical\" href=\"https:\/\/librairie7l.com\/en\/produit\/aftersun-2\/\" \/>\n<meta property=\"og:locale\" content=\"en_US\" \/>\n<meta property=\"og:type\" content=\"article\" \/>\n<meta property=\"og:title\" content=\"Aftersun - Librairie 7L\" \/>\n<meta property=\"og:description\" content=\"\u00abAftersun est un petit aper\u00e7u de l&#8217;obsession de Pol Viladoms pour les architectures abandonn\u00e9es et pour les mod\u00e8les de construction et d&#8217;urbanisme li\u00e9s \u00e0 l&#8217;exploitation touristique. Parmi ceux-ci, les parcs aquatiques se d\u00e9marquent, auxquels il a consacr\u00e9 **quinze ans** de voyages, de recherche et d&#8217;exploration. Cette recherche a conduit l&#8217;auteur \u00e0 parcourir des distances de [&hellip;]\" \/>\n<meta property=\"og:url\" content=\"https:\/\/librairie7l.com\/en\/produit\/aftersun-2\/\" \/>\n<meta property=\"og:site_name\" content=\"Librairie 7L\" \/>\n<meta property=\"article:modified_time\" content=\"2026-04-04T23:22:28+00:00\" \/>\n<meta property=\"og:image\" content=\"https:\/\/librairie7l.com\/wp-content\/uploads\/2025\/09\/9791399011432_1_75.jpg\" \/>\n\t<meta property=\"og:image:width\" content=\"600\" \/>\n\t<meta property=\"og:image:height\" content=\"766\" \/>\n\t<meta property=\"og:image:type\" content=\"image\/jpeg\" \/>\n<meta name=\"twitter:card\" content=\"summary_large_image\" \/>\n<meta name=\"twitter:label1\" content=\"Est. reading time\" \/>\n\t<meta name=\"twitter:data1\" content=\"2 minutes\" \/>\n<script type=\"application\/ld+json\" class=\"yoast-schema-graph\">{\"@context\":\"https:\/\/schema.org\",\"@graph\":[{\"@type\":\"WebPage\",\"@id\":\"https:\/\/librairie7l.com\/en\/produit\/aftersun-2\/\",\"url\":\"https:\/\/librairie7l.com\/en\/produit\/aftersun-2\/\",\"name\":\"Aftersun - Librairie 7L\",\"isPartOf\":{\"@id\":\"https:\/\/librairie7l.com\/en\/#website\"},\"datePublished\":\"2025-09-25T07:18:21+00:00\",\"dateModified\":\"2026-04-04T23:22:28+00:00\",\"breadcrumb\":{\"@id\":\"https:\/\/librairie7l.com\/en\/produit\/aftersun-2\/#breadcrumb\"},\"inLanguage\":\"en-US\",\"potentialAction\":[{\"@type\":\"ReadAction\",\"target\":[\"https:\/\/librairie7l.com\/en\/produit\/aftersun-2\/\"]}]},{\"@type\":\"BreadcrumbList\",\"@id\":\"https:\/\/librairie7l.com\/en\/produit\/aftersun-2\/#breadcrumb\",\"itemListElement\":[{\"@type\":\"ListItem\",\"position\":1,\"name\":\"Accueil\",\"item\":\"https:\/\/librairie7l.com\/en\/\"},{\"@type\":\"ListItem\",\"position\":2,\"name\":\"Shop\",\"item\":\"https:\/\/librairie7l.com\/en\/shop\/\"},{\"@type\":\"ListItem\",\"position\":3,\"name\":\"AFTERSUN\"}]},{\"@type\":\"WebSite\",\"@id\":\"https:\/\/librairie7l.com\/en\/#website\",\"url\":\"https:\/\/librairie7l.com\/en\/\",\"name\":\"Librairie 7L\",\"description\":\"Librairie fond\u00e9e en 1999 par Karl Lagerfeld \u00e0 Paris\",\"publisher\":{\"@id\":\"https:\/\/librairie7l.com\/en\/#organization\"},\"potentialAction\":[{\"@type\":\"SearchAction\",\"target\":{\"@type\":\"EntryPoint\",\"urlTemplate\":\"https:\/\/librairie7l.com\/en\/?s={search_term_string}\"},\"query-input\":\"required name=search_term_string\"}],\"inLanguage\":\"en-US\"},{\"@type\":\"Organization\",\"@id\":\"https:\/\/librairie7l.com\/en\/#organization\",\"name\":\"Librairie 7L\",\"url\":\"https:\/\/librairie7l.com\/en\/\",\"logo\":{\"@type\":\"ImageObject\",\"inLanguage\":\"en-US\",\"@id\":\"https:\/\/librairie7l.com\/en\/#\/schema\/logo\/image\/\",\"url\":\"https:\/\/librairie7l.com\/wp-content\/uploads\/2022\/08\/logo-1.png\",\"contentUrl\":\"https:\/\/librairie7l.com\/wp-content\/uploads\/2022\/08\/logo-1.png\",\"width\":227,\"height\":301,\"caption\":\"Librairie 7L\"},\"image\":{\"@id\":\"https:\/\/librairie7l.com\/en\/#\/schema\/logo\/image\/\"}}]}<\/script>\n<!-- \/ Yoast SEO plugin. -->","yoast_head_json":{"title":"Aftersun - Librairie 7L","robots":{"index":"index","follow":"follow","max-snippet":"max-snippet:-1","max-image-preview":"max-image-preview:large","max-video-preview":"max-video-preview:-1"},"canonical":"https:\/\/librairie7l.com\/en\/produit\/aftersun-2\/","og_locale":"en_US","og_type":"article","og_title":"Aftersun - Librairie 7L","og_description":"\u00abAftersun est un petit aper\u00e7u de l&#8217;obsession de Pol Viladoms pour les architectures abandonn\u00e9es et pour les mod\u00e8les de construction et d&#8217;urbanisme li\u00e9s \u00e0 l&#8217;exploitation touristique. Parmi ceux-ci, les parcs aquatiques se d\u00e9marquent, auxquels il a consacr\u00e9 **quinze ans** de voyages, de recherche et d&#8217;exploration. Cette recherche a conduit l&#8217;auteur \u00e0 parcourir des distances de [&hellip;]","og_url":"https:\/\/librairie7l.com\/en\/produit\/aftersun-2\/","og_site_name":"Librairie 7L","article_modified_time":"2026-04-04T23:22:28+00:00","og_image":[{"width":600,"height":766,"url":"https:\/\/librairie7l.com\/wp-content\/uploads\/2025\/09\/9791399011432_1_75.jpg","type":"image\/jpeg"}],"twitter_card":"summary_large_image","twitter_misc":{"Est. reading time":"2 minutes"},"schema":{"@context":"https:\/\/schema.org","@graph":[{"@type":"WebPage","@id":"https:\/\/librairie7l.com\/en\/produit\/aftersun-2\/","url":"https:\/\/librairie7l.com\/en\/produit\/aftersun-2\/","name":"Aftersun - Librairie 7L","isPartOf":{"@id":"https:\/\/librairie7l.com\/en\/#website"},"datePublished":"2025-09-25T07:18:21+00:00","dateModified":"2026-04-04T23:22:28+00:00","breadcrumb":{"@id":"https:\/\/librairie7l.com\/en\/produit\/aftersun-2\/#breadcrumb"},"inLanguage":"en-US","potentialAction":[{"@type":"ReadAction","target":["https:\/\/librairie7l.com\/en\/produit\/aftersun-2\/"]}]},{"@type":"BreadcrumbList","@id":"https:\/\/librairie7l.com\/en\/produit\/aftersun-2\/#breadcrumb","itemListElement":[{"@type":"ListItem","position":1,"name":"Accueil","item":"https:\/\/librairie7l.com\/en\/"},{"@type":"ListItem","position":2,"name":"Shop","item":"https:\/\/librairie7l.com\/en\/shop\/"},{"@type":"ListItem","position":3,"name":"AFTERSUN"}]},{"@type":"WebSite","@id":"https:\/\/librairie7l.com\/en\/#website","url":"https:\/\/librairie7l.com\/en\/","name":"Librairie 7L","description":"Librairie fond\u00e9e en 1999 par Karl Lagerfeld \u00e0 Paris","publisher":{"@id":"https:\/\/librairie7l.com\/en\/#organization"},"potentialAction":[{"@type":"SearchAction","target":{"@type":"EntryPoint","urlTemplate":"https:\/\/librairie7l.com\/en\/?s={search_term_string}"},"query-input":"required name=search_term_string"}],"inLanguage":"en-US"},{"@type":"Organization","@id":"https:\/\/librairie7l.com\/en\/#organization","name":"Librairie 7L","url":"https:\/\/librairie7l.com\/en\/","logo":{"@type":"ImageObject","inLanguage":"en-US","@id":"https:\/\/librairie7l.com\/en\/#\/schema\/logo\/image\/","url":"https:\/\/librairie7l.com\/wp-content\/uploads\/2022\/08\/logo-1.png","contentUrl":"https:\/\/librairie7l.com\/wp-content\/uploads\/2022\/08\/logo-1.png","width":227,"height":301,"caption":"Librairie 7L"},"image":{"@id":"https:\/\/librairie7l.com\/en\/#\/schema\/logo\/image\/"}}]}},"_links":{"self":[{"href":"https:\/\/librairie7l.com\/en\/wp-json\/wp\/v2\/product\/50926"}],"collection":[{"href":"https:\/\/librairie7l.com\/en\/wp-json\/wp\/v2\/product"}],"about":[{"href":"https:\/\/librairie7l.com\/en\/wp-json\/wp\/v2\/types\/product"}],"wp:featuredmedia":[{"embeddable":true,"href":"https:\/\/librairie7l.com\/en\/wp-json\/wp\/v2\/media\/50924"}],"wp:attachment":[{"href":"https:\/\/librairie7l.com\/en\/wp-json\/wp\/v2\/media?parent=50926"}],"wp:term":[{"taxonomy":"product_cat","embeddable":true,"href":"https:\/\/librairie7l.com\/en\/wp-json\/wp\/v2\/product_cat?post=50926"},{"taxonomy":"product_tag","embeddable":true,"href":"https:\/\/librairie7l.com\/en\/wp-json\/wp\/v2\/product_tag?post=50926"}],"curies":[{"name":"wp","href":"https:\/\/api.w.org\/{rel}","templated":true}]}}