{"id":50931,"date":"2025-09-26T09:17:57","date_gmt":"2025-09-26T07:17:57","guid":{"rendered":"https:\/\/librairie7l.com\/?post_type=product&#038;p=50931"},"modified":"2026-04-09T19:24:17","modified_gmt":"2026-04-09T17:24:17","slug":"la-pausa-la-villa-mediterraneenne-ideale-de-gabrielle-chanel-2","status":"publish","type":"product","link":"https:\/\/librairie7l.com\/en\/produit\/la-pausa-la-villa-mediterraneenne-ideale-de-gabrielle-chanel-2\/","title":{"rendered":"LA PAUSA : LA VILLA M\u00c9DITERRAN\u00c9ENNE ID\u00c9ALE DE GABRIELLE CHANEL"},"content":{"rendered":"<p>Il y a pr\u00e8s d&#8217;un si\u00e8cle, Gabrielle Chanel engageait la<br \/>\nconstruction de La Pausa, \u00e0 Roquebrune-Cap-Martin.<br \/>\nEn 2015, la Maison Chanel a entrepris de restaurer<br \/>\nLa Pausa afin d&#8217;en faire revivre l&#8217;esprit originel, tel<br \/>\nque l&#8217;avait con\u00e7u la couturi\u00e8re : une maison o\u00f9 r\u00e9unir<br \/>\nh\u00f4tes et amis, luxueuse bien que simple, entour\u00e9e par<br \/>\nla nature. Cet ouvrage nous invite pour la premi\u00e8re<br \/>\nfois \u00e0 d\u00e9couvrir l&#8217;histoire de ce site unique, tant sur le<br \/>\nplan architectural que d\u00e9coratif, v\u00e9ritable t\u00e9moin de la<br \/>\nsc\u00e8ne culturelle des ann\u00e9es 1930.<br \/>\nCet ouvrage collectif regroupe des textes portant sur<br \/>\nl&#8217;histoire de la C\u00f4te d&#8217;Azur, sur la maison dans l&#8217;entredeux-guerres, sur le quotidien de Gabrielle Chanel, ses<br \/>\nrelations et ses loisirs, sur Salvador Dali et les artistes<br \/>\nh\u00f4tes de La Pausa&#8230;, \u00e9crits par des auteurs qui font<br \/>\nautorit\u00e9 dans leur domaine<\/p>\n","protected":false},"excerpt":{"rendered":"<p>Il y a pr\u00e8s d&#8217;un si\u00e8cle, Gabrielle Chanel engageait la construction de La Pausa, \u00e0 Roquebrune-Cap-Martin. En 2015, la Maison Chanel a entrepris de restaurer La Pausa afin d&#8217;en faire revivre l&#8217;esprit originel, tel que l&#8217;avait con\u00e7u la couturi\u00e8re : une maison o\u00f9 r\u00e9unir h\u00f4tes et amis, luxueuse bien que simple, entour\u00e9e par la nature. [&hellip;]<\/p>\n","protected":false},"featured_media":50929,"template":"","meta":[],"product_cat":[2948,2957,2951],"product_tag":[],"acf":[],"yoast_head":"<!-- This site is optimized with the Yoast SEO plugin v20.11 - https:\/\/yoast.com\/wordpress\/plugins\/seo\/ -->\n<title>La Pausa : La villa m\u00e9diterran\u00e9enne id\u00e9ale de Gabrielle Chanel - Librairie 7L<\/title>\n<meta name=\"robots\" content=\"index, follow, max-snippet:-1, max-image-preview:large, max-video-preview:-1\" \/>\n<link rel=\"canonical\" href=\"https:\/\/librairie7l.com\/en\/produit\/la-pausa-la-villa-mediterraneenne-ideale-de-gabrielle-chanel-2\/\" \/>\n<meta property=\"og:locale\" content=\"en_US\" \/>\n<meta property=\"og:type\" content=\"article\" \/>\n<meta property=\"og:title\" content=\"La Pausa : La villa m\u00e9diterran\u00e9enne id\u00e9ale de Gabrielle Chanel - Librairie 7L\" \/>\n<meta property=\"og:description\" content=\"Il y a pr\u00e8s d&#8217;un si\u00e8cle, Gabrielle Chanel engageait la construction de La Pausa, \u00e0 Roquebrune-Cap-Martin. En 2015, la Maison Chanel a entrepris de restaurer La Pausa afin d&#8217;en faire revivre l&#8217;esprit originel, tel que l&#8217;avait con\u00e7u la couturi\u00e8re : une maison o\u00f9 r\u00e9unir h\u00f4tes et amis, luxueuse bien que simple, entour\u00e9e par la nature. [&hellip;]\" \/>\n<meta property=\"og:url\" content=\"https:\/\/librairie7l.com\/en\/produit\/la-pausa-la-villa-mediterraneenne-ideale-de-gabrielle-chanel-2\/\" \/>\n<meta property=\"og:site_name\" content=\"Librairie 7L\" \/>\n<meta property=\"article:modified_time\" content=\"2026-04-09T17:24:17+00:00\" \/>\n<meta property=\"og:image\" content=\"https:\/\/librairie7l.com\/wp-content\/uploads\/2025\/04\/9782080450364_1_75.jpg\" \/>\n\t<meta property=\"og:image:width\" content=\"600\" \/>\n\t<meta property=\"og:image:height\" content=\"776\" \/>\n\t<meta property=\"og:image:type\" content=\"image\/jpeg\" \/>\n<meta name=\"twitter:card\" content=\"summary_large_image\" \/>\n<meta name=\"twitter:label1\" content=\"Est. reading time\" \/>\n\t<meta name=\"twitter:data1\" content=\"1 minute\" \/>\n<script type=\"application\/ld+json\" class=\"yoast-schema-graph\">{\"@context\":\"https:\/\/schema.org\",\"@graph\":[{\"@type\":\"WebPage\",\"@id\":\"https:\/\/librairie7l.com\/en\/produit\/la-pausa-la-villa-mediterraneenne-ideale-de-gabrielle-chanel-2\/\",\"url\":\"https:\/\/librairie7l.com\/en\/produit\/la-pausa-la-villa-mediterraneenne-ideale-de-gabrielle-chanel-2\/\",\"name\":\"La Pausa : La villa m\u00e9diterran\u00e9enne id\u00e9ale de Gabrielle Chanel - Librairie 7L\",\"isPartOf\":{\"@id\":\"https:\/\/librairie7l.com\/en\/#website\"},\"datePublished\":\"2025-09-26T07:17:57+00:00\",\"dateModified\":\"2026-04-09T17:24:17+00:00\",\"breadcrumb\":{\"@id\":\"https:\/\/librairie7l.com\/en\/produit\/la-pausa-la-villa-mediterraneenne-ideale-de-gabrielle-chanel-2\/#breadcrumb\"},\"inLanguage\":\"en-US\",\"potentialAction\":[{\"@type\":\"ReadAction\",\"target\":[\"https:\/\/librairie7l.com\/en\/produit\/la-pausa-la-villa-mediterraneenne-ideale-de-gabrielle-chanel-2\/\"]}]},{\"@type\":\"BreadcrumbList\",\"@id\":\"https:\/\/librairie7l.com\/en\/produit\/la-pausa-la-villa-mediterraneenne-ideale-de-gabrielle-chanel-2\/#breadcrumb\",\"itemListElement\":[{\"@type\":\"ListItem\",\"position\":1,\"name\":\"Accueil\",\"item\":\"https:\/\/librairie7l.com\/en\/\"},{\"@type\":\"ListItem\",\"position\":2,\"name\":\"Shop\",\"item\":\"https:\/\/librairie7l.com\/en\/shop\/\"},{\"@type\":\"ListItem\",\"position\":3,\"name\":\"LA PAUSA : LA VILLA M\u00c9DITERRAN\u00c9ENNE ID\u00c9ALE DE GABRIELLE CHANEL\"}]},{\"@type\":\"WebSite\",\"@id\":\"https:\/\/librairie7l.com\/en\/#website\",\"url\":\"https:\/\/librairie7l.com\/en\/\",\"name\":\"Librairie 7L\",\"description\":\"Librairie fond\u00e9e en 1999 par Karl Lagerfeld \u00e0 Paris\",\"publisher\":{\"@id\":\"https:\/\/librairie7l.com\/en\/#organization\"},\"potentialAction\":[{\"@type\":\"SearchAction\",\"target\":{\"@type\":\"EntryPoint\",\"urlTemplate\":\"https:\/\/librairie7l.com\/en\/?s={search_term_string}\"},\"query-input\":\"required name=search_term_string\"}],\"inLanguage\":\"en-US\"},{\"@type\":\"Organization\",\"@id\":\"https:\/\/librairie7l.com\/en\/#organization\",\"name\":\"Librairie 7L\",\"url\":\"https:\/\/librairie7l.com\/en\/\",\"logo\":{\"@type\":\"ImageObject\",\"inLanguage\":\"en-US\",\"@id\":\"https:\/\/librairie7l.com\/en\/#\/schema\/logo\/image\/\",\"url\":\"https:\/\/librairie7l.com\/wp-content\/uploads\/2022\/08\/logo-1.png\",\"contentUrl\":\"https:\/\/librairie7l.com\/wp-content\/uploads\/2022\/08\/logo-1.png\",\"width\":227,\"height\":301,\"caption\":\"Librairie 7L\"},\"image\":{\"@id\":\"https:\/\/librairie7l.com\/en\/#\/schema\/logo\/image\/\"}}]}<\/script>\n<!-- \/ Yoast SEO plugin. -->","yoast_head_json":{"title":"La Pausa : La villa m\u00e9diterran\u00e9enne id\u00e9ale de Gabrielle Chanel - Librairie 7L","robots":{"index":"index","follow":"follow","max-snippet":"max-snippet:-1","max-image-preview":"max-image-preview:large","max-video-preview":"max-video-preview:-1"},"canonical":"https:\/\/librairie7l.com\/en\/produit\/la-pausa-la-villa-mediterraneenne-ideale-de-gabrielle-chanel-2\/","og_locale":"en_US","og_type":"article","og_title":"La Pausa : La villa m\u00e9diterran\u00e9enne id\u00e9ale de Gabrielle Chanel - Librairie 7L","og_description":"Il y a pr\u00e8s d&#8217;un si\u00e8cle, Gabrielle Chanel engageait la construction de La Pausa, \u00e0 Roquebrune-Cap-Martin. En 2015, la Maison Chanel a entrepris de restaurer La Pausa afin d&#8217;en faire revivre l&#8217;esprit originel, tel que l&#8217;avait con\u00e7u la couturi\u00e8re : une maison o\u00f9 r\u00e9unir h\u00f4tes et amis, luxueuse bien que simple, entour\u00e9e par la nature. [&hellip;]","og_url":"https:\/\/librairie7l.com\/en\/produit\/la-pausa-la-villa-mediterraneenne-ideale-de-gabrielle-chanel-2\/","og_site_name":"Librairie 7L","article_modified_time":"2026-04-09T17:24:17+00:00","og_image":[{"width":600,"height":776,"url":"https:\/\/librairie7l.com\/wp-content\/uploads\/2025\/04\/9782080450364_1_75.jpg","type":"image\/jpeg"}],"twitter_card":"summary_large_image","twitter_misc":{"Est. reading time":"1 minute"},"schema":{"@context":"https:\/\/schema.org","@graph":[{"@type":"WebPage","@id":"https:\/\/librairie7l.com\/en\/produit\/la-pausa-la-villa-mediterraneenne-ideale-de-gabrielle-chanel-2\/","url":"https:\/\/librairie7l.com\/en\/produit\/la-pausa-la-villa-mediterraneenne-ideale-de-gabrielle-chanel-2\/","name":"La Pausa : La villa m\u00e9diterran\u00e9enne id\u00e9ale de Gabrielle Chanel - Librairie 7L","isPartOf":{"@id":"https:\/\/librairie7l.com\/en\/#website"},"datePublished":"2025-09-26T07:17:57+00:00","dateModified":"2026-04-09T17:24:17+00:00","breadcrumb":{"@id":"https:\/\/librairie7l.com\/en\/produit\/la-pausa-la-villa-mediterraneenne-ideale-de-gabrielle-chanel-2\/#breadcrumb"},"inLanguage":"en-US","potentialAction":[{"@type":"ReadAction","target":["https:\/\/librairie7l.com\/en\/produit\/la-pausa-la-villa-mediterraneenne-ideale-de-gabrielle-chanel-2\/"]}]},{"@type":"BreadcrumbList","@id":"https:\/\/librairie7l.com\/en\/produit\/la-pausa-la-villa-mediterraneenne-ideale-de-gabrielle-chanel-2\/#breadcrumb","itemListElement":[{"@type":"ListItem","position":1,"name":"Accueil","item":"https:\/\/librairie7l.com\/en\/"},{"@type":"ListItem","position":2,"name":"Shop","item":"https:\/\/librairie7l.com\/en\/shop\/"},{"@type":"ListItem","position":3,"name":"LA PAUSA : LA VILLA M\u00c9DITERRAN\u00c9ENNE ID\u00c9ALE DE GABRIELLE CHANEL"}]},{"@type":"WebSite","@id":"https:\/\/librairie7l.com\/en\/#website","url":"https:\/\/librairie7l.com\/en\/","name":"Librairie 7L","description":"Librairie fond\u00e9e en 1999 par Karl Lagerfeld \u00e0 Paris","publisher":{"@id":"https:\/\/librairie7l.com\/en\/#organization"},"potentialAction":[{"@type":"SearchAction","target":{"@type":"EntryPoint","urlTemplate":"https:\/\/librairie7l.com\/en\/?s={search_term_string}"},"query-input":"required name=search_term_string"}],"inLanguage":"en-US"},{"@type":"Organization","@id":"https:\/\/librairie7l.com\/en\/#organization","name":"Librairie 7L","url":"https:\/\/librairie7l.com\/en\/","logo":{"@type":"ImageObject","inLanguage":"en-US","@id":"https:\/\/librairie7l.com\/en\/#\/schema\/logo\/image\/","url":"https:\/\/librairie7l.com\/wp-content\/uploads\/2022\/08\/logo-1.png","contentUrl":"https:\/\/librairie7l.com\/wp-content\/uploads\/2022\/08\/logo-1.png","width":227,"height":301,"caption":"Librairie 7L"},"image":{"@id":"https:\/\/librairie7l.com\/en\/#\/schema\/logo\/image\/"}}]}},"_links":{"self":[{"href":"https:\/\/librairie7l.com\/en\/wp-json\/wp\/v2\/product\/50931"}],"collection":[{"href":"https:\/\/librairie7l.com\/en\/wp-json\/wp\/v2\/product"}],"about":[{"href":"https:\/\/librairie7l.com\/en\/wp-json\/wp\/v2\/types\/product"}],"wp:featuredmedia":[{"embeddable":true,"href":"https:\/\/librairie7l.com\/en\/wp-json\/wp\/v2\/media\/50929"}],"wp:attachment":[{"href":"https:\/\/librairie7l.com\/en\/wp-json\/wp\/v2\/media?parent=50931"}],"wp:term":[{"taxonomy":"product_cat","embeddable":true,"href":"https:\/\/librairie7l.com\/en\/wp-json\/wp\/v2\/product_cat?post=50931"},{"taxonomy":"product_tag","embeddable":true,"href":"https:\/\/librairie7l.com\/en\/wp-json\/wp\/v2\/product_tag?post=50931"}],"curies":[{"name":"wp","href":"https:\/\/api.w.org\/{rel}","templated":true}]}}