{"id":50935,"date":"2025-09-26T09:18:02","date_gmt":"2025-09-26T07:18:02","guid":{"rendered":"https:\/\/librairie7l.com\/?post_type=product&#038;p=50935"},"modified":"2026-04-09T23:10:50","modified_gmt":"2026-04-09T21:10:50","slug":"dune-rive-a-lautre-2","status":"publish","type":"product","link":"https:\/\/librairie7l.com\/en\/produit\/dune-rive-a-lautre-2\/","title":{"rendered":"D&#8217;UNE RIVE \u00c0 L&#8217;AUTRE"},"content":{"rendered":"<p>L&#8217;eau, le fleuve, le vin aux destins m\u00eal\u00e9s. Trait d&#8217;union entre les vignobles de Bordeaux, l&#8217;estuaire de la Gironde est un miroir o\u00f9 se lit \u00e0 ciel ouvert la po\u00e9sie des maisons qui le bordent. Rive gauche \u00e0 Margaux, Ch\u00e2teau Rauzan-S\u00e9gla. Rive droite \u00e0 Saint-Emilion, Ch\u00e2teau Canon. Cet ouvrage singulier aborde avec une \u00e9criture visuelle in\u00e9dite ces grands crus class\u00e9s et leurs forces intimes.<\/p>\n<p>Pendant plus d&#8217;un an, cinq photographes de renom, Patrick Messina, J\u00e9r\u00f4me Bryon, Brice Braastad, Thomas Dhellemmes et Luc Manago ont pos\u00e9 leurs objectifs autour des propri\u00e9t\u00e9s de la maison CHANEL afin d&#8217;exprimer par leur regard artistique ce qui les unit et ce qui les distingue \u00e0 la fois. La plume de Patrick Wald Lasowski, \u00e0 la fois historien et romancier, navigue entre leurs univers distinctifs pour en extraire la substance. Coeur de l&#8217;histoire, l&#8217;estuaire est un univers myst\u00e9rieux, insaisissable, qui amorce une pagination atypique remontant ses rivages.<\/p>\n<p>Un livre \u00e0 part pour les amateurs d&#8217;art comme de grands vins.<\/p>\n","protected":false},"excerpt":{"rendered":"<p>L&#8217;eau, le fleuve, le vin aux destins m\u00eal\u00e9s. Trait d&#8217;union entre les vignobles de Bordeaux, l&#8217;estuaire de la Gironde est un miroir o\u00f9 se lit \u00e0 ciel ouvert la po\u00e9sie des maisons qui le bordent. Rive gauche \u00e0 Margaux, Ch\u00e2teau Rauzan-S\u00e9gla. Rive droite \u00e0 Saint-Emilion, Ch\u00e2teau Canon. Cet ouvrage singulier aborde avec une \u00e9criture visuelle [&hellip;]<\/p>\n","protected":false},"featured_media":50933,"template":"","meta":[],"product_cat":[2948,2953],"product_tag":[],"acf":[],"yoast_head":"<!-- This site is optimized with the Yoast SEO plugin v20.11 - https:\/\/yoast.com\/wordpress\/plugins\/seo\/ -->\n<title>D&#039;une rive \u00e0 l&#039;autre - Librairie 7L<\/title>\n<meta name=\"robots\" content=\"index, follow, max-snippet:-1, max-image-preview:large, max-video-preview:-1\" \/>\n<link rel=\"canonical\" href=\"https:\/\/librairie7l.com\/en\/produit\/dune-rive-a-lautre-2\/\" \/>\n<meta property=\"og:locale\" content=\"en_US\" \/>\n<meta property=\"og:type\" content=\"article\" \/>\n<meta property=\"og:title\" content=\"D&#039;une rive \u00e0 l&#039;autre - Librairie 7L\" \/>\n<meta property=\"og:description\" content=\"L&#8217;eau, le fleuve, le vin aux destins m\u00eal\u00e9s. Trait d&#8217;union entre les vignobles de Bordeaux, l&#8217;estuaire de la Gironde est un miroir o\u00f9 se lit \u00e0 ciel ouvert la po\u00e9sie des maisons qui le bordent. Rive gauche \u00e0 Margaux, Ch\u00e2teau Rauzan-S\u00e9gla. Rive droite \u00e0 Saint-Emilion, Ch\u00e2teau Canon. Cet ouvrage singulier aborde avec une \u00e9criture visuelle [&hellip;]\" \/>\n<meta property=\"og:url\" content=\"https:\/\/librairie7l.com\/en\/produit\/dune-rive-a-lautre-2\/\" \/>\n<meta property=\"og:site_name\" content=\"Librairie 7L\" \/>\n<meta property=\"article:modified_time\" content=\"2026-04-09T21:10:50+00:00\" \/>\n<meta property=\"og:image\" content=\"https:\/\/librairie7l.com\/wp-content\/uploads\/2020\/04\/9782732491721_1_75.jpg\" \/>\n\t<meta property=\"og:image:width\" content=\"400\" \/>\n\t<meta property=\"og:image:height\" content=\"514\" \/>\n\t<meta property=\"og:image:type\" content=\"image\/jpeg\" \/>\n<meta name=\"twitter:card\" content=\"summary_large_image\" \/>\n<meta name=\"twitter:label1\" content=\"Est. reading time\" \/>\n\t<meta name=\"twitter:data1\" content=\"1 minute\" \/>\n<script type=\"application\/ld+json\" class=\"yoast-schema-graph\">{\"@context\":\"https:\/\/schema.org\",\"@graph\":[{\"@type\":\"WebPage\",\"@id\":\"https:\/\/librairie7l.com\/en\/produit\/dune-rive-a-lautre-2\/\",\"url\":\"https:\/\/librairie7l.com\/en\/produit\/dune-rive-a-lautre-2\/\",\"name\":\"D'une rive \u00e0 l'autre - Librairie 7L\",\"isPartOf\":{\"@id\":\"https:\/\/librairie7l.com\/en\/#website\"},\"datePublished\":\"2025-09-26T07:18:02+00:00\",\"dateModified\":\"2026-04-09T21:10:50+00:00\",\"breadcrumb\":{\"@id\":\"https:\/\/librairie7l.com\/en\/produit\/dune-rive-a-lautre-2\/#breadcrumb\"},\"inLanguage\":\"en-US\",\"potentialAction\":[{\"@type\":\"ReadAction\",\"target\":[\"https:\/\/librairie7l.com\/en\/produit\/dune-rive-a-lautre-2\/\"]}]},{\"@type\":\"BreadcrumbList\",\"@id\":\"https:\/\/librairie7l.com\/en\/produit\/dune-rive-a-lautre-2\/#breadcrumb\",\"itemListElement\":[{\"@type\":\"ListItem\",\"position\":1,\"name\":\"Accueil\",\"item\":\"https:\/\/librairie7l.com\/en\/\"},{\"@type\":\"ListItem\",\"position\":2,\"name\":\"Shop\",\"item\":\"https:\/\/librairie7l.com\/en\/shop\/\"},{\"@type\":\"ListItem\",\"position\":3,\"name\":\"D&#8217;UNE RIVE \u00c0 L&#8217;AUTRE\"}]},{\"@type\":\"WebSite\",\"@id\":\"https:\/\/librairie7l.com\/en\/#website\",\"url\":\"https:\/\/librairie7l.com\/en\/\",\"name\":\"Librairie 7L\",\"description\":\"Librairie fond\u00e9e en 1999 par Karl Lagerfeld \u00e0 Paris\",\"publisher\":{\"@id\":\"https:\/\/librairie7l.com\/en\/#organization\"},\"potentialAction\":[{\"@type\":\"SearchAction\",\"target\":{\"@type\":\"EntryPoint\",\"urlTemplate\":\"https:\/\/librairie7l.com\/en\/?s={search_term_string}\"},\"query-input\":\"required name=search_term_string\"}],\"inLanguage\":\"en-US\"},{\"@type\":\"Organization\",\"@id\":\"https:\/\/librairie7l.com\/en\/#organization\",\"name\":\"Librairie 7L\",\"url\":\"https:\/\/librairie7l.com\/en\/\",\"logo\":{\"@type\":\"ImageObject\",\"inLanguage\":\"en-US\",\"@id\":\"https:\/\/librairie7l.com\/en\/#\/schema\/logo\/image\/\",\"url\":\"https:\/\/librairie7l.com\/wp-content\/uploads\/2022\/08\/logo-1.png\",\"contentUrl\":\"https:\/\/librairie7l.com\/wp-content\/uploads\/2022\/08\/logo-1.png\",\"width\":227,\"height\":301,\"caption\":\"Librairie 7L\"},\"image\":{\"@id\":\"https:\/\/librairie7l.com\/en\/#\/schema\/logo\/image\/\"}}]}<\/script>\n<!-- \/ Yoast SEO plugin. -->","yoast_head_json":{"title":"D'une rive \u00e0 l'autre - Librairie 7L","robots":{"index":"index","follow":"follow","max-snippet":"max-snippet:-1","max-image-preview":"max-image-preview:large","max-video-preview":"max-video-preview:-1"},"canonical":"https:\/\/librairie7l.com\/en\/produit\/dune-rive-a-lautre-2\/","og_locale":"en_US","og_type":"article","og_title":"D'une rive \u00e0 l'autre - Librairie 7L","og_description":"L&#8217;eau, le fleuve, le vin aux destins m\u00eal\u00e9s. Trait d&#8217;union entre les vignobles de Bordeaux, l&#8217;estuaire de la Gironde est un miroir o\u00f9 se lit \u00e0 ciel ouvert la po\u00e9sie des maisons qui le bordent. Rive gauche \u00e0 Margaux, Ch\u00e2teau Rauzan-S\u00e9gla. Rive droite \u00e0 Saint-Emilion, Ch\u00e2teau Canon. Cet ouvrage singulier aborde avec une \u00e9criture visuelle [&hellip;]","og_url":"https:\/\/librairie7l.com\/en\/produit\/dune-rive-a-lautre-2\/","og_site_name":"Librairie 7L","article_modified_time":"2026-04-09T21:10:50+00:00","og_image":[{"width":400,"height":514,"url":"https:\/\/librairie7l.com\/wp-content\/uploads\/2020\/04\/9782732491721_1_75.jpg","type":"image\/jpeg"}],"twitter_card":"summary_large_image","twitter_misc":{"Est. reading time":"1 minute"},"schema":{"@context":"https:\/\/schema.org","@graph":[{"@type":"WebPage","@id":"https:\/\/librairie7l.com\/en\/produit\/dune-rive-a-lautre-2\/","url":"https:\/\/librairie7l.com\/en\/produit\/dune-rive-a-lautre-2\/","name":"D'une rive \u00e0 l'autre - Librairie 7L","isPartOf":{"@id":"https:\/\/librairie7l.com\/en\/#website"},"datePublished":"2025-09-26T07:18:02+00:00","dateModified":"2026-04-09T21:10:50+00:00","breadcrumb":{"@id":"https:\/\/librairie7l.com\/en\/produit\/dune-rive-a-lautre-2\/#breadcrumb"},"inLanguage":"en-US","potentialAction":[{"@type":"ReadAction","target":["https:\/\/librairie7l.com\/en\/produit\/dune-rive-a-lautre-2\/"]}]},{"@type":"BreadcrumbList","@id":"https:\/\/librairie7l.com\/en\/produit\/dune-rive-a-lautre-2\/#breadcrumb","itemListElement":[{"@type":"ListItem","position":1,"name":"Accueil","item":"https:\/\/librairie7l.com\/en\/"},{"@type":"ListItem","position":2,"name":"Shop","item":"https:\/\/librairie7l.com\/en\/shop\/"},{"@type":"ListItem","position":3,"name":"D&#8217;UNE RIVE \u00c0 L&#8217;AUTRE"}]},{"@type":"WebSite","@id":"https:\/\/librairie7l.com\/en\/#website","url":"https:\/\/librairie7l.com\/en\/","name":"Librairie 7L","description":"Librairie fond\u00e9e en 1999 par Karl Lagerfeld \u00e0 Paris","publisher":{"@id":"https:\/\/librairie7l.com\/en\/#organization"},"potentialAction":[{"@type":"SearchAction","target":{"@type":"EntryPoint","urlTemplate":"https:\/\/librairie7l.com\/en\/?s={search_term_string}"},"query-input":"required name=search_term_string"}],"inLanguage":"en-US"},{"@type":"Organization","@id":"https:\/\/librairie7l.com\/en\/#organization","name":"Librairie 7L","url":"https:\/\/librairie7l.com\/en\/","logo":{"@type":"ImageObject","inLanguage":"en-US","@id":"https:\/\/librairie7l.com\/en\/#\/schema\/logo\/image\/","url":"https:\/\/librairie7l.com\/wp-content\/uploads\/2022\/08\/logo-1.png","contentUrl":"https:\/\/librairie7l.com\/wp-content\/uploads\/2022\/08\/logo-1.png","width":227,"height":301,"caption":"Librairie 7L"},"image":{"@id":"https:\/\/librairie7l.com\/en\/#\/schema\/logo\/image\/"}}]}},"_links":{"self":[{"href":"https:\/\/librairie7l.com\/en\/wp-json\/wp\/v2\/product\/50935"}],"collection":[{"href":"https:\/\/librairie7l.com\/en\/wp-json\/wp\/v2\/product"}],"about":[{"href":"https:\/\/librairie7l.com\/en\/wp-json\/wp\/v2\/types\/product"}],"wp:featuredmedia":[{"embeddable":true,"href":"https:\/\/librairie7l.com\/en\/wp-json\/wp\/v2\/media\/50933"}],"wp:attachment":[{"href":"https:\/\/librairie7l.com\/en\/wp-json\/wp\/v2\/media?parent=50935"}],"wp:term":[{"taxonomy":"product_cat","embeddable":true,"href":"https:\/\/librairie7l.com\/en\/wp-json\/wp\/v2\/product_cat?post=50935"},{"taxonomy":"product_tag","embeddable":true,"href":"https:\/\/librairie7l.com\/en\/wp-json\/wp\/v2\/product_tag?post=50935"}],"curies":[{"name":"wp","href":"https:\/\/api.w.org\/{rel}","templated":true}]}}