{"id":50947,"date":"2025-09-26T09:18:15","date_gmt":"2025-09-26T07:18:15","guid":{"rendered":"https:\/\/librairie7l.com\/?post_type=product&#038;p=50947"},"modified":"2026-04-14T21:29:05","modified_gmt":"2026-04-14T19:29:05","slug":"serigraphie-secrets-et-astuces-des-plus-grands-serigraphes-2","status":"publish","type":"product","link":"https:\/\/librairie7l.com\/en\/produit\/serigraphie-secrets-et-astuces-des-plus-grands-serigraphes-2\/","title":{"rendered":"S\u00c9RIGRAPHIE ; SECRETS ET ASTUCES DES PLUS GRANDS S\u00c9RIGRAPHES"},"content":{"rendered":"<p>Ce livre propose \u00e0 la fois un guide pratique pour tous les graphistes, illustrateurs et imprimeurs int\u00e9ress\u00e9s par la technique, mais aussi une mine d&#8217;inspiration.<\/p>\n<p>Apr\u00e8s avoir pass\u00e9 en revue tous les domaines d&#8217;utilisation de la s\u00e9rigraphie (textile, affiches, packaging, etc.), le livre explique comment mettre en place son propre atelier de s\u00e9rigraphie et comment reproduire des images avec cette technique traditionnelle mais si moderne.<\/p>\n<p>Enfin, une galerie pr\u00e9sente les cr\u00e9ations des plus grands studios de s\u00e9rigraphie d&#8217;aujourd&#8217;hui. La vari\u00e9t\u00e9 des styles et des champs d&#8217;application d\u00e9montre toute la richesse de cette technique.<\/p>\n","protected":false},"excerpt":{"rendered":"<p>Ce livre propose \u00e0 la fois un guide pratique pour tous les graphistes, illustrateurs et imprimeurs int\u00e9ress\u00e9s par la technique, mais aussi une mine d&#8217;inspiration. Apr\u00e8s avoir pass\u00e9 en revue tous les domaines d&#8217;utilisation de la s\u00e9rigraphie (textile, affiches, packaging, etc.), le livre explique comment mettre en place son propre atelier de s\u00e9rigraphie et comment [&hellip;]<\/p>\n","protected":false},"featured_media":50945,"template":"","meta":[],"product_cat":[2948,2952],"product_tag":[],"acf":[],"yoast_head":"<!-- This site is optimized with the Yoast SEO plugin v20.11 - https:\/\/yoast.com\/wordpress\/plugins\/seo\/ -->\n<title>S\u00e9rigraphie ; secrets et astuces des plus grands s\u00e9rigraphes - Librairie 7L<\/title>\n<meta name=\"robots\" content=\"index, follow, max-snippet:-1, max-image-preview:large, max-video-preview:-1\" \/>\n<link rel=\"canonical\" href=\"https:\/\/librairie7l.com\/en\/produit\/serigraphie-secrets-et-astuces-des-plus-grands-serigraphes-2\/\" \/>\n<meta property=\"og:locale\" content=\"en_US\" \/>\n<meta property=\"og:type\" content=\"article\" \/>\n<meta property=\"og:title\" content=\"S\u00e9rigraphie ; secrets et astuces des plus grands s\u00e9rigraphes - Librairie 7L\" \/>\n<meta property=\"og:description\" content=\"Ce livre propose \u00e0 la fois un guide pratique pour tous les graphistes, illustrateurs et imprimeurs int\u00e9ress\u00e9s par la technique, mais aussi une mine d&#8217;inspiration. Apr\u00e8s avoir pass\u00e9 en revue tous les domaines d&#8217;utilisation de la s\u00e9rigraphie (textile, affiches, packaging, etc.), le livre explique comment mettre en place son propre atelier de s\u00e9rigraphie et comment [&hellip;]\" \/>\n<meta property=\"og:url\" content=\"https:\/\/librairie7l.com\/en\/produit\/serigraphie-secrets-et-astuces-des-plus-grands-serigraphes-2\/\" \/>\n<meta property=\"og:site_name\" content=\"Librairie 7L\" \/>\n<meta property=\"article:modified_time\" content=\"2026-04-14T19:29:05+00:00\" \/>\n<meta property=\"og:image\" content=\"https:\/\/librairie7l.com\/wp-content\/uploads\/2017\/04\/9782350174136_1_75.jpg\" \/>\n\t<meta property=\"og:image:width\" content=\"600\" \/>\n\t<meta property=\"og:image:height\" content=\"781\" \/>\n\t<meta property=\"og:image:type\" content=\"image\/jpeg\" \/>\n<meta name=\"twitter:card\" content=\"summary_large_image\" \/>\n<meta name=\"twitter:label1\" content=\"Est. reading time\" \/>\n\t<meta name=\"twitter:data1\" content=\"1 minute\" \/>\n<script type=\"application\/ld+json\" class=\"yoast-schema-graph\">{\"@context\":\"https:\/\/schema.org\",\"@graph\":[{\"@type\":\"WebPage\",\"@id\":\"https:\/\/librairie7l.com\/en\/produit\/serigraphie-secrets-et-astuces-des-plus-grands-serigraphes-2\/\",\"url\":\"https:\/\/librairie7l.com\/en\/produit\/serigraphie-secrets-et-astuces-des-plus-grands-serigraphes-2\/\",\"name\":\"S\u00e9rigraphie ; secrets et astuces des plus grands s\u00e9rigraphes - Librairie 7L\",\"isPartOf\":{\"@id\":\"https:\/\/librairie7l.com\/en\/#website\"},\"datePublished\":\"2025-09-26T07:18:15+00:00\",\"dateModified\":\"2026-04-14T19:29:05+00:00\",\"breadcrumb\":{\"@id\":\"https:\/\/librairie7l.com\/en\/produit\/serigraphie-secrets-et-astuces-des-plus-grands-serigraphes-2\/#breadcrumb\"},\"inLanguage\":\"en-US\",\"potentialAction\":[{\"@type\":\"ReadAction\",\"target\":[\"https:\/\/librairie7l.com\/en\/produit\/serigraphie-secrets-et-astuces-des-plus-grands-serigraphes-2\/\"]}]},{\"@type\":\"BreadcrumbList\",\"@id\":\"https:\/\/librairie7l.com\/en\/produit\/serigraphie-secrets-et-astuces-des-plus-grands-serigraphes-2\/#breadcrumb\",\"itemListElement\":[{\"@type\":\"ListItem\",\"position\":1,\"name\":\"Accueil\",\"item\":\"https:\/\/librairie7l.com\/en\/\"},{\"@type\":\"ListItem\",\"position\":2,\"name\":\"Shop\",\"item\":\"https:\/\/librairie7l.com\/en\/shop\/\"},{\"@type\":\"ListItem\",\"position\":3,\"name\":\"S\u00c9RIGRAPHIE ; SECRETS ET ASTUCES DES PLUS GRANDS S\u00c9RIGRAPHES\"}]},{\"@type\":\"WebSite\",\"@id\":\"https:\/\/librairie7l.com\/en\/#website\",\"url\":\"https:\/\/librairie7l.com\/en\/\",\"name\":\"Librairie 7L\",\"description\":\"Librairie fond\u00e9e en 1999 par Karl Lagerfeld \u00e0 Paris\",\"publisher\":{\"@id\":\"https:\/\/librairie7l.com\/en\/#organization\"},\"potentialAction\":[{\"@type\":\"SearchAction\",\"target\":{\"@type\":\"EntryPoint\",\"urlTemplate\":\"https:\/\/librairie7l.com\/en\/?s={search_term_string}\"},\"query-input\":\"required name=search_term_string\"}],\"inLanguage\":\"en-US\"},{\"@type\":\"Organization\",\"@id\":\"https:\/\/librairie7l.com\/en\/#organization\",\"name\":\"Librairie 7L\",\"url\":\"https:\/\/librairie7l.com\/en\/\",\"logo\":{\"@type\":\"ImageObject\",\"inLanguage\":\"en-US\",\"@id\":\"https:\/\/librairie7l.com\/en\/#\/schema\/logo\/image\/\",\"url\":\"https:\/\/librairie7l.com\/wp-content\/uploads\/2022\/08\/logo-1.png\",\"contentUrl\":\"https:\/\/librairie7l.com\/wp-content\/uploads\/2022\/08\/logo-1.png\",\"width\":227,\"height\":301,\"caption\":\"Librairie 7L\"},\"image\":{\"@id\":\"https:\/\/librairie7l.com\/en\/#\/schema\/logo\/image\/\"}}]}<\/script>\n<!-- \/ Yoast SEO plugin. -->","yoast_head_json":{"title":"S\u00e9rigraphie ; secrets et astuces des plus grands s\u00e9rigraphes - Librairie 7L","robots":{"index":"index","follow":"follow","max-snippet":"max-snippet:-1","max-image-preview":"max-image-preview:large","max-video-preview":"max-video-preview:-1"},"canonical":"https:\/\/librairie7l.com\/en\/produit\/serigraphie-secrets-et-astuces-des-plus-grands-serigraphes-2\/","og_locale":"en_US","og_type":"article","og_title":"S\u00e9rigraphie ; secrets et astuces des plus grands s\u00e9rigraphes - Librairie 7L","og_description":"Ce livre propose \u00e0 la fois un guide pratique pour tous les graphistes, illustrateurs et imprimeurs int\u00e9ress\u00e9s par la technique, mais aussi une mine d&#8217;inspiration. Apr\u00e8s avoir pass\u00e9 en revue tous les domaines d&#8217;utilisation de la s\u00e9rigraphie (textile, affiches, packaging, etc.), le livre explique comment mettre en place son propre atelier de s\u00e9rigraphie et comment [&hellip;]","og_url":"https:\/\/librairie7l.com\/en\/produit\/serigraphie-secrets-et-astuces-des-plus-grands-serigraphes-2\/","og_site_name":"Librairie 7L","article_modified_time":"2026-04-14T19:29:05+00:00","og_image":[{"width":600,"height":781,"url":"https:\/\/librairie7l.com\/wp-content\/uploads\/2017\/04\/9782350174136_1_75.jpg","type":"image\/jpeg"}],"twitter_card":"summary_large_image","twitter_misc":{"Est. reading time":"1 minute"},"schema":{"@context":"https:\/\/schema.org","@graph":[{"@type":"WebPage","@id":"https:\/\/librairie7l.com\/en\/produit\/serigraphie-secrets-et-astuces-des-plus-grands-serigraphes-2\/","url":"https:\/\/librairie7l.com\/en\/produit\/serigraphie-secrets-et-astuces-des-plus-grands-serigraphes-2\/","name":"S\u00e9rigraphie ; secrets et astuces des plus grands s\u00e9rigraphes - Librairie 7L","isPartOf":{"@id":"https:\/\/librairie7l.com\/en\/#website"},"datePublished":"2025-09-26T07:18:15+00:00","dateModified":"2026-04-14T19:29:05+00:00","breadcrumb":{"@id":"https:\/\/librairie7l.com\/en\/produit\/serigraphie-secrets-et-astuces-des-plus-grands-serigraphes-2\/#breadcrumb"},"inLanguage":"en-US","potentialAction":[{"@type":"ReadAction","target":["https:\/\/librairie7l.com\/en\/produit\/serigraphie-secrets-et-astuces-des-plus-grands-serigraphes-2\/"]}]},{"@type":"BreadcrumbList","@id":"https:\/\/librairie7l.com\/en\/produit\/serigraphie-secrets-et-astuces-des-plus-grands-serigraphes-2\/#breadcrumb","itemListElement":[{"@type":"ListItem","position":1,"name":"Accueil","item":"https:\/\/librairie7l.com\/en\/"},{"@type":"ListItem","position":2,"name":"Shop","item":"https:\/\/librairie7l.com\/en\/shop\/"},{"@type":"ListItem","position":3,"name":"S\u00c9RIGRAPHIE ; SECRETS ET ASTUCES DES PLUS GRANDS S\u00c9RIGRAPHES"}]},{"@type":"WebSite","@id":"https:\/\/librairie7l.com\/en\/#website","url":"https:\/\/librairie7l.com\/en\/","name":"Librairie 7L","description":"Librairie fond\u00e9e en 1999 par Karl Lagerfeld \u00e0 Paris","publisher":{"@id":"https:\/\/librairie7l.com\/en\/#organization"},"potentialAction":[{"@type":"SearchAction","target":{"@type":"EntryPoint","urlTemplate":"https:\/\/librairie7l.com\/en\/?s={search_term_string}"},"query-input":"required name=search_term_string"}],"inLanguage":"en-US"},{"@type":"Organization","@id":"https:\/\/librairie7l.com\/en\/#organization","name":"Librairie 7L","url":"https:\/\/librairie7l.com\/en\/","logo":{"@type":"ImageObject","inLanguage":"en-US","@id":"https:\/\/librairie7l.com\/en\/#\/schema\/logo\/image\/","url":"https:\/\/librairie7l.com\/wp-content\/uploads\/2022\/08\/logo-1.png","contentUrl":"https:\/\/librairie7l.com\/wp-content\/uploads\/2022\/08\/logo-1.png","width":227,"height":301,"caption":"Librairie 7L"},"image":{"@id":"https:\/\/librairie7l.com\/en\/#\/schema\/logo\/image\/"}}]}},"_links":{"self":[{"href":"https:\/\/librairie7l.com\/en\/wp-json\/wp\/v2\/product\/50947"}],"collection":[{"href":"https:\/\/librairie7l.com\/en\/wp-json\/wp\/v2\/product"}],"about":[{"href":"https:\/\/librairie7l.com\/en\/wp-json\/wp\/v2\/types\/product"}],"wp:featuredmedia":[{"embeddable":true,"href":"https:\/\/librairie7l.com\/en\/wp-json\/wp\/v2\/media\/50945"}],"wp:attachment":[{"href":"https:\/\/librairie7l.com\/en\/wp-json\/wp\/v2\/media?parent=50947"}],"wp:term":[{"taxonomy":"product_cat","embeddable":true,"href":"https:\/\/librairie7l.com\/en\/wp-json\/wp\/v2\/product_cat?post=50947"},{"taxonomy":"product_tag","embeddable":true,"href":"https:\/\/librairie7l.com\/en\/wp-json\/wp\/v2\/product_tag?post=50947"}],"curies":[{"name":"wp","href":"https:\/\/api.w.org\/{rel}","templated":true}]}}