{"id":50951,"date":"2025-09-26T09:18:19","date_gmt":"2025-09-26T07:18:19","guid":{"rendered":"https:\/\/librairie7l.com\/?post_type=product&#038;p=50951"},"modified":"2026-04-22T19:12:47","modified_gmt":"2026-04-22T17:12:47","slug":"ateliers-jean-perzel-lefficacite-de-la-lumiere-2","status":"publish","type":"product","link":"https:\/\/librairie7l.com\/en\/produit\/ateliers-jean-perzel-lefficacite-de-la-lumiere-2\/","title":{"rendered":"ATELIERS JEAN PERZEL : L&#8217;EFFICACIT\u00c9 DE LA LUMI\u00c8RE"},"content":{"rendered":"<p>Depuis 1923, les luminaires Jean Perzel, ont acquis une renomm\u00e9e internationale. A l&#8217;\u00e9vocation du nom Jean Perzel, chacun voit d\u00e9filer mentalement divers lampadaires, lampes, plafonniers, suspensions qui ont tous largement contribu\u00e9 \u00e0 la cr\u00e9ation du style Art D\u00e9co. Le livre \u00ab Ateliers Jean Perzel &#8211; l&#8217;efficacit\u00e9 de la lumi\u00e8re \u00bb vient c\u00e9l\u00e9brer le centenaire d&#8217;une entreprise qui n&#8217;a cess\u00e9 de renouveler ses mod\u00e8les, tout en s&#8217;imposant une qualit\u00e9 de fabrication du plus haut niveau. Ecrit par Jean Jacques Wattel, expert r\u00e9put\u00e9 en Arts D\u00e9coratifs du XX\u00e8me si\u00e8cle, ce livre nous plonge dans 100 ans de cr\u00e9ation de luminaires, qui conjuguent infailliblement puret\u00e9 stylistique et \u00e9l\u00e9gance formelle. Les quelques 3000 mod\u00e8les cr\u00e9\u00e9s ne peuvent d&#8217;ailleurs pas tous \u00eatre illustr\u00e9s dans l&#8217;ouvrage. Mais la dimension plus \u00e9tonnante de l&#8217;ouvrage est de plonger dans le mental de Jean Perzel, compagnon verrier, dont les pr\u00e9occupations majeures d\u00e9passaient largement le luminaire esth\u00e9tique. En 1923, alors que naissent en France les premiers luminaires modernistes, Jean Perzel protagoniste de cette nouvelle vague cr\u00e9ative, nourri aux principes du Deutsche Werkbund et du Bauhaus, d\u00e9bute avec rigueur une cr\u00e9ation aux multiples exigences. En effet, Jean Perzel dot\u00e9 d&#8217;une conception architecturale de la lumi\u00e8re, se pr\u00e9occupait toujours en premier lieu de l&#8217;efficacit\u00e9 de la lumi\u00e8re : &#8211; adaptation et r\u00e9partition de la quantit\u00e9 de lumi\u00e8re n\u00e9cessaire dans la pi\u00e8ce \u00e0 \u00e9clairer en privil\u00e9giant plusieurs sources lumineuses &#8211; utilisation maxima de la lumi\u00e8re consomm\u00e9e en \u00e9vitant les points lumineux &#8211; \u00e9viter l&#8217;aveuglement et respecter tant le confort visuel que la physiologie de l&#8217;oeil Ainsi, toutes les cr\u00e9ations sont accompagn\u00e9es de plans indiquant les zones d&#8217;intensit\u00e9 lumineuses d\u00e9finies par telle lampe ou telle suspension. D\u00e8s 1923, et sans d\u00e9faillir, les luminaires seront toujours con\u00e7us en m\u00e9tal et en verre, mat\u00e9riaux d&#8217;\u00e9lection pour l&#8217;efficacit\u00e9 et la propagation de la lumi\u00e8re.<\/p>\n","protected":false},"excerpt":{"rendered":"<p>Depuis 1923, les luminaires Jean Perzel, ont acquis une renomm\u00e9e internationale. A l&#8217;\u00e9vocation du nom Jean Perzel, chacun voit d\u00e9filer mentalement divers lampadaires, lampes, plafonniers, suspensions qui ont tous largement contribu\u00e9 \u00e0 la cr\u00e9ation du style Art D\u00e9co. Le livre \u00ab Ateliers Jean Perzel &#8211; l&#8217;efficacit\u00e9 de la lumi\u00e8re \u00bb vient c\u00e9l\u00e9brer le centenaire d&#8217;une [&hellip;]<\/p>\n","protected":false},"featured_media":50949,"template":"","meta":[],"product_cat":[2948,2952],"product_tag":[],"acf":[],"yoast_head":"<!-- This site is optimized with the Yoast SEO plugin v20.11 - https:\/\/yoast.com\/wordpress\/plugins\/seo\/ -->\n<title>ATELIERS JEAN PERZEL : L&#039;Efficacit\u00e9 de la Lumi\u00e8re - Librairie 7L<\/title>\n<meta name=\"robots\" content=\"index, follow, max-snippet:-1, max-image-preview:large, max-video-preview:-1\" \/>\n<link rel=\"canonical\" href=\"https:\/\/librairie7l.com\/en\/produit\/ateliers-jean-perzel-lefficacite-de-la-lumiere-2\/\" \/>\n<meta property=\"og:locale\" content=\"en_US\" \/>\n<meta property=\"og:type\" content=\"article\" \/>\n<meta property=\"og:title\" content=\"ATELIERS JEAN PERZEL : L&#039;Efficacit\u00e9 de la Lumi\u00e8re - Librairie 7L\" \/>\n<meta property=\"og:description\" content=\"Depuis 1923, les luminaires Jean Perzel, ont acquis une renomm\u00e9e internationale. A l&#8217;\u00e9vocation du nom Jean Perzel, chacun voit d\u00e9filer mentalement divers lampadaires, lampes, plafonniers, suspensions qui ont tous largement contribu\u00e9 \u00e0 la cr\u00e9ation du style Art D\u00e9co. Le livre \u00ab Ateliers Jean Perzel &#8211; l&#8217;efficacit\u00e9 de la lumi\u00e8re \u00bb vient c\u00e9l\u00e9brer le centenaire d&#8217;une [&hellip;]\" \/>\n<meta property=\"og:url\" content=\"https:\/\/librairie7l.com\/en\/produit\/ateliers-jean-perzel-lefficacite-de-la-lumiere-2\/\" \/>\n<meta property=\"og:site_name\" content=\"Librairie 7L\" \/>\n<meta property=\"article:modified_time\" content=\"2026-04-22T17:12:47+00:00\" \/>\n<meta property=\"og:image\" content=\"https:\/\/librairie7l.com\/wp-content\/uploads\/2023\/05\/9791094795101_1_75.jpg\" \/>\n\t<meta property=\"og:image:width\" content=\"600\" \/>\n\t<meta property=\"og:image:height\" content=\"770\" \/>\n\t<meta property=\"og:image:type\" content=\"image\/jpeg\" \/>\n<meta name=\"twitter:card\" content=\"summary_large_image\" \/>\n<meta name=\"twitter:label1\" content=\"Est. reading time\" \/>\n\t<meta name=\"twitter:data1\" content=\"2 minutes\" \/>\n<script type=\"application\/ld+json\" class=\"yoast-schema-graph\">{\"@context\":\"https:\/\/schema.org\",\"@graph\":[{\"@type\":\"WebPage\",\"@id\":\"https:\/\/librairie7l.com\/en\/produit\/ateliers-jean-perzel-lefficacite-de-la-lumiere-2\/\",\"url\":\"https:\/\/librairie7l.com\/en\/produit\/ateliers-jean-perzel-lefficacite-de-la-lumiere-2\/\",\"name\":\"ATELIERS JEAN PERZEL : L'Efficacit\u00e9 de la Lumi\u00e8re - Librairie 7L\",\"isPartOf\":{\"@id\":\"https:\/\/librairie7l.com\/en\/#website\"},\"datePublished\":\"2025-09-26T07:18:19+00:00\",\"dateModified\":\"2026-04-22T17:12:47+00:00\",\"breadcrumb\":{\"@id\":\"https:\/\/librairie7l.com\/en\/produit\/ateliers-jean-perzel-lefficacite-de-la-lumiere-2\/#breadcrumb\"},\"inLanguage\":\"en-US\",\"potentialAction\":[{\"@type\":\"ReadAction\",\"target\":[\"https:\/\/librairie7l.com\/en\/produit\/ateliers-jean-perzel-lefficacite-de-la-lumiere-2\/\"]}]},{\"@type\":\"BreadcrumbList\",\"@id\":\"https:\/\/librairie7l.com\/en\/produit\/ateliers-jean-perzel-lefficacite-de-la-lumiere-2\/#breadcrumb\",\"itemListElement\":[{\"@type\":\"ListItem\",\"position\":1,\"name\":\"Accueil\",\"item\":\"https:\/\/librairie7l.com\/en\/\"},{\"@type\":\"ListItem\",\"position\":2,\"name\":\"Shop\",\"item\":\"https:\/\/librairie7l.com\/en\/shop\/\"},{\"@type\":\"ListItem\",\"position\":3,\"name\":\"ATELIERS JEAN PERZEL : L&#8217;EFFICACIT\u00c9 DE LA LUMI\u00c8RE\"}]},{\"@type\":\"WebSite\",\"@id\":\"https:\/\/librairie7l.com\/en\/#website\",\"url\":\"https:\/\/librairie7l.com\/en\/\",\"name\":\"Librairie 7L\",\"description\":\"Librairie fond\u00e9e en 1999 par Karl Lagerfeld \u00e0 Paris\",\"publisher\":{\"@id\":\"https:\/\/librairie7l.com\/en\/#organization\"},\"potentialAction\":[{\"@type\":\"SearchAction\",\"target\":{\"@type\":\"EntryPoint\",\"urlTemplate\":\"https:\/\/librairie7l.com\/en\/?s={search_term_string}\"},\"query-input\":\"required name=search_term_string\"}],\"inLanguage\":\"en-US\"},{\"@type\":\"Organization\",\"@id\":\"https:\/\/librairie7l.com\/en\/#organization\",\"name\":\"Librairie 7L\",\"url\":\"https:\/\/librairie7l.com\/en\/\",\"logo\":{\"@type\":\"ImageObject\",\"inLanguage\":\"en-US\",\"@id\":\"https:\/\/librairie7l.com\/en\/#\/schema\/logo\/image\/\",\"url\":\"https:\/\/librairie7l.com\/wp-content\/uploads\/2022\/08\/logo-1.png\",\"contentUrl\":\"https:\/\/librairie7l.com\/wp-content\/uploads\/2022\/08\/logo-1.png\",\"width\":227,\"height\":301,\"caption\":\"Librairie 7L\"},\"image\":{\"@id\":\"https:\/\/librairie7l.com\/en\/#\/schema\/logo\/image\/\"}}]}<\/script>\n<!-- \/ Yoast SEO plugin. -->","yoast_head_json":{"title":"ATELIERS JEAN PERZEL : L'Efficacit\u00e9 de la Lumi\u00e8re - Librairie 7L","robots":{"index":"index","follow":"follow","max-snippet":"max-snippet:-1","max-image-preview":"max-image-preview:large","max-video-preview":"max-video-preview:-1"},"canonical":"https:\/\/librairie7l.com\/en\/produit\/ateliers-jean-perzel-lefficacite-de-la-lumiere-2\/","og_locale":"en_US","og_type":"article","og_title":"ATELIERS JEAN PERZEL : L'Efficacit\u00e9 de la Lumi\u00e8re - Librairie 7L","og_description":"Depuis 1923, les luminaires Jean Perzel, ont acquis une renomm\u00e9e internationale. A l&#8217;\u00e9vocation du nom Jean Perzel, chacun voit d\u00e9filer mentalement divers lampadaires, lampes, plafonniers, suspensions qui ont tous largement contribu\u00e9 \u00e0 la cr\u00e9ation du style Art D\u00e9co. Le livre \u00ab Ateliers Jean Perzel &#8211; l&#8217;efficacit\u00e9 de la lumi\u00e8re \u00bb vient c\u00e9l\u00e9brer le centenaire d&#8217;une [&hellip;]","og_url":"https:\/\/librairie7l.com\/en\/produit\/ateliers-jean-perzel-lefficacite-de-la-lumiere-2\/","og_site_name":"Librairie 7L","article_modified_time":"2026-04-22T17:12:47+00:00","og_image":[{"width":600,"height":770,"url":"https:\/\/librairie7l.com\/wp-content\/uploads\/2023\/05\/9791094795101_1_75.jpg","type":"image\/jpeg"}],"twitter_card":"summary_large_image","twitter_misc":{"Est. reading time":"2 minutes"},"schema":{"@context":"https:\/\/schema.org","@graph":[{"@type":"WebPage","@id":"https:\/\/librairie7l.com\/en\/produit\/ateliers-jean-perzel-lefficacite-de-la-lumiere-2\/","url":"https:\/\/librairie7l.com\/en\/produit\/ateliers-jean-perzel-lefficacite-de-la-lumiere-2\/","name":"ATELIERS JEAN PERZEL : L'Efficacit\u00e9 de la Lumi\u00e8re - Librairie 7L","isPartOf":{"@id":"https:\/\/librairie7l.com\/en\/#website"},"datePublished":"2025-09-26T07:18:19+00:00","dateModified":"2026-04-22T17:12:47+00:00","breadcrumb":{"@id":"https:\/\/librairie7l.com\/en\/produit\/ateliers-jean-perzel-lefficacite-de-la-lumiere-2\/#breadcrumb"},"inLanguage":"en-US","potentialAction":[{"@type":"ReadAction","target":["https:\/\/librairie7l.com\/en\/produit\/ateliers-jean-perzel-lefficacite-de-la-lumiere-2\/"]}]},{"@type":"BreadcrumbList","@id":"https:\/\/librairie7l.com\/en\/produit\/ateliers-jean-perzel-lefficacite-de-la-lumiere-2\/#breadcrumb","itemListElement":[{"@type":"ListItem","position":1,"name":"Accueil","item":"https:\/\/librairie7l.com\/en\/"},{"@type":"ListItem","position":2,"name":"Shop","item":"https:\/\/librairie7l.com\/en\/shop\/"},{"@type":"ListItem","position":3,"name":"ATELIERS JEAN PERZEL : L&#8217;EFFICACIT\u00c9 DE LA LUMI\u00c8RE"}]},{"@type":"WebSite","@id":"https:\/\/librairie7l.com\/en\/#website","url":"https:\/\/librairie7l.com\/en\/","name":"Librairie 7L","description":"Librairie fond\u00e9e en 1999 par Karl Lagerfeld \u00e0 Paris","publisher":{"@id":"https:\/\/librairie7l.com\/en\/#organization"},"potentialAction":[{"@type":"SearchAction","target":{"@type":"EntryPoint","urlTemplate":"https:\/\/librairie7l.com\/en\/?s={search_term_string}"},"query-input":"required name=search_term_string"}],"inLanguage":"en-US"},{"@type":"Organization","@id":"https:\/\/librairie7l.com\/en\/#organization","name":"Librairie 7L","url":"https:\/\/librairie7l.com\/en\/","logo":{"@type":"ImageObject","inLanguage":"en-US","@id":"https:\/\/librairie7l.com\/en\/#\/schema\/logo\/image\/","url":"https:\/\/librairie7l.com\/wp-content\/uploads\/2022\/08\/logo-1.png","contentUrl":"https:\/\/librairie7l.com\/wp-content\/uploads\/2022\/08\/logo-1.png","width":227,"height":301,"caption":"Librairie 7L"},"image":{"@id":"https:\/\/librairie7l.com\/en\/#\/schema\/logo\/image\/"}}]}},"_links":{"self":[{"href":"https:\/\/librairie7l.com\/en\/wp-json\/wp\/v2\/product\/50951"}],"collection":[{"href":"https:\/\/librairie7l.com\/en\/wp-json\/wp\/v2\/product"}],"about":[{"href":"https:\/\/librairie7l.com\/en\/wp-json\/wp\/v2\/types\/product"}],"wp:featuredmedia":[{"embeddable":true,"href":"https:\/\/librairie7l.com\/en\/wp-json\/wp\/v2\/media\/50949"}],"wp:attachment":[{"href":"https:\/\/librairie7l.com\/en\/wp-json\/wp\/v2\/media?parent=50951"}],"wp:term":[{"taxonomy":"product_cat","embeddable":true,"href":"https:\/\/librairie7l.com\/en\/wp-json\/wp\/v2\/product_cat?post=50951"},{"taxonomy":"product_tag","embeddable":true,"href":"https:\/\/librairie7l.com\/en\/wp-json\/wp\/v2\/product_tag?post=50951"}],"curies":[{"name":"wp","href":"https:\/\/api.w.org\/{rel}","templated":true}]}}