{"id":50968,"date":"2025-09-27T09:17:47","date_gmt":"2025-09-27T07:17:47","guid":{"rendered":"https:\/\/librairie7l.com\/?post_type=product&#038;p=50968"},"modified":"2026-04-12T22:42:34","modified_gmt":"2026-04-12T20:42:34","slug":"tony-oursler-hoisted-from-the-pit-2","status":"publish","type":"product","link":"https:\/\/librairie7l.com\/en\/produit\/tony-oursler-hoisted-from-the-pit-2\/","title":{"rendered":"TONY OURSLER. HOISTED FROM THE PIT"},"content":{"rendered":"<p>L&#8217;histoire du \u00ab g\u00e9ant de Cardiff \u00bb est encore aujourd&#8217;hui l&#8217;une des supercheries scientifiques les plus incroyables de l&#8217;histoire de l&#8217;arch\u00e9ologie en Am\u00e9rique du Nord. La statue de pierre doit son nom au lieu o\u00f9 elle a \u00e9t\u00e9 d\u00e9couverte, dans l&#8217;\u00c9tat de New York. George Hull, ath\u00e9e, avait pris connaissance en discutant avec un pasteur m\u00e9thodiste du verset de la Bible Gen\u00e8se 6.4 : \u00ab En ces jours, les g\u00e9ants \u00e9taient sur la terre et ils y \u00e9taient encore lorsque les fils de Dieu vinrent trouver des filles d&#8217;homme et eurent d&#8217;elles des enfants \u00bb. Il eut l&#8217;id\u00e9e de faire fabriquer une statue humaine surdimensionn\u00e9e et de l&#8217;enterrer sur le terrain de son complice William Newell. Ils firent en sorte d&#8217;organiser un an plus tard au m\u00eame endroit le creusement d&#8217;un puits au cours duquel le g\u00e9ant fut \u00ab d\u00e9couvert \u00bb par hasard. La trouvaille apparemment exceptionnelle du g\u00e9ant antique fit l&#8217;objet de commentaires dans tout le pays. Le calcul de Hull et Newell s&#8217;av\u00e9ra exact, ils imagin\u00e8rent de faire payer les curieux pour jeter un regard sur le g\u00e9ant. On ne tarda pas \u00e0 constater qu&#8217;il s&#8217;agissait d&#8217;un faux, mais l&#8217;histoire du g\u00e9ant allait d\u00e9velopper une dynamique propre, incitant m\u00eame des chercheurs \u00e0 \u00e9laborer des th\u00e9ories sur les premiers temps des USA \u00e0 partir du canular. Tony Oursler, n\u00e9 en 1957 \u00e0 New York, a fait des recherches sur l&#8217;histoire et son contexte et a utilis\u00e9 les r\u00e9sultats pour une installation multim\u00e9dia qui associe les faits historiques et des objets sp\u00e9cialement fabriqu\u00e9s dans une esth\u00e9tique de sc\u00e8ne m\u00ealant th\u00e9\u00e2tre et f\u00eate foraine. Elle entra\u00eene le public dans un univers fantastique d\u00e9bordant d&#8217;illusions o\u00f9 il p\u00e9n\u00e8tre avec un frisson de plaisir, comme dans un cabinet de curiosit\u00e9s. Cet amalgame entre recherche historique et faits scientifiques, escroquerie cibl\u00e9e et s\u00e9duction des masses nous est malheureusement devenu entre-temps par trop familier. Les crises religieuses, fake news et th\u00e9ories du complot sont aujourd&#8217;hui omnipr\u00e9sentes et le r\u00f4le des m\u00e9dias sociaux est essentiel pour le succ\u00e8s de ces entreprises frauduleuses. En s&#8217;appropriant l&#8217;histoire du \u00ab g\u00e9ant de Cardiff \u00bb qu&#8217;il pr\u00e9sente dans le monde entier depuis des d\u00e9cennies, l&#8217;artiste vid\u00e9o Tony Oursler r\u00e9alise une parabole aussi divertissante qu&#8217;insondable sur la morale double et la perte de confiance envers le r\u00e9cit occidental dominant de science et de progr\u00e8s.<\/p>\n","protected":false},"excerpt":{"rendered":"<p>L&#8217;histoire du \u00ab g\u00e9ant de Cardiff \u00bb est encore aujourd&#8217;hui l&#8217;une des supercheries scientifiques les plus incroyables de l&#8217;histoire de l&#8217;arch\u00e9ologie en Am\u00e9rique du Nord. La statue de pierre doit son nom au lieu o\u00f9 elle a \u00e9t\u00e9 d\u00e9couverte, dans l&#8217;\u00c9tat de New York. George Hull, ath\u00e9e, avait pris connaissance en discutant avec un pasteur [&hellip;]<\/p>\n","protected":false},"featured_media":0,"template":"","meta":[],"product_cat":[2948,2953],"product_tag":[],"acf":[],"yoast_head":"<!-- This site is optimized with the Yoast SEO plugin v20.11 - https:\/\/yoast.com\/wordpress\/plugins\/seo\/ -->\n<title>Tony Oursler. Hoisted from the Pit - Librairie 7L<\/title>\n<meta name=\"robots\" content=\"index, follow, max-snippet:-1, max-image-preview:large, max-video-preview:-1\" \/>\n<link rel=\"canonical\" href=\"https:\/\/librairie7l.com\/en\/produit\/tony-oursler-hoisted-from-the-pit-2\/\" \/>\n<meta property=\"og:locale\" content=\"en_US\" \/>\n<meta property=\"og:type\" content=\"article\" \/>\n<meta property=\"og:title\" content=\"Tony Oursler. Hoisted from the Pit - Librairie 7L\" \/>\n<meta property=\"og:description\" content=\"L&#8217;histoire du \u00ab g\u00e9ant de Cardiff \u00bb est encore aujourd&#8217;hui l&#8217;une des supercheries scientifiques les plus incroyables de l&#8217;histoire de l&#8217;arch\u00e9ologie en Am\u00e9rique du Nord. La statue de pierre doit son nom au lieu o\u00f9 elle a \u00e9t\u00e9 d\u00e9couverte, dans l&#8217;\u00c9tat de New York. George Hull, ath\u00e9e, avait pris connaissance en discutant avec un pasteur [&hellip;]\" \/>\n<meta property=\"og:url\" content=\"https:\/\/librairie7l.com\/en\/produit\/tony-oursler-hoisted-from-the-pit-2\/\" \/>\n<meta property=\"og:site_name\" content=\"Librairie 7L\" \/>\n<meta property=\"article:modified_time\" content=\"2026-04-12T20:42:34+00:00\" \/>\n<meta name=\"twitter:card\" content=\"summary_large_image\" \/>\n<meta name=\"twitter:label1\" content=\"Est. reading time\" \/>\n\t<meta name=\"twitter:data1\" content=\"2 minutes\" \/>\n<script type=\"application\/ld+json\" class=\"yoast-schema-graph\">{\"@context\":\"https:\/\/schema.org\",\"@graph\":[{\"@type\":\"WebPage\",\"@id\":\"https:\/\/librairie7l.com\/en\/produit\/tony-oursler-hoisted-from-the-pit-2\/\",\"url\":\"https:\/\/librairie7l.com\/en\/produit\/tony-oursler-hoisted-from-the-pit-2\/\",\"name\":\"Tony Oursler. Hoisted from the Pit - Librairie 7L\",\"isPartOf\":{\"@id\":\"https:\/\/librairie7l.com\/en\/#website\"},\"datePublished\":\"2025-09-27T07:17:47+00:00\",\"dateModified\":\"2026-04-12T20:42:34+00:00\",\"breadcrumb\":{\"@id\":\"https:\/\/librairie7l.com\/en\/produit\/tony-oursler-hoisted-from-the-pit-2\/#breadcrumb\"},\"inLanguage\":\"en-US\",\"potentialAction\":[{\"@type\":\"ReadAction\",\"target\":[\"https:\/\/librairie7l.com\/en\/produit\/tony-oursler-hoisted-from-the-pit-2\/\"]}]},{\"@type\":\"BreadcrumbList\",\"@id\":\"https:\/\/librairie7l.com\/en\/produit\/tony-oursler-hoisted-from-the-pit-2\/#breadcrumb\",\"itemListElement\":[{\"@type\":\"ListItem\",\"position\":1,\"name\":\"Accueil\",\"item\":\"https:\/\/librairie7l.com\/en\/\"},{\"@type\":\"ListItem\",\"position\":2,\"name\":\"Shop\",\"item\":\"https:\/\/librairie7l.com\/en\/shop\/\"},{\"@type\":\"ListItem\",\"position\":3,\"name\":\"TONY OURSLER. HOISTED FROM THE PIT\"}]},{\"@type\":\"WebSite\",\"@id\":\"https:\/\/librairie7l.com\/en\/#website\",\"url\":\"https:\/\/librairie7l.com\/en\/\",\"name\":\"Librairie 7L\",\"description\":\"Librairie fond\u00e9e en 1999 par Karl Lagerfeld \u00e0 Paris\",\"publisher\":{\"@id\":\"https:\/\/librairie7l.com\/en\/#organization\"},\"potentialAction\":[{\"@type\":\"SearchAction\",\"target\":{\"@type\":\"EntryPoint\",\"urlTemplate\":\"https:\/\/librairie7l.com\/en\/?s={search_term_string}\"},\"query-input\":\"required name=search_term_string\"}],\"inLanguage\":\"en-US\"},{\"@type\":\"Organization\",\"@id\":\"https:\/\/librairie7l.com\/en\/#organization\",\"name\":\"Librairie 7L\",\"url\":\"https:\/\/librairie7l.com\/en\/\",\"logo\":{\"@type\":\"ImageObject\",\"inLanguage\":\"en-US\",\"@id\":\"https:\/\/librairie7l.com\/en\/#\/schema\/logo\/image\/\",\"url\":\"https:\/\/librairie7l.com\/wp-content\/uploads\/2022\/08\/logo-1.png\",\"contentUrl\":\"https:\/\/librairie7l.com\/wp-content\/uploads\/2022\/08\/logo-1.png\",\"width\":227,\"height\":301,\"caption\":\"Librairie 7L\"},\"image\":{\"@id\":\"https:\/\/librairie7l.com\/en\/#\/schema\/logo\/image\/\"}}]}<\/script>\n<!-- \/ Yoast SEO plugin. -->","yoast_head_json":{"title":"Tony Oursler. Hoisted from the Pit - Librairie 7L","robots":{"index":"index","follow":"follow","max-snippet":"max-snippet:-1","max-image-preview":"max-image-preview:large","max-video-preview":"max-video-preview:-1"},"canonical":"https:\/\/librairie7l.com\/en\/produit\/tony-oursler-hoisted-from-the-pit-2\/","og_locale":"en_US","og_type":"article","og_title":"Tony Oursler. Hoisted from the Pit - Librairie 7L","og_description":"L&#8217;histoire du \u00ab g\u00e9ant de Cardiff \u00bb est encore aujourd&#8217;hui l&#8217;une des supercheries scientifiques les plus incroyables de l&#8217;histoire de l&#8217;arch\u00e9ologie en Am\u00e9rique du Nord. La statue de pierre doit son nom au lieu o\u00f9 elle a \u00e9t\u00e9 d\u00e9couverte, dans l&#8217;\u00c9tat de New York. George Hull, ath\u00e9e, avait pris connaissance en discutant avec un pasteur [&hellip;]","og_url":"https:\/\/librairie7l.com\/en\/produit\/tony-oursler-hoisted-from-the-pit-2\/","og_site_name":"Librairie 7L","article_modified_time":"2026-04-12T20:42:34+00:00","twitter_card":"summary_large_image","twitter_misc":{"Est. reading time":"2 minutes"},"schema":{"@context":"https:\/\/schema.org","@graph":[{"@type":"WebPage","@id":"https:\/\/librairie7l.com\/en\/produit\/tony-oursler-hoisted-from-the-pit-2\/","url":"https:\/\/librairie7l.com\/en\/produit\/tony-oursler-hoisted-from-the-pit-2\/","name":"Tony Oursler. Hoisted from the Pit - Librairie 7L","isPartOf":{"@id":"https:\/\/librairie7l.com\/en\/#website"},"datePublished":"2025-09-27T07:17:47+00:00","dateModified":"2026-04-12T20:42:34+00:00","breadcrumb":{"@id":"https:\/\/librairie7l.com\/en\/produit\/tony-oursler-hoisted-from-the-pit-2\/#breadcrumb"},"inLanguage":"en-US","potentialAction":[{"@type":"ReadAction","target":["https:\/\/librairie7l.com\/en\/produit\/tony-oursler-hoisted-from-the-pit-2\/"]}]},{"@type":"BreadcrumbList","@id":"https:\/\/librairie7l.com\/en\/produit\/tony-oursler-hoisted-from-the-pit-2\/#breadcrumb","itemListElement":[{"@type":"ListItem","position":1,"name":"Accueil","item":"https:\/\/librairie7l.com\/en\/"},{"@type":"ListItem","position":2,"name":"Shop","item":"https:\/\/librairie7l.com\/en\/shop\/"},{"@type":"ListItem","position":3,"name":"TONY OURSLER. HOISTED FROM THE PIT"}]},{"@type":"WebSite","@id":"https:\/\/librairie7l.com\/en\/#website","url":"https:\/\/librairie7l.com\/en\/","name":"Librairie 7L","description":"Librairie fond\u00e9e en 1999 par Karl Lagerfeld \u00e0 Paris","publisher":{"@id":"https:\/\/librairie7l.com\/en\/#organization"},"potentialAction":[{"@type":"SearchAction","target":{"@type":"EntryPoint","urlTemplate":"https:\/\/librairie7l.com\/en\/?s={search_term_string}"},"query-input":"required name=search_term_string"}],"inLanguage":"en-US"},{"@type":"Organization","@id":"https:\/\/librairie7l.com\/en\/#organization","name":"Librairie 7L","url":"https:\/\/librairie7l.com\/en\/","logo":{"@type":"ImageObject","inLanguage":"en-US","@id":"https:\/\/librairie7l.com\/en\/#\/schema\/logo\/image\/","url":"https:\/\/librairie7l.com\/wp-content\/uploads\/2022\/08\/logo-1.png","contentUrl":"https:\/\/librairie7l.com\/wp-content\/uploads\/2022\/08\/logo-1.png","width":227,"height":301,"caption":"Librairie 7L"},"image":{"@id":"https:\/\/librairie7l.com\/en\/#\/schema\/logo\/image\/"}}]}},"_links":{"self":[{"href":"https:\/\/librairie7l.com\/en\/wp-json\/wp\/v2\/product\/50968"}],"collection":[{"href":"https:\/\/librairie7l.com\/en\/wp-json\/wp\/v2\/product"}],"about":[{"href":"https:\/\/librairie7l.com\/en\/wp-json\/wp\/v2\/types\/product"}],"wp:attachment":[{"href":"https:\/\/librairie7l.com\/en\/wp-json\/wp\/v2\/media?parent=50968"}],"wp:term":[{"taxonomy":"product_cat","embeddable":true,"href":"https:\/\/librairie7l.com\/en\/wp-json\/wp\/v2\/product_cat?post=50968"},{"taxonomy":"product_tag","embeddable":true,"href":"https:\/\/librairie7l.com\/en\/wp-json\/wp\/v2\/product_tag?post=50968"}],"curies":[{"name":"wp","href":"https:\/\/api.w.org\/{rel}","templated":true}]}}