{"id":50980,"date":"2025-09-27T09:17:54","date_gmt":"2025-09-27T07:17:54","guid":{"rendered":"https:\/\/librairie7l.com\/?post_type=product&#038;p=50980"},"modified":"2026-04-22T20:54:59","modified_gmt":"2026-04-22T18:54:59","slug":"netsuke-100-miniature-masterpieces-from-japan-2","status":"publish","type":"product","link":"https:\/\/librairie7l.com\/en\/produit\/netsuke-100-miniature-masterpieces-from-japan-2\/","title":{"rendered":"NETSUKE 100 MINIATURE MASTERPIECES FROM JAPAN"},"content":{"rendered":"<p>La pr\u00e9sentation d&#8217;une centaine des netsuke les plus fascinants de la collection du British Museum. R\u00e9v\u00e9lant l&#8217;histoire de chaque objet, cet ouvrage explique pourquoi ces petits accessoires de bois, d&#8217;ivoire ou de porcelaine servant \u00e0 attacher des \u00e9l\u00e9ments \u00e0 la ceinture du kimono ont tant fascin\u00e9, et quelle est leur signification dans la culture japonaise.<\/p>\n","protected":false},"excerpt":{"rendered":"<p>La pr\u00e9sentation d&#8217;une centaine des netsuke les plus fascinants de la collection du British Museum. R\u00e9v\u00e9lant l&#8217;histoire de chaque objet, cet ouvrage explique pourquoi ces petits accessoires de bois, d&#8217;ivoire ou de porcelaine servant \u00e0 attacher des \u00e9l\u00e9ments \u00e0 la ceinture du kimono ont tant fascin\u00e9, et quelle est leur signification dans la culture japonaise.<\/p>\n","protected":false},"featured_media":50978,"template":"","meta":[],"product_cat":[2948,2952],"product_tag":[],"acf":[],"yoast_head":"<!-- This site is optimized with the Yoast SEO plugin v20.11 - https:\/\/yoast.com\/wordpress\/plugins\/seo\/ -->\n<title>Netsuke 100 miniature masterpieces from japan - Librairie 7L<\/title>\n<meta name=\"robots\" content=\"index, follow, max-snippet:-1, max-image-preview:large, max-video-preview:-1\" \/>\n<link rel=\"canonical\" href=\"https:\/\/librairie7l.com\/en\/produit\/netsuke-100-miniature-masterpieces-from-japan-2\/\" \/>\n<meta property=\"og:locale\" content=\"en_US\" \/>\n<meta property=\"og:type\" content=\"article\" \/>\n<meta property=\"og:title\" content=\"Netsuke 100 miniature masterpieces from japan - Librairie 7L\" \/>\n<meta property=\"og:description\" content=\"La pr\u00e9sentation d&#8217;une centaine des netsuke les plus fascinants de la collection du British Museum. R\u00e9v\u00e9lant l&#8217;histoire de chaque objet, cet ouvrage explique pourquoi ces petits accessoires de bois, d&#8217;ivoire ou de porcelaine servant \u00e0 attacher des \u00e9l\u00e9ments \u00e0 la ceinture du kimono ont tant fascin\u00e9, et quelle est leur signification dans la culture japonaise.\" \/>\n<meta property=\"og:url\" content=\"https:\/\/librairie7l.com\/en\/produit\/netsuke-100-miniature-masterpieces-from-japan-2\/\" \/>\n<meta property=\"og:site_name\" content=\"Librairie 7L\" \/>\n<meta property=\"article:modified_time\" content=\"2026-04-22T18:54:59+00:00\" \/>\n<meta property=\"og:image\" content=\"https:\/\/librairie7l.com\/wp-content\/uploads\/2014\/05\/9780714124810_1_75.jpg\" \/>\n\t<meta property=\"og:image:width\" content=\"489\" \/>\n\t<meta property=\"og:image:height\" content=\"500\" \/>\n\t<meta property=\"og:image:type\" content=\"image\/jpeg\" \/>\n<meta name=\"twitter:card\" content=\"summary_large_image\" \/>\n<script type=\"application\/ld+json\" class=\"yoast-schema-graph\">{\"@context\":\"https:\/\/schema.org\",\"@graph\":[{\"@type\":\"WebPage\",\"@id\":\"https:\/\/librairie7l.com\/en\/produit\/netsuke-100-miniature-masterpieces-from-japan-2\/\",\"url\":\"https:\/\/librairie7l.com\/en\/produit\/netsuke-100-miniature-masterpieces-from-japan-2\/\",\"name\":\"Netsuke 100 miniature masterpieces from japan - Librairie 7L\",\"isPartOf\":{\"@id\":\"https:\/\/librairie7l.com\/en\/#website\"},\"datePublished\":\"2025-09-27T07:17:54+00:00\",\"dateModified\":\"2026-04-22T18:54:59+00:00\",\"breadcrumb\":{\"@id\":\"https:\/\/librairie7l.com\/en\/produit\/netsuke-100-miniature-masterpieces-from-japan-2\/#breadcrumb\"},\"inLanguage\":\"en-US\",\"potentialAction\":[{\"@type\":\"ReadAction\",\"target\":[\"https:\/\/librairie7l.com\/en\/produit\/netsuke-100-miniature-masterpieces-from-japan-2\/\"]}]},{\"@type\":\"BreadcrumbList\",\"@id\":\"https:\/\/librairie7l.com\/en\/produit\/netsuke-100-miniature-masterpieces-from-japan-2\/#breadcrumb\",\"itemListElement\":[{\"@type\":\"ListItem\",\"position\":1,\"name\":\"Accueil\",\"item\":\"https:\/\/librairie7l.com\/en\/\"},{\"@type\":\"ListItem\",\"position\":2,\"name\":\"Shop\",\"item\":\"https:\/\/librairie7l.com\/en\/shop\/\"},{\"@type\":\"ListItem\",\"position\":3,\"name\":\"NETSUKE 100 MINIATURE MASTERPIECES FROM JAPAN\"}]},{\"@type\":\"WebSite\",\"@id\":\"https:\/\/librairie7l.com\/en\/#website\",\"url\":\"https:\/\/librairie7l.com\/en\/\",\"name\":\"Librairie 7L\",\"description\":\"Librairie fond\u00e9e en 1999 par Karl Lagerfeld \u00e0 Paris\",\"publisher\":{\"@id\":\"https:\/\/librairie7l.com\/en\/#organization\"},\"potentialAction\":[{\"@type\":\"SearchAction\",\"target\":{\"@type\":\"EntryPoint\",\"urlTemplate\":\"https:\/\/librairie7l.com\/en\/?s={search_term_string}\"},\"query-input\":\"required name=search_term_string\"}],\"inLanguage\":\"en-US\"},{\"@type\":\"Organization\",\"@id\":\"https:\/\/librairie7l.com\/en\/#organization\",\"name\":\"Librairie 7L\",\"url\":\"https:\/\/librairie7l.com\/en\/\",\"logo\":{\"@type\":\"ImageObject\",\"inLanguage\":\"en-US\",\"@id\":\"https:\/\/librairie7l.com\/en\/#\/schema\/logo\/image\/\",\"url\":\"https:\/\/librairie7l.com\/wp-content\/uploads\/2022\/08\/logo-1.png\",\"contentUrl\":\"https:\/\/librairie7l.com\/wp-content\/uploads\/2022\/08\/logo-1.png\",\"width\":227,\"height\":301,\"caption\":\"Librairie 7L\"},\"image\":{\"@id\":\"https:\/\/librairie7l.com\/en\/#\/schema\/logo\/image\/\"}}]}<\/script>\n<!-- \/ Yoast SEO plugin. -->","yoast_head_json":{"title":"Netsuke 100 miniature masterpieces from japan - Librairie 7L","robots":{"index":"index","follow":"follow","max-snippet":"max-snippet:-1","max-image-preview":"max-image-preview:large","max-video-preview":"max-video-preview:-1"},"canonical":"https:\/\/librairie7l.com\/en\/produit\/netsuke-100-miniature-masterpieces-from-japan-2\/","og_locale":"en_US","og_type":"article","og_title":"Netsuke 100 miniature masterpieces from japan - Librairie 7L","og_description":"La pr\u00e9sentation d&#8217;une centaine des netsuke les plus fascinants de la collection du British Museum. R\u00e9v\u00e9lant l&#8217;histoire de chaque objet, cet ouvrage explique pourquoi ces petits accessoires de bois, d&#8217;ivoire ou de porcelaine servant \u00e0 attacher des \u00e9l\u00e9ments \u00e0 la ceinture du kimono ont tant fascin\u00e9, et quelle est leur signification dans la culture japonaise.","og_url":"https:\/\/librairie7l.com\/en\/produit\/netsuke-100-miniature-masterpieces-from-japan-2\/","og_site_name":"Librairie 7L","article_modified_time":"2026-04-22T18:54:59+00:00","og_image":[{"width":489,"height":500,"url":"https:\/\/librairie7l.com\/wp-content\/uploads\/2014\/05\/9780714124810_1_75.jpg","type":"image\/jpeg"}],"twitter_card":"summary_large_image","schema":{"@context":"https:\/\/schema.org","@graph":[{"@type":"WebPage","@id":"https:\/\/librairie7l.com\/en\/produit\/netsuke-100-miniature-masterpieces-from-japan-2\/","url":"https:\/\/librairie7l.com\/en\/produit\/netsuke-100-miniature-masterpieces-from-japan-2\/","name":"Netsuke 100 miniature masterpieces from japan - Librairie 7L","isPartOf":{"@id":"https:\/\/librairie7l.com\/en\/#website"},"datePublished":"2025-09-27T07:17:54+00:00","dateModified":"2026-04-22T18:54:59+00:00","breadcrumb":{"@id":"https:\/\/librairie7l.com\/en\/produit\/netsuke-100-miniature-masterpieces-from-japan-2\/#breadcrumb"},"inLanguage":"en-US","potentialAction":[{"@type":"ReadAction","target":["https:\/\/librairie7l.com\/en\/produit\/netsuke-100-miniature-masterpieces-from-japan-2\/"]}]},{"@type":"BreadcrumbList","@id":"https:\/\/librairie7l.com\/en\/produit\/netsuke-100-miniature-masterpieces-from-japan-2\/#breadcrumb","itemListElement":[{"@type":"ListItem","position":1,"name":"Accueil","item":"https:\/\/librairie7l.com\/en\/"},{"@type":"ListItem","position":2,"name":"Shop","item":"https:\/\/librairie7l.com\/en\/shop\/"},{"@type":"ListItem","position":3,"name":"NETSUKE 100 MINIATURE MASTERPIECES FROM JAPAN"}]},{"@type":"WebSite","@id":"https:\/\/librairie7l.com\/en\/#website","url":"https:\/\/librairie7l.com\/en\/","name":"Librairie 7L","description":"Librairie fond\u00e9e en 1999 par Karl Lagerfeld \u00e0 Paris","publisher":{"@id":"https:\/\/librairie7l.com\/en\/#organization"},"potentialAction":[{"@type":"SearchAction","target":{"@type":"EntryPoint","urlTemplate":"https:\/\/librairie7l.com\/en\/?s={search_term_string}"},"query-input":"required name=search_term_string"}],"inLanguage":"en-US"},{"@type":"Organization","@id":"https:\/\/librairie7l.com\/en\/#organization","name":"Librairie 7L","url":"https:\/\/librairie7l.com\/en\/","logo":{"@type":"ImageObject","inLanguage":"en-US","@id":"https:\/\/librairie7l.com\/en\/#\/schema\/logo\/image\/","url":"https:\/\/librairie7l.com\/wp-content\/uploads\/2022\/08\/logo-1.png","contentUrl":"https:\/\/librairie7l.com\/wp-content\/uploads\/2022\/08\/logo-1.png","width":227,"height":301,"caption":"Librairie 7L"},"image":{"@id":"https:\/\/librairie7l.com\/en\/#\/schema\/logo\/image\/"}}]}},"_links":{"self":[{"href":"https:\/\/librairie7l.com\/en\/wp-json\/wp\/v2\/product\/50980"}],"collection":[{"href":"https:\/\/librairie7l.com\/en\/wp-json\/wp\/v2\/product"}],"about":[{"href":"https:\/\/librairie7l.com\/en\/wp-json\/wp\/v2\/types\/product"}],"wp:featuredmedia":[{"embeddable":true,"href":"https:\/\/librairie7l.com\/en\/wp-json\/wp\/v2\/media\/50978"}],"wp:attachment":[{"href":"https:\/\/librairie7l.com\/en\/wp-json\/wp\/v2\/media?parent=50980"}],"wp:term":[{"taxonomy":"product_cat","embeddable":true,"href":"https:\/\/librairie7l.com\/en\/wp-json\/wp\/v2\/product_cat?post=50980"},{"taxonomy":"product_tag","embeddable":true,"href":"https:\/\/librairie7l.com\/en\/wp-json\/wp\/v2\/product_tag?post=50980"}],"curies":[{"name":"wp","href":"https:\/\/api.w.org\/{rel}","templated":true}]}}