{"id":51000,"date":"2025-09-27T09:18:07","date_gmt":"2025-09-27T07:18:07","guid":{"rendered":"https:\/\/librairie7l.com\/?post_type=product&#038;p=51000"},"modified":"2026-04-13T00:18:03","modified_gmt":"2026-04-12T22:18:03","slug":"le-miroir-du-merveilleux-2","status":"publish","type":"product","link":"https:\/\/librairie7l.com\/en\/produit\/le-miroir-du-merveilleux-2\/","title":{"rendered":"LE MIROIR DU MERVEILLEUX"},"content":{"rendered":"<p>Incontournable \u00e0 la compr\u00e9hension du surr\u00e9alisme, Le<br \/>\nMiroir du merveilleux se livre \u00e0 une exploration de<br \/>\nl&#8217;univers po\u00e9tique \u00e0 travers les th\u00e8mes de \u00ab la cr\u00e9ation et<br \/>\nla destruction du monde \u00bb, \u00ab la travers\u00e9e des \u00e9l\u00e9ments et<br \/>\nles \u00e9preuves purificatrices \u00bb, \u00ab la lutte contre la mort \u00bb, \u00ab<br \/>\nles voyages merveilleux \u00bb, \u00ab la pr\u00e9destination \u00bb, \u00ab la<br \/>\nqu\u00eate du Graal \u00bb, \u00ab la puissance magique de l&#8217;Amour \u00bb.<br \/>\nL&#8217;index comprend une quarantaine d&#8217;auteurs et une<br \/>\ntrentaine d&#8217;oeuvres anonymes de toutes \u00e9poques et de<br \/>\ntous lieux qui sont autant de t\u00e9moignages du merveilleux<br \/>\nen chacun de nous et qui marquent l&#8217;ambition universelle<br \/>\nde ce livre.<\/p>\n","protected":false},"excerpt":{"rendered":"<p>Incontournable \u00e0 la compr\u00e9hension du surr\u00e9alisme, Le Miroir du merveilleux se livre \u00e0 une exploration de l&#8217;univers po\u00e9tique \u00e0 travers les th\u00e8mes de \u00ab la cr\u00e9ation et la destruction du monde \u00bb, \u00ab la travers\u00e9e des \u00e9l\u00e9ments et les \u00e9preuves purificatrices \u00bb, \u00ab la lutte contre la mort \u00bb, \u00ab les voyages merveilleux \u00bb, \u00ab [&hellip;]<\/p>\n","protected":false},"featured_media":50998,"template":"","meta":[],"product_cat":[2948,2953],"product_tag":[],"acf":[],"yoast_head":"<!-- This site is optimized with the Yoast SEO plugin v20.11 - https:\/\/yoast.com\/wordpress\/plugins\/seo\/ -->\n<title>Le miroir du merveilleux - Librairie 7L<\/title>\n<meta name=\"robots\" content=\"index, follow, max-snippet:-1, max-image-preview:large, max-video-preview:-1\" \/>\n<link rel=\"canonical\" href=\"https:\/\/librairie7l.com\/en\/produit\/le-miroir-du-merveilleux-2\/\" \/>\n<meta property=\"og:locale\" content=\"en_US\" \/>\n<meta property=\"og:type\" content=\"article\" \/>\n<meta property=\"og:title\" content=\"Le miroir du merveilleux - Librairie 7L\" \/>\n<meta property=\"og:description\" content=\"Incontournable \u00e0 la compr\u00e9hension du surr\u00e9alisme, Le Miroir du merveilleux se livre \u00e0 une exploration de l&#8217;univers po\u00e9tique \u00e0 travers les th\u00e8mes de \u00ab la cr\u00e9ation et la destruction du monde \u00bb, \u00ab la travers\u00e9e des \u00e9l\u00e9ments et les \u00e9preuves purificatrices \u00bb, \u00ab la lutte contre la mort \u00bb, \u00ab les voyages merveilleux \u00bb, \u00ab [&hellip;]\" \/>\n<meta property=\"og:url\" content=\"https:\/\/librairie7l.com\/en\/produit\/le-miroir-du-merveilleux-2\/\" \/>\n<meta property=\"og:site_name\" content=\"Librairie 7L\" \/>\n<meta property=\"article:modified_time\" content=\"2026-04-12T22:18:03+00:00\" \/>\n<meta property=\"og:image\" content=\"https:\/\/librairie7l.com\/wp-content\/uploads\/2024\/04\/9782849757611_1_75.jpg\" \/>\n\t<meta property=\"og:image:width\" content=\"600\" \/>\n\t<meta property=\"og:image:height\" content=\"894\" \/>\n\t<meta property=\"og:image:type\" content=\"image\/jpeg\" \/>\n<meta name=\"twitter:card\" content=\"summary_large_image\" \/>\n<meta name=\"twitter:label1\" content=\"Est. reading time\" \/>\n\t<meta name=\"twitter:data1\" content=\"1 minute\" \/>\n<script type=\"application\/ld+json\" class=\"yoast-schema-graph\">{\"@context\":\"https:\/\/schema.org\",\"@graph\":[{\"@type\":\"WebPage\",\"@id\":\"https:\/\/librairie7l.com\/en\/produit\/le-miroir-du-merveilleux-2\/\",\"url\":\"https:\/\/librairie7l.com\/en\/produit\/le-miroir-du-merveilleux-2\/\",\"name\":\"Le miroir du merveilleux - Librairie 7L\",\"isPartOf\":{\"@id\":\"https:\/\/librairie7l.com\/en\/#website\"},\"datePublished\":\"2025-09-27T07:18:07+00:00\",\"dateModified\":\"2026-04-12T22:18:03+00:00\",\"breadcrumb\":{\"@id\":\"https:\/\/librairie7l.com\/en\/produit\/le-miroir-du-merveilleux-2\/#breadcrumb\"},\"inLanguage\":\"en-US\",\"potentialAction\":[{\"@type\":\"ReadAction\",\"target\":[\"https:\/\/librairie7l.com\/en\/produit\/le-miroir-du-merveilleux-2\/\"]}]},{\"@type\":\"BreadcrumbList\",\"@id\":\"https:\/\/librairie7l.com\/en\/produit\/le-miroir-du-merveilleux-2\/#breadcrumb\",\"itemListElement\":[{\"@type\":\"ListItem\",\"position\":1,\"name\":\"Accueil\",\"item\":\"https:\/\/librairie7l.com\/en\/\"},{\"@type\":\"ListItem\",\"position\":2,\"name\":\"Shop\",\"item\":\"https:\/\/librairie7l.com\/en\/shop\/\"},{\"@type\":\"ListItem\",\"position\":3,\"name\":\"LE MIROIR DU MERVEILLEUX\"}]},{\"@type\":\"WebSite\",\"@id\":\"https:\/\/librairie7l.com\/en\/#website\",\"url\":\"https:\/\/librairie7l.com\/en\/\",\"name\":\"Librairie 7L\",\"description\":\"Librairie fond\u00e9e en 1999 par Karl Lagerfeld \u00e0 Paris\",\"publisher\":{\"@id\":\"https:\/\/librairie7l.com\/en\/#organization\"},\"potentialAction\":[{\"@type\":\"SearchAction\",\"target\":{\"@type\":\"EntryPoint\",\"urlTemplate\":\"https:\/\/librairie7l.com\/en\/?s={search_term_string}\"},\"query-input\":\"required name=search_term_string\"}],\"inLanguage\":\"en-US\"},{\"@type\":\"Organization\",\"@id\":\"https:\/\/librairie7l.com\/en\/#organization\",\"name\":\"Librairie 7L\",\"url\":\"https:\/\/librairie7l.com\/en\/\",\"logo\":{\"@type\":\"ImageObject\",\"inLanguage\":\"en-US\",\"@id\":\"https:\/\/librairie7l.com\/en\/#\/schema\/logo\/image\/\",\"url\":\"https:\/\/librairie7l.com\/wp-content\/uploads\/2022\/08\/logo-1.png\",\"contentUrl\":\"https:\/\/librairie7l.com\/wp-content\/uploads\/2022\/08\/logo-1.png\",\"width\":227,\"height\":301,\"caption\":\"Librairie 7L\"},\"image\":{\"@id\":\"https:\/\/librairie7l.com\/en\/#\/schema\/logo\/image\/\"}}]}<\/script>\n<!-- \/ Yoast SEO plugin. -->","yoast_head_json":{"title":"Le miroir du merveilleux - Librairie 7L","robots":{"index":"index","follow":"follow","max-snippet":"max-snippet:-1","max-image-preview":"max-image-preview:large","max-video-preview":"max-video-preview:-1"},"canonical":"https:\/\/librairie7l.com\/en\/produit\/le-miroir-du-merveilleux-2\/","og_locale":"en_US","og_type":"article","og_title":"Le miroir du merveilleux - Librairie 7L","og_description":"Incontournable \u00e0 la compr\u00e9hension du surr\u00e9alisme, Le Miroir du merveilleux se livre \u00e0 une exploration de l&#8217;univers po\u00e9tique \u00e0 travers les th\u00e8mes de \u00ab la cr\u00e9ation et la destruction du monde \u00bb, \u00ab la travers\u00e9e des \u00e9l\u00e9ments et les \u00e9preuves purificatrices \u00bb, \u00ab la lutte contre la mort \u00bb, \u00ab les voyages merveilleux \u00bb, \u00ab [&hellip;]","og_url":"https:\/\/librairie7l.com\/en\/produit\/le-miroir-du-merveilleux-2\/","og_site_name":"Librairie 7L","article_modified_time":"2026-04-12T22:18:03+00:00","og_image":[{"width":600,"height":894,"url":"https:\/\/librairie7l.com\/wp-content\/uploads\/2024\/04\/9782849757611_1_75.jpg","type":"image\/jpeg"}],"twitter_card":"summary_large_image","twitter_misc":{"Est. reading time":"1 minute"},"schema":{"@context":"https:\/\/schema.org","@graph":[{"@type":"WebPage","@id":"https:\/\/librairie7l.com\/en\/produit\/le-miroir-du-merveilleux-2\/","url":"https:\/\/librairie7l.com\/en\/produit\/le-miroir-du-merveilleux-2\/","name":"Le miroir du merveilleux - Librairie 7L","isPartOf":{"@id":"https:\/\/librairie7l.com\/en\/#website"},"datePublished":"2025-09-27T07:18:07+00:00","dateModified":"2026-04-12T22:18:03+00:00","breadcrumb":{"@id":"https:\/\/librairie7l.com\/en\/produit\/le-miroir-du-merveilleux-2\/#breadcrumb"},"inLanguage":"en-US","potentialAction":[{"@type":"ReadAction","target":["https:\/\/librairie7l.com\/en\/produit\/le-miroir-du-merveilleux-2\/"]}]},{"@type":"BreadcrumbList","@id":"https:\/\/librairie7l.com\/en\/produit\/le-miroir-du-merveilleux-2\/#breadcrumb","itemListElement":[{"@type":"ListItem","position":1,"name":"Accueil","item":"https:\/\/librairie7l.com\/en\/"},{"@type":"ListItem","position":2,"name":"Shop","item":"https:\/\/librairie7l.com\/en\/shop\/"},{"@type":"ListItem","position":3,"name":"LE MIROIR DU MERVEILLEUX"}]},{"@type":"WebSite","@id":"https:\/\/librairie7l.com\/en\/#website","url":"https:\/\/librairie7l.com\/en\/","name":"Librairie 7L","description":"Librairie fond\u00e9e en 1999 par Karl Lagerfeld \u00e0 Paris","publisher":{"@id":"https:\/\/librairie7l.com\/en\/#organization"},"potentialAction":[{"@type":"SearchAction","target":{"@type":"EntryPoint","urlTemplate":"https:\/\/librairie7l.com\/en\/?s={search_term_string}"},"query-input":"required name=search_term_string"}],"inLanguage":"en-US"},{"@type":"Organization","@id":"https:\/\/librairie7l.com\/en\/#organization","name":"Librairie 7L","url":"https:\/\/librairie7l.com\/en\/","logo":{"@type":"ImageObject","inLanguage":"en-US","@id":"https:\/\/librairie7l.com\/en\/#\/schema\/logo\/image\/","url":"https:\/\/librairie7l.com\/wp-content\/uploads\/2022\/08\/logo-1.png","contentUrl":"https:\/\/librairie7l.com\/wp-content\/uploads\/2022\/08\/logo-1.png","width":227,"height":301,"caption":"Librairie 7L"},"image":{"@id":"https:\/\/librairie7l.com\/en\/#\/schema\/logo\/image\/"}}]}},"_links":{"self":[{"href":"https:\/\/librairie7l.com\/en\/wp-json\/wp\/v2\/product\/51000"}],"collection":[{"href":"https:\/\/librairie7l.com\/en\/wp-json\/wp\/v2\/product"}],"about":[{"href":"https:\/\/librairie7l.com\/en\/wp-json\/wp\/v2\/types\/product"}],"wp:featuredmedia":[{"embeddable":true,"href":"https:\/\/librairie7l.com\/en\/wp-json\/wp\/v2\/media\/50998"}],"wp:attachment":[{"href":"https:\/\/librairie7l.com\/en\/wp-json\/wp\/v2\/media?parent=51000"}],"wp:term":[{"taxonomy":"product_cat","embeddable":true,"href":"https:\/\/librairie7l.com\/en\/wp-json\/wp\/v2\/product_cat?post=51000"},{"taxonomy":"product_tag","embeddable":true,"href":"https:\/\/librairie7l.com\/en\/wp-json\/wp\/v2\/product_tag?post=51000"}],"curies":[{"name":"wp","href":"https:\/\/api.w.org\/{rel}","templated":true}]}}