{"id":51022,"date":"2025-10-01T09:17:53","date_gmt":"2025-10-01T07:17:53","guid":{"rendered":"https:\/\/librairie7l.com\/?post_type=product&#038;p=51022"},"modified":"2026-04-21T10:55:54","modified_gmt":"2026-04-21T08:55:54","slug":"vivienne-westwood-2","status":"publish","type":"product","link":"https:\/\/librairie7l.com\/en\/produit\/vivienne-westwood-2\/","title":{"rendered":"VIVIENNE WESTWOOD"},"content":{"rendered":"<p>Parmi les enfants terribles de la mode, Vivienne Westwood est sans conteste la figure f\u00e9minine la plus marquante. C\u00e9l\u00e8bre et c\u00e9l\u00e9br\u00e9e pour ses accessoires et chapeaux excentriques, elle l&#8217;est aussi pour ses cr\u00e9ations hautes en couleur, son lien avec le mouvement punk et son utilisation du tartan.<br \/>\nDepuis 1981, date de son premier d\u00e9fil\u00e9, jusqu&#8217;\u00e0 sa mort en 2022, elle a, via son oeuvre, ses labels de produits d\u00e9riv\u00e9s et son engagement, fait bouger les lignes, et impos\u00e9 sa vision singuli\u00e8re du style. Ce livre propose de revenir sur les grands moments de sa vie, ses cr\u00e9ations iconiques, ses inspirations et ses influences.<\/p>\n","protected":false},"excerpt":{"rendered":"<p>Parmi les enfants terribles de la mode, Vivienne Westwood est sans conteste la figure f\u00e9minine la plus marquante. C\u00e9l\u00e8bre et c\u00e9l\u00e9br\u00e9e pour ses accessoires et chapeaux excentriques, elle l&#8217;est aussi pour ses cr\u00e9ations hautes en couleur, son lien avec le mouvement punk et son utilisation du tartan. Depuis 1981, date de son premier d\u00e9fil\u00e9, jusqu&#8217;\u00e0 [&hellip;]<\/p>\n","protected":false},"featured_media":51020,"template":"","meta":[],"product_cat":[2948,2957],"product_tag":[],"acf":[],"yoast_head":"<!-- This site is optimized with the Yoast SEO plugin v20.11 - https:\/\/yoast.com\/wordpress\/plugins\/seo\/ -->\n<title>Vivienne Westwood - Librairie 7L<\/title>\n<meta name=\"robots\" content=\"index, follow, max-snippet:-1, max-image-preview:large, max-video-preview:-1\" \/>\n<link rel=\"canonical\" href=\"https:\/\/librairie7l.com\/en\/produit\/vivienne-westwood-2\/\" \/>\n<meta property=\"og:locale\" content=\"en_US\" \/>\n<meta property=\"og:type\" content=\"article\" \/>\n<meta property=\"og:title\" content=\"Vivienne Westwood - Librairie 7L\" \/>\n<meta property=\"og:description\" content=\"Parmi les enfants terribles de la mode, Vivienne Westwood est sans conteste la figure f\u00e9minine la plus marquante. C\u00e9l\u00e8bre et c\u00e9l\u00e9br\u00e9e pour ses accessoires et chapeaux excentriques, elle l&#8217;est aussi pour ses cr\u00e9ations hautes en couleur, son lien avec le mouvement punk et son utilisation du tartan. Depuis 1981, date de son premier d\u00e9fil\u00e9, jusqu&#8217;\u00e0 [&hellip;]\" \/>\n<meta property=\"og:url\" content=\"https:\/\/librairie7l.com\/en\/produit\/vivienne-westwood-2\/\" \/>\n<meta property=\"og:site_name\" content=\"Librairie 7L\" \/>\n<meta property=\"article:modified_time\" content=\"2026-04-21T08:55:54+00:00\" \/>\n<meta property=\"og:image\" content=\"https:\/\/librairie7l.com\/wp-content\/uploads\/2025\/04\/9782376716808_1_75.jpg\" \/>\n\t<meta property=\"og:image:width\" content=\"600\" \/>\n\t<meta property=\"og:image:height\" content=\"895\" \/>\n\t<meta property=\"og:image:type\" content=\"image\/jpeg\" \/>\n<meta name=\"twitter:card\" content=\"summary_large_image\" \/>\n<meta name=\"twitter:label1\" content=\"Est. reading time\" \/>\n\t<meta name=\"twitter:data1\" content=\"1 minute\" \/>\n<script type=\"application\/ld+json\" class=\"yoast-schema-graph\">{\"@context\":\"https:\/\/schema.org\",\"@graph\":[{\"@type\":\"WebPage\",\"@id\":\"https:\/\/librairie7l.com\/en\/produit\/vivienne-westwood-2\/\",\"url\":\"https:\/\/librairie7l.com\/en\/produit\/vivienne-westwood-2\/\",\"name\":\"Vivienne Westwood - Librairie 7L\",\"isPartOf\":{\"@id\":\"https:\/\/librairie7l.com\/en\/#website\"},\"datePublished\":\"2025-10-01T07:17:53+00:00\",\"dateModified\":\"2026-04-21T08:55:54+00:00\",\"breadcrumb\":{\"@id\":\"https:\/\/librairie7l.com\/en\/produit\/vivienne-westwood-2\/#breadcrumb\"},\"inLanguage\":\"en-US\",\"potentialAction\":[{\"@type\":\"ReadAction\",\"target\":[\"https:\/\/librairie7l.com\/en\/produit\/vivienne-westwood-2\/\"]}]},{\"@type\":\"BreadcrumbList\",\"@id\":\"https:\/\/librairie7l.com\/en\/produit\/vivienne-westwood-2\/#breadcrumb\",\"itemListElement\":[{\"@type\":\"ListItem\",\"position\":1,\"name\":\"Accueil\",\"item\":\"https:\/\/librairie7l.com\/en\/\"},{\"@type\":\"ListItem\",\"position\":2,\"name\":\"Shop\",\"item\":\"https:\/\/librairie7l.com\/en\/shop\/\"},{\"@type\":\"ListItem\",\"position\":3,\"name\":\"VIVIENNE WESTWOOD\"}]},{\"@type\":\"WebSite\",\"@id\":\"https:\/\/librairie7l.com\/en\/#website\",\"url\":\"https:\/\/librairie7l.com\/en\/\",\"name\":\"Librairie 7L\",\"description\":\"Librairie fond\u00e9e en 1999 par Karl Lagerfeld \u00e0 Paris\",\"publisher\":{\"@id\":\"https:\/\/librairie7l.com\/en\/#organization\"},\"potentialAction\":[{\"@type\":\"SearchAction\",\"target\":{\"@type\":\"EntryPoint\",\"urlTemplate\":\"https:\/\/librairie7l.com\/en\/?s={search_term_string}\"},\"query-input\":\"required name=search_term_string\"}],\"inLanguage\":\"en-US\"},{\"@type\":\"Organization\",\"@id\":\"https:\/\/librairie7l.com\/en\/#organization\",\"name\":\"Librairie 7L\",\"url\":\"https:\/\/librairie7l.com\/en\/\",\"logo\":{\"@type\":\"ImageObject\",\"inLanguage\":\"en-US\",\"@id\":\"https:\/\/librairie7l.com\/en\/#\/schema\/logo\/image\/\",\"url\":\"https:\/\/librairie7l.com\/wp-content\/uploads\/2022\/08\/logo-1.png\",\"contentUrl\":\"https:\/\/librairie7l.com\/wp-content\/uploads\/2022\/08\/logo-1.png\",\"width\":227,\"height\":301,\"caption\":\"Librairie 7L\"},\"image\":{\"@id\":\"https:\/\/librairie7l.com\/en\/#\/schema\/logo\/image\/\"}}]}<\/script>\n<!-- \/ Yoast SEO plugin. -->","yoast_head_json":{"title":"Vivienne Westwood - Librairie 7L","robots":{"index":"index","follow":"follow","max-snippet":"max-snippet:-1","max-image-preview":"max-image-preview:large","max-video-preview":"max-video-preview:-1"},"canonical":"https:\/\/librairie7l.com\/en\/produit\/vivienne-westwood-2\/","og_locale":"en_US","og_type":"article","og_title":"Vivienne Westwood - Librairie 7L","og_description":"Parmi les enfants terribles de la mode, Vivienne Westwood est sans conteste la figure f\u00e9minine la plus marquante. C\u00e9l\u00e8bre et c\u00e9l\u00e9br\u00e9e pour ses accessoires et chapeaux excentriques, elle l&#8217;est aussi pour ses cr\u00e9ations hautes en couleur, son lien avec le mouvement punk et son utilisation du tartan. Depuis 1981, date de son premier d\u00e9fil\u00e9, jusqu&#8217;\u00e0 [&hellip;]","og_url":"https:\/\/librairie7l.com\/en\/produit\/vivienne-westwood-2\/","og_site_name":"Librairie 7L","article_modified_time":"2026-04-21T08:55:54+00:00","og_image":[{"width":600,"height":895,"url":"https:\/\/librairie7l.com\/wp-content\/uploads\/2025\/04\/9782376716808_1_75.jpg","type":"image\/jpeg"}],"twitter_card":"summary_large_image","twitter_misc":{"Est. reading time":"1 minute"},"schema":{"@context":"https:\/\/schema.org","@graph":[{"@type":"WebPage","@id":"https:\/\/librairie7l.com\/en\/produit\/vivienne-westwood-2\/","url":"https:\/\/librairie7l.com\/en\/produit\/vivienne-westwood-2\/","name":"Vivienne Westwood - Librairie 7L","isPartOf":{"@id":"https:\/\/librairie7l.com\/en\/#website"},"datePublished":"2025-10-01T07:17:53+00:00","dateModified":"2026-04-21T08:55:54+00:00","breadcrumb":{"@id":"https:\/\/librairie7l.com\/en\/produit\/vivienne-westwood-2\/#breadcrumb"},"inLanguage":"en-US","potentialAction":[{"@type":"ReadAction","target":["https:\/\/librairie7l.com\/en\/produit\/vivienne-westwood-2\/"]}]},{"@type":"BreadcrumbList","@id":"https:\/\/librairie7l.com\/en\/produit\/vivienne-westwood-2\/#breadcrumb","itemListElement":[{"@type":"ListItem","position":1,"name":"Accueil","item":"https:\/\/librairie7l.com\/en\/"},{"@type":"ListItem","position":2,"name":"Shop","item":"https:\/\/librairie7l.com\/en\/shop\/"},{"@type":"ListItem","position":3,"name":"VIVIENNE WESTWOOD"}]},{"@type":"WebSite","@id":"https:\/\/librairie7l.com\/en\/#website","url":"https:\/\/librairie7l.com\/en\/","name":"Librairie 7L","description":"Librairie fond\u00e9e en 1999 par Karl Lagerfeld \u00e0 Paris","publisher":{"@id":"https:\/\/librairie7l.com\/en\/#organization"},"potentialAction":[{"@type":"SearchAction","target":{"@type":"EntryPoint","urlTemplate":"https:\/\/librairie7l.com\/en\/?s={search_term_string}"},"query-input":"required name=search_term_string"}],"inLanguage":"en-US"},{"@type":"Organization","@id":"https:\/\/librairie7l.com\/en\/#organization","name":"Librairie 7L","url":"https:\/\/librairie7l.com\/en\/","logo":{"@type":"ImageObject","inLanguage":"en-US","@id":"https:\/\/librairie7l.com\/en\/#\/schema\/logo\/image\/","url":"https:\/\/librairie7l.com\/wp-content\/uploads\/2022\/08\/logo-1.png","contentUrl":"https:\/\/librairie7l.com\/wp-content\/uploads\/2022\/08\/logo-1.png","width":227,"height":301,"caption":"Librairie 7L"},"image":{"@id":"https:\/\/librairie7l.com\/en\/#\/schema\/logo\/image\/"}}]}},"_links":{"self":[{"href":"https:\/\/librairie7l.com\/en\/wp-json\/wp\/v2\/product\/51022"}],"collection":[{"href":"https:\/\/librairie7l.com\/en\/wp-json\/wp\/v2\/product"}],"about":[{"href":"https:\/\/librairie7l.com\/en\/wp-json\/wp\/v2\/types\/product"}],"wp:featuredmedia":[{"embeddable":true,"href":"https:\/\/librairie7l.com\/en\/wp-json\/wp\/v2\/media\/51020"}],"wp:attachment":[{"href":"https:\/\/librairie7l.com\/en\/wp-json\/wp\/v2\/media?parent=51022"}],"wp:term":[{"taxonomy":"product_cat","embeddable":true,"href":"https:\/\/librairie7l.com\/en\/wp-json\/wp\/v2\/product_cat?post=51022"},{"taxonomy":"product_tag","embeddable":true,"href":"https:\/\/librairie7l.com\/en\/wp-json\/wp\/v2\/product_tag?post=51022"}],"curies":[{"name":"wp","href":"https:\/\/api.w.org\/{rel}","templated":true}]}}