{"id":51030,"date":"2025-10-01T09:17:58","date_gmt":"2025-10-01T07:17:58","guid":{"rendered":"https:\/\/librairie7l.com\/?post_type=product&#038;p=51030"},"modified":"2026-04-21T10:55:57","modified_gmt":"2026-04-21T08:55:57","slug":"le-lookbook-du-met-gala-le-grand-soir-du-style-2","status":"publish","type":"product","link":"https:\/\/librairie7l.com\/en\/produit\/le-lookbook-du-met-gala-le-grand-soir-du-style-2\/","title":{"rendered":"LE LOOKBOOK DU MET GALA : LE GRAND SOIR DU STYLE"},"content":{"rendered":"<p>&#8220;Rien n&#8217;est comparable au privil\u00e8ge d&#8217;assister au Met Gala&#8221; &#8211; Anne Hathaway.<br \/>\nPaillettes, potins, glamour ! Plongez au coeur de la soir\u00e9e la plus m\u00e9diatis\u00e9e de la mode.<br \/>\nLe Met Gala &#8211; rendez-vous l\u00e9gendaire o\u00f9 s&#8217;entrelacent l&#8217;art, la haute couture et la culture populaire &#8211; fascine et \u00e9lectrise le monde entier \u00e0 chaque \u00e9dition. \u00c0 travers des photographies spectaculaires et des r\u00e9cits vibrants, ce livre c\u00e9l\u00e8bre les audaces stylistiques, les looks iconiques, les silhouettes inoubliables et les instants de c\u00e9l\u00e9brit\u00e9 qui ont fa\u00e7onn\u00e9 le Met Gala au XXIe si\u00e8cle.\u00a0<br \/>\nAvant-propos de Jeremy Scott.\u00a0<br \/>\nPr\u00e9face de Matthieu Bobard Deliere.\u00a0<\/p>\n","protected":false},"excerpt":{"rendered":"<p>&#8220;Rien n&#8217;est comparable au privil\u00e8ge d&#8217;assister au Met Gala&#8221; &#8211; Anne Hathaway. Paillettes, potins, glamour ! Plongez au coeur de la soir\u00e9e la plus m\u00e9diatis\u00e9e de la mode. Le Met Gala &#8211; rendez-vous l\u00e9gendaire o\u00f9 s&#8217;entrelacent l&#8217;art, la haute couture et la culture populaire &#8211; fascine et \u00e9lectrise le monde entier \u00e0 chaque \u00e9dition. \u00c0 [&hellip;]<\/p>\n","protected":false},"featured_media":51028,"template":"","meta":[],"product_cat":[2948,2957],"product_tag":[],"acf":[],"yoast_head":"<!-- This site is optimized with the Yoast SEO plugin v20.11 - https:\/\/yoast.com\/wordpress\/plugins\/seo\/ -->\n<title>Le lookbook du Met Gala : Le grand soir du style - Librairie 7L<\/title>\n<meta name=\"robots\" content=\"index, follow, max-snippet:-1, max-image-preview:large, max-video-preview:-1\" \/>\n<link rel=\"canonical\" href=\"https:\/\/librairie7l.com\/en\/produit\/le-lookbook-du-met-gala-le-grand-soir-du-style-2\/\" \/>\n<meta property=\"og:locale\" content=\"en_US\" \/>\n<meta property=\"og:type\" content=\"article\" \/>\n<meta property=\"og:title\" content=\"Le lookbook du Met Gala : Le grand soir du style - Librairie 7L\" \/>\n<meta property=\"og:description\" content=\"&#8220;Rien n&#8217;est comparable au privil\u00e8ge d&#8217;assister au Met Gala&#8221; &#8211; Anne Hathaway. Paillettes, potins, glamour ! Plongez au coeur de la soir\u00e9e la plus m\u00e9diatis\u00e9e de la mode. Le Met Gala &#8211; rendez-vous l\u00e9gendaire o\u00f9 s&#8217;entrelacent l&#8217;art, la haute couture et la culture populaire &#8211; fascine et \u00e9lectrise le monde entier \u00e0 chaque \u00e9dition. \u00c0 [&hellip;]\" \/>\n<meta property=\"og:url\" content=\"https:\/\/librairie7l.com\/en\/produit\/le-lookbook-du-met-gala-le-grand-soir-du-style-2\/\" \/>\n<meta property=\"og:site_name\" content=\"Librairie 7L\" \/>\n<meta property=\"article:modified_time\" content=\"2026-04-21T08:55:57+00:00\" \/>\n<meta property=\"og:image\" content=\"https:\/\/librairie7l.com\/wp-content\/uploads\/2025\/04\/9782376717386_1_75.jpg\" \/>\n\t<meta property=\"og:image:width\" content=\"600\" \/>\n\t<meta property=\"og:image:height\" content=\"825\" \/>\n\t<meta property=\"og:image:type\" content=\"image\/jpeg\" \/>\n<meta name=\"twitter:card\" content=\"summary_large_image\" \/>\n<meta name=\"twitter:label1\" content=\"Est. reading time\" \/>\n\t<meta name=\"twitter:data1\" content=\"1 minute\" \/>\n<script type=\"application\/ld+json\" class=\"yoast-schema-graph\">{\"@context\":\"https:\/\/schema.org\",\"@graph\":[{\"@type\":\"WebPage\",\"@id\":\"https:\/\/librairie7l.com\/en\/produit\/le-lookbook-du-met-gala-le-grand-soir-du-style-2\/\",\"url\":\"https:\/\/librairie7l.com\/en\/produit\/le-lookbook-du-met-gala-le-grand-soir-du-style-2\/\",\"name\":\"Le lookbook du Met Gala : Le grand soir du style - Librairie 7L\",\"isPartOf\":{\"@id\":\"https:\/\/librairie7l.com\/en\/#website\"},\"datePublished\":\"2025-10-01T07:17:58+00:00\",\"dateModified\":\"2026-04-21T08:55:57+00:00\",\"breadcrumb\":{\"@id\":\"https:\/\/librairie7l.com\/en\/produit\/le-lookbook-du-met-gala-le-grand-soir-du-style-2\/#breadcrumb\"},\"inLanguage\":\"en-US\",\"potentialAction\":[{\"@type\":\"ReadAction\",\"target\":[\"https:\/\/librairie7l.com\/en\/produit\/le-lookbook-du-met-gala-le-grand-soir-du-style-2\/\"]}]},{\"@type\":\"BreadcrumbList\",\"@id\":\"https:\/\/librairie7l.com\/en\/produit\/le-lookbook-du-met-gala-le-grand-soir-du-style-2\/#breadcrumb\",\"itemListElement\":[{\"@type\":\"ListItem\",\"position\":1,\"name\":\"Accueil\",\"item\":\"https:\/\/librairie7l.com\/en\/\"},{\"@type\":\"ListItem\",\"position\":2,\"name\":\"Shop\",\"item\":\"https:\/\/librairie7l.com\/en\/shop\/\"},{\"@type\":\"ListItem\",\"position\":3,\"name\":\"LE LOOKBOOK DU MET GALA : LE GRAND SOIR DU STYLE\"}]},{\"@type\":\"WebSite\",\"@id\":\"https:\/\/librairie7l.com\/en\/#website\",\"url\":\"https:\/\/librairie7l.com\/en\/\",\"name\":\"Librairie 7L\",\"description\":\"Librairie fond\u00e9e en 1999 par Karl Lagerfeld \u00e0 Paris\",\"publisher\":{\"@id\":\"https:\/\/librairie7l.com\/en\/#organization\"},\"potentialAction\":[{\"@type\":\"SearchAction\",\"target\":{\"@type\":\"EntryPoint\",\"urlTemplate\":\"https:\/\/librairie7l.com\/en\/?s={search_term_string}\"},\"query-input\":\"required name=search_term_string\"}],\"inLanguage\":\"en-US\"},{\"@type\":\"Organization\",\"@id\":\"https:\/\/librairie7l.com\/en\/#organization\",\"name\":\"Librairie 7L\",\"url\":\"https:\/\/librairie7l.com\/en\/\",\"logo\":{\"@type\":\"ImageObject\",\"inLanguage\":\"en-US\",\"@id\":\"https:\/\/librairie7l.com\/en\/#\/schema\/logo\/image\/\",\"url\":\"https:\/\/librairie7l.com\/wp-content\/uploads\/2022\/08\/logo-1.png\",\"contentUrl\":\"https:\/\/librairie7l.com\/wp-content\/uploads\/2022\/08\/logo-1.png\",\"width\":227,\"height\":301,\"caption\":\"Librairie 7L\"},\"image\":{\"@id\":\"https:\/\/librairie7l.com\/en\/#\/schema\/logo\/image\/\"}}]}<\/script>\n<!-- \/ Yoast SEO plugin. -->","yoast_head_json":{"title":"Le lookbook du Met Gala : Le grand soir du style - Librairie 7L","robots":{"index":"index","follow":"follow","max-snippet":"max-snippet:-1","max-image-preview":"max-image-preview:large","max-video-preview":"max-video-preview:-1"},"canonical":"https:\/\/librairie7l.com\/en\/produit\/le-lookbook-du-met-gala-le-grand-soir-du-style-2\/","og_locale":"en_US","og_type":"article","og_title":"Le lookbook du Met Gala : Le grand soir du style - Librairie 7L","og_description":"&#8220;Rien n&#8217;est comparable au privil\u00e8ge d&#8217;assister au Met Gala&#8221; &#8211; Anne Hathaway. Paillettes, potins, glamour ! Plongez au coeur de la soir\u00e9e la plus m\u00e9diatis\u00e9e de la mode. Le Met Gala &#8211; rendez-vous l\u00e9gendaire o\u00f9 s&#8217;entrelacent l&#8217;art, la haute couture et la culture populaire &#8211; fascine et \u00e9lectrise le monde entier \u00e0 chaque \u00e9dition. \u00c0 [&hellip;]","og_url":"https:\/\/librairie7l.com\/en\/produit\/le-lookbook-du-met-gala-le-grand-soir-du-style-2\/","og_site_name":"Librairie 7L","article_modified_time":"2026-04-21T08:55:57+00:00","og_image":[{"width":600,"height":825,"url":"https:\/\/librairie7l.com\/wp-content\/uploads\/2025\/04\/9782376717386_1_75.jpg","type":"image\/jpeg"}],"twitter_card":"summary_large_image","twitter_misc":{"Est. reading time":"1 minute"},"schema":{"@context":"https:\/\/schema.org","@graph":[{"@type":"WebPage","@id":"https:\/\/librairie7l.com\/en\/produit\/le-lookbook-du-met-gala-le-grand-soir-du-style-2\/","url":"https:\/\/librairie7l.com\/en\/produit\/le-lookbook-du-met-gala-le-grand-soir-du-style-2\/","name":"Le lookbook du Met Gala : Le grand soir du style - Librairie 7L","isPartOf":{"@id":"https:\/\/librairie7l.com\/en\/#website"},"datePublished":"2025-10-01T07:17:58+00:00","dateModified":"2026-04-21T08:55:57+00:00","breadcrumb":{"@id":"https:\/\/librairie7l.com\/en\/produit\/le-lookbook-du-met-gala-le-grand-soir-du-style-2\/#breadcrumb"},"inLanguage":"en-US","potentialAction":[{"@type":"ReadAction","target":["https:\/\/librairie7l.com\/en\/produit\/le-lookbook-du-met-gala-le-grand-soir-du-style-2\/"]}]},{"@type":"BreadcrumbList","@id":"https:\/\/librairie7l.com\/en\/produit\/le-lookbook-du-met-gala-le-grand-soir-du-style-2\/#breadcrumb","itemListElement":[{"@type":"ListItem","position":1,"name":"Accueil","item":"https:\/\/librairie7l.com\/en\/"},{"@type":"ListItem","position":2,"name":"Shop","item":"https:\/\/librairie7l.com\/en\/shop\/"},{"@type":"ListItem","position":3,"name":"LE LOOKBOOK DU MET GALA : LE GRAND SOIR DU STYLE"}]},{"@type":"WebSite","@id":"https:\/\/librairie7l.com\/en\/#website","url":"https:\/\/librairie7l.com\/en\/","name":"Librairie 7L","description":"Librairie fond\u00e9e en 1999 par Karl Lagerfeld \u00e0 Paris","publisher":{"@id":"https:\/\/librairie7l.com\/en\/#organization"},"potentialAction":[{"@type":"SearchAction","target":{"@type":"EntryPoint","urlTemplate":"https:\/\/librairie7l.com\/en\/?s={search_term_string}"},"query-input":"required name=search_term_string"}],"inLanguage":"en-US"},{"@type":"Organization","@id":"https:\/\/librairie7l.com\/en\/#organization","name":"Librairie 7L","url":"https:\/\/librairie7l.com\/en\/","logo":{"@type":"ImageObject","inLanguage":"en-US","@id":"https:\/\/librairie7l.com\/en\/#\/schema\/logo\/image\/","url":"https:\/\/librairie7l.com\/wp-content\/uploads\/2022\/08\/logo-1.png","contentUrl":"https:\/\/librairie7l.com\/wp-content\/uploads\/2022\/08\/logo-1.png","width":227,"height":301,"caption":"Librairie 7L"},"image":{"@id":"https:\/\/librairie7l.com\/en\/#\/schema\/logo\/image\/"}}]}},"_links":{"self":[{"href":"https:\/\/librairie7l.com\/en\/wp-json\/wp\/v2\/product\/51030"}],"collection":[{"href":"https:\/\/librairie7l.com\/en\/wp-json\/wp\/v2\/product"}],"about":[{"href":"https:\/\/librairie7l.com\/en\/wp-json\/wp\/v2\/types\/product"}],"wp:featuredmedia":[{"embeddable":true,"href":"https:\/\/librairie7l.com\/en\/wp-json\/wp\/v2\/media\/51028"}],"wp:attachment":[{"href":"https:\/\/librairie7l.com\/en\/wp-json\/wp\/v2\/media?parent=51030"}],"wp:term":[{"taxonomy":"product_cat","embeddable":true,"href":"https:\/\/librairie7l.com\/en\/wp-json\/wp\/v2\/product_cat?post=51030"},{"taxonomy":"product_tag","embeddable":true,"href":"https:\/\/librairie7l.com\/en\/wp-json\/wp\/v2\/product_tag?post=51030"}],"curies":[{"name":"wp","href":"https:\/\/api.w.org\/{rel}","templated":true}]}}