{"id":51034,"date":"2025-10-01T09:18:01","date_gmt":"2025-10-01T07:18:01","guid":{"rendered":"https:\/\/librairie7l.com\/?post_type=product&#038;p=51034"},"modified":"2026-04-13T00:17:37","modified_gmt":"2026-04-12T22:17:37","slug":"vierges-histoires-et-tabous-2","status":"publish","type":"product","link":"https:\/\/librairie7l.com\/en\/produit\/vierges-histoires-et-tabous-2\/","title":{"rendered":"VIERGES : HISTOIRES ET TABOUS"},"content":{"rendered":"<p>\u00ab Aujourd&#8217;hui la virginit\u00e9 est \u00e0 la fois un tabou, une pr\u00e9occupation, voire une obsession.<\/p>\n<p>\u00catre vierge alors qu&#8217;on ne l&#8217;est plus, tout en voulant appara\u00eetre comme si on l&#8217;\u00e9tait encore, demeure encore un sport de combat pour certaines filles qui courent les cabinets de m\u00e9decins v\u00e9reux &#8211; la loi heureuse-ment l&#8217;interdit depuis 2021 &#8211; \u00e0 la recherche de certificats de virginit\u00e9. Sou-vent parce que la famille du futur conjoint l&#8217;exige. Mais pas seulement. La virginit\u00e9 a le vent en poupe. On veut \u00eatre vierge, l&#8217;affirmer fi\u00e8rement pour certaines, surtout celles qui ne le sont plus, ou marchander sur les r\u00e9seaux sociaux le prix de sa perte alors que tout le monde sait que la \u00abpreuve\u00bb de la virginit\u00e9 n&#8217;existe pas et que la d\u00e9chirure de l&#8217;hymen ne constitue m\u00e9dicalement en aucun cas une preuve. Et pourtant les croyances perdurent, entra\u00eenant des pratiques attentatoires \u00e0 la libert\u00e9 des femmes. Et pourtant les mythologies de cette fameuse \u00abpremi\u00e8re fois\u00bb continuent \u00e0 hanter et \u00e0 structurer nos imaginaires.\u00bb LAURE ADLER <\/p>\n","protected":false},"excerpt":{"rendered":"<p>\u00ab Aujourd&#8217;hui la virginit\u00e9 est \u00e0 la fois un tabou, une pr\u00e9occupation, voire une obsession. \u00catre vierge alors qu&#8217;on ne l&#8217;est plus, tout en voulant appara\u00eetre comme si on l&#8217;\u00e9tait encore, demeure encore un sport de combat pour certaines filles qui courent les cabinets de m\u00e9decins v\u00e9reux &#8211; la loi heureuse-ment l&#8217;interdit depuis 2021 &#8211; [&hellip;]<\/p>\n","protected":false},"featured_media":51032,"template":"","meta":[],"product_cat":[2948,2953],"product_tag":[],"acf":[],"yoast_head":"<!-- This site is optimized with the Yoast SEO plugin v20.11 - https:\/\/yoast.com\/wordpress\/plugins\/seo\/ -->\n<title>Vierges : Histoires et tabous - Librairie 7L<\/title>\n<meta name=\"robots\" content=\"index, follow, max-snippet:-1, max-image-preview:large, max-video-preview:-1\" \/>\n<link rel=\"canonical\" href=\"https:\/\/librairie7l.com\/en\/produit\/vierges-histoires-et-tabous-2\/\" \/>\n<meta property=\"og:locale\" content=\"en_US\" \/>\n<meta property=\"og:type\" content=\"article\" \/>\n<meta property=\"og:title\" content=\"Vierges : Histoires et tabous - Librairie 7L\" \/>\n<meta property=\"og:description\" content=\"\u00ab Aujourd&#8217;hui la virginit\u00e9 est \u00e0 la fois un tabou, une pr\u00e9occupation, voire une obsession. \u00catre vierge alors qu&#8217;on ne l&#8217;est plus, tout en voulant appara\u00eetre comme si on l&#8217;\u00e9tait encore, demeure encore un sport de combat pour certaines filles qui courent les cabinets de m\u00e9decins v\u00e9reux &#8211; la loi heureuse-ment l&#8217;interdit depuis 2021 &#8211; [&hellip;]\" \/>\n<meta property=\"og:url\" content=\"https:\/\/librairie7l.com\/en\/produit\/vierges-histoires-et-tabous-2\/\" \/>\n<meta property=\"og:site_name\" content=\"Librairie 7L\" \/>\n<meta property=\"article:modified_time\" content=\"2026-04-12T22:17:37+00:00\" \/>\n<meta property=\"og:image\" content=\"https:\/\/librairie7l.com\/wp-content\/uploads\/2025\/05\/9782226505828_1_75.jpg\" \/>\n\t<meta property=\"og:image:width\" content=\"600\" \/>\n\t<meta property=\"og:image:height\" content=\"805\" \/>\n\t<meta property=\"og:image:type\" content=\"image\/jpeg\" \/>\n<meta name=\"twitter:card\" content=\"summary_large_image\" \/>\n<meta name=\"twitter:label1\" content=\"Est. reading time\" \/>\n\t<meta name=\"twitter:data1\" content=\"1 minute\" \/>\n<script type=\"application\/ld+json\" class=\"yoast-schema-graph\">{\"@context\":\"https:\/\/schema.org\",\"@graph\":[{\"@type\":\"WebPage\",\"@id\":\"https:\/\/librairie7l.com\/en\/produit\/vierges-histoires-et-tabous-2\/\",\"url\":\"https:\/\/librairie7l.com\/en\/produit\/vierges-histoires-et-tabous-2\/\",\"name\":\"Vierges : Histoires et tabous - Librairie 7L\",\"isPartOf\":{\"@id\":\"https:\/\/librairie7l.com\/en\/#website\"},\"datePublished\":\"2025-10-01T07:18:01+00:00\",\"dateModified\":\"2026-04-12T22:17:37+00:00\",\"breadcrumb\":{\"@id\":\"https:\/\/librairie7l.com\/en\/produit\/vierges-histoires-et-tabous-2\/#breadcrumb\"},\"inLanguage\":\"en-US\",\"potentialAction\":[{\"@type\":\"ReadAction\",\"target\":[\"https:\/\/librairie7l.com\/en\/produit\/vierges-histoires-et-tabous-2\/\"]}]},{\"@type\":\"BreadcrumbList\",\"@id\":\"https:\/\/librairie7l.com\/en\/produit\/vierges-histoires-et-tabous-2\/#breadcrumb\",\"itemListElement\":[{\"@type\":\"ListItem\",\"position\":1,\"name\":\"Accueil\",\"item\":\"https:\/\/librairie7l.com\/en\/\"},{\"@type\":\"ListItem\",\"position\":2,\"name\":\"Shop\",\"item\":\"https:\/\/librairie7l.com\/en\/shop\/\"},{\"@type\":\"ListItem\",\"position\":3,\"name\":\"VIERGES : HISTOIRES ET TABOUS\"}]},{\"@type\":\"WebSite\",\"@id\":\"https:\/\/librairie7l.com\/en\/#website\",\"url\":\"https:\/\/librairie7l.com\/en\/\",\"name\":\"Librairie 7L\",\"description\":\"Librairie fond\u00e9e en 1999 par Karl Lagerfeld \u00e0 Paris\",\"publisher\":{\"@id\":\"https:\/\/librairie7l.com\/en\/#organization\"},\"potentialAction\":[{\"@type\":\"SearchAction\",\"target\":{\"@type\":\"EntryPoint\",\"urlTemplate\":\"https:\/\/librairie7l.com\/en\/?s={search_term_string}\"},\"query-input\":\"required name=search_term_string\"}],\"inLanguage\":\"en-US\"},{\"@type\":\"Organization\",\"@id\":\"https:\/\/librairie7l.com\/en\/#organization\",\"name\":\"Librairie 7L\",\"url\":\"https:\/\/librairie7l.com\/en\/\",\"logo\":{\"@type\":\"ImageObject\",\"inLanguage\":\"en-US\",\"@id\":\"https:\/\/librairie7l.com\/en\/#\/schema\/logo\/image\/\",\"url\":\"https:\/\/librairie7l.com\/wp-content\/uploads\/2022\/08\/logo-1.png\",\"contentUrl\":\"https:\/\/librairie7l.com\/wp-content\/uploads\/2022\/08\/logo-1.png\",\"width\":227,\"height\":301,\"caption\":\"Librairie 7L\"},\"image\":{\"@id\":\"https:\/\/librairie7l.com\/en\/#\/schema\/logo\/image\/\"}}]}<\/script>\n<!-- \/ Yoast SEO plugin. -->","yoast_head_json":{"title":"Vierges : Histoires et tabous - Librairie 7L","robots":{"index":"index","follow":"follow","max-snippet":"max-snippet:-1","max-image-preview":"max-image-preview:large","max-video-preview":"max-video-preview:-1"},"canonical":"https:\/\/librairie7l.com\/en\/produit\/vierges-histoires-et-tabous-2\/","og_locale":"en_US","og_type":"article","og_title":"Vierges : Histoires et tabous - Librairie 7L","og_description":"\u00ab Aujourd&#8217;hui la virginit\u00e9 est \u00e0 la fois un tabou, une pr\u00e9occupation, voire une obsession. \u00catre vierge alors qu&#8217;on ne l&#8217;est plus, tout en voulant appara\u00eetre comme si on l&#8217;\u00e9tait encore, demeure encore un sport de combat pour certaines filles qui courent les cabinets de m\u00e9decins v\u00e9reux &#8211; la loi heureuse-ment l&#8217;interdit depuis 2021 &#8211; [&hellip;]","og_url":"https:\/\/librairie7l.com\/en\/produit\/vierges-histoires-et-tabous-2\/","og_site_name":"Librairie 7L","article_modified_time":"2026-04-12T22:17:37+00:00","og_image":[{"width":600,"height":805,"url":"https:\/\/librairie7l.com\/wp-content\/uploads\/2025\/05\/9782226505828_1_75.jpg","type":"image\/jpeg"}],"twitter_card":"summary_large_image","twitter_misc":{"Est. reading time":"1 minute"},"schema":{"@context":"https:\/\/schema.org","@graph":[{"@type":"WebPage","@id":"https:\/\/librairie7l.com\/en\/produit\/vierges-histoires-et-tabous-2\/","url":"https:\/\/librairie7l.com\/en\/produit\/vierges-histoires-et-tabous-2\/","name":"Vierges : Histoires et tabous - Librairie 7L","isPartOf":{"@id":"https:\/\/librairie7l.com\/en\/#website"},"datePublished":"2025-10-01T07:18:01+00:00","dateModified":"2026-04-12T22:17:37+00:00","breadcrumb":{"@id":"https:\/\/librairie7l.com\/en\/produit\/vierges-histoires-et-tabous-2\/#breadcrumb"},"inLanguage":"en-US","potentialAction":[{"@type":"ReadAction","target":["https:\/\/librairie7l.com\/en\/produit\/vierges-histoires-et-tabous-2\/"]}]},{"@type":"BreadcrumbList","@id":"https:\/\/librairie7l.com\/en\/produit\/vierges-histoires-et-tabous-2\/#breadcrumb","itemListElement":[{"@type":"ListItem","position":1,"name":"Accueil","item":"https:\/\/librairie7l.com\/en\/"},{"@type":"ListItem","position":2,"name":"Shop","item":"https:\/\/librairie7l.com\/en\/shop\/"},{"@type":"ListItem","position":3,"name":"VIERGES : HISTOIRES ET TABOUS"}]},{"@type":"WebSite","@id":"https:\/\/librairie7l.com\/en\/#website","url":"https:\/\/librairie7l.com\/en\/","name":"Librairie 7L","description":"Librairie fond\u00e9e en 1999 par Karl Lagerfeld \u00e0 Paris","publisher":{"@id":"https:\/\/librairie7l.com\/en\/#organization"},"potentialAction":[{"@type":"SearchAction","target":{"@type":"EntryPoint","urlTemplate":"https:\/\/librairie7l.com\/en\/?s={search_term_string}"},"query-input":"required name=search_term_string"}],"inLanguage":"en-US"},{"@type":"Organization","@id":"https:\/\/librairie7l.com\/en\/#organization","name":"Librairie 7L","url":"https:\/\/librairie7l.com\/en\/","logo":{"@type":"ImageObject","inLanguage":"en-US","@id":"https:\/\/librairie7l.com\/en\/#\/schema\/logo\/image\/","url":"https:\/\/librairie7l.com\/wp-content\/uploads\/2022\/08\/logo-1.png","contentUrl":"https:\/\/librairie7l.com\/wp-content\/uploads\/2022\/08\/logo-1.png","width":227,"height":301,"caption":"Librairie 7L"},"image":{"@id":"https:\/\/librairie7l.com\/en\/#\/schema\/logo\/image\/"}}]}},"_links":{"self":[{"href":"https:\/\/librairie7l.com\/en\/wp-json\/wp\/v2\/product\/51034"}],"collection":[{"href":"https:\/\/librairie7l.com\/en\/wp-json\/wp\/v2\/product"}],"about":[{"href":"https:\/\/librairie7l.com\/en\/wp-json\/wp\/v2\/types\/product"}],"wp:featuredmedia":[{"embeddable":true,"href":"https:\/\/librairie7l.com\/en\/wp-json\/wp\/v2\/media\/51032"}],"wp:attachment":[{"href":"https:\/\/librairie7l.com\/en\/wp-json\/wp\/v2\/media?parent=51034"}],"wp:term":[{"taxonomy":"product_cat","embeddable":true,"href":"https:\/\/librairie7l.com\/en\/wp-json\/wp\/v2\/product_cat?post=51034"},{"taxonomy":"product_tag","embeddable":true,"href":"https:\/\/librairie7l.com\/en\/wp-json\/wp\/v2\/product_tag?post=51034"}],"curies":[{"name":"wp","href":"https:\/\/api.w.org\/{rel}","templated":true}]}}