{"id":51038,"date":"2025-10-01T09:18:04","date_gmt":"2025-10-01T07:18:04","guid":{"rendered":"https:\/\/librairie7l.com\/?post_type=product&#038;p=51038"},"modified":"2026-04-13T00:18:06","modified_gmt":"2026-04-12T22:18:06","slug":"les-cahiers-de-la-nrf-biographie-au-pas-de-course-2","status":"publish","type":"product","link":"https:\/\/librairie7l.com\/en\/produit\/les-cahiers-de-la-nrf-biographie-au-pas-de-course-2\/","title":{"rendered":"LES CAHIERS DE LA NRF : BIOGRAPHIE AU PAS DE COURSE"},"content":{"rendered":"<p>En ce d\u00e9but d&#8217;ann\u00e9e 1985, Jean Dubuffet, qui a cess\u00e9 de peindre, partage d\u00e9sormais son temps entre le dessin et l&#8217;\u00e9criture. Du 12 f\u00e9vrier au 25 mars, il se consacre \u00e0 la r\u00e9daction de son autobiographie, qui sera son dernier \u00e9crit. Il meurt chez lui \u00e0 Paris, le 12 mai, \u00e0 l&#8217;\u00e2ge de quatre-vingt-trois ans.R\u00e9dig\u00e9e \u00abau pas de course\u00bb, ce dont t\u00e9moignent \u00e0 la fois sa forme et son style, cette biographie nous raconte les ann\u00e9es de jeunesse de l&#8217;auteur pass\u00e9es au Havre, son \u00e9ducation, son amiti\u00e9 pour Georges Limbour, ses h\u00e9sitations de jeune homme, ses all\u00e9es et venues entre activit\u00e9s artistiques et activit\u00e9s commerciales, entre passion et raison.La rencontre avec Jean Paulmhan, en 1943, sera d\u00e9cisive. \u00c9luard, Guillevic, Ponge, Fautrier et Queneau fr\u00e9quentent tour \u00e0 tour son atelier. Jean Dubuffet fait soudain l&#8217;objet d&#8217;une notori\u00e9t\u00e9 dans les c\u00e9nacles litt\u00e9raires puis bient\u00f4t dans le milieu artistique : sa premi\u00e8re exposition \u00e0 la Galerie Drouin fait l&#8217;effet d&#8217;une bombe ! Il se lie avec Henri Michaux, participe au comit\u00e9 de soutien pour Antonin Artaud, fonde la Compagnie de l&#8217;Art brut avec Andr\u00e9 Breton, d\u00e9fend Louis-Ferdinand C\u00e9line lors de son proc\u00e8s.Ce r\u00e9cit intime et passionnant est celui d&#8217;un \u00abhomme du commun\u00bb devenu artiste qui, arriv\u00e9 au soir de sa vie, nous raconte son parcours atypique et les anecdotes qui ont peupl\u00e9 son aventure pendant plus de quatre-vingt ans.<\/p>\n","protected":false},"excerpt":{"rendered":"<p>En ce d\u00e9but d&#8217;ann\u00e9e 1985, Jean Dubuffet, qui a cess\u00e9 de peindre, partage d\u00e9sormais son temps entre le dessin et l&#8217;\u00e9criture. Du 12 f\u00e9vrier au 25 mars, il se consacre \u00e0 la r\u00e9daction de son autobiographie, qui sera son dernier \u00e9crit. Il meurt chez lui \u00e0 Paris, le 12 mai, \u00e0 l&#8217;\u00e2ge de quatre-vingt-trois ans.R\u00e9dig\u00e9e [&hellip;]<\/p>\n","protected":false},"featured_media":51036,"template":"","meta":[],"product_cat":[2948,2953],"product_tag":[],"acf":[],"yoast_head":"<!-- This site is optimized with the Yoast SEO plugin v20.11 - https:\/\/yoast.com\/wordpress\/plugins\/seo\/ -->\n<title>Les cahiers de la NRF : biographie au pas de course - Librairie 7L<\/title>\n<meta name=\"robots\" content=\"index, follow, max-snippet:-1, max-image-preview:large, max-video-preview:-1\" \/>\n<link rel=\"canonical\" href=\"https:\/\/librairie7l.com\/en\/produit\/les-cahiers-de-la-nrf-biographie-au-pas-de-course-2\/\" \/>\n<meta property=\"og:locale\" content=\"en_US\" \/>\n<meta property=\"og:type\" content=\"article\" \/>\n<meta property=\"og:title\" content=\"Les cahiers de la NRF : biographie au pas de course - Librairie 7L\" \/>\n<meta property=\"og:description\" content=\"En ce d\u00e9but d&#8217;ann\u00e9e 1985, Jean Dubuffet, qui a cess\u00e9 de peindre, partage d\u00e9sormais son temps entre le dessin et l&#8217;\u00e9criture. Du 12 f\u00e9vrier au 25 mars, il se consacre \u00e0 la r\u00e9daction de son autobiographie, qui sera son dernier \u00e9crit. Il meurt chez lui \u00e0 Paris, le 12 mai, \u00e0 l&#8217;\u00e2ge de quatre-vingt-trois ans.R\u00e9dig\u00e9e [&hellip;]\" \/>\n<meta property=\"og:url\" content=\"https:\/\/librairie7l.com\/en\/produit\/les-cahiers-de-la-nrf-biographie-au-pas-de-course-2\/\" \/>\n<meta property=\"og:site_name\" content=\"Librairie 7L\" \/>\n<meta property=\"article:modified_time\" content=\"2026-04-12T22:18:06+00:00\" \/>\n<meta property=\"og:image\" content=\"https:\/\/librairie7l.com\/wp-content\/uploads\/2001\/06\/9782070762774_1_75.jpg\" \/>\n\t<meta property=\"og:image:width\" content=\"600\" \/>\n\t<meta property=\"og:image:height\" content=\"867\" \/>\n\t<meta property=\"og:image:type\" content=\"image\/jpeg\" \/>\n<meta name=\"twitter:card\" content=\"summary_large_image\" \/>\n<meta name=\"twitter:label1\" content=\"Est. reading time\" \/>\n\t<meta name=\"twitter:data1\" content=\"1 minute\" \/>\n<script type=\"application\/ld+json\" class=\"yoast-schema-graph\">{\"@context\":\"https:\/\/schema.org\",\"@graph\":[{\"@type\":\"WebPage\",\"@id\":\"https:\/\/librairie7l.com\/en\/produit\/les-cahiers-de-la-nrf-biographie-au-pas-de-course-2\/\",\"url\":\"https:\/\/librairie7l.com\/en\/produit\/les-cahiers-de-la-nrf-biographie-au-pas-de-course-2\/\",\"name\":\"Les cahiers de la NRF : biographie au pas de course - Librairie 7L\",\"isPartOf\":{\"@id\":\"https:\/\/librairie7l.com\/en\/#website\"},\"datePublished\":\"2025-10-01T07:18:04+00:00\",\"dateModified\":\"2026-04-12T22:18:06+00:00\",\"breadcrumb\":{\"@id\":\"https:\/\/librairie7l.com\/en\/produit\/les-cahiers-de-la-nrf-biographie-au-pas-de-course-2\/#breadcrumb\"},\"inLanguage\":\"en-US\",\"potentialAction\":[{\"@type\":\"ReadAction\",\"target\":[\"https:\/\/librairie7l.com\/en\/produit\/les-cahiers-de-la-nrf-biographie-au-pas-de-course-2\/\"]}]},{\"@type\":\"BreadcrumbList\",\"@id\":\"https:\/\/librairie7l.com\/en\/produit\/les-cahiers-de-la-nrf-biographie-au-pas-de-course-2\/#breadcrumb\",\"itemListElement\":[{\"@type\":\"ListItem\",\"position\":1,\"name\":\"Accueil\",\"item\":\"https:\/\/librairie7l.com\/en\/\"},{\"@type\":\"ListItem\",\"position\":2,\"name\":\"Shop\",\"item\":\"https:\/\/librairie7l.com\/en\/shop\/\"},{\"@type\":\"ListItem\",\"position\":3,\"name\":\"LES CAHIERS DE LA NRF : BIOGRAPHIE AU PAS DE COURSE\"}]},{\"@type\":\"WebSite\",\"@id\":\"https:\/\/librairie7l.com\/en\/#website\",\"url\":\"https:\/\/librairie7l.com\/en\/\",\"name\":\"Librairie 7L\",\"description\":\"Librairie fond\u00e9e en 1999 par Karl Lagerfeld \u00e0 Paris\",\"publisher\":{\"@id\":\"https:\/\/librairie7l.com\/en\/#organization\"},\"potentialAction\":[{\"@type\":\"SearchAction\",\"target\":{\"@type\":\"EntryPoint\",\"urlTemplate\":\"https:\/\/librairie7l.com\/en\/?s={search_term_string}\"},\"query-input\":\"required name=search_term_string\"}],\"inLanguage\":\"en-US\"},{\"@type\":\"Organization\",\"@id\":\"https:\/\/librairie7l.com\/en\/#organization\",\"name\":\"Librairie 7L\",\"url\":\"https:\/\/librairie7l.com\/en\/\",\"logo\":{\"@type\":\"ImageObject\",\"inLanguage\":\"en-US\",\"@id\":\"https:\/\/librairie7l.com\/en\/#\/schema\/logo\/image\/\",\"url\":\"https:\/\/librairie7l.com\/wp-content\/uploads\/2022\/08\/logo-1.png\",\"contentUrl\":\"https:\/\/librairie7l.com\/wp-content\/uploads\/2022\/08\/logo-1.png\",\"width\":227,\"height\":301,\"caption\":\"Librairie 7L\"},\"image\":{\"@id\":\"https:\/\/librairie7l.com\/en\/#\/schema\/logo\/image\/\"}}]}<\/script>\n<!-- \/ Yoast SEO plugin. -->","yoast_head_json":{"title":"Les cahiers de la NRF : biographie au pas de course - Librairie 7L","robots":{"index":"index","follow":"follow","max-snippet":"max-snippet:-1","max-image-preview":"max-image-preview:large","max-video-preview":"max-video-preview:-1"},"canonical":"https:\/\/librairie7l.com\/en\/produit\/les-cahiers-de-la-nrf-biographie-au-pas-de-course-2\/","og_locale":"en_US","og_type":"article","og_title":"Les cahiers de la NRF : biographie au pas de course - Librairie 7L","og_description":"En ce d\u00e9but d&#8217;ann\u00e9e 1985, Jean Dubuffet, qui a cess\u00e9 de peindre, partage d\u00e9sormais son temps entre le dessin et l&#8217;\u00e9criture. Du 12 f\u00e9vrier au 25 mars, il se consacre \u00e0 la r\u00e9daction de son autobiographie, qui sera son dernier \u00e9crit. Il meurt chez lui \u00e0 Paris, le 12 mai, \u00e0 l&#8217;\u00e2ge de quatre-vingt-trois ans.R\u00e9dig\u00e9e [&hellip;]","og_url":"https:\/\/librairie7l.com\/en\/produit\/les-cahiers-de-la-nrf-biographie-au-pas-de-course-2\/","og_site_name":"Librairie 7L","article_modified_time":"2026-04-12T22:18:06+00:00","og_image":[{"width":600,"height":867,"url":"https:\/\/librairie7l.com\/wp-content\/uploads\/2001\/06\/9782070762774_1_75.jpg","type":"image\/jpeg"}],"twitter_card":"summary_large_image","twitter_misc":{"Est. reading time":"1 minute"},"schema":{"@context":"https:\/\/schema.org","@graph":[{"@type":"WebPage","@id":"https:\/\/librairie7l.com\/en\/produit\/les-cahiers-de-la-nrf-biographie-au-pas-de-course-2\/","url":"https:\/\/librairie7l.com\/en\/produit\/les-cahiers-de-la-nrf-biographie-au-pas-de-course-2\/","name":"Les cahiers de la NRF : biographie au pas de course - Librairie 7L","isPartOf":{"@id":"https:\/\/librairie7l.com\/en\/#website"},"datePublished":"2025-10-01T07:18:04+00:00","dateModified":"2026-04-12T22:18:06+00:00","breadcrumb":{"@id":"https:\/\/librairie7l.com\/en\/produit\/les-cahiers-de-la-nrf-biographie-au-pas-de-course-2\/#breadcrumb"},"inLanguage":"en-US","potentialAction":[{"@type":"ReadAction","target":["https:\/\/librairie7l.com\/en\/produit\/les-cahiers-de-la-nrf-biographie-au-pas-de-course-2\/"]}]},{"@type":"BreadcrumbList","@id":"https:\/\/librairie7l.com\/en\/produit\/les-cahiers-de-la-nrf-biographie-au-pas-de-course-2\/#breadcrumb","itemListElement":[{"@type":"ListItem","position":1,"name":"Accueil","item":"https:\/\/librairie7l.com\/en\/"},{"@type":"ListItem","position":2,"name":"Shop","item":"https:\/\/librairie7l.com\/en\/shop\/"},{"@type":"ListItem","position":3,"name":"LES CAHIERS DE LA NRF : BIOGRAPHIE AU PAS DE COURSE"}]},{"@type":"WebSite","@id":"https:\/\/librairie7l.com\/en\/#website","url":"https:\/\/librairie7l.com\/en\/","name":"Librairie 7L","description":"Librairie fond\u00e9e en 1999 par Karl Lagerfeld \u00e0 Paris","publisher":{"@id":"https:\/\/librairie7l.com\/en\/#organization"},"potentialAction":[{"@type":"SearchAction","target":{"@type":"EntryPoint","urlTemplate":"https:\/\/librairie7l.com\/en\/?s={search_term_string}"},"query-input":"required name=search_term_string"}],"inLanguage":"en-US"},{"@type":"Organization","@id":"https:\/\/librairie7l.com\/en\/#organization","name":"Librairie 7L","url":"https:\/\/librairie7l.com\/en\/","logo":{"@type":"ImageObject","inLanguage":"en-US","@id":"https:\/\/librairie7l.com\/en\/#\/schema\/logo\/image\/","url":"https:\/\/librairie7l.com\/wp-content\/uploads\/2022\/08\/logo-1.png","contentUrl":"https:\/\/librairie7l.com\/wp-content\/uploads\/2022\/08\/logo-1.png","width":227,"height":301,"caption":"Librairie 7L"},"image":{"@id":"https:\/\/librairie7l.com\/en\/#\/schema\/logo\/image\/"}}]}},"_links":{"self":[{"href":"https:\/\/librairie7l.com\/en\/wp-json\/wp\/v2\/product\/51038"}],"collection":[{"href":"https:\/\/librairie7l.com\/en\/wp-json\/wp\/v2\/product"}],"about":[{"href":"https:\/\/librairie7l.com\/en\/wp-json\/wp\/v2\/types\/product"}],"wp:featuredmedia":[{"embeddable":true,"href":"https:\/\/librairie7l.com\/en\/wp-json\/wp\/v2\/media\/51036"}],"wp:attachment":[{"href":"https:\/\/librairie7l.com\/en\/wp-json\/wp\/v2\/media?parent=51038"}],"wp:term":[{"taxonomy":"product_cat","embeddable":true,"href":"https:\/\/librairie7l.com\/en\/wp-json\/wp\/v2\/product_cat?post=51038"},{"taxonomy":"product_tag","embeddable":true,"href":"https:\/\/librairie7l.com\/en\/wp-json\/wp\/v2\/product_tag?post=51038"}],"curies":[{"name":"wp","href":"https:\/\/api.w.org\/{rel}","templated":true}]}}