{"id":51062,"date":"2025-10-02T09:17:54","date_gmt":"2025-10-02T07:17:54","guid":{"rendered":"https:\/\/librairie7l.com\/?post_type=product&#038;p=51062"},"modified":"2026-04-12T22:47:02","modified_gmt":"2026-04-12T20:47:02","slug":"alina-szapocznikow-langage-du-corps-2","status":"publish","type":"product","link":"https:\/\/librairie7l.com\/en\/produit\/alina-szapocznikow-langage-du-corps-2\/","title":{"rendered":"ALINA SZAPOCZNIKOW. LANGAGE DU CORPS"},"content":{"rendered":"<p>H\u00e9riti\u00e8re aussi bien du surr\u00e9alisme que du mouvement pop, la sculptrice polonaise Alina Szapocznikow, n\u00e9e en 1926, rescap\u00e9e des camps d&#8217;extermination nazis et d\u00e9c\u00e9d\u00e9e en 1973 d&#8217;un cancer du sein, \u00e9voque le corps \u00e0 travers ses sculptures. En centrant ainsi son oeuvre sur le corps humain, elle exprime \u00e0 travers lui la fragilit\u00e9 de nos existences.<br \/>\nEn seulement deux d\u00e9cennies, Szapocznikow \u00e9labore son oeuvre sculpturale et graphique avec virtuosit\u00e9. Par son exploration de nouvelles m\u00e9thodes sculpturales et l&#8217;exp\u00e9rimentation de mat\u00e9riaux nouveaux, tels que la r\u00e9sine de polyester et la mousse de polyur\u00e9thane, elle contribue de mani\u00e8re consid\u00e9rable au r\u00e9examen de ce m\u00e9dium.<br \/>\nDe ses allusions ironiques \u00e0 la production de masse et \u00e0 la soci\u00e9t\u00e9 de consommation \u00e9mergent des assemblages de fragments corporels sensuels et troublants. Des moulages de ses l\u00e8vres et de sa poitrine constituent des \u00ab?lampes \u00e9rotiques?\u00bb ou sont drap\u00e9s de fa\u00e7on provocante dans des coupes en verre, interrogeant ainsi la place et le r\u00f4le de l&#8217;artiste femme dans la soci\u00e9t\u00e9 des ann\u00e9es 1960. Ce rapport direct au corps et \u00e0 la mall\u00e9abilit\u00e9 du mat\u00e9riel prend une autre forme dans ses Photosculptures dans lesquelles elle met en sc\u00e8ne des objets faits de chewing-gums, model\u00e9s directement dans la bouche et photographi\u00e9s comme des sculptures traditionnelles.<br \/>\nDurant sa maladie, son travail se focalise de plus en plus sur la m\u00e9moire, les traumas et la finitude. Elles produit des oeuvres \u00e9voquant les tumeurs qui prolif\u00e8rent en elle et t\u00e9moignant de l&#8217;in\u00e9branlable ind\u00e9pendance, du courage et de la vitalit\u00e9 artistique d&#8217;Alina Szapocznikow. C&#8217;est seulement quatre d\u00e9cennies apr\u00e8s son d\u00e9c\u00e8s pr\u00e9matur\u00e9 \u00e0 47 ans que son oeuvre, d\u00e9j\u00e0 c\u00e9l\u00e9br\u00e9e de son vivant dans son pays d&#8217;origine, la Pologne, conna\u00eet une reconnaissance internationale m\u00e9rit\u00e9e.<\/p>\n","protected":false},"excerpt":{"rendered":"<p>H\u00e9riti\u00e8re aussi bien du surr\u00e9alisme que du mouvement pop, la sculptrice polonaise Alina Szapocznikow, n\u00e9e en 1926, rescap\u00e9e des camps d&#8217;extermination nazis et d\u00e9c\u00e9d\u00e9e en 1973 d&#8217;un cancer du sein, \u00e9voque le corps \u00e0 travers ses sculptures. En centrant ainsi son oeuvre sur le corps humain, elle exprime \u00e0 travers lui la fragilit\u00e9 de nos [&hellip;]<\/p>\n","protected":false},"featured_media":51060,"template":"","meta":[],"product_cat":[2948,2953],"product_tag":[],"acf":[],"yoast_head":"<!-- This site is optimized with the Yoast SEO plugin v20.11 - https:\/\/yoast.com\/wordpress\/plugins\/seo\/ -->\n<title>Alina Szapocznikow. Langage du corps - Librairie 7L<\/title>\n<meta name=\"robots\" content=\"index, follow, max-snippet:-1, max-image-preview:large, max-video-preview:-1\" \/>\n<link rel=\"canonical\" href=\"https:\/\/librairie7l.com\/en\/produit\/alina-szapocznikow-langage-du-corps-2\/\" \/>\n<meta property=\"og:locale\" content=\"en_US\" \/>\n<meta property=\"og:type\" content=\"article\" \/>\n<meta property=\"og:title\" content=\"Alina Szapocznikow. Langage du corps - Librairie 7L\" \/>\n<meta property=\"og:description\" content=\"H\u00e9riti\u00e8re aussi bien du surr\u00e9alisme que du mouvement pop, la sculptrice polonaise Alina Szapocznikow, n\u00e9e en 1926, rescap\u00e9e des camps d&#8217;extermination nazis et d\u00e9c\u00e9d\u00e9e en 1973 d&#8217;un cancer du sein, \u00e9voque le corps \u00e0 travers ses sculptures. En centrant ainsi son oeuvre sur le corps humain, elle exprime \u00e0 travers lui la fragilit\u00e9 de nos [&hellip;]\" \/>\n<meta property=\"og:url\" content=\"https:\/\/librairie7l.com\/en\/produit\/alina-szapocznikow-langage-du-corps-2\/\" \/>\n<meta property=\"og:site_name\" content=\"Librairie 7L\" \/>\n<meta property=\"article:modified_time\" content=\"2026-04-12T20:47:02+00:00\" \/>\n<meta property=\"og:image\" content=\"https:\/\/librairie7l.com\/wp-content\/uploads\/2025\/04\/9782359064759_1_75.jpg\" \/>\n\t<meta property=\"og:image:width\" content=\"600\" \/>\n\t<meta property=\"og:image:height\" content=\"764\" \/>\n\t<meta property=\"og:image:type\" content=\"image\/jpeg\" \/>\n<meta name=\"twitter:card\" content=\"summary_large_image\" \/>\n<meta name=\"twitter:label1\" content=\"Est. reading time\" \/>\n\t<meta name=\"twitter:data1\" content=\"2 minutes\" \/>\n<script type=\"application\/ld+json\" class=\"yoast-schema-graph\">{\"@context\":\"https:\/\/schema.org\",\"@graph\":[{\"@type\":\"WebPage\",\"@id\":\"https:\/\/librairie7l.com\/en\/produit\/alina-szapocznikow-langage-du-corps-2\/\",\"url\":\"https:\/\/librairie7l.com\/en\/produit\/alina-szapocznikow-langage-du-corps-2\/\",\"name\":\"Alina Szapocznikow. Langage du corps - Librairie 7L\",\"isPartOf\":{\"@id\":\"https:\/\/librairie7l.com\/en\/#website\"},\"datePublished\":\"2025-10-02T07:17:54+00:00\",\"dateModified\":\"2026-04-12T20:47:02+00:00\",\"breadcrumb\":{\"@id\":\"https:\/\/librairie7l.com\/en\/produit\/alina-szapocznikow-langage-du-corps-2\/#breadcrumb\"},\"inLanguage\":\"en-US\",\"potentialAction\":[{\"@type\":\"ReadAction\",\"target\":[\"https:\/\/librairie7l.com\/en\/produit\/alina-szapocznikow-langage-du-corps-2\/\"]}]},{\"@type\":\"BreadcrumbList\",\"@id\":\"https:\/\/librairie7l.com\/en\/produit\/alina-szapocznikow-langage-du-corps-2\/#breadcrumb\",\"itemListElement\":[{\"@type\":\"ListItem\",\"position\":1,\"name\":\"Accueil\",\"item\":\"https:\/\/librairie7l.com\/en\/\"},{\"@type\":\"ListItem\",\"position\":2,\"name\":\"Shop\",\"item\":\"https:\/\/librairie7l.com\/en\/shop\/\"},{\"@type\":\"ListItem\",\"position\":3,\"name\":\"ALINA SZAPOCZNIKOW. LANGAGE DU CORPS\"}]},{\"@type\":\"WebSite\",\"@id\":\"https:\/\/librairie7l.com\/en\/#website\",\"url\":\"https:\/\/librairie7l.com\/en\/\",\"name\":\"Librairie 7L\",\"description\":\"Librairie fond\u00e9e en 1999 par Karl Lagerfeld \u00e0 Paris\",\"publisher\":{\"@id\":\"https:\/\/librairie7l.com\/en\/#organization\"},\"potentialAction\":[{\"@type\":\"SearchAction\",\"target\":{\"@type\":\"EntryPoint\",\"urlTemplate\":\"https:\/\/librairie7l.com\/en\/?s={search_term_string}\"},\"query-input\":\"required name=search_term_string\"}],\"inLanguage\":\"en-US\"},{\"@type\":\"Organization\",\"@id\":\"https:\/\/librairie7l.com\/en\/#organization\",\"name\":\"Librairie 7L\",\"url\":\"https:\/\/librairie7l.com\/en\/\",\"logo\":{\"@type\":\"ImageObject\",\"inLanguage\":\"en-US\",\"@id\":\"https:\/\/librairie7l.com\/en\/#\/schema\/logo\/image\/\",\"url\":\"https:\/\/librairie7l.com\/wp-content\/uploads\/2022\/08\/logo-1.png\",\"contentUrl\":\"https:\/\/librairie7l.com\/wp-content\/uploads\/2022\/08\/logo-1.png\",\"width\":227,\"height\":301,\"caption\":\"Librairie 7L\"},\"image\":{\"@id\":\"https:\/\/librairie7l.com\/en\/#\/schema\/logo\/image\/\"}}]}<\/script>\n<!-- \/ Yoast SEO plugin. -->","yoast_head_json":{"title":"Alina Szapocznikow. Langage du corps - Librairie 7L","robots":{"index":"index","follow":"follow","max-snippet":"max-snippet:-1","max-image-preview":"max-image-preview:large","max-video-preview":"max-video-preview:-1"},"canonical":"https:\/\/librairie7l.com\/en\/produit\/alina-szapocznikow-langage-du-corps-2\/","og_locale":"en_US","og_type":"article","og_title":"Alina Szapocznikow. Langage du corps - Librairie 7L","og_description":"H\u00e9riti\u00e8re aussi bien du surr\u00e9alisme que du mouvement pop, la sculptrice polonaise Alina Szapocznikow, n\u00e9e en 1926, rescap\u00e9e des camps d&#8217;extermination nazis et d\u00e9c\u00e9d\u00e9e en 1973 d&#8217;un cancer du sein, \u00e9voque le corps \u00e0 travers ses sculptures. En centrant ainsi son oeuvre sur le corps humain, elle exprime \u00e0 travers lui la fragilit\u00e9 de nos [&hellip;]","og_url":"https:\/\/librairie7l.com\/en\/produit\/alina-szapocznikow-langage-du-corps-2\/","og_site_name":"Librairie 7L","article_modified_time":"2026-04-12T20:47:02+00:00","og_image":[{"width":600,"height":764,"url":"https:\/\/librairie7l.com\/wp-content\/uploads\/2025\/04\/9782359064759_1_75.jpg","type":"image\/jpeg"}],"twitter_card":"summary_large_image","twitter_misc":{"Est. reading time":"2 minutes"},"schema":{"@context":"https:\/\/schema.org","@graph":[{"@type":"WebPage","@id":"https:\/\/librairie7l.com\/en\/produit\/alina-szapocznikow-langage-du-corps-2\/","url":"https:\/\/librairie7l.com\/en\/produit\/alina-szapocznikow-langage-du-corps-2\/","name":"Alina Szapocznikow. Langage du corps - Librairie 7L","isPartOf":{"@id":"https:\/\/librairie7l.com\/en\/#website"},"datePublished":"2025-10-02T07:17:54+00:00","dateModified":"2026-04-12T20:47:02+00:00","breadcrumb":{"@id":"https:\/\/librairie7l.com\/en\/produit\/alina-szapocznikow-langage-du-corps-2\/#breadcrumb"},"inLanguage":"en-US","potentialAction":[{"@type":"ReadAction","target":["https:\/\/librairie7l.com\/en\/produit\/alina-szapocznikow-langage-du-corps-2\/"]}]},{"@type":"BreadcrumbList","@id":"https:\/\/librairie7l.com\/en\/produit\/alina-szapocznikow-langage-du-corps-2\/#breadcrumb","itemListElement":[{"@type":"ListItem","position":1,"name":"Accueil","item":"https:\/\/librairie7l.com\/en\/"},{"@type":"ListItem","position":2,"name":"Shop","item":"https:\/\/librairie7l.com\/en\/shop\/"},{"@type":"ListItem","position":3,"name":"ALINA SZAPOCZNIKOW. LANGAGE DU CORPS"}]},{"@type":"WebSite","@id":"https:\/\/librairie7l.com\/en\/#website","url":"https:\/\/librairie7l.com\/en\/","name":"Librairie 7L","description":"Librairie fond\u00e9e en 1999 par Karl Lagerfeld \u00e0 Paris","publisher":{"@id":"https:\/\/librairie7l.com\/en\/#organization"},"potentialAction":[{"@type":"SearchAction","target":{"@type":"EntryPoint","urlTemplate":"https:\/\/librairie7l.com\/en\/?s={search_term_string}"},"query-input":"required name=search_term_string"}],"inLanguage":"en-US"},{"@type":"Organization","@id":"https:\/\/librairie7l.com\/en\/#organization","name":"Librairie 7L","url":"https:\/\/librairie7l.com\/en\/","logo":{"@type":"ImageObject","inLanguage":"en-US","@id":"https:\/\/librairie7l.com\/en\/#\/schema\/logo\/image\/","url":"https:\/\/librairie7l.com\/wp-content\/uploads\/2022\/08\/logo-1.png","contentUrl":"https:\/\/librairie7l.com\/wp-content\/uploads\/2022\/08\/logo-1.png","width":227,"height":301,"caption":"Librairie 7L"},"image":{"@id":"https:\/\/librairie7l.com\/en\/#\/schema\/logo\/image\/"}}]}},"_links":{"self":[{"href":"https:\/\/librairie7l.com\/en\/wp-json\/wp\/v2\/product\/51062"}],"collection":[{"href":"https:\/\/librairie7l.com\/en\/wp-json\/wp\/v2\/product"}],"about":[{"href":"https:\/\/librairie7l.com\/en\/wp-json\/wp\/v2\/types\/product"}],"wp:featuredmedia":[{"embeddable":true,"href":"https:\/\/librairie7l.com\/en\/wp-json\/wp\/v2\/media\/51060"}],"wp:attachment":[{"href":"https:\/\/librairie7l.com\/en\/wp-json\/wp\/v2\/media?parent=51062"}],"wp:term":[{"taxonomy":"product_cat","embeddable":true,"href":"https:\/\/librairie7l.com\/en\/wp-json\/wp\/v2\/product_cat?post=51062"},{"taxonomy":"product_tag","embeddable":true,"href":"https:\/\/librairie7l.com\/en\/wp-json\/wp\/v2\/product_tag?post=51062"}],"curies":[{"name":"wp","href":"https:\/\/api.w.org\/{rel}","templated":true}]}}