{"id":51066,"date":"2025-10-02T09:17:57","date_gmt":"2025-10-02T07:17:57","guid":{"rendered":"https:\/\/librairie7l.com\/?post_type=product&#038;p=51066"},"modified":"2026-04-12T22:40:21","modified_gmt":"2026-04-12T20:40:21","slug":"matisse-sans-frontieres-2","status":"publish","type":"product","link":"https:\/\/librairie7l.com\/en\/produit\/matisse-sans-frontieres-2\/","title":{"rendered":"MATISSE SANS FRONTI\u00c8RES"},"content":{"rendered":"<p>Nomade \u00e0 sa fa\u00e7on, Henri Matisse aura fait le tour du monde. De Collioure \u00e0 Moscou, de Padoue \u00e0 S\u00e9ville, de Biskra \u00e0 Tanger, de New York \u00e0 Tahiti, il ne dissocie jamais le voyage de la peinture. Et sa culture d&#8217;une connaissance des autres. Si le pittoresque lui fait horreur, il n&#8217;affirme pas moins, en 1933\u00a0:\u00a0\u00abLa r\u00eaverie d&#8217;un homme qui a voyag\u00e9 est autrement plus riche que celle d&#8217;un homme qui n&#8217;a jamais voyag\u00e9.\u00bb En restituant la g\u00e9ographie de Matisse, ce livre fait respirer autrement le r\u00e9cit et l&#8217;intelligence de son oeuvre, loin des sempiternelles ruptures plastiques ou de la qu\u00eate abstraite que l&#8217;histoire de l&#8217;art n&#8217;a cess\u00e9 de mobiliser.<\/p>\n","protected":false},"excerpt":{"rendered":"<p>Nomade \u00e0 sa fa\u00e7on, Henri Matisse aura fait le tour du monde. De Collioure \u00e0 Moscou, de Padoue \u00e0 S\u00e9ville, de Biskra \u00e0 Tanger, de New York \u00e0 Tahiti, il ne dissocie jamais le voyage de la peinture. Et sa culture d&#8217;une connaissance des autres. Si le pittoresque lui fait horreur, il n&#8217;affirme pas moins, [&hellip;]<\/p>\n","protected":false},"featured_media":51064,"template":"","meta":[],"product_cat":[2948,2953],"product_tag":[],"acf":[],"yoast_head":"<!-- This site is optimized with the Yoast SEO plugin v20.11 - https:\/\/yoast.com\/wordpress\/plugins\/seo\/ -->\n<title>Matisse sans fronti\u00e8res - Librairie 7L<\/title>\n<meta name=\"robots\" content=\"index, follow, max-snippet:-1, max-image-preview:large, max-video-preview:-1\" \/>\n<link rel=\"canonical\" href=\"https:\/\/librairie7l.com\/en\/produit\/matisse-sans-frontieres-2\/\" \/>\n<meta property=\"og:locale\" content=\"en_US\" \/>\n<meta property=\"og:type\" content=\"article\" \/>\n<meta property=\"og:title\" content=\"Matisse sans fronti\u00e8res - Librairie 7L\" \/>\n<meta property=\"og:description\" content=\"Nomade \u00e0 sa fa\u00e7on, Henri Matisse aura fait le tour du monde. De Collioure \u00e0 Moscou, de Padoue \u00e0 S\u00e9ville, de Biskra \u00e0 Tanger, de New York \u00e0 Tahiti, il ne dissocie jamais le voyage de la peinture. Et sa culture d&#8217;une connaissance des autres. Si le pittoresque lui fait horreur, il n&#8217;affirme pas moins, [&hellip;]\" \/>\n<meta property=\"og:url\" content=\"https:\/\/librairie7l.com\/en\/produit\/matisse-sans-frontieres-2\/\" \/>\n<meta property=\"og:site_name\" content=\"Librairie 7L\" \/>\n<meta property=\"article:modified_time\" content=\"2026-04-12T20:40:21+00:00\" \/>\n<meta property=\"og:image\" content=\"https:\/\/librairie7l.com\/wp-content\/uploads\/2025\/05\/9782073116246_1_75.jpg\" \/>\n\t<meta property=\"og:image:width\" content=\"600\" \/>\n\t<meta property=\"og:image:height\" content=\"724\" \/>\n\t<meta property=\"og:image:type\" content=\"image\/jpeg\" \/>\n<meta name=\"twitter:card\" content=\"summary_large_image\" \/>\n<meta name=\"twitter:label1\" content=\"Est. reading time\" \/>\n\t<meta name=\"twitter:data1\" content=\"1 minute\" \/>\n<script type=\"application\/ld+json\" class=\"yoast-schema-graph\">{\"@context\":\"https:\/\/schema.org\",\"@graph\":[{\"@type\":\"WebPage\",\"@id\":\"https:\/\/librairie7l.com\/en\/produit\/matisse-sans-frontieres-2\/\",\"url\":\"https:\/\/librairie7l.com\/en\/produit\/matisse-sans-frontieres-2\/\",\"name\":\"Matisse sans fronti\u00e8res - Librairie 7L\",\"isPartOf\":{\"@id\":\"https:\/\/librairie7l.com\/en\/#website\"},\"datePublished\":\"2025-10-02T07:17:57+00:00\",\"dateModified\":\"2026-04-12T20:40:21+00:00\",\"breadcrumb\":{\"@id\":\"https:\/\/librairie7l.com\/en\/produit\/matisse-sans-frontieres-2\/#breadcrumb\"},\"inLanguage\":\"en-US\",\"potentialAction\":[{\"@type\":\"ReadAction\",\"target\":[\"https:\/\/librairie7l.com\/en\/produit\/matisse-sans-frontieres-2\/\"]}]},{\"@type\":\"BreadcrumbList\",\"@id\":\"https:\/\/librairie7l.com\/en\/produit\/matisse-sans-frontieres-2\/#breadcrumb\",\"itemListElement\":[{\"@type\":\"ListItem\",\"position\":1,\"name\":\"Accueil\",\"item\":\"https:\/\/librairie7l.com\/en\/\"},{\"@type\":\"ListItem\",\"position\":2,\"name\":\"Shop\",\"item\":\"https:\/\/librairie7l.com\/en\/shop\/\"},{\"@type\":\"ListItem\",\"position\":3,\"name\":\"MATISSE SANS FRONTI\u00c8RES\"}]},{\"@type\":\"WebSite\",\"@id\":\"https:\/\/librairie7l.com\/en\/#website\",\"url\":\"https:\/\/librairie7l.com\/en\/\",\"name\":\"Librairie 7L\",\"description\":\"Librairie fond\u00e9e en 1999 par Karl Lagerfeld \u00e0 Paris\",\"publisher\":{\"@id\":\"https:\/\/librairie7l.com\/en\/#organization\"},\"potentialAction\":[{\"@type\":\"SearchAction\",\"target\":{\"@type\":\"EntryPoint\",\"urlTemplate\":\"https:\/\/librairie7l.com\/en\/?s={search_term_string}\"},\"query-input\":\"required name=search_term_string\"}],\"inLanguage\":\"en-US\"},{\"@type\":\"Organization\",\"@id\":\"https:\/\/librairie7l.com\/en\/#organization\",\"name\":\"Librairie 7L\",\"url\":\"https:\/\/librairie7l.com\/en\/\",\"logo\":{\"@type\":\"ImageObject\",\"inLanguage\":\"en-US\",\"@id\":\"https:\/\/librairie7l.com\/en\/#\/schema\/logo\/image\/\",\"url\":\"https:\/\/librairie7l.com\/wp-content\/uploads\/2022\/08\/logo-1.png\",\"contentUrl\":\"https:\/\/librairie7l.com\/wp-content\/uploads\/2022\/08\/logo-1.png\",\"width\":227,\"height\":301,\"caption\":\"Librairie 7L\"},\"image\":{\"@id\":\"https:\/\/librairie7l.com\/en\/#\/schema\/logo\/image\/\"}}]}<\/script>\n<!-- \/ Yoast SEO plugin. -->","yoast_head_json":{"title":"Matisse sans fronti\u00e8res - Librairie 7L","robots":{"index":"index","follow":"follow","max-snippet":"max-snippet:-1","max-image-preview":"max-image-preview:large","max-video-preview":"max-video-preview:-1"},"canonical":"https:\/\/librairie7l.com\/en\/produit\/matisse-sans-frontieres-2\/","og_locale":"en_US","og_type":"article","og_title":"Matisse sans fronti\u00e8res - Librairie 7L","og_description":"Nomade \u00e0 sa fa\u00e7on, Henri Matisse aura fait le tour du monde. De Collioure \u00e0 Moscou, de Padoue \u00e0 S\u00e9ville, de Biskra \u00e0 Tanger, de New York \u00e0 Tahiti, il ne dissocie jamais le voyage de la peinture. Et sa culture d&#8217;une connaissance des autres. Si le pittoresque lui fait horreur, il n&#8217;affirme pas moins, [&hellip;]","og_url":"https:\/\/librairie7l.com\/en\/produit\/matisse-sans-frontieres-2\/","og_site_name":"Librairie 7L","article_modified_time":"2026-04-12T20:40:21+00:00","og_image":[{"width":600,"height":724,"url":"https:\/\/librairie7l.com\/wp-content\/uploads\/2025\/05\/9782073116246_1_75.jpg","type":"image\/jpeg"}],"twitter_card":"summary_large_image","twitter_misc":{"Est. reading time":"1 minute"},"schema":{"@context":"https:\/\/schema.org","@graph":[{"@type":"WebPage","@id":"https:\/\/librairie7l.com\/en\/produit\/matisse-sans-frontieres-2\/","url":"https:\/\/librairie7l.com\/en\/produit\/matisse-sans-frontieres-2\/","name":"Matisse sans fronti\u00e8res - Librairie 7L","isPartOf":{"@id":"https:\/\/librairie7l.com\/en\/#website"},"datePublished":"2025-10-02T07:17:57+00:00","dateModified":"2026-04-12T20:40:21+00:00","breadcrumb":{"@id":"https:\/\/librairie7l.com\/en\/produit\/matisse-sans-frontieres-2\/#breadcrumb"},"inLanguage":"en-US","potentialAction":[{"@type":"ReadAction","target":["https:\/\/librairie7l.com\/en\/produit\/matisse-sans-frontieres-2\/"]}]},{"@type":"BreadcrumbList","@id":"https:\/\/librairie7l.com\/en\/produit\/matisse-sans-frontieres-2\/#breadcrumb","itemListElement":[{"@type":"ListItem","position":1,"name":"Accueil","item":"https:\/\/librairie7l.com\/en\/"},{"@type":"ListItem","position":2,"name":"Shop","item":"https:\/\/librairie7l.com\/en\/shop\/"},{"@type":"ListItem","position":3,"name":"MATISSE SANS FRONTI\u00c8RES"}]},{"@type":"WebSite","@id":"https:\/\/librairie7l.com\/en\/#website","url":"https:\/\/librairie7l.com\/en\/","name":"Librairie 7L","description":"Librairie fond\u00e9e en 1999 par Karl Lagerfeld \u00e0 Paris","publisher":{"@id":"https:\/\/librairie7l.com\/en\/#organization"},"potentialAction":[{"@type":"SearchAction","target":{"@type":"EntryPoint","urlTemplate":"https:\/\/librairie7l.com\/en\/?s={search_term_string}"},"query-input":"required name=search_term_string"}],"inLanguage":"en-US"},{"@type":"Organization","@id":"https:\/\/librairie7l.com\/en\/#organization","name":"Librairie 7L","url":"https:\/\/librairie7l.com\/en\/","logo":{"@type":"ImageObject","inLanguage":"en-US","@id":"https:\/\/librairie7l.com\/en\/#\/schema\/logo\/image\/","url":"https:\/\/librairie7l.com\/wp-content\/uploads\/2022\/08\/logo-1.png","contentUrl":"https:\/\/librairie7l.com\/wp-content\/uploads\/2022\/08\/logo-1.png","width":227,"height":301,"caption":"Librairie 7L"},"image":{"@id":"https:\/\/librairie7l.com\/en\/#\/schema\/logo\/image\/"}}]}},"_links":{"self":[{"href":"https:\/\/librairie7l.com\/en\/wp-json\/wp\/v2\/product\/51066"}],"collection":[{"href":"https:\/\/librairie7l.com\/en\/wp-json\/wp\/v2\/product"}],"about":[{"href":"https:\/\/librairie7l.com\/en\/wp-json\/wp\/v2\/types\/product"}],"wp:featuredmedia":[{"embeddable":true,"href":"https:\/\/librairie7l.com\/en\/wp-json\/wp\/v2\/media\/51064"}],"wp:attachment":[{"href":"https:\/\/librairie7l.com\/en\/wp-json\/wp\/v2\/media?parent=51066"}],"wp:term":[{"taxonomy":"product_cat","embeddable":true,"href":"https:\/\/librairie7l.com\/en\/wp-json\/wp\/v2\/product_cat?post=51066"},{"taxonomy":"product_tag","embeddable":true,"href":"https:\/\/librairie7l.com\/en\/wp-json\/wp\/v2\/product_tag?post=51066"}],"curies":[{"name":"wp","href":"https:\/\/api.w.org\/{rel}","templated":true}]}}