{"id":51074,"date":"2025-10-02T09:18:03","date_gmt":"2025-10-02T07:18:03","guid":{"rendered":"https:\/\/librairie7l.com\/?post_type=product&#038;p=51074"},"modified":"2026-04-22T23:13:32","modified_gmt":"2026-04-22T21:13:32","slug":"le-fabuleux-langage-des-plantes-2","status":"publish","type":"product","link":"https:\/\/librairie7l.com\/en\/produit\/le-fabuleux-langage-des-plantes-2\/","title":{"rendered":"LE FABULEUX LANGAGE DES PLANTES"},"content":{"rendered":"<p>Un voyage \u00e9rudit et po\u00e9tique \u00e0 la crois\u00e9e des sciences et de l&#8217;art, qui m\u00eale la botanique, les mythes, les l\u00e9gendes populaires, les \u00e9crits sacr\u00e9s, ainsi que des si\u00e8cles de peinture et de litt\u00e9rature. D&#8217;une \u00e9l\u00e9gance raffin\u00e9e, cet ouvrage nous invite \u00e0 d\u00e9couvrir le langage secret de plus de 50 plantes, offrant un \u00e9clairage unique sur leur r\u00f4le dans l&#8217;imaginaire collectif.<br \/>\nDe l&#8217;acacia et du lotus v\u00e9n\u00e9r\u00e9s par les \u00c9gyptiens, jusqu&#8217;au langage subtil des fleurs cher \u00e0 l&#8217;\u00e9poque victorienne, en passant par les oeuvres de Vincent Van Gogh ou de Georgia O&#8217;Keeffe, l&#8217;humain n&#8217;a cess\u00e9 de chercher du sens dans la nature -; vertus th\u00e9rapeutiques, symboles de beaut\u00e9 ou de force, attributs de saints ou de h\u00e9ros&#8230;<br \/>\n Ce livre, \u00e0 la crois\u00e9e des sciences et de l&#8217;art, m\u00eale la botanique, les mythes, les l\u00e9gendes populaires, les \u00e9crits sacr\u00e9s, ainsi que des si\u00e8cles de peinture et de litt\u00e9rature. D&#8217;une \u00e9l\u00e9gance raffin\u00e9e, il nous invite \u00e0 d\u00e9couvrir le langage secret de plus de cinquante plantes, offrant un \u00e9clairage unique sur leur r\u00f4le dans l&#8217;imaginaire collectif.<\/p>\n","protected":false},"excerpt":{"rendered":"<p>Un voyage \u00e9rudit et po\u00e9tique \u00e0 la crois\u00e9e des sciences et de l&#8217;art, qui m\u00eale la botanique, les mythes, les l\u00e9gendes populaires, les \u00e9crits sacr\u00e9s, ainsi que des si\u00e8cles de peinture et de litt\u00e9rature. D&#8217;une \u00e9l\u00e9gance raffin\u00e9e, cet ouvrage nous invite \u00e0 d\u00e9couvrir le langage secret de plus de 50 plantes, offrant un \u00e9clairage unique [&hellip;]<\/p>\n","protected":false},"featured_media":51072,"template":"","meta":[],"product_cat":[2948,2956],"product_tag":[],"acf":[],"yoast_head":"<!-- This site is optimized with the Yoast SEO plugin v20.11 - https:\/\/yoast.com\/wordpress\/plugins\/seo\/ -->\n<title>Le fabuleux langage des plantes - Librairie 7L<\/title>\n<meta name=\"robots\" content=\"index, follow, max-snippet:-1, max-image-preview:large, max-video-preview:-1\" \/>\n<link rel=\"canonical\" href=\"https:\/\/librairie7l.com\/en\/produit\/le-fabuleux-langage-des-plantes-2\/\" \/>\n<meta property=\"og:locale\" content=\"en_US\" \/>\n<meta property=\"og:type\" content=\"article\" \/>\n<meta property=\"og:title\" content=\"Le fabuleux langage des plantes - Librairie 7L\" \/>\n<meta property=\"og:description\" content=\"Un voyage \u00e9rudit et po\u00e9tique \u00e0 la crois\u00e9e des sciences et de l&#8217;art, qui m\u00eale la botanique, les mythes, les l\u00e9gendes populaires, les \u00e9crits sacr\u00e9s, ainsi que des si\u00e8cles de peinture et de litt\u00e9rature. D&#8217;une \u00e9l\u00e9gance raffin\u00e9e, cet ouvrage nous invite \u00e0 d\u00e9couvrir le langage secret de plus de 50 plantes, offrant un \u00e9clairage unique [&hellip;]\" \/>\n<meta property=\"og:url\" content=\"https:\/\/librairie7l.com\/en\/produit\/le-fabuleux-langage-des-plantes-2\/\" \/>\n<meta property=\"og:site_name\" content=\"Librairie 7L\" \/>\n<meta property=\"article:modified_time\" content=\"2026-04-22T21:13:32+00:00\" \/>\n<meta property=\"og:image\" content=\"https:\/\/librairie7l.com\/wp-content\/uploads\/2025\/06\/9782379224324_1_75.jpg\" \/>\n\t<meta property=\"og:image:width\" content=\"600\" \/>\n\t<meta property=\"og:image:height\" content=\"795\" \/>\n\t<meta property=\"og:image:type\" content=\"image\/jpeg\" \/>\n<meta name=\"twitter:card\" content=\"summary_large_image\" \/>\n<meta name=\"twitter:label1\" content=\"Est. reading time\" \/>\n\t<meta name=\"twitter:data1\" content=\"1 minute\" \/>\n<script type=\"application\/ld+json\" class=\"yoast-schema-graph\">{\"@context\":\"https:\/\/schema.org\",\"@graph\":[{\"@type\":\"WebPage\",\"@id\":\"https:\/\/librairie7l.com\/en\/produit\/le-fabuleux-langage-des-plantes-2\/\",\"url\":\"https:\/\/librairie7l.com\/en\/produit\/le-fabuleux-langage-des-plantes-2\/\",\"name\":\"Le fabuleux langage des plantes - Librairie 7L\",\"isPartOf\":{\"@id\":\"https:\/\/librairie7l.com\/en\/#website\"},\"datePublished\":\"2025-10-02T07:18:03+00:00\",\"dateModified\":\"2026-04-22T21:13:32+00:00\",\"breadcrumb\":{\"@id\":\"https:\/\/librairie7l.com\/en\/produit\/le-fabuleux-langage-des-plantes-2\/#breadcrumb\"},\"inLanguage\":\"en-US\",\"potentialAction\":[{\"@type\":\"ReadAction\",\"target\":[\"https:\/\/librairie7l.com\/en\/produit\/le-fabuleux-langage-des-plantes-2\/\"]}]},{\"@type\":\"BreadcrumbList\",\"@id\":\"https:\/\/librairie7l.com\/en\/produit\/le-fabuleux-langage-des-plantes-2\/#breadcrumb\",\"itemListElement\":[{\"@type\":\"ListItem\",\"position\":1,\"name\":\"Accueil\",\"item\":\"https:\/\/librairie7l.com\/en\/\"},{\"@type\":\"ListItem\",\"position\":2,\"name\":\"Shop\",\"item\":\"https:\/\/librairie7l.com\/en\/shop\/\"},{\"@type\":\"ListItem\",\"position\":3,\"name\":\"LE FABULEUX LANGAGE DES PLANTES\"}]},{\"@type\":\"WebSite\",\"@id\":\"https:\/\/librairie7l.com\/en\/#website\",\"url\":\"https:\/\/librairie7l.com\/en\/\",\"name\":\"Librairie 7L\",\"description\":\"Librairie fond\u00e9e en 1999 par Karl Lagerfeld \u00e0 Paris\",\"publisher\":{\"@id\":\"https:\/\/librairie7l.com\/en\/#organization\"},\"potentialAction\":[{\"@type\":\"SearchAction\",\"target\":{\"@type\":\"EntryPoint\",\"urlTemplate\":\"https:\/\/librairie7l.com\/en\/?s={search_term_string}\"},\"query-input\":\"required name=search_term_string\"}],\"inLanguage\":\"en-US\"},{\"@type\":\"Organization\",\"@id\":\"https:\/\/librairie7l.com\/en\/#organization\",\"name\":\"Librairie 7L\",\"url\":\"https:\/\/librairie7l.com\/en\/\",\"logo\":{\"@type\":\"ImageObject\",\"inLanguage\":\"en-US\",\"@id\":\"https:\/\/librairie7l.com\/en\/#\/schema\/logo\/image\/\",\"url\":\"https:\/\/librairie7l.com\/wp-content\/uploads\/2022\/08\/logo-1.png\",\"contentUrl\":\"https:\/\/librairie7l.com\/wp-content\/uploads\/2022\/08\/logo-1.png\",\"width\":227,\"height\":301,\"caption\":\"Librairie 7L\"},\"image\":{\"@id\":\"https:\/\/librairie7l.com\/en\/#\/schema\/logo\/image\/\"}}]}<\/script>\n<!-- \/ Yoast SEO plugin. -->","yoast_head_json":{"title":"Le fabuleux langage des plantes - Librairie 7L","robots":{"index":"index","follow":"follow","max-snippet":"max-snippet:-1","max-image-preview":"max-image-preview:large","max-video-preview":"max-video-preview:-1"},"canonical":"https:\/\/librairie7l.com\/en\/produit\/le-fabuleux-langage-des-plantes-2\/","og_locale":"en_US","og_type":"article","og_title":"Le fabuleux langage des plantes - Librairie 7L","og_description":"Un voyage \u00e9rudit et po\u00e9tique \u00e0 la crois\u00e9e des sciences et de l&#8217;art, qui m\u00eale la botanique, les mythes, les l\u00e9gendes populaires, les \u00e9crits sacr\u00e9s, ainsi que des si\u00e8cles de peinture et de litt\u00e9rature. D&#8217;une \u00e9l\u00e9gance raffin\u00e9e, cet ouvrage nous invite \u00e0 d\u00e9couvrir le langage secret de plus de 50 plantes, offrant un \u00e9clairage unique [&hellip;]","og_url":"https:\/\/librairie7l.com\/en\/produit\/le-fabuleux-langage-des-plantes-2\/","og_site_name":"Librairie 7L","article_modified_time":"2026-04-22T21:13:32+00:00","og_image":[{"width":600,"height":795,"url":"https:\/\/librairie7l.com\/wp-content\/uploads\/2025\/06\/9782379224324_1_75.jpg","type":"image\/jpeg"}],"twitter_card":"summary_large_image","twitter_misc":{"Est. reading time":"1 minute"},"schema":{"@context":"https:\/\/schema.org","@graph":[{"@type":"WebPage","@id":"https:\/\/librairie7l.com\/en\/produit\/le-fabuleux-langage-des-plantes-2\/","url":"https:\/\/librairie7l.com\/en\/produit\/le-fabuleux-langage-des-plantes-2\/","name":"Le fabuleux langage des plantes - Librairie 7L","isPartOf":{"@id":"https:\/\/librairie7l.com\/en\/#website"},"datePublished":"2025-10-02T07:18:03+00:00","dateModified":"2026-04-22T21:13:32+00:00","breadcrumb":{"@id":"https:\/\/librairie7l.com\/en\/produit\/le-fabuleux-langage-des-plantes-2\/#breadcrumb"},"inLanguage":"en-US","potentialAction":[{"@type":"ReadAction","target":["https:\/\/librairie7l.com\/en\/produit\/le-fabuleux-langage-des-plantes-2\/"]}]},{"@type":"BreadcrumbList","@id":"https:\/\/librairie7l.com\/en\/produit\/le-fabuleux-langage-des-plantes-2\/#breadcrumb","itemListElement":[{"@type":"ListItem","position":1,"name":"Accueil","item":"https:\/\/librairie7l.com\/en\/"},{"@type":"ListItem","position":2,"name":"Shop","item":"https:\/\/librairie7l.com\/en\/shop\/"},{"@type":"ListItem","position":3,"name":"LE FABULEUX LANGAGE DES PLANTES"}]},{"@type":"WebSite","@id":"https:\/\/librairie7l.com\/en\/#website","url":"https:\/\/librairie7l.com\/en\/","name":"Librairie 7L","description":"Librairie fond\u00e9e en 1999 par Karl Lagerfeld \u00e0 Paris","publisher":{"@id":"https:\/\/librairie7l.com\/en\/#organization"},"potentialAction":[{"@type":"SearchAction","target":{"@type":"EntryPoint","urlTemplate":"https:\/\/librairie7l.com\/en\/?s={search_term_string}"},"query-input":"required name=search_term_string"}],"inLanguage":"en-US"},{"@type":"Organization","@id":"https:\/\/librairie7l.com\/en\/#organization","name":"Librairie 7L","url":"https:\/\/librairie7l.com\/en\/","logo":{"@type":"ImageObject","inLanguage":"en-US","@id":"https:\/\/librairie7l.com\/en\/#\/schema\/logo\/image\/","url":"https:\/\/librairie7l.com\/wp-content\/uploads\/2022\/08\/logo-1.png","contentUrl":"https:\/\/librairie7l.com\/wp-content\/uploads\/2022\/08\/logo-1.png","width":227,"height":301,"caption":"Librairie 7L"},"image":{"@id":"https:\/\/librairie7l.com\/en\/#\/schema\/logo\/image\/"}}]}},"_links":{"self":[{"href":"https:\/\/librairie7l.com\/en\/wp-json\/wp\/v2\/product\/51074"}],"collection":[{"href":"https:\/\/librairie7l.com\/en\/wp-json\/wp\/v2\/product"}],"about":[{"href":"https:\/\/librairie7l.com\/en\/wp-json\/wp\/v2\/types\/product"}],"wp:featuredmedia":[{"embeddable":true,"href":"https:\/\/librairie7l.com\/en\/wp-json\/wp\/v2\/media\/51072"}],"wp:attachment":[{"href":"https:\/\/librairie7l.com\/en\/wp-json\/wp\/v2\/media?parent=51074"}],"wp:term":[{"taxonomy":"product_cat","embeddable":true,"href":"https:\/\/librairie7l.com\/en\/wp-json\/wp\/v2\/product_cat?post=51074"},{"taxonomy":"product_tag","embeddable":true,"href":"https:\/\/librairie7l.com\/en\/wp-json\/wp\/v2\/product_tag?post=51074"}],"curies":[{"name":"wp","href":"https:\/\/api.w.org\/{rel}","templated":true}]}}