{"id":51094,"date":"2025-10-02T13:20:23","date_gmt":"2025-10-02T11:20:23","guid":{"rendered":"https:\/\/librairie7l.com\/?post_type=product&#038;p=51094"},"modified":"2026-04-05T18:31:11","modified_gmt":"2026-04-05T16:31:11","slug":"attraper-au-vol-edition-bilingue-2","status":"publish","type":"product","link":"https:\/\/librairie7l.com\/en\/produit\/attraper-au-vol-edition-bilingue-2\/","title":{"rendered":"ATTRAPER AU VOL &#8211; EDITION BILINGUE"},"content":{"rendered":"<p>Attraper Au Vol (Catch in the Air) est l&#8217;oeuvre photographique de l&#8217;un des r\u00e9alisateurs de films de skate et photographes les plus respect\u00e9s au monde, l&#8217;artiste fran\u00e7ais Fred Mortagne, mieux connu sous le nom de French Fred. <\/p>\n<p>Cet essai photographique est le point culminant de plusieurs ann\u00e9es de travail de Fred (2000-2015), offrant un sublime regard sur la vie. Un festin de lignes et d&#8217;angles, ses compositions d\u00e9lib\u00e9r\u00e9es fondent les skaters dans leur environnement, offrant une perspective abstraite sur l&#8217;architecture et la g\u00e9om\u00e9trie. <\/p>\n<p>Son travail intrigue \u00e0 la fois les skateurs et les non skaters, ralentissant le flou de la vie moderne juste assez pour exposer ce qu&#8217;il y a sous la surface. <\/p>\n<p>Le style fluide de Fred \u00e9voque la beaut\u00e9 esth\u00e9tique du skate et la muse de la culture urbaine plut\u00f4t que la performance pure, bien que le talent brut de ses sujets soit facilement visible. \u00c0 travers les d\u00e9cors, les sujets et les lieux, Attraper Au Vol expose le style caract\u00e9ristique de Fred dans un magnifique livre \u00e0 couverture rigide. R\u00e9alis\u00e9e \u00e0 la fois sur pellicule et en format num\u00e9rique 35 mm, cette collection d&#8217;images est une oeuvre d&#8217;art \u00e0 part enti\u00e8re. <\/p>\n<p>Les photographies de Fred sont encadr\u00e9es par un avant-propos du photographe de renomm\u00e9e mondiale Anton Corbijn et un essai de Geoff Rowley, l&#8217;un des plus grands skateurs de tous les temps avec lequel Fred travaille r\u00e9guli\u00e8rement.<\/p>\n<p>Biographie Fred Mortagne : Fred Mortagne, plus connu sous le pseudonyme de French Fred, est photographe et r\u00e9alisateur, originaire de Lyon. Apr\u00e8s avoir d\u00e9couvert le skate \u00e0 l&#8217;\u00e2ge de 8 ans, il rencontre durant son adolescence l&#8217;univers de la vid\u00e9o qu&#8217;il pratique avec succ\u00e8s et devient son activit\u00e9 professionnelle.<\/p>\n<p>La photographie est venue plus tard dans son parcours. Totalement autodidacte, Fred Mortagne a tout de suite marqu\u00e9 son territoire photographique : il choisit d&#8217;embl\u00e9e le Noir et Blanc, l&#8217;urbain et le skate ; Il compose avec l&#8217;architecture et la lumi\u00e8re comme Lucien Herv\u00e9 immortalisait les constructions de Le Corbusier. Une photo compos\u00e9e, dont la lumi\u00e8re d\u00e9finira les pleins et les vides dans ses images tr\u00e8s construites. <\/p>\n<p>Pr\u00e9face :  Anton Corbjin<\/p>\n<p>Textes :  Geoff Rowley<br \/>\nThomas Campbell <\/p>\n<p>Traduction fran\u00e7aise : Benjamin Deberdt<\/p>\n<p>Direction artistique : T Campbell and Tosh Woods<\/p>\n","protected":false},"excerpt":{"rendered":"<p>Attraper Au Vol (Catch in the Air) est l&#8217;oeuvre photographique de l&#8217;un des r\u00e9alisateurs de films de skate et photographes les plus respect\u00e9s au monde, l&#8217;artiste fran\u00e7ais Fred Mortagne, mieux connu sous le nom de French Fred. Cet essai photographique est le point culminant de plusieurs ann\u00e9es de travail de Fred (2000-2015), offrant un sublime [&hellip;]<\/p>\n","protected":false},"featured_media":51092,"template":"","meta":[],"product_cat":[7364,2948],"product_tag":[],"acf":[],"yoast_head":"<!-- This site is optimized with the Yoast SEO plugin v20.11 - https:\/\/yoast.com\/wordpress\/plugins\/seo\/ -->\n<title>Attraper au vol - edition bilingue - Librairie 7L<\/title>\n<meta name=\"robots\" content=\"index, follow, max-snippet:-1, max-image-preview:large, max-video-preview:-1\" \/>\n<link rel=\"canonical\" href=\"https:\/\/librairie7l.com\/en\/produit\/attraper-au-vol-edition-bilingue-2\/\" \/>\n<meta property=\"og:locale\" content=\"en_US\" \/>\n<meta property=\"og:type\" content=\"article\" \/>\n<meta property=\"og:title\" content=\"Attraper au vol - edition bilingue - Librairie 7L\" \/>\n<meta property=\"og:description\" content=\"Attraper Au Vol (Catch in the Air) est l&#8217;oeuvre photographique de l&#8217;un des r\u00e9alisateurs de films de skate et photographes les plus respect\u00e9s au monde, l&#8217;artiste fran\u00e7ais Fred Mortagne, mieux connu sous le nom de French Fred. Cet essai photographique est le point culminant de plusieurs ann\u00e9es de travail de Fred (2000-2015), offrant un sublime [&hellip;]\" \/>\n<meta property=\"og:url\" content=\"https:\/\/librairie7l.com\/en\/produit\/attraper-au-vol-edition-bilingue-2\/\" \/>\n<meta property=\"og:site_name\" content=\"Librairie 7L\" \/>\n<meta property=\"article:modified_time\" content=\"2026-04-05T16:31:11+00:00\" \/>\n<meta property=\"og:image\" content=\"https:\/\/librairie7l.com\/wp-content\/uploads\/2024\/05\/9782494767102_1_75.jpg\" \/>\n\t<meta property=\"og:image:width\" content=\"600\" \/>\n\t<meta property=\"og:image:height\" content=\"760\" \/>\n\t<meta property=\"og:image:type\" content=\"image\/jpeg\" \/>\n<meta name=\"twitter:card\" content=\"summary_large_image\" \/>\n<meta name=\"twitter:label1\" content=\"Est. reading time\" \/>\n\t<meta name=\"twitter:data1\" content=\"2 minutes\" \/>\n<script type=\"application\/ld+json\" class=\"yoast-schema-graph\">{\"@context\":\"https:\/\/schema.org\",\"@graph\":[{\"@type\":\"WebPage\",\"@id\":\"https:\/\/librairie7l.com\/en\/produit\/attraper-au-vol-edition-bilingue-2\/\",\"url\":\"https:\/\/librairie7l.com\/en\/produit\/attraper-au-vol-edition-bilingue-2\/\",\"name\":\"Attraper au vol - edition bilingue - Librairie 7L\",\"isPartOf\":{\"@id\":\"https:\/\/librairie7l.com\/en\/#website\"},\"datePublished\":\"2025-10-02T11:20:23+00:00\",\"dateModified\":\"2026-04-05T16:31:11+00:00\",\"breadcrumb\":{\"@id\":\"https:\/\/librairie7l.com\/en\/produit\/attraper-au-vol-edition-bilingue-2\/#breadcrumb\"},\"inLanguage\":\"en-US\",\"potentialAction\":[{\"@type\":\"ReadAction\",\"target\":[\"https:\/\/librairie7l.com\/en\/produit\/attraper-au-vol-edition-bilingue-2\/\"]}]},{\"@type\":\"BreadcrumbList\",\"@id\":\"https:\/\/librairie7l.com\/en\/produit\/attraper-au-vol-edition-bilingue-2\/#breadcrumb\",\"itemListElement\":[{\"@type\":\"ListItem\",\"position\":1,\"name\":\"Accueil\",\"item\":\"https:\/\/librairie7l.com\/en\/\"},{\"@type\":\"ListItem\",\"position\":2,\"name\":\"Shop\",\"item\":\"https:\/\/librairie7l.com\/en\/shop\/\"},{\"@type\":\"ListItem\",\"position\":3,\"name\":\"ATTRAPER AU VOL &#8211; EDITION BILINGUE\"}]},{\"@type\":\"WebSite\",\"@id\":\"https:\/\/librairie7l.com\/en\/#website\",\"url\":\"https:\/\/librairie7l.com\/en\/\",\"name\":\"Librairie 7L\",\"description\":\"Librairie fond\u00e9e en 1999 par Karl Lagerfeld \u00e0 Paris\",\"publisher\":{\"@id\":\"https:\/\/librairie7l.com\/en\/#organization\"},\"potentialAction\":[{\"@type\":\"SearchAction\",\"target\":{\"@type\":\"EntryPoint\",\"urlTemplate\":\"https:\/\/librairie7l.com\/en\/?s={search_term_string}\"},\"query-input\":\"required name=search_term_string\"}],\"inLanguage\":\"en-US\"},{\"@type\":\"Organization\",\"@id\":\"https:\/\/librairie7l.com\/en\/#organization\",\"name\":\"Librairie 7L\",\"url\":\"https:\/\/librairie7l.com\/en\/\",\"logo\":{\"@type\":\"ImageObject\",\"inLanguage\":\"en-US\",\"@id\":\"https:\/\/librairie7l.com\/en\/#\/schema\/logo\/image\/\",\"url\":\"https:\/\/librairie7l.com\/wp-content\/uploads\/2022\/08\/logo-1.png\",\"contentUrl\":\"https:\/\/librairie7l.com\/wp-content\/uploads\/2022\/08\/logo-1.png\",\"width\":227,\"height\":301,\"caption\":\"Librairie 7L\"},\"image\":{\"@id\":\"https:\/\/librairie7l.com\/en\/#\/schema\/logo\/image\/\"}}]}<\/script>\n<!-- \/ Yoast SEO plugin. -->","yoast_head_json":{"title":"Attraper au vol - edition bilingue - Librairie 7L","robots":{"index":"index","follow":"follow","max-snippet":"max-snippet:-1","max-image-preview":"max-image-preview:large","max-video-preview":"max-video-preview:-1"},"canonical":"https:\/\/librairie7l.com\/en\/produit\/attraper-au-vol-edition-bilingue-2\/","og_locale":"en_US","og_type":"article","og_title":"Attraper au vol - edition bilingue - Librairie 7L","og_description":"Attraper Au Vol (Catch in the Air) est l&#8217;oeuvre photographique de l&#8217;un des r\u00e9alisateurs de films de skate et photographes les plus respect\u00e9s au monde, l&#8217;artiste fran\u00e7ais Fred Mortagne, mieux connu sous le nom de French Fred. Cet essai photographique est le point culminant de plusieurs ann\u00e9es de travail de Fred (2000-2015), offrant un sublime [&hellip;]","og_url":"https:\/\/librairie7l.com\/en\/produit\/attraper-au-vol-edition-bilingue-2\/","og_site_name":"Librairie 7L","article_modified_time":"2026-04-05T16:31:11+00:00","og_image":[{"width":600,"height":760,"url":"https:\/\/librairie7l.com\/wp-content\/uploads\/2024\/05\/9782494767102_1_75.jpg","type":"image\/jpeg"}],"twitter_card":"summary_large_image","twitter_misc":{"Est. reading time":"2 minutes"},"schema":{"@context":"https:\/\/schema.org","@graph":[{"@type":"WebPage","@id":"https:\/\/librairie7l.com\/en\/produit\/attraper-au-vol-edition-bilingue-2\/","url":"https:\/\/librairie7l.com\/en\/produit\/attraper-au-vol-edition-bilingue-2\/","name":"Attraper au vol - edition bilingue - Librairie 7L","isPartOf":{"@id":"https:\/\/librairie7l.com\/en\/#website"},"datePublished":"2025-10-02T11:20:23+00:00","dateModified":"2026-04-05T16:31:11+00:00","breadcrumb":{"@id":"https:\/\/librairie7l.com\/en\/produit\/attraper-au-vol-edition-bilingue-2\/#breadcrumb"},"inLanguage":"en-US","potentialAction":[{"@type":"ReadAction","target":["https:\/\/librairie7l.com\/en\/produit\/attraper-au-vol-edition-bilingue-2\/"]}]},{"@type":"BreadcrumbList","@id":"https:\/\/librairie7l.com\/en\/produit\/attraper-au-vol-edition-bilingue-2\/#breadcrumb","itemListElement":[{"@type":"ListItem","position":1,"name":"Accueil","item":"https:\/\/librairie7l.com\/en\/"},{"@type":"ListItem","position":2,"name":"Shop","item":"https:\/\/librairie7l.com\/en\/shop\/"},{"@type":"ListItem","position":3,"name":"ATTRAPER AU VOL &#8211; EDITION BILINGUE"}]},{"@type":"WebSite","@id":"https:\/\/librairie7l.com\/en\/#website","url":"https:\/\/librairie7l.com\/en\/","name":"Librairie 7L","description":"Librairie fond\u00e9e en 1999 par Karl Lagerfeld \u00e0 Paris","publisher":{"@id":"https:\/\/librairie7l.com\/en\/#organization"},"potentialAction":[{"@type":"SearchAction","target":{"@type":"EntryPoint","urlTemplate":"https:\/\/librairie7l.com\/en\/?s={search_term_string}"},"query-input":"required name=search_term_string"}],"inLanguage":"en-US"},{"@type":"Organization","@id":"https:\/\/librairie7l.com\/en\/#organization","name":"Librairie 7L","url":"https:\/\/librairie7l.com\/en\/","logo":{"@type":"ImageObject","inLanguage":"en-US","@id":"https:\/\/librairie7l.com\/en\/#\/schema\/logo\/image\/","url":"https:\/\/librairie7l.com\/wp-content\/uploads\/2022\/08\/logo-1.png","contentUrl":"https:\/\/librairie7l.com\/wp-content\/uploads\/2022\/08\/logo-1.png","width":227,"height":301,"caption":"Librairie 7L"},"image":{"@id":"https:\/\/librairie7l.com\/en\/#\/schema\/logo\/image\/"}}]}},"_links":{"self":[{"href":"https:\/\/librairie7l.com\/en\/wp-json\/wp\/v2\/product\/51094"}],"collection":[{"href":"https:\/\/librairie7l.com\/en\/wp-json\/wp\/v2\/product"}],"about":[{"href":"https:\/\/librairie7l.com\/en\/wp-json\/wp\/v2\/types\/product"}],"wp:featuredmedia":[{"embeddable":true,"href":"https:\/\/librairie7l.com\/en\/wp-json\/wp\/v2\/media\/51092"}],"wp:attachment":[{"href":"https:\/\/librairie7l.com\/en\/wp-json\/wp\/v2\/media?parent=51094"}],"wp:term":[{"taxonomy":"product_cat","embeddable":true,"href":"https:\/\/librairie7l.com\/en\/wp-json\/wp\/v2\/product_cat?post=51094"},{"taxonomy":"product_tag","embeddable":true,"href":"https:\/\/librairie7l.com\/en\/wp-json\/wp\/v2\/product_tag?post=51094"}],"curies":[{"name":"wp","href":"https:\/\/api.w.org\/{rel}","templated":true}]}}