{"id":51103,"date":"2025-10-03T09:17:59","date_gmt":"2025-10-03T07:17:59","guid":{"rendered":"https:\/\/librairie7l.com\/?post_type=product&#038;p=51103"},"modified":"2026-04-21T15:03:37","modified_gmt":"2026-04-21T13:03:37","slug":"les-annees-staudenmeyer-25-ans-de-design-en-france-2","status":"publish","type":"product","link":"https:\/\/librairie7l.com\/en\/produit\/les-annees-staudenmeyer-25-ans-de-design-en-france-2\/","title":{"rendered":"LES ANN\u00c9ES STAUDENMEYER ; 25 ANS DE DESIGN EN FRANCE"},"content":{"rendered":"<p>Pierre Staudenmeyer (1952-2007) a d\u00e9couvert et r\u00e9uni de 1985, date de la cr\u00e9ation de la galerie N\u00e9ot\u00f9, \u00e0 2007 nombre de cr\u00e9ateurs qui comptent aujourd&#8217;hui parmi les plus importants designers fran\u00e7ais, de Martin Szekely \u00e0 Fran\u00e7ois Bauchet, Kristian Gavoille, Olivier Gagn\u00e8re, Garouste &amp; Bonetti, pour n&#8217;en citer que quelques-uns.<br \/>\nIl leur a offert des lieux d&#8217;exposition, les a fait conna\u00eetre sur un plan international et les a \u00e9dit\u00e9s pendant plus de vingt ans, initiant la naissance d&#8217;un design sp\u00e9cifiquement fran\u00e7ais qui a marqu\u00e9 la fin du xxe si\u00e8cle. L&#8217;un des tout premiers \u00e0 pr\u00e9senter en France l&#8217;oeuvre d&#8217;Anglais, Am\u00e9ricains et Italiens tels Jasper Morrison, Constantin Boym, Dan Friedman, Ettore Sottsass ou Andrea Branzi, il a \u00e9galement relanc\u00e9 par ses \u00e9crits et ses expositions l&#8217;int\u00e9r\u00eat pour la c\u00e9ramique aussi bien des ann\u00e9es 50, dont il fut l&#8217;un des plus importants collectionneurs, que contemporaine.<br \/>\nCet ouvrage collectif, dirig\u00e9 par Chlo\u00e9 Braunstein-Kriegel, sp\u00e9cialiste de design et amie de Pierre Staudenmeyer qui a collabor\u00e9 avec lui \u00e0 de nombreuses publications, r\u00e9v\u00e8le un homme de culture qui, \u00e0 l&#8217;exemple des grands galeristes du XIXe et du XXe si\u00e8cle, a contribu\u00e9 au renouveau de la cr\u00e9ation par sa r\u00e9flexion sur la soci\u00e9t\u00e9 dans laquelle il a v\u00e9cu. Les textes de psychanalyste, conservateurs, critiques, sp\u00e9cialistes de design et de marketing, qui analysent le r\u00f4le de Pierre Staudenmeyer, sont mis en rapport avec ceux qu&#8217;il a \u00e9crits lui-m\u00eame.<br \/>\nApr\u00e8s l&#8217;introduction de Chlo\u00e9 Braunstein-Kriegel qui d\u00e9crit une personnalit\u00e9 brillante et paradoxale, la premi\u00e8re partie porte sur les centres d&#8217;int\u00e9r\u00eat qui ont d\u00e9termin\u00e9 ses choix : psychanalyse, art, marketing, design, c\u00e9ramique. La deuxi\u00e8me partie traite des lieux et publications qu&#8217;il a cr\u00e9\u00e9s et de leur r\u00f4le marquant sur la sc\u00e8ne culturelle aussi bien fran\u00e7aise qu&#8217;internationale, des galeries N\u00e9ot\u00f9 de Paris et de New York \u00e0 Mouvements Modernes et de la galerie RE consacr\u00e9e \u00e0 l&#8217;image et au graphisme \u00e0 la revue Quelques Hommes.<br \/>\nEnfin, les artistes, designers, collectionneurs, marchands ou amis qui l&#8217;ont c\u00f4toy\u00e9 dressent autant de portraits d&#8217;un personnage aux multiples facettes et d&#8217;une exceptionnelle curiosit\u00e9 avec, en regard, ses remarquables textes sur les cr\u00e9ateurs. Pr\u00e9fac\u00e9 par Yvonne Brunhammer, le catalogue des meubles et des objets \u00e9dit\u00e9s et expos\u00e9s par N\u00e9ot\u00f9 puis Mouvements Modernes, comprenant plus de 900 pi\u00e8ces illustr\u00e9es, permet de juger de l&#8217;importance et de la coh\u00e9rence d&#8217;un travail d&#8217;\u00e9diteur unique.<br \/>\n\u00c0 travers les passions de ce grand d\u00e9couvreur, marchand et collectionneur qui a su \u00e9tablir des ponts entre des disciplines en apparence \u00e9trang\u00e8res les unes aux autres, saisir l&#8217;importance du contexte \u00e9conomique, politique et social dans la cr\u00e9ation, et dont la culture libre de pr\u00e9jug\u00e9s a tiss\u00e9 des liens entre les styles, les \u00e9poques, les domaines artistiques, Les Ann\u00e9es Staudenmeyer font revivre un moment unique de l&#8217;histoire du design et des arts d\u00e9coratifs.<\/p>\n","protected":false},"excerpt":{"rendered":"<p>Pierre Staudenmeyer (1952-2007) a d\u00e9couvert et r\u00e9uni de 1985, date de la cr\u00e9ation de la galerie N\u00e9ot\u00f9, \u00e0 2007 nombre de cr\u00e9ateurs qui comptent aujourd&#8217;hui parmi les plus importants designers fran\u00e7ais, de Martin Szekely \u00e0 Fran\u00e7ois Bauchet, Kristian Gavoille, Olivier Gagn\u00e8re, Garouste &amp; Bonetti, pour n&#8217;en citer que quelques-uns. Il leur a offert des lieux [&hellip;]<\/p>\n","protected":false},"featured_media":51101,"template":"","meta":[],"product_cat":[2948,2952],"product_tag":[],"acf":[],"yoast_head":"<!-- This site is optimized with the Yoast SEO plugin v20.11 - https:\/\/yoast.com\/wordpress\/plugins\/seo\/ -->\n<title>Les ann\u00e9es Staudenmeyer ; 25 ans de design en France - Librairie 7L<\/title>\n<meta name=\"robots\" content=\"index, follow, max-snippet:-1, max-image-preview:large, max-video-preview:-1\" \/>\n<link rel=\"canonical\" href=\"https:\/\/librairie7l.com\/en\/produit\/les-annees-staudenmeyer-25-ans-de-design-en-france-2\/\" \/>\n<meta property=\"og:locale\" content=\"en_US\" \/>\n<meta property=\"og:type\" content=\"article\" \/>\n<meta property=\"og:title\" content=\"Les ann\u00e9es Staudenmeyer ; 25 ans de design en France - Librairie 7L\" \/>\n<meta property=\"og:description\" content=\"Pierre Staudenmeyer (1952-2007) a d\u00e9couvert et r\u00e9uni de 1985, date de la cr\u00e9ation de la galerie N\u00e9ot\u00f9, \u00e0 2007 nombre de cr\u00e9ateurs qui comptent aujourd&#8217;hui parmi les plus importants designers fran\u00e7ais, de Martin Szekely \u00e0 Fran\u00e7ois Bauchet, Kristian Gavoille, Olivier Gagn\u00e8re, Garouste &amp; Bonetti, pour n&#8217;en citer que quelques-uns. Il leur a offert des lieux [&hellip;]\" \/>\n<meta property=\"og:url\" content=\"https:\/\/librairie7l.com\/en\/produit\/les-annees-staudenmeyer-25-ans-de-design-en-france-2\/\" \/>\n<meta property=\"og:site_name\" content=\"Librairie 7L\" \/>\n<meta property=\"article:modified_time\" content=\"2026-04-21T13:03:37+00:00\" \/>\n<meta property=\"og:image\" content=\"https:\/\/librairie7l.com\/wp-content\/uploads\/2009\/08\/9782915542257_1_75.jpg\" \/>\n\t<meta property=\"og:image:width\" content=\"500\" \/>\n\t<meta property=\"og:image:height\" content=\"650\" \/>\n\t<meta property=\"og:image:type\" content=\"image\/jpeg\" \/>\n<meta name=\"twitter:card\" content=\"summary_large_image\" \/>\n<meta name=\"twitter:label1\" content=\"Est. reading time\" \/>\n\t<meta name=\"twitter:data1\" content=\"3 minutes\" \/>\n<script type=\"application\/ld+json\" class=\"yoast-schema-graph\">{\"@context\":\"https:\/\/schema.org\",\"@graph\":[{\"@type\":\"WebPage\",\"@id\":\"https:\/\/librairie7l.com\/en\/produit\/les-annees-staudenmeyer-25-ans-de-design-en-france-2\/\",\"url\":\"https:\/\/librairie7l.com\/en\/produit\/les-annees-staudenmeyer-25-ans-de-design-en-france-2\/\",\"name\":\"Les ann\u00e9es Staudenmeyer ; 25 ans de design en France - Librairie 7L\",\"isPartOf\":{\"@id\":\"https:\/\/librairie7l.com\/en\/#website\"},\"datePublished\":\"2025-10-03T07:17:59+00:00\",\"dateModified\":\"2026-04-21T13:03:37+00:00\",\"breadcrumb\":{\"@id\":\"https:\/\/librairie7l.com\/en\/produit\/les-annees-staudenmeyer-25-ans-de-design-en-france-2\/#breadcrumb\"},\"inLanguage\":\"en-US\",\"potentialAction\":[{\"@type\":\"ReadAction\",\"target\":[\"https:\/\/librairie7l.com\/en\/produit\/les-annees-staudenmeyer-25-ans-de-design-en-france-2\/\"]}]},{\"@type\":\"BreadcrumbList\",\"@id\":\"https:\/\/librairie7l.com\/en\/produit\/les-annees-staudenmeyer-25-ans-de-design-en-france-2\/#breadcrumb\",\"itemListElement\":[{\"@type\":\"ListItem\",\"position\":1,\"name\":\"Accueil\",\"item\":\"https:\/\/librairie7l.com\/en\/\"},{\"@type\":\"ListItem\",\"position\":2,\"name\":\"Shop\",\"item\":\"https:\/\/librairie7l.com\/en\/shop\/\"},{\"@type\":\"ListItem\",\"position\":3,\"name\":\"LES ANN\u00c9ES STAUDENMEYER ; 25 ANS DE DESIGN EN FRANCE\"}]},{\"@type\":\"WebSite\",\"@id\":\"https:\/\/librairie7l.com\/en\/#website\",\"url\":\"https:\/\/librairie7l.com\/en\/\",\"name\":\"Librairie 7L\",\"description\":\"Librairie fond\u00e9e en 1999 par Karl Lagerfeld \u00e0 Paris\",\"publisher\":{\"@id\":\"https:\/\/librairie7l.com\/en\/#organization\"},\"potentialAction\":[{\"@type\":\"SearchAction\",\"target\":{\"@type\":\"EntryPoint\",\"urlTemplate\":\"https:\/\/librairie7l.com\/en\/?s={search_term_string}\"},\"query-input\":\"required name=search_term_string\"}],\"inLanguage\":\"en-US\"},{\"@type\":\"Organization\",\"@id\":\"https:\/\/librairie7l.com\/en\/#organization\",\"name\":\"Librairie 7L\",\"url\":\"https:\/\/librairie7l.com\/en\/\",\"logo\":{\"@type\":\"ImageObject\",\"inLanguage\":\"en-US\",\"@id\":\"https:\/\/librairie7l.com\/en\/#\/schema\/logo\/image\/\",\"url\":\"https:\/\/librairie7l.com\/wp-content\/uploads\/2022\/08\/logo-1.png\",\"contentUrl\":\"https:\/\/librairie7l.com\/wp-content\/uploads\/2022\/08\/logo-1.png\",\"width\":227,\"height\":301,\"caption\":\"Librairie 7L\"},\"image\":{\"@id\":\"https:\/\/librairie7l.com\/en\/#\/schema\/logo\/image\/\"}}]}<\/script>\n<!-- \/ Yoast SEO plugin. -->","yoast_head_json":{"title":"Les ann\u00e9es Staudenmeyer ; 25 ans de design en France - Librairie 7L","robots":{"index":"index","follow":"follow","max-snippet":"max-snippet:-1","max-image-preview":"max-image-preview:large","max-video-preview":"max-video-preview:-1"},"canonical":"https:\/\/librairie7l.com\/en\/produit\/les-annees-staudenmeyer-25-ans-de-design-en-france-2\/","og_locale":"en_US","og_type":"article","og_title":"Les ann\u00e9es Staudenmeyer ; 25 ans de design en France - Librairie 7L","og_description":"Pierre Staudenmeyer (1952-2007) a d\u00e9couvert et r\u00e9uni de 1985, date de la cr\u00e9ation de la galerie N\u00e9ot\u00f9, \u00e0 2007 nombre de cr\u00e9ateurs qui comptent aujourd&#8217;hui parmi les plus importants designers fran\u00e7ais, de Martin Szekely \u00e0 Fran\u00e7ois Bauchet, Kristian Gavoille, Olivier Gagn\u00e8re, Garouste &amp; Bonetti, pour n&#8217;en citer que quelques-uns. Il leur a offert des lieux [&hellip;]","og_url":"https:\/\/librairie7l.com\/en\/produit\/les-annees-staudenmeyer-25-ans-de-design-en-france-2\/","og_site_name":"Librairie 7L","article_modified_time":"2026-04-21T13:03:37+00:00","og_image":[{"width":500,"height":650,"url":"https:\/\/librairie7l.com\/wp-content\/uploads\/2009\/08\/9782915542257_1_75.jpg","type":"image\/jpeg"}],"twitter_card":"summary_large_image","twitter_misc":{"Est. reading time":"3 minutes"},"schema":{"@context":"https:\/\/schema.org","@graph":[{"@type":"WebPage","@id":"https:\/\/librairie7l.com\/en\/produit\/les-annees-staudenmeyer-25-ans-de-design-en-france-2\/","url":"https:\/\/librairie7l.com\/en\/produit\/les-annees-staudenmeyer-25-ans-de-design-en-france-2\/","name":"Les ann\u00e9es Staudenmeyer ; 25 ans de design en France - Librairie 7L","isPartOf":{"@id":"https:\/\/librairie7l.com\/en\/#website"},"datePublished":"2025-10-03T07:17:59+00:00","dateModified":"2026-04-21T13:03:37+00:00","breadcrumb":{"@id":"https:\/\/librairie7l.com\/en\/produit\/les-annees-staudenmeyer-25-ans-de-design-en-france-2\/#breadcrumb"},"inLanguage":"en-US","potentialAction":[{"@type":"ReadAction","target":["https:\/\/librairie7l.com\/en\/produit\/les-annees-staudenmeyer-25-ans-de-design-en-france-2\/"]}]},{"@type":"BreadcrumbList","@id":"https:\/\/librairie7l.com\/en\/produit\/les-annees-staudenmeyer-25-ans-de-design-en-france-2\/#breadcrumb","itemListElement":[{"@type":"ListItem","position":1,"name":"Accueil","item":"https:\/\/librairie7l.com\/en\/"},{"@type":"ListItem","position":2,"name":"Shop","item":"https:\/\/librairie7l.com\/en\/shop\/"},{"@type":"ListItem","position":3,"name":"LES ANN\u00c9ES STAUDENMEYER ; 25 ANS DE DESIGN EN FRANCE"}]},{"@type":"WebSite","@id":"https:\/\/librairie7l.com\/en\/#website","url":"https:\/\/librairie7l.com\/en\/","name":"Librairie 7L","description":"Librairie fond\u00e9e en 1999 par Karl Lagerfeld \u00e0 Paris","publisher":{"@id":"https:\/\/librairie7l.com\/en\/#organization"},"potentialAction":[{"@type":"SearchAction","target":{"@type":"EntryPoint","urlTemplate":"https:\/\/librairie7l.com\/en\/?s={search_term_string}"},"query-input":"required name=search_term_string"}],"inLanguage":"en-US"},{"@type":"Organization","@id":"https:\/\/librairie7l.com\/en\/#organization","name":"Librairie 7L","url":"https:\/\/librairie7l.com\/en\/","logo":{"@type":"ImageObject","inLanguage":"en-US","@id":"https:\/\/librairie7l.com\/en\/#\/schema\/logo\/image\/","url":"https:\/\/librairie7l.com\/wp-content\/uploads\/2022\/08\/logo-1.png","contentUrl":"https:\/\/librairie7l.com\/wp-content\/uploads\/2022\/08\/logo-1.png","width":227,"height":301,"caption":"Librairie 7L"},"image":{"@id":"https:\/\/librairie7l.com\/en\/#\/schema\/logo\/image\/"}}]}},"_links":{"self":[{"href":"https:\/\/librairie7l.com\/en\/wp-json\/wp\/v2\/product\/51103"}],"collection":[{"href":"https:\/\/librairie7l.com\/en\/wp-json\/wp\/v2\/product"}],"about":[{"href":"https:\/\/librairie7l.com\/en\/wp-json\/wp\/v2\/types\/product"}],"wp:featuredmedia":[{"embeddable":true,"href":"https:\/\/librairie7l.com\/en\/wp-json\/wp\/v2\/media\/51101"}],"wp:attachment":[{"href":"https:\/\/librairie7l.com\/en\/wp-json\/wp\/v2\/media?parent=51103"}],"wp:term":[{"taxonomy":"product_cat","embeddable":true,"href":"https:\/\/librairie7l.com\/en\/wp-json\/wp\/v2\/product_cat?post=51103"},{"taxonomy":"product_tag","embeddable":true,"href":"https:\/\/librairie7l.com\/en\/wp-json\/wp\/v2\/product_tag?post=51103"}],"curies":[{"name":"wp","href":"https:\/\/api.w.org\/{rel}","templated":true}]}}