{"id":51107,"date":"2025-10-03T09:18:02","date_gmt":"2025-10-03T07:18:02","guid":{"rendered":"https:\/\/librairie7l.com\/?post_type=product&#038;p=51107"},"modified":"2026-04-08T01:39:32","modified_gmt":"2026-04-07T23:39:32","slug":"moment-parfait-2","status":"publish","type":"product","link":"https:\/\/librairie7l.com\/en\/produit\/moment-parfait-2\/","title":{"rendered":"MOMENT PARFAIT"},"content":{"rendered":"<p>Les \u00c9ditions Odyss\u00e9e ont le plaisir d&#8217;annoncer la parution de Moment Parfait, la premi\u00e8re mono- graphie du photographe Richard Schroeder, le 15 octobre 2025 en librairie et d\u00e8s \u00e0 pr\u00e9sent en pr\u00e9commande sur le site des \u00e9ditions. \u00c0 travers cet ouvrage, Richard Schroeder propose un road movie en images, un voyage intemporel et universel fait de rencontres. On y retrouve les grandes figures de la musique, du cin\u00e9ma et de la litt\u00e9rature des ann\u00e9es 80 \u00e0 aujourd&#8217;hui, de David Lynch \u00e0 Fran\u00e7oise Sagan, mais aussi des visages anonymes et des lieux r\u00e9v\u00e9l\u00e9s avec la m\u00eame intensit\u00e9. Fid\u00e8le \u00e0 sa passion pour la musique et le rock&#8217;n&#8217;roll, il signe un livre au format carr\u00e9, clin d&#8217;oeil assum\u00e9 aux pochettes de vinyles. Photographe des instants suspendus, collaborateur de publications prestigieuses (Elle, Premi\u00e8re, Le Monde Magazine, Harper&#8217;s Bazaar, Vanity Fair&#8230;), Richard Schroeder livre ici une archive vi- vante de son \u00e9poque, mais aussi une exploration intemporelle et intime de l&#8217;humain. Le livre int\u00e8gre une liste de titres musicaux choisis par le photographe. Pens\u00e9e comme une bande- son.<\/p>\n","protected":false},"excerpt":{"rendered":"<p>Les \u00c9ditions Odyss\u00e9e ont le plaisir d&#8217;annoncer la parution de Moment Parfait, la premi\u00e8re mono- graphie du photographe Richard Schroeder, le 15 octobre 2025 en librairie et d\u00e8s \u00e0 pr\u00e9sent en pr\u00e9commande sur le site des \u00e9ditions. \u00c0 travers cet ouvrage, Richard Schroeder propose un road movie en images, un voyage intemporel et universel fait [&hellip;]<\/p>\n","protected":false},"featured_media":51105,"template":"","meta":[],"product_cat":[2948,2958,2961],"product_tag":[],"acf":[],"yoast_head":"<!-- This site is optimized with the Yoast SEO plugin v20.11 - https:\/\/yoast.com\/wordpress\/plugins\/seo\/ -->\n<title>Moment parfait - Librairie 7L<\/title>\n<meta name=\"robots\" content=\"index, follow, max-snippet:-1, max-image-preview:large, max-video-preview:-1\" \/>\n<link rel=\"canonical\" href=\"https:\/\/librairie7l.com\/en\/produit\/moment-parfait-2\/\" \/>\n<meta property=\"og:locale\" content=\"en_US\" \/>\n<meta property=\"og:type\" content=\"article\" \/>\n<meta property=\"og:title\" content=\"Moment parfait - Librairie 7L\" \/>\n<meta property=\"og:description\" content=\"Les \u00c9ditions Odyss\u00e9e ont le plaisir d&#8217;annoncer la parution de Moment Parfait, la premi\u00e8re mono- graphie du photographe Richard Schroeder, le 15 octobre 2025 en librairie et d\u00e8s \u00e0 pr\u00e9sent en pr\u00e9commande sur le site des \u00e9ditions. \u00c0 travers cet ouvrage, Richard Schroeder propose un road movie en images, un voyage intemporel et universel fait [&hellip;]\" \/>\n<meta property=\"og:url\" content=\"https:\/\/librairie7l.com\/en\/produit\/moment-parfait-2\/\" \/>\n<meta property=\"og:site_name\" content=\"Librairie 7L\" \/>\n<meta property=\"article:modified_time\" content=\"2026-04-07T23:39:32+00:00\" \/>\n<meta property=\"og:image\" content=\"https:\/\/librairie7l.com\/wp-content\/uploads\/2025\/09\/9782494767379_1_75.jpg\" \/>\n\t<meta property=\"og:image:width\" content=\"605\" \/>\n\t<meta property=\"og:image:height\" content=\"600\" \/>\n\t<meta property=\"og:image:type\" content=\"image\/jpeg\" \/>\n<meta name=\"twitter:card\" content=\"summary_large_image\" \/>\n<meta name=\"twitter:label1\" content=\"Est. reading time\" \/>\n\t<meta name=\"twitter:data1\" content=\"1 minute\" \/>\n<script type=\"application\/ld+json\" class=\"yoast-schema-graph\">{\"@context\":\"https:\/\/schema.org\",\"@graph\":[{\"@type\":\"WebPage\",\"@id\":\"https:\/\/librairie7l.com\/en\/produit\/moment-parfait-2\/\",\"url\":\"https:\/\/librairie7l.com\/en\/produit\/moment-parfait-2\/\",\"name\":\"Moment parfait - Librairie 7L\",\"isPartOf\":{\"@id\":\"https:\/\/librairie7l.com\/en\/#website\"},\"datePublished\":\"2025-10-03T07:18:02+00:00\",\"dateModified\":\"2026-04-07T23:39:32+00:00\",\"breadcrumb\":{\"@id\":\"https:\/\/librairie7l.com\/en\/produit\/moment-parfait-2\/#breadcrumb\"},\"inLanguage\":\"en-US\",\"potentialAction\":[{\"@type\":\"ReadAction\",\"target\":[\"https:\/\/librairie7l.com\/en\/produit\/moment-parfait-2\/\"]}]},{\"@type\":\"BreadcrumbList\",\"@id\":\"https:\/\/librairie7l.com\/en\/produit\/moment-parfait-2\/#breadcrumb\",\"itemListElement\":[{\"@type\":\"ListItem\",\"position\":1,\"name\":\"Accueil\",\"item\":\"https:\/\/librairie7l.com\/en\/\"},{\"@type\":\"ListItem\",\"position\":2,\"name\":\"Shop\",\"item\":\"https:\/\/librairie7l.com\/en\/shop\/\"},{\"@type\":\"ListItem\",\"position\":3,\"name\":\"MOMENT PARFAIT\"}]},{\"@type\":\"WebSite\",\"@id\":\"https:\/\/librairie7l.com\/en\/#website\",\"url\":\"https:\/\/librairie7l.com\/en\/\",\"name\":\"Librairie 7L\",\"description\":\"Librairie fond\u00e9e en 1999 par Karl Lagerfeld \u00e0 Paris\",\"publisher\":{\"@id\":\"https:\/\/librairie7l.com\/en\/#organization\"},\"potentialAction\":[{\"@type\":\"SearchAction\",\"target\":{\"@type\":\"EntryPoint\",\"urlTemplate\":\"https:\/\/librairie7l.com\/en\/?s={search_term_string}\"},\"query-input\":\"required name=search_term_string\"}],\"inLanguage\":\"en-US\"},{\"@type\":\"Organization\",\"@id\":\"https:\/\/librairie7l.com\/en\/#organization\",\"name\":\"Librairie 7L\",\"url\":\"https:\/\/librairie7l.com\/en\/\",\"logo\":{\"@type\":\"ImageObject\",\"inLanguage\":\"en-US\",\"@id\":\"https:\/\/librairie7l.com\/en\/#\/schema\/logo\/image\/\",\"url\":\"https:\/\/librairie7l.com\/wp-content\/uploads\/2022\/08\/logo-1.png\",\"contentUrl\":\"https:\/\/librairie7l.com\/wp-content\/uploads\/2022\/08\/logo-1.png\",\"width\":227,\"height\":301,\"caption\":\"Librairie 7L\"},\"image\":{\"@id\":\"https:\/\/librairie7l.com\/en\/#\/schema\/logo\/image\/\"}}]}<\/script>\n<!-- \/ Yoast SEO plugin. -->","yoast_head_json":{"title":"Moment parfait - Librairie 7L","robots":{"index":"index","follow":"follow","max-snippet":"max-snippet:-1","max-image-preview":"max-image-preview:large","max-video-preview":"max-video-preview:-1"},"canonical":"https:\/\/librairie7l.com\/en\/produit\/moment-parfait-2\/","og_locale":"en_US","og_type":"article","og_title":"Moment parfait - Librairie 7L","og_description":"Les \u00c9ditions Odyss\u00e9e ont le plaisir d&#8217;annoncer la parution de Moment Parfait, la premi\u00e8re mono- graphie du photographe Richard Schroeder, le 15 octobre 2025 en librairie et d\u00e8s \u00e0 pr\u00e9sent en pr\u00e9commande sur le site des \u00e9ditions. \u00c0 travers cet ouvrage, Richard Schroeder propose un road movie en images, un voyage intemporel et universel fait [&hellip;]","og_url":"https:\/\/librairie7l.com\/en\/produit\/moment-parfait-2\/","og_site_name":"Librairie 7L","article_modified_time":"2026-04-07T23:39:32+00:00","og_image":[{"width":605,"height":600,"url":"https:\/\/librairie7l.com\/wp-content\/uploads\/2025\/09\/9782494767379_1_75.jpg","type":"image\/jpeg"}],"twitter_card":"summary_large_image","twitter_misc":{"Est. reading time":"1 minute"},"schema":{"@context":"https:\/\/schema.org","@graph":[{"@type":"WebPage","@id":"https:\/\/librairie7l.com\/en\/produit\/moment-parfait-2\/","url":"https:\/\/librairie7l.com\/en\/produit\/moment-parfait-2\/","name":"Moment parfait - Librairie 7L","isPartOf":{"@id":"https:\/\/librairie7l.com\/en\/#website"},"datePublished":"2025-10-03T07:18:02+00:00","dateModified":"2026-04-07T23:39:32+00:00","breadcrumb":{"@id":"https:\/\/librairie7l.com\/en\/produit\/moment-parfait-2\/#breadcrumb"},"inLanguage":"en-US","potentialAction":[{"@type":"ReadAction","target":["https:\/\/librairie7l.com\/en\/produit\/moment-parfait-2\/"]}]},{"@type":"BreadcrumbList","@id":"https:\/\/librairie7l.com\/en\/produit\/moment-parfait-2\/#breadcrumb","itemListElement":[{"@type":"ListItem","position":1,"name":"Accueil","item":"https:\/\/librairie7l.com\/en\/"},{"@type":"ListItem","position":2,"name":"Shop","item":"https:\/\/librairie7l.com\/en\/shop\/"},{"@type":"ListItem","position":3,"name":"MOMENT PARFAIT"}]},{"@type":"WebSite","@id":"https:\/\/librairie7l.com\/en\/#website","url":"https:\/\/librairie7l.com\/en\/","name":"Librairie 7L","description":"Librairie fond\u00e9e en 1999 par Karl Lagerfeld \u00e0 Paris","publisher":{"@id":"https:\/\/librairie7l.com\/en\/#organization"},"potentialAction":[{"@type":"SearchAction","target":{"@type":"EntryPoint","urlTemplate":"https:\/\/librairie7l.com\/en\/?s={search_term_string}"},"query-input":"required name=search_term_string"}],"inLanguage":"en-US"},{"@type":"Organization","@id":"https:\/\/librairie7l.com\/en\/#organization","name":"Librairie 7L","url":"https:\/\/librairie7l.com\/en\/","logo":{"@type":"ImageObject","inLanguage":"en-US","@id":"https:\/\/librairie7l.com\/en\/#\/schema\/logo\/image\/","url":"https:\/\/librairie7l.com\/wp-content\/uploads\/2022\/08\/logo-1.png","contentUrl":"https:\/\/librairie7l.com\/wp-content\/uploads\/2022\/08\/logo-1.png","width":227,"height":301,"caption":"Librairie 7L"},"image":{"@id":"https:\/\/librairie7l.com\/en\/#\/schema\/logo\/image\/"}}]}},"_links":{"self":[{"href":"https:\/\/librairie7l.com\/en\/wp-json\/wp\/v2\/product\/51107"}],"collection":[{"href":"https:\/\/librairie7l.com\/en\/wp-json\/wp\/v2\/product"}],"about":[{"href":"https:\/\/librairie7l.com\/en\/wp-json\/wp\/v2\/types\/product"}],"wp:featuredmedia":[{"embeddable":true,"href":"https:\/\/librairie7l.com\/en\/wp-json\/wp\/v2\/media\/51105"}],"wp:attachment":[{"href":"https:\/\/librairie7l.com\/en\/wp-json\/wp\/v2\/media?parent=51107"}],"wp:term":[{"taxonomy":"product_cat","embeddable":true,"href":"https:\/\/librairie7l.com\/en\/wp-json\/wp\/v2\/product_cat?post=51107"},{"taxonomy":"product_tag","embeddable":true,"href":"https:\/\/librairie7l.com\/en\/wp-json\/wp\/v2\/product_tag?post=51107"}],"curies":[{"name":"wp","href":"https:\/\/api.w.org\/{rel}","templated":true}]}}