{"id":51115,"date":"2025-10-04T09:17:56","date_gmt":"2025-10-04T07:17:56","guid":{"rendered":"https:\/\/librairie7l.com\/?post_type=product&#038;p=51115"},"modified":"2026-04-05T14:31:57","modified_gmt":"2026-04-05T12:31:57","slug":"new-york-delire-un-manifeste-retroactif-pour-manhattan-2","status":"publish","type":"product","link":"https:\/\/librairie7l.com\/en\/produit\/new-york-delire-un-manifeste-retroactif-pour-manhattan-2\/","title":{"rendered":"NEW YORK D\u00c9LIRE : UN MANIFESTE RETROACTIF POUR MANHATTAN"},"content":{"rendered":"<p>Manhattan est l&#8217;ar\u00e8ne o\u00f9 se joue le dernier acte du monde occidental. Avec l&#8217;explosion d\u00e9mographique et l&#8217;invasion des nouvelles technologies, Manhattan, depuis la fin du XIXe si\u00e8cle, est devenu le laboratoire d&#8217;une nouvelle culture, celle de la \u00ab congestion \u00bb ; une \u00eele mythique o\u00f9 se r\u00e9alise l&#8217;inconscient collectif d&#8217;un nouveau mode de vie m\u00e9tropolitain. New York d\u00e9lire est un \u00ab manifeste r\u00e9troactif \u00bb ; c&#8217;est le r\u00e9cit des intrigues d&#8217;un urbanisme qui, des origines \u00e0 Coney Island jusqu&#8217;aux th\u00e9oriciens du gratte-ciel, a fait exploser la grille d&#8217;origine. Ce livre, pol\u00e9mique et pr\u00e9monitoire (publi\u00e9 en 1978), illustre les relations entre un univers m\u00e9tropolitain mutant et la seule architecture qu&#8217;il puisse produire. Il dit aussi que, souvent, l&#8217;architecture g\u00e9n\u00e8re la culture.<\/p>\n","protected":false},"excerpt":{"rendered":"<p>Manhattan est l&#8217;ar\u00e8ne o\u00f9 se joue le dernier acte du monde occidental. Avec l&#8217;explosion d\u00e9mographique et l&#8217;invasion des nouvelles technologies, Manhattan, depuis la fin du XIXe si\u00e8cle, est devenu le laboratoire d&#8217;une nouvelle culture, celle de la \u00ab congestion \u00bb ; une \u00eele mythique o\u00f9 se r\u00e9alise l&#8217;inconscient collectif d&#8217;un nouveau mode de vie m\u00e9tropolitain. [&hellip;]<\/p>\n","protected":false},"featured_media":51113,"template":"","meta":[],"product_cat":[2948,2950],"product_tag":[],"acf":[],"yoast_head":"<!-- This site is optimized with the Yoast SEO plugin v20.11 - https:\/\/yoast.com\/wordpress\/plugins\/seo\/ -->\n<title>New York d\u00e9lire : un manifeste retroactif pour Manhattan - Librairie 7L<\/title>\n<meta name=\"robots\" content=\"index, follow, max-snippet:-1, max-image-preview:large, max-video-preview:-1\" \/>\n<link rel=\"canonical\" href=\"https:\/\/librairie7l.com\/en\/produit\/new-york-delire-un-manifeste-retroactif-pour-manhattan-2\/\" \/>\n<meta property=\"og:locale\" content=\"en_US\" \/>\n<meta property=\"og:type\" content=\"article\" \/>\n<meta property=\"og:title\" content=\"New York d\u00e9lire : un manifeste retroactif pour Manhattan - Librairie 7L\" \/>\n<meta property=\"og:description\" content=\"Manhattan est l&#8217;ar\u00e8ne o\u00f9 se joue le dernier acte du monde occidental. Avec l&#8217;explosion d\u00e9mographique et l&#8217;invasion des nouvelles technologies, Manhattan, depuis la fin du XIXe si\u00e8cle, est devenu le laboratoire d&#8217;une nouvelle culture, celle de la \u00ab congestion \u00bb ; une \u00eele mythique o\u00f9 se r\u00e9alise l&#8217;inconscient collectif d&#8217;un nouveau mode de vie m\u00e9tropolitain. [&hellip;]\" \/>\n<meta property=\"og:url\" content=\"https:\/\/librairie7l.com\/en\/produit\/new-york-delire-un-manifeste-retroactif-pour-manhattan-2\/\" \/>\n<meta property=\"og:site_name\" content=\"Librairie 7L\" \/>\n<meta property=\"article:modified_time\" content=\"2026-04-05T12:31:57+00:00\" \/>\n<meta property=\"og:image\" content=\"https:\/\/librairie7l.com\/wp-content\/uploads\/2022\/09\/9782863643952_1_75.jpg\" \/>\n\t<meta property=\"og:image:width\" content=\"600\" \/>\n\t<meta property=\"og:image:height\" content=\"835\" \/>\n\t<meta property=\"og:image:type\" content=\"image\/jpeg\" \/>\n<meta name=\"twitter:card\" content=\"summary_large_image\" \/>\n<meta name=\"twitter:label1\" content=\"Est. reading time\" \/>\n\t<meta name=\"twitter:data1\" content=\"1 minute\" \/>\n<script type=\"application\/ld+json\" class=\"yoast-schema-graph\">{\"@context\":\"https:\/\/schema.org\",\"@graph\":[{\"@type\":\"WebPage\",\"@id\":\"https:\/\/librairie7l.com\/en\/produit\/new-york-delire-un-manifeste-retroactif-pour-manhattan-2\/\",\"url\":\"https:\/\/librairie7l.com\/en\/produit\/new-york-delire-un-manifeste-retroactif-pour-manhattan-2\/\",\"name\":\"New York d\u00e9lire : un manifeste retroactif pour Manhattan - Librairie 7L\",\"isPartOf\":{\"@id\":\"https:\/\/librairie7l.com\/en\/#website\"},\"datePublished\":\"2025-10-04T07:17:56+00:00\",\"dateModified\":\"2026-04-05T12:31:57+00:00\",\"breadcrumb\":{\"@id\":\"https:\/\/librairie7l.com\/en\/produit\/new-york-delire-un-manifeste-retroactif-pour-manhattan-2\/#breadcrumb\"},\"inLanguage\":\"en-US\",\"potentialAction\":[{\"@type\":\"ReadAction\",\"target\":[\"https:\/\/librairie7l.com\/en\/produit\/new-york-delire-un-manifeste-retroactif-pour-manhattan-2\/\"]}]},{\"@type\":\"BreadcrumbList\",\"@id\":\"https:\/\/librairie7l.com\/en\/produit\/new-york-delire-un-manifeste-retroactif-pour-manhattan-2\/#breadcrumb\",\"itemListElement\":[{\"@type\":\"ListItem\",\"position\":1,\"name\":\"Accueil\",\"item\":\"https:\/\/librairie7l.com\/en\/\"},{\"@type\":\"ListItem\",\"position\":2,\"name\":\"Shop\",\"item\":\"https:\/\/librairie7l.com\/en\/shop\/\"},{\"@type\":\"ListItem\",\"position\":3,\"name\":\"NEW YORK D\u00c9LIRE : UN MANIFESTE RETROACTIF POUR MANHATTAN\"}]},{\"@type\":\"WebSite\",\"@id\":\"https:\/\/librairie7l.com\/en\/#website\",\"url\":\"https:\/\/librairie7l.com\/en\/\",\"name\":\"Librairie 7L\",\"description\":\"Librairie fond\u00e9e en 1999 par Karl Lagerfeld \u00e0 Paris\",\"publisher\":{\"@id\":\"https:\/\/librairie7l.com\/en\/#organization\"},\"potentialAction\":[{\"@type\":\"SearchAction\",\"target\":{\"@type\":\"EntryPoint\",\"urlTemplate\":\"https:\/\/librairie7l.com\/en\/?s={search_term_string}\"},\"query-input\":\"required name=search_term_string\"}],\"inLanguage\":\"en-US\"},{\"@type\":\"Organization\",\"@id\":\"https:\/\/librairie7l.com\/en\/#organization\",\"name\":\"Librairie 7L\",\"url\":\"https:\/\/librairie7l.com\/en\/\",\"logo\":{\"@type\":\"ImageObject\",\"inLanguage\":\"en-US\",\"@id\":\"https:\/\/librairie7l.com\/en\/#\/schema\/logo\/image\/\",\"url\":\"https:\/\/librairie7l.com\/wp-content\/uploads\/2022\/08\/logo-1.png\",\"contentUrl\":\"https:\/\/librairie7l.com\/wp-content\/uploads\/2022\/08\/logo-1.png\",\"width\":227,\"height\":301,\"caption\":\"Librairie 7L\"},\"image\":{\"@id\":\"https:\/\/librairie7l.com\/en\/#\/schema\/logo\/image\/\"}}]}<\/script>\n<!-- \/ Yoast SEO plugin. -->","yoast_head_json":{"title":"New York d\u00e9lire : un manifeste retroactif pour Manhattan - Librairie 7L","robots":{"index":"index","follow":"follow","max-snippet":"max-snippet:-1","max-image-preview":"max-image-preview:large","max-video-preview":"max-video-preview:-1"},"canonical":"https:\/\/librairie7l.com\/en\/produit\/new-york-delire-un-manifeste-retroactif-pour-manhattan-2\/","og_locale":"en_US","og_type":"article","og_title":"New York d\u00e9lire : un manifeste retroactif pour Manhattan - Librairie 7L","og_description":"Manhattan est l&#8217;ar\u00e8ne o\u00f9 se joue le dernier acte du monde occidental. Avec l&#8217;explosion d\u00e9mographique et l&#8217;invasion des nouvelles technologies, Manhattan, depuis la fin du XIXe si\u00e8cle, est devenu le laboratoire d&#8217;une nouvelle culture, celle de la \u00ab congestion \u00bb ; une \u00eele mythique o\u00f9 se r\u00e9alise l&#8217;inconscient collectif d&#8217;un nouveau mode de vie m\u00e9tropolitain. [&hellip;]","og_url":"https:\/\/librairie7l.com\/en\/produit\/new-york-delire-un-manifeste-retroactif-pour-manhattan-2\/","og_site_name":"Librairie 7L","article_modified_time":"2026-04-05T12:31:57+00:00","og_image":[{"width":600,"height":835,"url":"https:\/\/librairie7l.com\/wp-content\/uploads\/2022\/09\/9782863643952_1_75.jpg","type":"image\/jpeg"}],"twitter_card":"summary_large_image","twitter_misc":{"Est. reading time":"1 minute"},"schema":{"@context":"https:\/\/schema.org","@graph":[{"@type":"WebPage","@id":"https:\/\/librairie7l.com\/en\/produit\/new-york-delire-un-manifeste-retroactif-pour-manhattan-2\/","url":"https:\/\/librairie7l.com\/en\/produit\/new-york-delire-un-manifeste-retroactif-pour-manhattan-2\/","name":"New York d\u00e9lire : un manifeste retroactif pour Manhattan - Librairie 7L","isPartOf":{"@id":"https:\/\/librairie7l.com\/en\/#website"},"datePublished":"2025-10-04T07:17:56+00:00","dateModified":"2026-04-05T12:31:57+00:00","breadcrumb":{"@id":"https:\/\/librairie7l.com\/en\/produit\/new-york-delire-un-manifeste-retroactif-pour-manhattan-2\/#breadcrumb"},"inLanguage":"en-US","potentialAction":[{"@type":"ReadAction","target":["https:\/\/librairie7l.com\/en\/produit\/new-york-delire-un-manifeste-retroactif-pour-manhattan-2\/"]}]},{"@type":"BreadcrumbList","@id":"https:\/\/librairie7l.com\/en\/produit\/new-york-delire-un-manifeste-retroactif-pour-manhattan-2\/#breadcrumb","itemListElement":[{"@type":"ListItem","position":1,"name":"Accueil","item":"https:\/\/librairie7l.com\/en\/"},{"@type":"ListItem","position":2,"name":"Shop","item":"https:\/\/librairie7l.com\/en\/shop\/"},{"@type":"ListItem","position":3,"name":"NEW YORK D\u00c9LIRE : UN MANIFESTE RETROACTIF POUR MANHATTAN"}]},{"@type":"WebSite","@id":"https:\/\/librairie7l.com\/en\/#website","url":"https:\/\/librairie7l.com\/en\/","name":"Librairie 7L","description":"Librairie fond\u00e9e en 1999 par Karl Lagerfeld \u00e0 Paris","publisher":{"@id":"https:\/\/librairie7l.com\/en\/#organization"},"potentialAction":[{"@type":"SearchAction","target":{"@type":"EntryPoint","urlTemplate":"https:\/\/librairie7l.com\/en\/?s={search_term_string}"},"query-input":"required name=search_term_string"}],"inLanguage":"en-US"},{"@type":"Organization","@id":"https:\/\/librairie7l.com\/en\/#organization","name":"Librairie 7L","url":"https:\/\/librairie7l.com\/en\/","logo":{"@type":"ImageObject","inLanguage":"en-US","@id":"https:\/\/librairie7l.com\/en\/#\/schema\/logo\/image\/","url":"https:\/\/librairie7l.com\/wp-content\/uploads\/2022\/08\/logo-1.png","contentUrl":"https:\/\/librairie7l.com\/wp-content\/uploads\/2022\/08\/logo-1.png","width":227,"height":301,"caption":"Librairie 7L"},"image":{"@id":"https:\/\/librairie7l.com\/en\/#\/schema\/logo\/image\/"}}]}},"_links":{"self":[{"href":"https:\/\/librairie7l.com\/en\/wp-json\/wp\/v2\/product\/51115"}],"collection":[{"href":"https:\/\/librairie7l.com\/en\/wp-json\/wp\/v2\/product"}],"about":[{"href":"https:\/\/librairie7l.com\/en\/wp-json\/wp\/v2\/types\/product"}],"wp:featuredmedia":[{"embeddable":true,"href":"https:\/\/librairie7l.com\/en\/wp-json\/wp\/v2\/media\/51113"}],"wp:attachment":[{"href":"https:\/\/librairie7l.com\/en\/wp-json\/wp\/v2\/media?parent=51115"}],"wp:term":[{"taxonomy":"product_cat","embeddable":true,"href":"https:\/\/librairie7l.com\/en\/wp-json\/wp\/v2\/product_cat?post=51115"},{"taxonomy":"product_tag","embeddable":true,"href":"https:\/\/librairie7l.com\/en\/wp-json\/wp\/v2\/product_tag?post=51115"}],"curies":[{"name":"wp","href":"https:\/\/api.w.org\/{rel}","templated":true}]}}