{"id":51181,"date":"2025-10-08T09:17:55","date_gmt":"2025-10-08T07:17:55","guid":{"rendered":"https:\/\/librairie7l.com\/?post_type=product&#038;p=51181"},"modified":"2026-04-12T21:16:29","modified_gmt":"2026-04-12T19:16:29","slug":"lempire-du-sommeil-2","status":"publish","type":"product","link":"https:\/\/librairie7l.com\/en\/produit\/lempire-du-sommeil-2\/","title":{"rendered":"L&#8217;EMPIRE DU SOMMEIL"},"content":{"rendered":"<p>Cette exposition interrogera la port\u00e9e symbolique et all\u00e9gorique du sommeil, son importance dans l&#8217;iconographie profane et sacr\u00e9e, et l&#8217;influence que les recherches scientifiques, philosophiques et psychanalytiques li\u00e9es au sommeil ont eu dans le champ de l&#8217;art.Elle se focalisera sur la p\u00e9riode du XIXe si\u00e8cle et du XXe si\u00e8cle, p\u00e9riodes de grandes transformations sur l&#8217;imaginaire du sommeil. Le corpus d&#8217;oeuvres des ann\u00e9es 1800 \u00e0 1920 sera mis en regard d&#8217;oeuvres significatives de l&#8217;Antiquit\u00e9, du Moyen \u00c2ge, des Temps Modernes et de l&#8217;\u00e9poque contemporaine pour rendre compte de la permanence de certains th\u00e8mes clefs : le sommeil de l&#8217;innocent, le songe des r\u00e9cits bibliques, l&#8217;ambivalence du sommeil entre repos et repos \u00e9ternel, l&#8217;\u00e9ros du corps endormi, les r\u00eaves et cauchemars. L&#8217;exposition abordera \u00e9galement le mesm\u00e9risme et les troubles du sommeil par le biais d&#8217;une iconographie m\u00e9dicale et montrera comment certains artistes s&#8217;empareront de ces sujets. Enfin, une section de l&#8217;exposition d\u00e9di\u00e9e \u00e0 la chambre \u00e0 coucher esquissera les us et coutumes pr\u00eat\u00e9s \u00e0 cet espace hautement symbolique.<\/p>\n","protected":false},"excerpt":{"rendered":"<p>Cette exposition interrogera la port\u00e9e symbolique et all\u00e9gorique du sommeil, son importance dans l&#8217;iconographie profane et sacr\u00e9e, et l&#8217;influence que les recherches scientifiques, philosophiques et psychanalytiques li\u00e9es au sommeil ont eu dans le champ de l&#8217;art.Elle se focalisera sur la p\u00e9riode du XIXe si\u00e8cle et du XXe si\u00e8cle, p\u00e9riodes de grandes transformations sur l&#8217;imaginaire du [&hellip;]<\/p>\n","protected":false},"featured_media":51179,"template":"","meta":[],"product_cat":[2948,2953],"product_tag":[],"acf":[],"yoast_head":"<!-- This site is optimized with the Yoast SEO plugin v20.11 - https:\/\/yoast.com\/wordpress\/plugins\/seo\/ -->\n<title>L&#039;Empire du sommeil - Librairie 7L<\/title>\n<meta name=\"robots\" content=\"index, follow, max-snippet:-1, max-image-preview:large, max-video-preview:-1\" \/>\n<link rel=\"canonical\" href=\"https:\/\/librairie7l.com\/en\/produit\/lempire-du-sommeil-2\/\" \/>\n<meta property=\"og:locale\" content=\"en_US\" \/>\n<meta property=\"og:type\" content=\"article\" \/>\n<meta property=\"og:title\" content=\"L&#039;Empire du sommeil - Librairie 7L\" \/>\n<meta property=\"og:description\" content=\"Cette exposition interrogera la port\u00e9e symbolique et all\u00e9gorique du sommeil, son importance dans l&#8217;iconographie profane et sacr\u00e9e, et l&#8217;influence que les recherches scientifiques, philosophiques et psychanalytiques li\u00e9es au sommeil ont eu dans le champ de l&#8217;art.Elle se focalisera sur la p\u00e9riode du XIXe si\u00e8cle et du XXe si\u00e8cle, p\u00e9riodes de grandes transformations sur l&#8217;imaginaire du [&hellip;]\" \/>\n<meta property=\"og:url\" content=\"https:\/\/librairie7l.com\/en\/produit\/lempire-du-sommeil-2\/\" \/>\n<meta property=\"og:site_name\" content=\"Librairie 7L\" \/>\n<meta property=\"article:modified_time\" content=\"2026-04-12T19:16:29+00:00\" \/>\n<meta property=\"og:image\" content=\"https:\/\/librairie7l.com\/wp-content\/uploads\/2025\/06\/9782382032374_1_75.jpg\" \/>\n\t<meta property=\"og:image:width\" content=\"600\" \/>\n\t<meta property=\"og:image:height\" content=\"776\" \/>\n\t<meta property=\"og:image:type\" content=\"image\/jpeg\" \/>\n<meta name=\"twitter:card\" content=\"summary_large_image\" \/>\n<meta name=\"twitter:label1\" content=\"Est. reading time\" \/>\n\t<meta name=\"twitter:data1\" content=\"1 minute\" \/>\n<script type=\"application\/ld+json\" class=\"yoast-schema-graph\">{\"@context\":\"https:\/\/schema.org\",\"@graph\":[{\"@type\":\"WebPage\",\"@id\":\"https:\/\/librairie7l.com\/en\/produit\/lempire-du-sommeil-2\/\",\"url\":\"https:\/\/librairie7l.com\/en\/produit\/lempire-du-sommeil-2\/\",\"name\":\"L'Empire du sommeil - Librairie 7L\",\"isPartOf\":{\"@id\":\"https:\/\/librairie7l.com\/en\/#website\"},\"datePublished\":\"2025-10-08T07:17:55+00:00\",\"dateModified\":\"2026-04-12T19:16:29+00:00\",\"breadcrumb\":{\"@id\":\"https:\/\/librairie7l.com\/en\/produit\/lempire-du-sommeil-2\/#breadcrumb\"},\"inLanguage\":\"en-US\",\"potentialAction\":[{\"@type\":\"ReadAction\",\"target\":[\"https:\/\/librairie7l.com\/en\/produit\/lempire-du-sommeil-2\/\"]}]},{\"@type\":\"BreadcrumbList\",\"@id\":\"https:\/\/librairie7l.com\/en\/produit\/lempire-du-sommeil-2\/#breadcrumb\",\"itemListElement\":[{\"@type\":\"ListItem\",\"position\":1,\"name\":\"Accueil\",\"item\":\"https:\/\/librairie7l.com\/en\/\"},{\"@type\":\"ListItem\",\"position\":2,\"name\":\"Shop\",\"item\":\"https:\/\/librairie7l.com\/en\/shop\/\"},{\"@type\":\"ListItem\",\"position\":3,\"name\":\"L&#8217;EMPIRE DU SOMMEIL\"}]},{\"@type\":\"WebSite\",\"@id\":\"https:\/\/librairie7l.com\/en\/#website\",\"url\":\"https:\/\/librairie7l.com\/en\/\",\"name\":\"Librairie 7L\",\"description\":\"Librairie fond\u00e9e en 1999 par Karl Lagerfeld \u00e0 Paris\",\"publisher\":{\"@id\":\"https:\/\/librairie7l.com\/en\/#organization\"},\"potentialAction\":[{\"@type\":\"SearchAction\",\"target\":{\"@type\":\"EntryPoint\",\"urlTemplate\":\"https:\/\/librairie7l.com\/en\/?s={search_term_string}\"},\"query-input\":\"required name=search_term_string\"}],\"inLanguage\":\"en-US\"},{\"@type\":\"Organization\",\"@id\":\"https:\/\/librairie7l.com\/en\/#organization\",\"name\":\"Librairie 7L\",\"url\":\"https:\/\/librairie7l.com\/en\/\",\"logo\":{\"@type\":\"ImageObject\",\"inLanguage\":\"en-US\",\"@id\":\"https:\/\/librairie7l.com\/en\/#\/schema\/logo\/image\/\",\"url\":\"https:\/\/librairie7l.com\/wp-content\/uploads\/2022\/08\/logo-1.png\",\"contentUrl\":\"https:\/\/librairie7l.com\/wp-content\/uploads\/2022\/08\/logo-1.png\",\"width\":227,\"height\":301,\"caption\":\"Librairie 7L\"},\"image\":{\"@id\":\"https:\/\/librairie7l.com\/en\/#\/schema\/logo\/image\/\"}}]}<\/script>\n<!-- \/ Yoast SEO plugin. -->","yoast_head_json":{"title":"L'Empire du sommeil - Librairie 7L","robots":{"index":"index","follow":"follow","max-snippet":"max-snippet:-1","max-image-preview":"max-image-preview:large","max-video-preview":"max-video-preview:-1"},"canonical":"https:\/\/librairie7l.com\/en\/produit\/lempire-du-sommeil-2\/","og_locale":"en_US","og_type":"article","og_title":"L'Empire du sommeil - Librairie 7L","og_description":"Cette exposition interrogera la port\u00e9e symbolique et all\u00e9gorique du sommeil, son importance dans l&#8217;iconographie profane et sacr\u00e9e, et l&#8217;influence que les recherches scientifiques, philosophiques et psychanalytiques li\u00e9es au sommeil ont eu dans le champ de l&#8217;art.Elle se focalisera sur la p\u00e9riode du XIXe si\u00e8cle et du XXe si\u00e8cle, p\u00e9riodes de grandes transformations sur l&#8217;imaginaire du [&hellip;]","og_url":"https:\/\/librairie7l.com\/en\/produit\/lempire-du-sommeil-2\/","og_site_name":"Librairie 7L","article_modified_time":"2026-04-12T19:16:29+00:00","og_image":[{"width":600,"height":776,"url":"https:\/\/librairie7l.com\/wp-content\/uploads\/2025\/06\/9782382032374_1_75.jpg","type":"image\/jpeg"}],"twitter_card":"summary_large_image","twitter_misc":{"Est. reading time":"1 minute"},"schema":{"@context":"https:\/\/schema.org","@graph":[{"@type":"WebPage","@id":"https:\/\/librairie7l.com\/en\/produit\/lempire-du-sommeil-2\/","url":"https:\/\/librairie7l.com\/en\/produit\/lempire-du-sommeil-2\/","name":"L'Empire du sommeil - Librairie 7L","isPartOf":{"@id":"https:\/\/librairie7l.com\/en\/#website"},"datePublished":"2025-10-08T07:17:55+00:00","dateModified":"2026-04-12T19:16:29+00:00","breadcrumb":{"@id":"https:\/\/librairie7l.com\/en\/produit\/lempire-du-sommeil-2\/#breadcrumb"},"inLanguage":"en-US","potentialAction":[{"@type":"ReadAction","target":["https:\/\/librairie7l.com\/en\/produit\/lempire-du-sommeil-2\/"]}]},{"@type":"BreadcrumbList","@id":"https:\/\/librairie7l.com\/en\/produit\/lempire-du-sommeil-2\/#breadcrumb","itemListElement":[{"@type":"ListItem","position":1,"name":"Accueil","item":"https:\/\/librairie7l.com\/en\/"},{"@type":"ListItem","position":2,"name":"Shop","item":"https:\/\/librairie7l.com\/en\/shop\/"},{"@type":"ListItem","position":3,"name":"L&#8217;EMPIRE DU SOMMEIL"}]},{"@type":"WebSite","@id":"https:\/\/librairie7l.com\/en\/#website","url":"https:\/\/librairie7l.com\/en\/","name":"Librairie 7L","description":"Librairie fond\u00e9e en 1999 par Karl Lagerfeld \u00e0 Paris","publisher":{"@id":"https:\/\/librairie7l.com\/en\/#organization"},"potentialAction":[{"@type":"SearchAction","target":{"@type":"EntryPoint","urlTemplate":"https:\/\/librairie7l.com\/en\/?s={search_term_string}"},"query-input":"required name=search_term_string"}],"inLanguage":"en-US"},{"@type":"Organization","@id":"https:\/\/librairie7l.com\/en\/#organization","name":"Librairie 7L","url":"https:\/\/librairie7l.com\/en\/","logo":{"@type":"ImageObject","inLanguage":"en-US","@id":"https:\/\/librairie7l.com\/en\/#\/schema\/logo\/image\/","url":"https:\/\/librairie7l.com\/wp-content\/uploads\/2022\/08\/logo-1.png","contentUrl":"https:\/\/librairie7l.com\/wp-content\/uploads\/2022\/08\/logo-1.png","width":227,"height":301,"caption":"Librairie 7L"},"image":{"@id":"https:\/\/librairie7l.com\/en\/#\/schema\/logo\/image\/"}}]}},"_links":{"self":[{"href":"https:\/\/librairie7l.com\/en\/wp-json\/wp\/v2\/product\/51181"}],"collection":[{"href":"https:\/\/librairie7l.com\/en\/wp-json\/wp\/v2\/product"}],"about":[{"href":"https:\/\/librairie7l.com\/en\/wp-json\/wp\/v2\/types\/product"}],"wp:featuredmedia":[{"embeddable":true,"href":"https:\/\/librairie7l.com\/en\/wp-json\/wp\/v2\/media\/51179"}],"wp:attachment":[{"href":"https:\/\/librairie7l.com\/en\/wp-json\/wp\/v2\/media?parent=51181"}],"wp:term":[{"taxonomy":"product_cat","embeddable":true,"href":"https:\/\/librairie7l.com\/en\/wp-json\/wp\/v2\/product_cat?post=51181"},{"taxonomy":"product_tag","embeddable":true,"href":"https:\/\/librairie7l.com\/en\/wp-json\/wp\/v2\/product_tag?post=51181"}],"curies":[{"name":"wp","href":"https:\/\/api.w.org\/{rel}","templated":true}]}}