{"id":51185,"date":"2025-10-08T09:17:58","date_gmt":"2025-10-08T07:17:58","guid":{"rendered":"https:\/\/librairie7l.com\/?post_type=product&#038;p=51185"},"modified":"2026-04-12T21:16:29","modified_gmt":"2026-04-12T19:16:29","slug":"couper-coller-imprimer-le-photomontage-politique-au-xxe-siecle-2","status":"publish","type":"product","link":"https:\/\/librairie7l.com\/en\/produit\/couper-coller-imprimer-le-photomontage-politique-au-xxe-siecle-2\/","title":{"rendered":"COUPER, COLLER, IMPRIMER : LE PHOTOMONTAGE POLITIQUE AU XXE SI\u00c8CLE"},"content":{"rendered":"<p>Tr\u00e8s richement illustr\u00e9, ce livre propose un panorama international de l&#8217;histoire du photomontage, sur l&#8217;ensemble du XXe si\u00e8cle, en articulant histoire politique et histoire des formes graphiques.<br \/>\n&#8221; Couper, coller, imprimer &#8221; : tels sont les gestes essentiels, appliqu\u00e9s aux images photographiques, qui d\u00e9limitent la pratique du photomontage. Ce rapport particulier \u00e0 l&#8217;image, au graphisme et \u00e0 la mati\u00e8re imprim\u00e9e a transform\u00e9 en profondeur les formes de la communication politique au XXe si\u00e8cle, en donnant la possibilit\u00e9 d&#8217;orienter la lecture des photographies, d\u00e9sormais offertes \u00e0 toutes sortes de manipulations et de combinaisons.<br \/>\nAccompagnant l&#8217;exposition \u00e9ponyme \u00e0 la Contemporaine, cet ouvrage propose un panorama international du photomontage en articulant histoire politique et histoire des formes graphiques. S&#8217;appuyant sur les contributions des meilleurs sp\u00e9cialistes, ce parcours au travers du si\u00e8cle et de ses grandes luttes politiques nous emm\u00e8ne \u00e0 la rencontre des constructivistes sovi\u00e9tiques et des figures majeures des ann\u00e9es 1920-1930 \u00e0 l&#8217;instar d&#8217;El Lissitzky, John Heartfield ou Gustav Klucis, mais aussi de productions moins connues, notamment dans le domaine de la presse alternative et militante, qui va int\u00e9grer le r\u00e9pertoire visuel des contre-cultures \u00e0 la fin des ann\u00e9es 1960 et promouvoir le collage comme incarnation de l&#8217;\u00e9thique<br \/>\ndo-it-yourself.<br \/>\nUne v\u00e9ritable travers\u00e9e du XXe si\u00e8cle par l&#8217;image imprim\u00e9e et le travail des artistes-graphistes.<\/p>\n","protected":false},"excerpt":{"rendered":"<p>Tr\u00e8s richement illustr\u00e9, ce livre propose un panorama international de l&#8217;histoire du photomontage, sur l&#8217;ensemble du XXe si\u00e8cle, en articulant histoire politique et histoire des formes graphiques. &#8221; Couper, coller, imprimer &#8221; : tels sont les gestes essentiels, appliqu\u00e9s aux images photographiques, qui d\u00e9limitent la pratique du photomontage. Ce rapport particulier \u00e0 l&#8217;image, au graphisme [&hellip;]<\/p>\n","protected":false},"featured_media":51183,"template":"","meta":[],"product_cat":[2948,2953],"product_tag":[],"acf":[],"yoast_head":"<!-- This site is optimized with the Yoast SEO plugin v20.11 - https:\/\/yoast.com\/wordpress\/plugins\/seo\/ -->\n<title>Couper, coller, imprimer : Le photomontage politique au XXe si\u00e8cle - Librairie 7L<\/title>\n<meta name=\"robots\" content=\"index, follow, max-snippet:-1, max-image-preview:large, max-video-preview:-1\" \/>\n<link rel=\"canonical\" href=\"https:\/\/librairie7l.com\/en\/produit\/couper-coller-imprimer-le-photomontage-politique-au-xxe-siecle-2\/\" \/>\n<meta property=\"og:locale\" content=\"en_US\" \/>\n<meta property=\"og:type\" content=\"article\" \/>\n<meta property=\"og:title\" content=\"Couper, coller, imprimer : Le photomontage politique au XXe si\u00e8cle - Librairie 7L\" \/>\n<meta property=\"og:description\" content=\"Tr\u00e8s richement illustr\u00e9, ce livre propose un panorama international de l&#8217;histoire du photomontage, sur l&#8217;ensemble du XXe si\u00e8cle, en articulant histoire politique et histoire des formes graphiques. &#8221; Couper, coller, imprimer &#8221; : tels sont les gestes essentiels, appliqu\u00e9s aux images photographiques, qui d\u00e9limitent la pratique du photomontage. Ce rapport particulier \u00e0 l&#8217;image, au graphisme [&hellip;]\" \/>\n<meta property=\"og:url\" content=\"https:\/\/librairie7l.com\/en\/produit\/couper-coller-imprimer-le-photomontage-politique-au-xxe-siecle-2\/\" \/>\n<meta property=\"og:site_name\" content=\"Librairie 7L\" \/>\n<meta property=\"article:modified_time\" content=\"2026-04-12T19:16:29+00:00\" \/>\n<meta property=\"og:image\" content=\"https:\/\/librairie7l.com\/wp-content\/uploads\/2025\/06\/9782381911410_1_75.jpg\" \/>\n\t<meta property=\"og:image:width\" content=\"600\" \/>\n\t<meta property=\"og:image:height\" content=\"875\" \/>\n\t<meta property=\"og:image:type\" content=\"image\/jpeg\" \/>\n<meta name=\"twitter:card\" content=\"summary_large_image\" \/>\n<meta name=\"twitter:label1\" content=\"Est. reading time\" \/>\n\t<meta name=\"twitter:data1\" content=\"1 minute\" \/>\n<script type=\"application\/ld+json\" class=\"yoast-schema-graph\">{\"@context\":\"https:\/\/schema.org\",\"@graph\":[{\"@type\":\"WebPage\",\"@id\":\"https:\/\/librairie7l.com\/en\/produit\/couper-coller-imprimer-le-photomontage-politique-au-xxe-siecle-2\/\",\"url\":\"https:\/\/librairie7l.com\/en\/produit\/couper-coller-imprimer-le-photomontage-politique-au-xxe-siecle-2\/\",\"name\":\"Couper, coller, imprimer : Le photomontage politique au XXe si\u00e8cle - Librairie 7L\",\"isPartOf\":{\"@id\":\"https:\/\/librairie7l.com\/en\/#website\"},\"datePublished\":\"2025-10-08T07:17:58+00:00\",\"dateModified\":\"2026-04-12T19:16:29+00:00\",\"breadcrumb\":{\"@id\":\"https:\/\/librairie7l.com\/en\/produit\/couper-coller-imprimer-le-photomontage-politique-au-xxe-siecle-2\/#breadcrumb\"},\"inLanguage\":\"en-US\",\"potentialAction\":[{\"@type\":\"ReadAction\",\"target\":[\"https:\/\/librairie7l.com\/en\/produit\/couper-coller-imprimer-le-photomontage-politique-au-xxe-siecle-2\/\"]}]},{\"@type\":\"BreadcrumbList\",\"@id\":\"https:\/\/librairie7l.com\/en\/produit\/couper-coller-imprimer-le-photomontage-politique-au-xxe-siecle-2\/#breadcrumb\",\"itemListElement\":[{\"@type\":\"ListItem\",\"position\":1,\"name\":\"Accueil\",\"item\":\"https:\/\/librairie7l.com\/en\/\"},{\"@type\":\"ListItem\",\"position\":2,\"name\":\"Shop\",\"item\":\"https:\/\/librairie7l.com\/en\/shop\/\"},{\"@type\":\"ListItem\",\"position\":3,\"name\":\"COUPER, COLLER, IMPRIMER : LE PHOTOMONTAGE POLITIQUE AU XXE SI\u00c8CLE\"}]},{\"@type\":\"WebSite\",\"@id\":\"https:\/\/librairie7l.com\/en\/#website\",\"url\":\"https:\/\/librairie7l.com\/en\/\",\"name\":\"Librairie 7L\",\"description\":\"Librairie fond\u00e9e en 1999 par Karl Lagerfeld \u00e0 Paris\",\"publisher\":{\"@id\":\"https:\/\/librairie7l.com\/en\/#organization\"},\"potentialAction\":[{\"@type\":\"SearchAction\",\"target\":{\"@type\":\"EntryPoint\",\"urlTemplate\":\"https:\/\/librairie7l.com\/en\/?s={search_term_string}\"},\"query-input\":\"required name=search_term_string\"}],\"inLanguage\":\"en-US\"},{\"@type\":\"Organization\",\"@id\":\"https:\/\/librairie7l.com\/en\/#organization\",\"name\":\"Librairie 7L\",\"url\":\"https:\/\/librairie7l.com\/en\/\",\"logo\":{\"@type\":\"ImageObject\",\"inLanguage\":\"en-US\",\"@id\":\"https:\/\/librairie7l.com\/en\/#\/schema\/logo\/image\/\",\"url\":\"https:\/\/librairie7l.com\/wp-content\/uploads\/2022\/08\/logo-1.png\",\"contentUrl\":\"https:\/\/librairie7l.com\/wp-content\/uploads\/2022\/08\/logo-1.png\",\"width\":227,\"height\":301,\"caption\":\"Librairie 7L\"},\"image\":{\"@id\":\"https:\/\/librairie7l.com\/en\/#\/schema\/logo\/image\/\"}}]}<\/script>\n<!-- \/ Yoast SEO plugin. -->","yoast_head_json":{"title":"Couper, coller, imprimer : Le photomontage politique au XXe si\u00e8cle - Librairie 7L","robots":{"index":"index","follow":"follow","max-snippet":"max-snippet:-1","max-image-preview":"max-image-preview:large","max-video-preview":"max-video-preview:-1"},"canonical":"https:\/\/librairie7l.com\/en\/produit\/couper-coller-imprimer-le-photomontage-politique-au-xxe-siecle-2\/","og_locale":"en_US","og_type":"article","og_title":"Couper, coller, imprimer : Le photomontage politique au XXe si\u00e8cle - Librairie 7L","og_description":"Tr\u00e8s richement illustr\u00e9, ce livre propose un panorama international de l&#8217;histoire du photomontage, sur l&#8217;ensemble du XXe si\u00e8cle, en articulant histoire politique et histoire des formes graphiques. &#8221; Couper, coller, imprimer &#8221; : tels sont les gestes essentiels, appliqu\u00e9s aux images photographiques, qui d\u00e9limitent la pratique du photomontage. Ce rapport particulier \u00e0 l&#8217;image, au graphisme [&hellip;]","og_url":"https:\/\/librairie7l.com\/en\/produit\/couper-coller-imprimer-le-photomontage-politique-au-xxe-siecle-2\/","og_site_name":"Librairie 7L","article_modified_time":"2026-04-12T19:16:29+00:00","og_image":[{"width":600,"height":875,"url":"https:\/\/librairie7l.com\/wp-content\/uploads\/2025\/06\/9782381911410_1_75.jpg","type":"image\/jpeg"}],"twitter_card":"summary_large_image","twitter_misc":{"Est. reading time":"1 minute"},"schema":{"@context":"https:\/\/schema.org","@graph":[{"@type":"WebPage","@id":"https:\/\/librairie7l.com\/en\/produit\/couper-coller-imprimer-le-photomontage-politique-au-xxe-siecle-2\/","url":"https:\/\/librairie7l.com\/en\/produit\/couper-coller-imprimer-le-photomontage-politique-au-xxe-siecle-2\/","name":"Couper, coller, imprimer : Le photomontage politique au XXe si\u00e8cle - Librairie 7L","isPartOf":{"@id":"https:\/\/librairie7l.com\/en\/#website"},"datePublished":"2025-10-08T07:17:58+00:00","dateModified":"2026-04-12T19:16:29+00:00","breadcrumb":{"@id":"https:\/\/librairie7l.com\/en\/produit\/couper-coller-imprimer-le-photomontage-politique-au-xxe-siecle-2\/#breadcrumb"},"inLanguage":"en-US","potentialAction":[{"@type":"ReadAction","target":["https:\/\/librairie7l.com\/en\/produit\/couper-coller-imprimer-le-photomontage-politique-au-xxe-siecle-2\/"]}]},{"@type":"BreadcrumbList","@id":"https:\/\/librairie7l.com\/en\/produit\/couper-coller-imprimer-le-photomontage-politique-au-xxe-siecle-2\/#breadcrumb","itemListElement":[{"@type":"ListItem","position":1,"name":"Accueil","item":"https:\/\/librairie7l.com\/en\/"},{"@type":"ListItem","position":2,"name":"Shop","item":"https:\/\/librairie7l.com\/en\/shop\/"},{"@type":"ListItem","position":3,"name":"COUPER, COLLER, IMPRIMER : LE PHOTOMONTAGE POLITIQUE AU XXE SI\u00c8CLE"}]},{"@type":"WebSite","@id":"https:\/\/librairie7l.com\/en\/#website","url":"https:\/\/librairie7l.com\/en\/","name":"Librairie 7L","description":"Librairie fond\u00e9e en 1999 par Karl Lagerfeld \u00e0 Paris","publisher":{"@id":"https:\/\/librairie7l.com\/en\/#organization"},"potentialAction":[{"@type":"SearchAction","target":{"@type":"EntryPoint","urlTemplate":"https:\/\/librairie7l.com\/en\/?s={search_term_string}"},"query-input":"required name=search_term_string"}],"inLanguage":"en-US"},{"@type":"Organization","@id":"https:\/\/librairie7l.com\/en\/#organization","name":"Librairie 7L","url":"https:\/\/librairie7l.com\/en\/","logo":{"@type":"ImageObject","inLanguage":"en-US","@id":"https:\/\/librairie7l.com\/en\/#\/schema\/logo\/image\/","url":"https:\/\/librairie7l.com\/wp-content\/uploads\/2022\/08\/logo-1.png","contentUrl":"https:\/\/librairie7l.com\/wp-content\/uploads\/2022\/08\/logo-1.png","width":227,"height":301,"caption":"Librairie 7L"},"image":{"@id":"https:\/\/librairie7l.com\/en\/#\/schema\/logo\/image\/"}}]}},"_links":{"self":[{"href":"https:\/\/librairie7l.com\/en\/wp-json\/wp\/v2\/product\/51185"}],"collection":[{"href":"https:\/\/librairie7l.com\/en\/wp-json\/wp\/v2\/product"}],"about":[{"href":"https:\/\/librairie7l.com\/en\/wp-json\/wp\/v2\/types\/product"}],"wp:featuredmedia":[{"embeddable":true,"href":"https:\/\/librairie7l.com\/en\/wp-json\/wp\/v2\/media\/51183"}],"wp:attachment":[{"href":"https:\/\/librairie7l.com\/en\/wp-json\/wp\/v2\/media?parent=51185"}],"wp:term":[{"taxonomy":"product_cat","embeddable":true,"href":"https:\/\/librairie7l.com\/en\/wp-json\/wp\/v2\/product_cat?post=51185"},{"taxonomy":"product_tag","embeddable":true,"href":"https:\/\/librairie7l.com\/en\/wp-json\/wp\/v2\/product_tag?post=51185"}],"curies":[{"name":"wp","href":"https:\/\/api.w.org\/{rel}","templated":true}]}}