{"id":51189,"date":"2025-10-08T09:18:00","date_gmt":"2025-10-08T07:18:00","guid":{"rendered":"https:\/\/librairie7l.com\/?post_type=product&#038;p=51189"},"modified":"2026-04-21T10:55:27","modified_gmt":"2026-04-21T08:55:27","slug":"une-histoire-de-la-mode-2","status":"publish","type":"product","link":"https:\/\/librairie7l.com\/en\/produit\/une-histoire-de-la-mode-2\/","title":{"rendered":"UNE HISTOIRE DE LA MODE"},"content":{"rendered":"<p>Une fresque vivante et savante de la mode et de ses tendances.<br \/>\nLa mode est un art, aur\u00e9ol\u00e9 de ses chefs-d&#8217;oeuvre et de ses g\u00e9nies cr\u00e9ateurs. Son histoire commence au XVIIIe si\u00e8cle avec les robes extravagantes sorties des ateliers de Rose Bertin, premi\u00e8re marchande de modes moderne, qui pr\u00e9figure l&#8217;apparition des couturiers parisiens. Le XIXe invente ensuite la haute couture et aiguillonne la cr\u00e9ativit\u00e9 d\u00e9brid\u00e9e des XXe et XXIe si\u00e8cles. On abandonne le corset, on adapte son vestiaire pour s&#8217;adonner \u00e0 la vogue de la pratique sportive ; bient\u00f4t, on d\u00e9laissera la jupe au profit du pantalon. La mode va devenir le lieu de toutes les audaces, que l&#8217;on expose au cours de d\u00e9fil\u00e9s de plus en plus spectaculaires.<br \/>\nOlivier Saillard brosse une fresque vivante et savante de la mode et de ses tendances, examinant sur plus de trois si\u00e8cles ce qui fait l&#8217;identit\u00e9 de chaque \u00e9poque et comment \u00e9voluent les r\u00e8gles de l&#8217;\u00e9l\u00e9gance. Sous sa plume, le s\u00e9rieux de l&#8217;\u00e9rudition se m\u00eale \u00e0 la gr\u00e2ce de l&#8217;expression, faisant de cet ouvrage une archive enchant\u00e9e, o\u00f9 l&#8217;historien des faits n&#8217;oublie jamais la beaut\u00e9 du pli ni la magie des \u00e9toffes.<\/p>\n<p>\u00c0 propos des &#8221; Singuliers &#8221; : &#8221; Bouquins &#8221; cr\u00e9e l&#8217;\u00e9v\u00e9nement en lan\u00e7ant en octobre 2025 une nouvelle collection destin\u00e9e \u00e0 \u00e9clairer d&#8217;un jour nouveau son fonds inestimable. &#8221; Les Singuliers &#8221; ont ainsi vocation \u00e0 accueillir les textes les plus originaux, les plus rares ou les plus \u00e9tonnants du catalogue, sous la forme d&#8217;ouvrages souples de 400 pages environ, au graphisme \u00e9l\u00e9gant, con\u00e7u par Philippe Apeloig.<br \/>\nLes quatre premiers titres : Pierre Lou\u00ffs, Po\u00e9sie \u00e9rotique ; Fran\u00e7ois Rabelais, Pantagruel ; Olivier Saillard, Une histoire de la mode ; La Table ronde et le roi Arthur. R\u00e9cits du Moyen \u00c2ge.<\/p>\n","protected":false},"excerpt":{"rendered":"<p>Une fresque vivante et savante de la mode et de ses tendances. La mode est un art, aur\u00e9ol\u00e9 de ses chefs-d&#8217;oeuvre et de ses g\u00e9nies cr\u00e9ateurs. Son histoire commence au XVIIIe si\u00e8cle avec les robes extravagantes sorties des ateliers de Rose Bertin, premi\u00e8re marchande de modes moderne, qui pr\u00e9figure l&#8217;apparition des couturiers parisiens. Le XIXe [&hellip;]<\/p>\n","protected":false},"featured_media":51187,"template":"","meta":[],"product_cat":[2948,2957],"product_tag":[],"acf":[],"yoast_head":"<!-- This site is optimized with the Yoast SEO plugin v20.11 - https:\/\/yoast.com\/wordpress\/plugins\/seo\/ -->\n<title>Une histoire de la mode - Librairie 7L<\/title>\n<meta name=\"robots\" content=\"index, follow, max-snippet:-1, max-image-preview:large, max-video-preview:-1\" \/>\n<link rel=\"canonical\" href=\"https:\/\/librairie7l.com\/en\/produit\/une-histoire-de-la-mode-2\/\" \/>\n<meta property=\"og:locale\" content=\"en_US\" \/>\n<meta property=\"og:type\" content=\"article\" \/>\n<meta property=\"og:title\" content=\"Une histoire de la mode - Librairie 7L\" \/>\n<meta property=\"og:description\" content=\"Une fresque vivante et savante de la mode et de ses tendances. La mode est un art, aur\u00e9ol\u00e9 de ses chefs-d&#8217;oeuvre et de ses g\u00e9nies cr\u00e9ateurs. Son histoire commence au XVIIIe si\u00e8cle avec les robes extravagantes sorties des ateliers de Rose Bertin, premi\u00e8re marchande de modes moderne, qui pr\u00e9figure l&#8217;apparition des couturiers parisiens. Le XIXe [&hellip;]\" \/>\n<meta property=\"og:url\" content=\"https:\/\/librairie7l.com\/en\/produit\/une-histoire-de-la-mode-2\/\" \/>\n<meta property=\"og:site_name\" content=\"Librairie 7L\" \/>\n<meta property=\"article:modified_time\" content=\"2026-04-21T08:55:27+00:00\" \/>\n<meta property=\"og:image\" content=\"https:\/\/librairie7l.com\/wp-content\/uploads\/2025\/06\/9782382926666_1_75.jpg\" \/>\n\t<meta property=\"og:image:width\" content=\"600\" \/>\n\t<meta property=\"og:image:height\" content=\"900\" \/>\n\t<meta property=\"og:image:type\" content=\"image\/jpeg\" \/>\n<meta name=\"twitter:card\" content=\"summary_large_image\" \/>\n<meta name=\"twitter:label1\" content=\"Est. reading time\" \/>\n\t<meta name=\"twitter:data1\" content=\"2 minutes\" \/>\n<script type=\"application\/ld+json\" class=\"yoast-schema-graph\">{\"@context\":\"https:\/\/schema.org\",\"@graph\":[{\"@type\":\"WebPage\",\"@id\":\"https:\/\/librairie7l.com\/en\/produit\/une-histoire-de-la-mode-2\/\",\"url\":\"https:\/\/librairie7l.com\/en\/produit\/une-histoire-de-la-mode-2\/\",\"name\":\"Une histoire de la mode - Librairie 7L\",\"isPartOf\":{\"@id\":\"https:\/\/librairie7l.com\/en\/#website\"},\"datePublished\":\"2025-10-08T07:18:00+00:00\",\"dateModified\":\"2026-04-21T08:55:27+00:00\",\"breadcrumb\":{\"@id\":\"https:\/\/librairie7l.com\/en\/produit\/une-histoire-de-la-mode-2\/#breadcrumb\"},\"inLanguage\":\"en-US\",\"potentialAction\":[{\"@type\":\"ReadAction\",\"target\":[\"https:\/\/librairie7l.com\/en\/produit\/une-histoire-de-la-mode-2\/\"]}]},{\"@type\":\"BreadcrumbList\",\"@id\":\"https:\/\/librairie7l.com\/en\/produit\/une-histoire-de-la-mode-2\/#breadcrumb\",\"itemListElement\":[{\"@type\":\"ListItem\",\"position\":1,\"name\":\"Accueil\",\"item\":\"https:\/\/librairie7l.com\/en\/\"},{\"@type\":\"ListItem\",\"position\":2,\"name\":\"Shop\",\"item\":\"https:\/\/librairie7l.com\/en\/shop\/\"},{\"@type\":\"ListItem\",\"position\":3,\"name\":\"UNE HISTOIRE DE LA MODE\"}]},{\"@type\":\"WebSite\",\"@id\":\"https:\/\/librairie7l.com\/en\/#website\",\"url\":\"https:\/\/librairie7l.com\/en\/\",\"name\":\"Librairie 7L\",\"description\":\"Librairie fond\u00e9e en 1999 par Karl Lagerfeld \u00e0 Paris\",\"publisher\":{\"@id\":\"https:\/\/librairie7l.com\/en\/#organization\"},\"potentialAction\":[{\"@type\":\"SearchAction\",\"target\":{\"@type\":\"EntryPoint\",\"urlTemplate\":\"https:\/\/librairie7l.com\/en\/?s={search_term_string}\"},\"query-input\":\"required name=search_term_string\"}],\"inLanguage\":\"en-US\"},{\"@type\":\"Organization\",\"@id\":\"https:\/\/librairie7l.com\/en\/#organization\",\"name\":\"Librairie 7L\",\"url\":\"https:\/\/librairie7l.com\/en\/\",\"logo\":{\"@type\":\"ImageObject\",\"inLanguage\":\"en-US\",\"@id\":\"https:\/\/librairie7l.com\/en\/#\/schema\/logo\/image\/\",\"url\":\"https:\/\/librairie7l.com\/wp-content\/uploads\/2022\/08\/logo-1.png\",\"contentUrl\":\"https:\/\/librairie7l.com\/wp-content\/uploads\/2022\/08\/logo-1.png\",\"width\":227,\"height\":301,\"caption\":\"Librairie 7L\"},\"image\":{\"@id\":\"https:\/\/librairie7l.com\/en\/#\/schema\/logo\/image\/\"}}]}<\/script>\n<!-- \/ Yoast SEO plugin. -->","yoast_head_json":{"title":"Une histoire de la mode - Librairie 7L","robots":{"index":"index","follow":"follow","max-snippet":"max-snippet:-1","max-image-preview":"max-image-preview:large","max-video-preview":"max-video-preview:-1"},"canonical":"https:\/\/librairie7l.com\/en\/produit\/une-histoire-de-la-mode-2\/","og_locale":"en_US","og_type":"article","og_title":"Une histoire de la mode - Librairie 7L","og_description":"Une fresque vivante et savante de la mode et de ses tendances. La mode est un art, aur\u00e9ol\u00e9 de ses chefs-d&#8217;oeuvre et de ses g\u00e9nies cr\u00e9ateurs. Son histoire commence au XVIIIe si\u00e8cle avec les robes extravagantes sorties des ateliers de Rose Bertin, premi\u00e8re marchande de modes moderne, qui pr\u00e9figure l&#8217;apparition des couturiers parisiens. Le XIXe [&hellip;]","og_url":"https:\/\/librairie7l.com\/en\/produit\/une-histoire-de-la-mode-2\/","og_site_name":"Librairie 7L","article_modified_time":"2026-04-21T08:55:27+00:00","og_image":[{"width":600,"height":900,"url":"https:\/\/librairie7l.com\/wp-content\/uploads\/2025\/06\/9782382926666_1_75.jpg","type":"image\/jpeg"}],"twitter_card":"summary_large_image","twitter_misc":{"Est. reading time":"2 minutes"},"schema":{"@context":"https:\/\/schema.org","@graph":[{"@type":"WebPage","@id":"https:\/\/librairie7l.com\/en\/produit\/une-histoire-de-la-mode-2\/","url":"https:\/\/librairie7l.com\/en\/produit\/une-histoire-de-la-mode-2\/","name":"Une histoire de la mode - Librairie 7L","isPartOf":{"@id":"https:\/\/librairie7l.com\/en\/#website"},"datePublished":"2025-10-08T07:18:00+00:00","dateModified":"2026-04-21T08:55:27+00:00","breadcrumb":{"@id":"https:\/\/librairie7l.com\/en\/produit\/une-histoire-de-la-mode-2\/#breadcrumb"},"inLanguage":"en-US","potentialAction":[{"@type":"ReadAction","target":["https:\/\/librairie7l.com\/en\/produit\/une-histoire-de-la-mode-2\/"]}]},{"@type":"BreadcrumbList","@id":"https:\/\/librairie7l.com\/en\/produit\/une-histoire-de-la-mode-2\/#breadcrumb","itemListElement":[{"@type":"ListItem","position":1,"name":"Accueil","item":"https:\/\/librairie7l.com\/en\/"},{"@type":"ListItem","position":2,"name":"Shop","item":"https:\/\/librairie7l.com\/en\/shop\/"},{"@type":"ListItem","position":3,"name":"UNE HISTOIRE DE LA MODE"}]},{"@type":"WebSite","@id":"https:\/\/librairie7l.com\/en\/#website","url":"https:\/\/librairie7l.com\/en\/","name":"Librairie 7L","description":"Librairie fond\u00e9e en 1999 par Karl Lagerfeld \u00e0 Paris","publisher":{"@id":"https:\/\/librairie7l.com\/en\/#organization"},"potentialAction":[{"@type":"SearchAction","target":{"@type":"EntryPoint","urlTemplate":"https:\/\/librairie7l.com\/en\/?s={search_term_string}"},"query-input":"required name=search_term_string"}],"inLanguage":"en-US"},{"@type":"Organization","@id":"https:\/\/librairie7l.com\/en\/#organization","name":"Librairie 7L","url":"https:\/\/librairie7l.com\/en\/","logo":{"@type":"ImageObject","inLanguage":"en-US","@id":"https:\/\/librairie7l.com\/en\/#\/schema\/logo\/image\/","url":"https:\/\/librairie7l.com\/wp-content\/uploads\/2022\/08\/logo-1.png","contentUrl":"https:\/\/librairie7l.com\/wp-content\/uploads\/2022\/08\/logo-1.png","width":227,"height":301,"caption":"Librairie 7L"},"image":{"@id":"https:\/\/librairie7l.com\/en\/#\/schema\/logo\/image\/"}}]}},"_links":{"self":[{"href":"https:\/\/librairie7l.com\/en\/wp-json\/wp\/v2\/product\/51189"}],"collection":[{"href":"https:\/\/librairie7l.com\/en\/wp-json\/wp\/v2\/product"}],"about":[{"href":"https:\/\/librairie7l.com\/en\/wp-json\/wp\/v2\/types\/product"}],"wp:featuredmedia":[{"embeddable":true,"href":"https:\/\/librairie7l.com\/en\/wp-json\/wp\/v2\/media\/51187"}],"wp:attachment":[{"href":"https:\/\/librairie7l.com\/en\/wp-json\/wp\/v2\/media?parent=51189"}],"wp:term":[{"taxonomy":"product_cat","embeddable":true,"href":"https:\/\/librairie7l.com\/en\/wp-json\/wp\/v2\/product_cat?post=51189"},{"taxonomy":"product_tag","embeddable":true,"href":"https:\/\/librairie7l.com\/en\/wp-json\/wp\/v2\/product_tag?post=51189"}],"curies":[{"name":"wp","href":"https:\/\/api.w.org\/{rel}","templated":true}]}}