{"id":51193,"date":"2025-10-08T09:18:02","date_gmt":"2025-10-08T07:18:02","guid":{"rendered":"https:\/\/librairie7l.com\/?post_type=product&#038;p=51193"},"modified":"2026-04-12T19:46:43","modified_gmt":"2026-04-12T17:46:43","slug":"miroirs-du-sphinx-2","status":"publish","type":"product","link":"https:\/\/librairie7l.com\/en\/produit\/miroirs-du-sphinx-2\/","title":{"rendered":"MIROIRS DU SPHINX"},"content":{"rendered":"<p>R\u00e9unies pour la premi\u00e8re fois, les oeuvres autobiographiques d&#8217;un des plus grands artistes du XXe si\u00e8cle forment un saisissant autoportrait. Quatre livres puissants, d\u00e9cal\u00e9s, d\u00e9sopilants, qui \u00e9clairent l&#8217;oeuvre et la personnalit\u00e9 hors-normes d&#8217;Andy Warhol, ainsi que son \u00e9poque. Un \u00e9v\u00e9nement \u00e9ditorial.<br \/>\nG\u00e9nie visionnaire et artiste prot\u00e9iforme, Andy Warhol (1928-1987) est un personnage clef de l&#8217;art du xxe si\u00e8cle, dont il a largement modifi\u00e9 le cours. Les quatre oeuvres autobiographiques r\u00e9unies ici le montrent sous un jour neuf, celui de l&#8217;\u00e9crivain, qui se r\u00e9v\u00e8le aussi singulier que le plasticien.<br \/>\nAvec l&#8217;aide de sa fid\u00e8le amie et collaboratrice Pat Hackett, Warhol invente une \u00e9criture port\u00e9e par un inimitable sens de l&#8217;absurde et un regard unique sur les choses. Ma philosophie de A \u00e0 B et vice versa , suite de vues sur la beaut\u00e9, la c\u00e9l\u00e9brit\u00e9, l&#8217;art, mais aussi les miroirs, les corn-flakes ou les a\u00e9roports, est une perfection d&#8217;humour et d&#8217;acuit\u00e9 sous couvert de l\u00e9g\u00e8ret\u00e9. Popisme est le roman des folles ann\u00e9es 1960, l\u00e0 o\u00f9 tout se joue pour Warhol : explosion du pop art, cr\u00e9ation de la Factory et lancement de son entreprise de subversion du monde moderne. Dans le Journal (dont de larges extraits sont repris ici), on le suit jour apr\u00e8s jour au sein de la com\u00e9die humaine new-yorkaise. Durant douze ann\u00e9es, il chronique cette valse des vanit\u00e9s d&#8217;un oeil aff\u00fbt\u00e9 et d\u00e9tach\u00e9. Le volume s&#8217;ach\u00e8ve sur un choix de ses entretiens les plus remarquables, dans lesquels Warhol se r\u00e9v\u00e8le clown fantomatique et taiseux, ma\u00eetre zen dans l&#8217;art du flux tendu et du d\u00e9calage.<br \/>\nCes quatre livres forment, c\u00f4te \u00e0 c\u00f4te, le r\u00e9cit de &#8221; l&#8217;aventure Warhol &#8220;, l&#8217;une des plus exaltantes du si\u00e8cle, et le portrait d&#8217;une \u00e9poque \u00e0 la force d&#8217;attraction in\u00e9puisable.<\/p>\n","protected":false},"excerpt":{"rendered":"<p>R\u00e9unies pour la premi\u00e8re fois, les oeuvres autobiographiques d&#8217;un des plus grands artistes du XXe si\u00e8cle forment un saisissant autoportrait. Quatre livres puissants, d\u00e9cal\u00e9s, d\u00e9sopilants, qui \u00e9clairent l&#8217;oeuvre et la personnalit\u00e9 hors-normes d&#8217;Andy Warhol, ainsi que son \u00e9poque. Un \u00e9v\u00e9nement \u00e9ditorial. G\u00e9nie visionnaire et artiste prot\u00e9iforme, Andy Warhol (1928-1987) est un personnage clef de l&#8217;art [&hellip;]<\/p>\n","protected":false},"featured_media":51191,"template":"","meta":[],"product_cat":[2948,2953],"product_tag":[],"acf":[],"yoast_head":"<!-- This site is optimized with the Yoast SEO plugin v20.11 - https:\/\/yoast.com\/wordpress\/plugins\/seo\/ -->\n<title>Miroirs du sphinx - Librairie 7L<\/title>\n<meta name=\"robots\" content=\"index, follow, max-snippet:-1, max-image-preview:large, max-video-preview:-1\" \/>\n<link rel=\"canonical\" href=\"https:\/\/librairie7l.com\/en\/produit\/miroirs-du-sphinx-2\/\" \/>\n<meta property=\"og:locale\" content=\"en_US\" \/>\n<meta property=\"og:type\" content=\"article\" \/>\n<meta property=\"og:title\" content=\"Miroirs du sphinx - Librairie 7L\" \/>\n<meta property=\"og:description\" content=\"R\u00e9unies pour la premi\u00e8re fois, les oeuvres autobiographiques d&#8217;un des plus grands artistes du XXe si\u00e8cle forment un saisissant autoportrait. Quatre livres puissants, d\u00e9cal\u00e9s, d\u00e9sopilants, qui \u00e9clairent l&#8217;oeuvre et la personnalit\u00e9 hors-normes d&#8217;Andy Warhol, ainsi que son \u00e9poque. Un \u00e9v\u00e9nement \u00e9ditorial. G\u00e9nie visionnaire et artiste prot\u00e9iforme, Andy Warhol (1928-1987) est un personnage clef de l&#8217;art [&hellip;]\" \/>\n<meta property=\"og:url\" content=\"https:\/\/librairie7l.com\/en\/produit\/miroirs-du-sphinx-2\/\" \/>\n<meta property=\"og:site_name\" content=\"Librairie 7L\" \/>\n<meta property=\"article:modified_time\" content=\"2026-04-12T17:46:43+00:00\" \/>\n<meta property=\"og:image\" content=\"https:\/\/librairie7l.com\/wp-content\/uploads\/2025\/06\/9782382926499_1_75.jpg\" \/>\n\t<meta property=\"og:image:width\" content=\"600\" \/>\n\t<meta property=\"og:image:height\" content=\"900\" \/>\n\t<meta property=\"og:image:type\" content=\"image\/jpeg\" \/>\n<meta name=\"twitter:card\" content=\"summary_large_image\" \/>\n<meta name=\"twitter:label1\" content=\"Est. reading time\" \/>\n\t<meta name=\"twitter:data1\" content=\"2 minutes\" \/>\n<script type=\"application\/ld+json\" class=\"yoast-schema-graph\">{\"@context\":\"https:\/\/schema.org\",\"@graph\":[{\"@type\":\"WebPage\",\"@id\":\"https:\/\/librairie7l.com\/en\/produit\/miroirs-du-sphinx-2\/\",\"url\":\"https:\/\/librairie7l.com\/en\/produit\/miroirs-du-sphinx-2\/\",\"name\":\"Miroirs du sphinx - Librairie 7L\",\"isPartOf\":{\"@id\":\"https:\/\/librairie7l.com\/en\/#website\"},\"datePublished\":\"2025-10-08T07:18:02+00:00\",\"dateModified\":\"2026-04-12T17:46:43+00:00\",\"breadcrumb\":{\"@id\":\"https:\/\/librairie7l.com\/en\/produit\/miroirs-du-sphinx-2\/#breadcrumb\"},\"inLanguage\":\"en-US\",\"potentialAction\":[{\"@type\":\"ReadAction\",\"target\":[\"https:\/\/librairie7l.com\/en\/produit\/miroirs-du-sphinx-2\/\"]}]},{\"@type\":\"BreadcrumbList\",\"@id\":\"https:\/\/librairie7l.com\/en\/produit\/miroirs-du-sphinx-2\/#breadcrumb\",\"itemListElement\":[{\"@type\":\"ListItem\",\"position\":1,\"name\":\"Accueil\",\"item\":\"https:\/\/librairie7l.com\/en\/\"},{\"@type\":\"ListItem\",\"position\":2,\"name\":\"Shop\",\"item\":\"https:\/\/librairie7l.com\/en\/shop\/\"},{\"@type\":\"ListItem\",\"position\":3,\"name\":\"MIROIRS DU SPHINX\"}]},{\"@type\":\"WebSite\",\"@id\":\"https:\/\/librairie7l.com\/en\/#website\",\"url\":\"https:\/\/librairie7l.com\/en\/\",\"name\":\"Librairie 7L\",\"description\":\"Librairie fond\u00e9e en 1999 par Karl Lagerfeld \u00e0 Paris\",\"publisher\":{\"@id\":\"https:\/\/librairie7l.com\/en\/#organization\"},\"potentialAction\":[{\"@type\":\"SearchAction\",\"target\":{\"@type\":\"EntryPoint\",\"urlTemplate\":\"https:\/\/librairie7l.com\/en\/?s={search_term_string}\"},\"query-input\":\"required name=search_term_string\"}],\"inLanguage\":\"en-US\"},{\"@type\":\"Organization\",\"@id\":\"https:\/\/librairie7l.com\/en\/#organization\",\"name\":\"Librairie 7L\",\"url\":\"https:\/\/librairie7l.com\/en\/\",\"logo\":{\"@type\":\"ImageObject\",\"inLanguage\":\"en-US\",\"@id\":\"https:\/\/librairie7l.com\/en\/#\/schema\/logo\/image\/\",\"url\":\"https:\/\/librairie7l.com\/wp-content\/uploads\/2022\/08\/logo-1.png\",\"contentUrl\":\"https:\/\/librairie7l.com\/wp-content\/uploads\/2022\/08\/logo-1.png\",\"width\":227,\"height\":301,\"caption\":\"Librairie 7L\"},\"image\":{\"@id\":\"https:\/\/librairie7l.com\/en\/#\/schema\/logo\/image\/\"}}]}<\/script>\n<!-- \/ Yoast SEO plugin. -->","yoast_head_json":{"title":"Miroirs du sphinx - Librairie 7L","robots":{"index":"index","follow":"follow","max-snippet":"max-snippet:-1","max-image-preview":"max-image-preview:large","max-video-preview":"max-video-preview:-1"},"canonical":"https:\/\/librairie7l.com\/en\/produit\/miroirs-du-sphinx-2\/","og_locale":"en_US","og_type":"article","og_title":"Miroirs du sphinx - Librairie 7L","og_description":"R\u00e9unies pour la premi\u00e8re fois, les oeuvres autobiographiques d&#8217;un des plus grands artistes du XXe si\u00e8cle forment un saisissant autoportrait. Quatre livres puissants, d\u00e9cal\u00e9s, d\u00e9sopilants, qui \u00e9clairent l&#8217;oeuvre et la personnalit\u00e9 hors-normes d&#8217;Andy Warhol, ainsi que son \u00e9poque. Un \u00e9v\u00e9nement \u00e9ditorial. G\u00e9nie visionnaire et artiste prot\u00e9iforme, Andy Warhol (1928-1987) est un personnage clef de l&#8217;art [&hellip;]","og_url":"https:\/\/librairie7l.com\/en\/produit\/miroirs-du-sphinx-2\/","og_site_name":"Librairie 7L","article_modified_time":"2026-04-12T17:46:43+00:00","og_image":[{"width":600,"height":900,"url":"https:\/\/librairie7l.com\/wp-content\/uploads\/2025\/06\/9782382926499_1_75.jpg","type":"image\/jpeg"}],"twitter_card":"summary_large_image","twitter_misc":{"Est. reading time":"2 minutes"},"schema":{"@context":"https:\/\/schema.org","@graph":[{"@type":"WebPage","@id":"https:\/\/librairie7l.com\/en\/produit\/miroirs-du-sphinx-2\/","url":"https:\/\/librairie7l.com\/en\/produit\/miroirs-du-sphinx-2\/","name":"Miroirs du sphinx - Librairie 7L","isPartOf":{"@id":"https:\/\/librairie7l.com\/en\/#website"},"datePublished":"2025-10-08T07:18:02+00:00","dateModified":"2026-04-12T17:46:43+00:00","breadcrumb":{"@id":"https:\/\/librairie7l.com\/en\/produit\/miroirs-du-sphinx-2\/#breadcrumb"},"inLanguage":"en-US","potentialAction":[{"@type":"ReadAction","target":["https:\/\/librairie7l.com\/en\/produit\/miroirs-du-sphinx-2\/"]}]},{"@type":"BreadcrumbList","@id":"https:\/\/librairie7l.com\/en\/produit\/miroirs-du-sphinx-2\/#breadcrumb","itemListElement":[{"@type":"ListItem","position":1,"name":"Accueil","item":"https:\/\/librairie7l.com\/en\/"},{"@type":"ListItem","position":2,"name":"Shop","item":"https:\/\/librairie7l.com\/en\/shop\/"},{"@type":"ListItem","position":3,"name":"MIROIRS DU SPHINX"}]},{"@type":"WebSite","@id":"https:\/\/librairie7l.com\/en\/#website","url":"https:\/\/librairie7l.com\/en\/","name":"Librairie 7L","description":"Librairie fond\u00e9e en 1999 par Karl Lagerfeld \u00e0 Paris","publisher":{"@id":"https:\/\/librairie7l.com\/en\/#organization"},"potentialAction":[{"@type":"SearchAction","target":{"@type":"EntryPoint","urlTemplate":"https:\/\/librairie7l.com\/en\/?s={search_term_string}"},"query-input":"required name=search_term_string"}],"inLanguage":"en-US"},{"@type":"Organization","@id":"https:\/\/librairie7l.com\/en\/#organization","name":"Librairie 7L","url":"https:\/\/librairie7l.com\/en\/","logo":{"@type":"ImageObject","inLanguage":"en-US","@id":"https:\/\/librairie7l.com\/en\/#\/schema\/logo\/image\/","url":"https:\/\/librairie7l.com\/wp-content\/uploads\/2022\/08\/logo-1.png","contentUrl":"https:\/\/librairie7l.com\/wp-content\/uploads\/2022\/08\/logo-1.png","width":227,"height":301,"caption":"Librairie 7L"},"image":{"@id":"https:\/\/librairie7l.com\/en\/#\/schema\/logo\/image\/"}}]}},"_links":{"self":[{"href":"https:\/\/librairie7l.com\/en\/wp-json\/wp\/v2\/product\/51193"}],"collection":[{"href":"https:\/\/librairie7l.com\/en\/wp-json\/wp\/v2\/product"}],"about":[{"href":"https:\/\/librairie7l.com\/en\/wp-json\/wp\/v2\/types\/product"}],"wp:featuredmedia":[{"embeddable":true,"href":"https:\/\/librairie7l.com\/en\/wp-json\/wp\/v2\/media\/51191"}],"wp:attachment":[{"href":"https:\/\/librairie7l.com\/en\/wp-json\/wp\/v2\/media?parent=51193"}],"wp:term":[{"taxonomy":"product_cat","embeddable":true,"href":"https:\/\/librairie7l.com\/en\/wp-json\/wp\/v2\/product_cat?post=51193"},{"taxonomy":"product_tag","embeddable":true,"href":"https:\/\/librairie7l.com\/en\/wp-json\/wp\/v2\/product_tag?post=51193"}],"curies":[{"name":"wp","href":"https:\/\/api.w.org\/{rel}","templated":true}]}}