{"id":51195,"date":"2025-10-08T09:18:04","date_gmt":"2025-10-08T07:18:04","guid":{"rendered":"https:\/\/librairie7l.com\/?post_type=product&#038;p=51195"},"modified":"2026-04-14T12:23:22","modified_gmt":"2026-04-14T10:23:22","slug":"linstant-visible-2","status":"publish","type":"product","link":"https:\/\/librairie7l.com\/en\/produit\/linstant-visible-2\/","title":{"rendered":"L&#8217;INSTANT VISIBLE"},"content":{"rendered":"<p>En 2017, l&#8217;\u00e9crivain Jean-Philippe Toussaint rencontre l&#8217;\u00e9diteur Xavier Barral. Toussaint lui fait part de son d\u00e9sir de r\u00e9aliser un livre de photos, l&#8217;id\u00e9e \u00e9tant de concevoir un livre introuvable &#8211; comme il le dit lui-m\u00eame &#8211; compos\u00e9 avec les images prises par l&#8217;\u00e9crivain.<br \/>\n&#8221; Un jour, j&#8217;ai pens\u00e9 que je pourrais faire un livre avec mes photos. J&#8217;ai pens\u00e9 alors que ce livre existait d\u00e9j\u00e0, qu&#8217;il existait virtuellement, qu&#8217;il existait en puissance au coeur de mes photos. Ce livre, je ne devais pas l&#8217;\u00e9crire, je devais le d\u00e9couvrir. Je devais me replonger dans les milliers de photos que j&#8217;avais faites dans ma vie et exhumer le livre de photos qui s&#8217;y trouvait enfoui. Ce ne serait pas une cr\u00e9ation, ce serait une arch\u00e9ologie. Mais, si j&#8217;avais la conviction qu&#8217;un livre &#8211; un livre cach\u00e9, un livre encore inatteignable &#8211; se trouvait au coeur de mes photos, j&#8217;avais aussi l&#8217;intuition que je ne parviendrais pas \u00e0 l&#8217;atteindre moi-m\u00eame, que j&#8217;avais besoin d&#8217;un regard ext\u00e9rieur pour le d\u00e9couvrir. &#8221; <\/p>\n<p>En 2017, l&#8217;\u00e9crivain Jean-Philippe Toussaint rencontre l&#8217;\u00e9diteur Xavier Barral. Toussaint lui fait part de son d\u00e9sir de r\u00e9aliser un livre de photos, l&#8217;id\u00e9e \u00e9tant de concevoir un livre introuvable &#8211; comme il le dit lui-m\u00eame &#8211; compos\u00e9 avec les images prises par l&#8217;\u00e9crivain. Rassembl\u00e9es dans une valise, les images parviennent sur le bureau de Xavier Barral. Puis Xavier d\u00e9c\u00e8de, la maison d&#8217;\u00e9dition continue son chemin et la valise avec elle. La valise est l\u00e0, il faut \u00e0 pr\u00e9sent l&#8217;ouvrir et commencer \u00e0 esquisser une histoire visuelle et intuitive. <\/p>\n<p>Rang\u00e9s dans des enveloppes en papier kraft et dans des cartons \u00e0 dessins, plus ou moins class\u00e9s par th\u00e8me &#8211; Venise, Tokyo, Chine, New York&#8230; -, tirages couleur et noir et blanc, planches-contact et bandes de n\u00e9gatifs nous plongent dans l&#8217;imaginaire de l&#8217;\u00e9crivain. Apr\u00e8s une premi\u00e8re \u00e9bauche &#8211; amorcer un r\u00e9cit subjectif -, Jean-Philippe Toussaint se saisit de l&#8217;histoire et compl\u00e8te les images de la valise d&#8217;autres plus anciennes et personnelles. Le livre se compose peu \u00e0 peu au fil de 36 poses&#8230; Consid\u00e9r\u00e9 comme un \u00e9crivain tr\u00e8s visuel &#8211; &#8221; d\u00e8s mes premiers romans, j&#8217;ai toujours imagin\u00e9 visuellement les sc\u00e8nes &#8221; &#8211; Toussaint a con\u00e7u ici un ouvrage o\u00f9 mots et images se font l&#8217;\u00e9cho les uns des autres et tissent ensemble une oeuvre qui parle du regard. <\/p>\n<p>Un entretien men\u00e9 avec Philippe S\u00e9clier, qui revient sur la relation de l&#8217;auteur avec l&#8217;image et ses \u00e9chos dans l&#8217;\u00e9criture, cl\u00f4t l&#8217;ouvrage.<\/p>\n","protected":false},"excerpt":{"rendered":"<p>En 2017, l&#8217;\u00e9crivain Jean-Philippe Toussaint rencontre l&#8217;\u00e9diteur Xavier Barral. Toussaint lui fait part de son d\u00e9sir de r\u00e9aliser un livre de photos, l&#8217;id\u00e9e \u00e9tant de concevoir un livre introuvable &#8211; comme il le dit lui-m\u00eame &#8211; compos\u00e9 avec les images prises par l&#8217;\u00e9crivain. &#8221; Un jour, j&#8217;ai pens\u00e9 que je pourrais faire un livre avec [&hellip;]<\/p>\n","protected":false},"featured_media":51580,"template":"","meta":[],"product_cat":[2948,2958],"product_tag":[],"acf":[],"yoast_head":"<!-- This site is optimized with the Yoast SEO plugin v20.11 - https:\/\/yoast.com\/wordpress\/plugins\/seo\/ -->\n<title>L&#039;instant visible - Librairie 7L<\/title>\n<meta name=\"robots\" content=\"index, follow, max-snippet:-1, max-image-preview:large, max-video-preview:-1\" \/>\n<link rel=\"canonical\" href=\"https:\/\/librairie7l.com\/en\/produit\/linstant-visible-2\/\" \/>\n<meta property=\"og:locale\" content=\"en_US\" \/>\n<meta property=\"og:type\" content=\"article\" \/>\n<meta property=\"og:title\" content=\"L&#039;instant visible - Librairie 7L\" \/>\n<meta property=\"og:description\" content=\"En 2017, l&#8217;\u00e9crivain Jean-Philippe Toussaint rencontre l&#8217;\u00e9diteur Xavier Barral. Toussaint lui fait part de son d\u00e9sir de r\u00e9aliser un livre de photos, l&#8217;id\u00e9e \u00e9tant de concevoir un livre introuvable &#8211; comme il le dit lui-m\u00eame &#8211; compos\u00e9 avec les images prises par l&#8217;\u00e9crivain. &#8221; Un jour, j&#8217;ai pens\u00e9 que je pourrais faire un livre avec [&hellip;]\" \/>\n<meta property=\"og:url\" content=\"https:\/\/librairie7l.com\/en\/produit\/linstant-visible-2\/\" \/>\n<meta property=\"og:site_name\" content=\"Librairie 7L\" \/>\n<meta property=\"article:modified_time\" content=\"2026-04-14T10:23:22+00:00\" \/>\n<meta name=\"twitter:card\" content=\"summary_large_image\" \/>\n<meta name=\"twitter:label1\" content=\"Est. reading time\" \/>\n\t<meta name=\"twitter:data1\" content=\"2 minutes\" \/>\n<script type=\"application\/ld+json\" class=\"yoast-schema-graph\">{\"@context\":\"https:\/\/schema.org\",\"@graph\":[{\"@type\":\"WebPage\",\"@id\":\"https:\/\/librairie7l.com\/en\/produit\/linstant-visible-2\/\",\"url\":\"https:\/\/librairie7l.com\/en\/produit\/linstant-visible-2\/\",\"name\":\"L'instant visible - Librairie 7L\",\"isPartOf\":{\"@id\":\"https:\/\/librairie7l.com\/en\/#website\"},\"datePublished\":\"2025-10-08T07:18:04+00:00\",\"dateModified\":\"2026-04-14T10:23:22+00:00\",\"breadcrumb\":{\"@id\":\"https:\/\/librairie7l.com\/en\/produit\/linstant-visible-2\/#breadcrumb\"},\"inLanguage\":\"en-US\",\"potentialAction\":[{\"@type\":\"ReadAction\",\"target\":[\"https:\/\/librairie7l.com\/en\/produit\/linstant-visible-2\/\"]}]},{\"@type\":\"BreadcrumbList\",\"@id\":\"https:\/\/librairie7l.com\/en\/produit\/linstant-visible-2\/#breadcrumb\",\"itemListElement\":[{\"@type\":\"ListItem\",\"position\":1,\"name\":\"Accueil\",\"item\":\"https:\/\/librairie7l.com\/en\/\"},{\"@type\":\"ListItem\",\"position\":2,\"name\":\"Shop\",\"item\":\"https:\/\/librairie7l.com\/en\/shop\/\"},{\"@type\":\"ListItem\",\"position\":3,\"name\":\"L&#8217;INSTANT VISIBLE\"}]},{\"@type\":\"WebSite\",\"@id\":\"https:\/\/librairie7l.com\/en\/#website\",\"url\":\"https:\/\/librairie7l.com\/en\/\",\"name\":\"Librairie 7L\",\"description\":\"Librairie fond\u00e9e en 1999 par Karl Lagerfeld \u00e0 Paris\",\"publisher\":{\"@id\":\"https:\/\/librairie7l.com\/en\/#organization\"},\"potentialAction\":[{\"@type\":\"SearchAction\",\"target\":{\"@type\":\"EntryPoint\",\"urlTemplate\":\"https:\/\/librairie7l.com\/en\/?s={search_term_string}\"},\"query-input\":\"required name=search_term_string\"}],\"inLanguage\":\"en-US\"},{\"@type\":\"Organization\",\"@id\":\"https:\/\/librairie7l.com\/en\/#organization\",\"name\":\"Librairie 7L\",\"url\":\"https:\/\/librairie7l.com\/en\/\",\"logo\":{\"@type\":\"ImageObject\",\"inLanguage\":\"en-US\",\"@id\":\"https:\/\/librairie7l.com\/en\/#\/schema\/logo\/image\/\",\"url\":\"https:\/\/librairie7l.com\/wp-content\/uploads\/2022\/08\/logo-1.png\",\"contentUrl\":\"https:\/\/librairie7l.com\/wp-content\/uploads\/2022\/08\/logo-1.png\",\"width\":227,\"height\":301,\"caption\":\"Librairie 7L\"},\"image\":{\"@id\":\"https:\/\/librairie7l.com\/en\/#\/schema\/logo\/image\/\"}}]}<\/script>\n<!-- \/ Yoast SEO plugin. -->","yoast_head_json":{"title":"L'instant visible - Librairie 7L","robots":{"index":"index","follow":"follow","max-snippet":"max-snippet:-1","max-image-preview":"max-image-preview:large","max-video-preview":"max-video-preview:-1"},"canonical":"https:\/\/librairie7l.com\/en\/produit\/linstant-visible-2\/","og_locale":"en_US","og_type":"article","og_title":"L'instant visible - Librairie 7L","og_description":"En 2017, l&#8217;\u00e9crivain Jean-Philippe Toussaint rencontre l&#8217;\u00e9diteur Xavier Barral. Toussaint lui fait part de son d\u00e9sir de r\u00e9aliser un livre de photos, l&#8217;id\u00e9e \u00e9tant de concevoir un livre introuvable &#8211; comme il le dit lui-m\u00eame &#8211; compos\u00e9 avec les images prises par l&#8217;\u00e9crivain. &#8221; Un jour, j&#8217;ai pens\u00e9 que je pourrais faire un livre avec [&hellip;]","og_url":"https:\/\/librairie7l.com\/en\/produit\/linstant-visible-2\/","og_site_name":"Librairie 7L","article_modified_time":"2026-04-14T10:23:22+00:00","twitter_card":"summary_large_image","twitter_misc":{"Est. reading time":"2 minutes"},"schema":{"@context":"https:\/\/schema.org","@graph":[{"@type":"WebPage","@id":"https:\/\/librairie7l.com\/en\/produit\/linstant-visible-2\/","url":"https:\/\/librairie7l.com\/en\/produit\/linstant-visible-2\/","name":"L'instant visible - Librairie 7L","isPartOf":{"@id":"https:\/\/librairie7l.com\/en\/#website"},"datePublished":"2025-10-08T07:18:04+00:00","dateModified":"2026-04-14T10:23:22+00:00","breadcrumb":{"@id":"https:\/\/librairie7l.com\/en\/produit\/linstant-visible-2\/#breadcrumb"},"inLanguage":"en-US","potentialAction":[{"@type":"ReadAction","target":["https:\/\/librairie7l.com\/en\/produit\/linstant-visible-2\/"]}]},{"@type":"BreadcrumbList","@id":"https:\/\/librairie7l.com\/en\/produit\/linstant-visible-2\/#breadcrumb","itemListElement":[{"@type":"ListItem","position":1,"name":"Accueil","item":"https:\/\/librairie7l.com\/en\/"},{"@type":"ListItem","position":2,"name":"Shop","item":"https:\/\/librairie7l.com\/en\/shop\/"},{"@type":"ListItem","position":3,"name":"L&#8217;INSTANT VISIBLE"}]},{"@type":"WebSite","@id":"https:\/\/librairie7l.com\/en\/#website","url":"https:\/\/librairie7l.com\/en\/","name":"Librairie 7L","description":"Librairie fond\u00e9e en 1999 par Karl Lagerfeld \u00e0 Paris","publisher":{"@id":"https:\/\/librairie7l.com\/en\/#organization"},"potentialAction":[{"@type":"SearchAction","target":{"@type":"EntryPoint","urlTemplate":"https:\/\/librairie7l.com\/en\/?s={search_term_string}"},"query-input":"required name=search_term_string"}],"inLanguage":"en-US"},{"@type":"Organization","@id":"https:\/\/librairie7l.com\/en\/#organization","name":"Librairie 7L","url":"https:\/\/librairie7l.com\/en\/","logo":{"@type":"ImageObject","inLanguage":"en-US","@id":"https:\/\/librairie7l.com\/en\/#\/schema\/logo\/image\/","url":"https:\/\/librairie7l.com\/wp-content\/uploads\/2022\/08\/logo-1.png","contentUrl":"https:\/\/librairie7l.com\/wp-content\/uploads\/2022\/08\/logo-1.png","width":227,"height":301,"caption":"Librairie 7L"},"image":{"@id":"https:\/\/librairie7l.com\/en\/#\/schema\/logo\/image\/"}}]}},"_links":{"self":[{"href":"https:\/\/librairie7l.com\/en\/wp-json\/wp\/v2\/product\/51195"}],"collection":[{"href":"https:\/\/librairie7l.com\/en\/wp-json\/wp\/v2\/product"}],"about":[{"href":"https:\/\/librairie7l.com\/en\/wp-json\/wp\/v2\/types\/product"}],"wp:featuredmedia":[{"embeddable":true,"href":"https:\/\/librairie7l.com\/en\/wp-json\/wp\/v2\/media\/51580"}],"wp:attachment":[{"href":"https:\/\/librairie7l.com\/en\/wp-json\/wp\/v2\/media?parent=51195"}],"wp:term":[{"taxonomy":"product_cat","embeddable":true,"href":"https:\/\/librairie7l.com\/en\/wp-json\/wp\/v2\/product_cat?post=51195"},{"taxonomy":"product_tag","embeddable":true,"href":"https:\/\/librairie7l.com\/en\/wp-json\/wp\/v2\/product_tag?post=51195"}],"curies":[{"name":"wp","href":"https:\/\/api.w.org\/{rel}","templated":true}]}}