{"id":51199,"date":"2025-10-08T09:18:07","date_gmt":"2025-10-08T07:18:07","guid":{"rendered":"https:\/\/librairie7l.com\/?post_type=product&#038;p=51199"},"modified":"2026-04-14T13:21:48","modified_gmt":"2026-04-14T11:21:48","slug":"wish-this-was-real-2","status":"publish","type":"product","link":"https:\/\/librairie7l.com\/en\/produit\/wish-this-was-real-2\/","title":{"rendered":"WISH THIS WAS REAL"},"content":{"rendered":"<p>Figure \u00e9mergente et d\u00e9sormais incontournable de la photographie contemporaine, Tyler Mitchell fa\u00e7onne des images d&#8217;utopie et du paysage am\u00e9ricain qui \u00e9largissent l&#8217;imaginaire de la condition noire au XXIe si\u00e8cle.<br \/>\nSa premi\u00e8re grande retrospective, &#8221; Wish This Was Real &#8220;, c\u00e9l\u00e8bre les dix premi\u00e8res ann\u00e9es de la cr\u00e9ation du photographe qui r\u00e9volutionne les repr\u00e9sentations visuelles des corps noirs. Entre photographie de mode, art contemporain et r\u00e9cit intime, Mitchell construit une oeuvre singuli\u00e8re et lumineuse dans laquelle la subjectivit\u00e9 noire est pleinement souveraine.<br \/>\nInfluenc\u00e9 par le travail de Gordon Parks, Julie Dash et Wolfgang Tillmans, Tyler Mitchell brouille les fronti\u00e8res entre travail de commande et expression artistique personnelle et fait de l&#8217;univers de la mode une plateforme de diffusion d&#8217;un imaginaire visuel o\u00f9 le choix des mod\u00e8les, des v\u00eatements et des accessoires est porteur d&#8217;un message politique. Le photographe c\u00e9l\u00e8bre l&#8217;introspection, la fraternit\u00e9, la m\u00e9moire en faisant poser des sujets noirs au sein de paysages bucoliques, souvent inspir\u00e9s de son enfance en G\u00e9orgie, et cr\u00e9e une oeuvre visuelle puissante et po\u00e9tique, qui propose une autre mani\u00e8re de voir &#8211; et d&#8217;habiter &#8211; le monde.<\/p>\n","protected":false},"excerpt":{"rendered":"<p>Figure \u00e9mergente et d\u00e9sormais incontournable de la photographie contemporaine, Tyler Mitchell fa\u00e7onne des images d&#8217;utopie et du paysage am\u00e9ricain qui \u00e9largissent l&#8217;imaginaire de la condition noire au XXIe si\u00e8cle. Sa premi\u00e8re grande retrospective, &#8221; Wish This Was Real &#8220;, c\u00e9l\u00e8bre les dix premi\u00e8res ann\u00e9es de la cr\u00e9ation du photographe qui r\u00e9volutionne les repr\u00e9sentations visuelles des [&hellip;]<\/p>\n","protected":false},"featured_media":51197,"template":"","meta":[],"product_cat":[2948,2958],"product_tag":[],"acf":[],"yoast_head":"<!-- This site is optimized with the Yoast SEO plugin v20.11 - https:\/\/yoast.com\/wordpress\/plugins\/seo\/ -->\n<title>Wish this was real - Librairie 7L<\/title>\n<meta name=\"robots\" content=\"index, follow, max-snippet:-1, max-image-preview:large, max-video-preview:-1\" \/>\n<link rel=\"canonical\" href=\"https:\/\/librairie7l.com\/en\/produit\/wish-this-was-real-2\/\" \/>\n<meta property=\"og:locale\" content=\"en_US\" \/>\n<meta property=\"og:type\" content=\"article\" \/>\n<meta property=\"og:title\" content=\"Wish this was real - Librairie 7L\" \/>\n<meta property=\"og:description\" content=\"Figure \u00e9mergente et d\u00e9sormais incontournable de la photographie contemporaine, Tyler Mitchell fa\u00e7onne des images d&#8217;utopie et du paysage am\u00e9ricain qui \u00e9largissent l&#8217;imaginaire de la condition noire au XXIe si\u00e8cle. Sa premi\u00e8re grande retrospective, &#8221; Wish This Was Real &#8220;, c\u00e9l\u00e8bre les dix premi\u00e8res ann\u00e9es de la cr\u00e9ation du photographe qui r\u00e9volutionne les repr\u00e9sentations visuelles des [&hellip;]\" \/>\n<meta property=\"og:url\" content=\"https:\/\/librairie7l.com\/en\/produit\/wish-this-was-real-2\/\" \/>\n<meta property=\"og:site_name\" content=\"Librairie 7L\" \/>\n<meta property=\"article:modified_time\" content=\"2026-04-14T11:21:48+00:00\" \/>\n<meta property=\"og:image\" content=\"https:\/\/librairie7l.com\/wp-content\/uploads\/2025\/06\/9782365114547_1_75.jpg\" \/>\n\t<meta property=\"og:image:width\" content=\"600\" \/>\n\t<meta property=\"og:image:height\" content=\"805\" \/>\n\t<meta property=\"og:image:type\" content=\"image\/jpeg\" \/>\n<meta name=\"twitter:card\" content=\"summary_large_image\" \/>\n<meta name=\"twitter:label1\" content=\"Est. reading time\" \/>\n\t<meta name=\"twitter:data1\" content=\"1 minute\" \/>\n<script type=\"application\/ld+json\" class=\"yoast-schema-graph\">{\"@context\":\"https:\/\/schema.org\",\"@graph\":[{\"@type\":\"WebPage\",\"@id\":\"https:\/\/librairie7l.com\/en\/produit\/wish-this-was-real-2\/\",\"url\":\"https:\/\/librairie7l.com\/en\/produit\/wish-this-was-real-2\/\",\"name\":\"Wish this was real - Librairie 7L\",\"isPartOf\":{\"@id\":\"https:\/\/librairie7l.com\/en\/#website\"},\"datePublished\":\"2025-10-08T07:18:07+00:00\",\"dateModified\":\"2026-04-14T11:21:48+00:00\",\"breadcrumb\":{\"@id\":\"https:\/\/librairie7l.com\/en\/produit\/wish-this-was-real-2\/#breadcrumb\"},\"inLanguage\":\"en-US\",\"potentialAction\":[{\"@type\":\"ReadAction\",\"target\":[\"https:\/\/librairie7l.com\/en\/produit\/wish-this-was-real-2\/\"]}]},{\"@type\":\"BreadcrumbList\",\"@id\":\"https:\/\/librairie7l.com\/en\/produit\/wish-this-was-real-2\/#breadcrumb\",\"itemListElement\":[{\"@type\":\"ListItem\",\"position\":1,\"name\":\"Accueil\",\"item\":\"https:\/\/librairie7l.com\/en\/\"},{\"@type\":\"ListItem\",\"position\":2,\"name\":\"Shop\",\"item\":\"https:\/\/librairie7l.com\/en\/shop\/\"},{\"@type\":\"ListItem\",\"position\":3,\"name\":\"WISH THIS WAS REAL\"}]},{\"@type\":\"WebSite\",\"@id\":\"https:\/\/librairie7l.com\/en\/#website\",\"url\":\"https:\/\/librairie7l.com\/en\/\",\"name\":\"Librairie 7L\",\"description\":\"Librairie fond\u00e9e en 1999 par Karl Lagerfeld \u00e0 Paris\",\"publisher\":{\"@id\":\"https:\/\/librairie7l.com\/en\/#organization\"},\"potentialAction\":[{\"@type\":\"SearchAction\",\"target\":{\"@type\":\"EntryPoint\",\"urlTemplate\":\"https:\/\/librairie7l.com\/en\/?s={search_term_string}\"},\"query-input\":\"required name=search_term_string\"}],\"inLanguage\":\"en-US\"},{\"@type\":\"Organization\",\"@id\":\"https:\/\/librairie7l.com\/en\/#organization\",\"name\":\"Librairie 7L\",\"url\":\"https:\/\/librairie7l.com\/en\/\",\"logo\":{\"@type\":\"ImageObject\",\"inLanguage\":\"en-US\",\"@id\":\"https:\/\/librairie7l.com\/en\/#\/schema\/logo\/image\/\",\"url\":\"https:\/\/librairie7l.com\/wp-content\/uploads\/2022\/08\/logo-1.png\",\"contentUrl\":\"https:\/\/librairie7l.com\/wp-content\/uploads\/2022\/08\/logo-1.png\",\"width\":227,\"height\":301,\"caption\":\"Librairie 7L\"},\"image\":{\"@id\":\"https:\/\/librairie7l.com\/en\/#\/schema\/logo\/image\/\"}}]}<\/script>\n<!-- \/ Yoast SEO plugin. -->","yoast_head_json":{"title":"Wish this was real - Librairie 7L","robots":{"index":"index","follow":"follow","max-snippet":"max-snippet:-1","max-image-preview":"max-image-preview:large","max-video-preview":"max-video-preview:-1"},"canonical":"https:\/\/librairie7l.com\/en\/produit\/wish-this-was-real-2\/","og_locale":"en_US","og_type":"article","og_title":"Wish this was real - Librairie 7L","og_description":"Figure \u00e9mergente et d\u00e9sormais incontournable de la photographie contemporaine, Tyler Mitchell fa\u00e7onne des images d&#8217;utopie et du paysage am\u00e9ricain qui \u00e9largissent l&#8217;imaginaire de la condition noire au XXIe si\u00e8cle. Sa premi\u00e8re grande retrospective, &#8221; Wish This Was Real &#8220;, c\u00e9l\u00e8bre les dix premi\u00e8res ann\u00e9es de la cr\u00e9ation du photographe qui r\u00e9volutionne les repr\u00e9sentations visuelles des [&hellip;]","og_url":"https:\/\/librairie7l.com\/en\/produit\/wish-this-was-real-2\/","og_site_name":"Librairie 7L","article_modified_time":"2026-04-14T11:21:48+00:00","og_image":[{"width":600,"height":805,"url":"https:\/\/librairie7l.com\/wp-content\/uploads\/2025\/06\/9782365114547_1_75.jpg","type":"image\/jpeg"}],"twitter_card":"summary_large_image","twitter_misc":{"Est. reading time":"1 minute"},"schema":{"@context":"https:\/\/schema.org","@graph":[{"@type":"WebPage","@id":"https:\/\/librairie7l.com\/en\/produit\/wish-this-was-real-2\/","url":"https:\/\/librairie7l.com\/en\/produit\/wish-this-was-real-2\/","name":"Wish this was real - Librairie 7L","isPartOf":{"@id":"https:\/\/librairie7l.com\/en\/#website"},"datePublished":"2025-10-08T07:18:07+00:00","dateModified":"2026-04-14T11:21:48+00:00","breadcrumb":{"@id":"https:\/\/librairie7l.com\/en\/produit\/wish-this-was-real-2\/#breadcrumb"},"inLanguage":"en-US","potentialAction":[{"@type":"ReadAction","target":["https:\/\/librairie7l.com\/en\/produit\/wish-this-was-real-2\/"]}]},{"@type":"BreadcrumbList","@id":"https:\/\/librairie7l.com\/en\/produit\/wish-this-was-real-2\/#breadcrumb","itemListElement":[{"@type":"ListItem","position":1,"name":"Accueil","item":"https:\/\/librairie7l.com\/en\/"},{"@type":"ListItem","position":2,"name":"Shop","item":"https:\/\/librairie7l.com\/en\/shop\/"},{"@type":"ListItem","position":3,"name":"WISH THIS WAS REAL"}]},{"@type":"WebSite","@id":"https:\/\/librairie7l.com\/en\/#website","url":"https:\/\/librairie7l.com\/en\/","name":"Librairie 7L","description":"Librairie fond\u00e9e en 1999 par Karl Lagerfeld \u00e0 Paris","publisher":{"@id":"https:\/\/librairie7l.com\/en\/#organization"},"potentialAction":[{"@type":"SearchAction","target":{"@type":"EntryPoint","urlTemplate":"https:\/\/librairie7l.com\/en\/?s={search_term_string}"},"query-input":"required name=search_term_string"}],"inLanguage":"en-US"},{"@type":"Organization","@id":"https:\/\/librairie7l.com\/en\/#organization","name":"Librairie 7L","url":"https:\/\/librairie7l.com\/en\/","logo":{"@type":"ImageObject","inLanguage":"en-US","@id":"https:\/\/librairie7l.com\/en\/#\/schema\/logo\/image\/","url":"https:\/\/librairie7l.com\/wp-content\/uploads\/2022\/08\/logo-1.png","contentUrl":"https:\/\/librairie7l.com\/wp-content\/uploads\/2022\/08\/logo-1.png","width":227,"height":301,"caption":"Librairie 7L"},"image":{"@id":"https:\/\/librairie7l.com\/en\/#\/schema\/logo\/image\/"}}]}},"_links":{"self":[{"href":"https:\/\/librairie7l.com\/en\/wp-json\/wp\/v2\/product\/51199"}],"collection":[{"href":"https:\/\/librairie7l.com\/en\/wp-json\/wp\/v2\/product"}],"about":[{"href":"https:\/\/librairie7l.com\/en\/wp-json\/wp\/v2\/types\/product"}],"wp:featuredmedia":[{"embeddable":true,"href":"https:\/\/librairie7l.com\/en\/wp-json\/wp\/v2\/media\/51197"}],"wp:attachment":[{"href":"https:\/\/librairie7l.com\/en\/wp-json\/wp\/v2\/media?parent=51199"}],"wp:term":[{"taxonomy":"product_cat","embeddable":true,"href":"https:\/\/librairie7l.com\/en\/wp-json\/wp\/v2\/product_cat?post=51199"},{"taxonomy":"product_tag","embeddable":true,"href":"https:\/\/librairie7l.com\/en\/wp-json\/wp\/v2\/product_tag?post=51199"}],"curies":[{"name":"wp","href":"https:\/\/api.w.org\/{rel}","templated":true}]}}