{"id":51207,"date":"2025-10-08T09:18:11","date_gmt":"2025-10-08T07:18:11","guid":{"rendered":"https:\/\/librairie7l.com\/?post_type=product&#038;p=51207"},"modified":"2026-04-05T14:27:17","modified_gmt":"2026-04-05T12:27:17","slug":"le-palais-garnier-150-ans-dun-theatre-mythique-2","status":"publish","type":"product","link":"https:\/\/librairie7l.com\/en\/produit\/le-palais-garnier-150-ans-dun-theatre-mythique-2\/","title":{"rendered":"LE PALAIS GARNIER : 150 ANS D&#8217;UN TH\u00c9\u00c2TRE MYTHIQUE"},"content":{"rendered":"<p>Con\u00e7u \u00e0 l&#8217;origine pour l&#8217;art lyrique, haut lieu de la danse, le Palais Garnier a su nourrir les imaginations avant que le Fant\u00f4me de l&#8217;Op\u00e9ra de Gaston Leroux ne forge d\u00e9finitivement le mythe d&#8217;un palais f\u00e9erique, myst\u00e9rieux et inqui\u00e9tant. Symbole de la Capitale, habit\u00e9 de spectacles depuis 150 ans, sa l\u00e9gende n&#8217;est pas pr\u00e8s de s&#8217;achever.<br \/>\nLa Biblioth\u00e8que nationale de France et l&#8217;Op\u00e9ra de Paris pr\u00e9sentent au Palais Garnier, \u00e0 l&#8217;occasion de ses 150 ans, une exposition qui explore les diff\u00e9rents ressorts de la fascination exerc\u00e9e par ce lieu, afin de permettre de comprendre comment il est devenu un monument iconique, aim\u00e9 de tous.<br \/>\nVoulu pour une \u00e9lite,par Napol\u00e9on III, soucieux d&#8217;assoir son pouvoir \u00e0 travers son usage, \u00e0 l&#8217;instar de Louis XIV avec les fastes de Versailles, il devient le palais national embl\u00e9matique de la R\u00e9publique &#8211; qui, de mani\u00e8re continue jusqu&#8217;au dernier quart du xxe si\u00e8cle, le met \u00e0 contribution dans le cadre de sa politique de rayonnement international.<br \/>\nReconnu par le grand public, comme \u00e9tant surtout le palais de la danse, il est con\u00e7u \u00e0 l&#8217;origine plut\u00f4t pour l&#8217;art lyrique &#8211; avant que l&#8217;art chor\u00e9graphique ne s&#8217;y affirme et que les m\u00e9dias n&#8217;en popularisent une image peupl\u00e9e de silhouettes en tutu -, et sa r\u00e9alit\u00e9 est celle d&#8217;un th\u00e9\u00e2tre proposant de mani\u00e8re harmonieuse des spectacles de danse et d&#8217;op\u00e9ra.<br \/>\nPalais des l\u00e9gendes, enfin, il a pu nourrir les imaginations par les charmes de son architecture avant m\u00eame que Gaston Leroux n&#8217;en fasse le sujet de son Fant\u00f4me de l&#8217;Op\u00e9ra, forgeant d\u00e9finitivement le mythe d&#8217;un palais \u00e0 la fois f\u00e9erique, myst\u00e9rieux et inqui\u00e9tant.<br \/>\nEnfin, que l&#8217;on \u00e9voque la pr\u00e9sence rare mais remarqu\u00e9e de Maria Callas, les spectacles somptueux de l&#8217;\u00e8re Liebermann, la premi\u00e8re mondiale du Saint Fran\u00e7ois d&#8217;Assise de Messiaen, v\u00e9ritable tournant dans la musique contemporaine, ou la politique artistique ambitieuse des directeurs successifs et l&#8217;invitation d&#8217;artistes de renom portant un regard neuf sur ce th\u00e9\u00e2tre du xixe si\u00e8cle, la l\u00e9gende du Palais Garnier se continue de s&#8217;\u00e9crire.<\/p>\n","protected":false},"excerpt":{"rendered":"<p>Con\u00e7u \u00e0 l&#8217;origine pour l&#8217;art lyrique, haut lieu de la danse, le Palais Garnier a su nourrir les imaginations avant que le Fant\u00f4me de l&#8217;Op\u00e9ra de Gaston Leroux ne forge d\u00e9finitivement le mythe d&#8217;un palais f\u00e9erique, myst\u00e9rieux et inqui\u00e9tant. Symbole de la Capitale, habit\u00e9 de spectacles depuis 150 ans, sa l\u00e9gende n&#8217;est pas pr\u00e8s de [&hellip;]<\/p>\n","protected":false},"featured_media":51205,"template":"","meta":[],"product_cat":[2948,2950],"product_tag":[],"acf":[],"yoast_head":"<!-- This site is optimized with the Yoast SEO plugin v20.11 - https:\/\/yoast.com\/wordpress\/plugins\/seo\/ -->\n<title>Le Palais Garnier : 150 ans d&#039;un th\u00e9\u00e2tre mythique - Librairie 7L<\/title>\n<meta name=\"robots\" content=\"index, follow, max-snippet:-1, max-image-preview:large, max-video-preview:-1\" \/>\n<link rel=\"canonical\" href=\"https:\/\/librairie7l.com\/en\/produit\/le-palais-garnier-150-ans-dun-theatre-mythique-2\/\" \/>\n<meta property=\"og:locale\" content=\"en_US\" \/>\n<meta property=\"og:type\" content=\"article\" \/>\n<meta property=\"og:title\" content=\"Le Palais Garnier : 150 ans d&#039;un th\u00e9\u00e2tre mythique - Librairie 7L\" \/>\n<meta property=\"og:description\" content=\"Con\u00e7u \u00e0 l&#8217;origine pour l&#8217;art lyrique, haut lieu de la danse, le Palais Garnier a su nourrir les imaginations avant que le Fant\u00f4me de l&#8217;Op\u00e9ra de Gaston Leroux ne forge d\u00e9finitivement le mythe d&#8217;un palais f\u00e9erique, myst\u00e9rieux et inqui\u00e9tant. Symbole de la Capitale, habit\u00e9 de spectacles depuis 150 ans, sa l\u00e9gende n&#8217;est pas pr\u00e8s de [&hellip;]\" \/>\n<meta property=\"og:url\" content=\"https:\/\/librairie7l.com\/en\/produit\/le-palais-garnier-150-ans-dun-theatre-mythique-2\/\" \/>\n<meta property=\"og:site_name\" content=\"Librairie 7L\" \/>\n<meta property=\"article:modified_time\" content=\"2026-04-05T12:27:17+00:00\" \/>\n<meta property=\"og:image\" content=\"https:\/\/librairie7l.com\/wp-content\/uploads\/2025\/06\/9782717730104_1_75.jpg\" \/>\n\t<meta property=\"og:image:width\" content=\"600\" \/>\n\t<meta property=\"og:image:height\" content=\"729\" \/>\n\t<meta property=\"og:image:type\" content=\"image\/jpeg\" \/>\n<meta name=\"twitter:card\" content=\"summary_large_image\" \/>\n<meta name=\"twitter:label1\" content=\"Est. reading time\" \/>\n\t<meta name=\"twitter:data1\" content=\"2 minutes\" \/>\n<script type=\"application\/ld+json\" class=\"yoast-schema-graph\">{\"@context\":\"https:\/\/schema.org\",\"@graph\":[{\"@type\":\"WebPage\",\"@id\":\"https:\/\/librairie7l.com\/en\/produit\/le-palais-garnier-150-ans-dun-theatre-mythique-2\/\",\"url\":\"https:\/\/librairie7l.com\/en\/produit\/le-palais-garnier-150-ans-dun-theatre-mythique-2\/\",\"name\":\"Le Palais Garnier : 150 ans d'un th\u00e9\u00e2tre mythique - Librairie 7L\",\"isPartOf\":{\"@id\":\"https:\/\/librairie7l.com\/en\/#website\"},\"datePublished\":\"2025-10-08T07:18:11+00:00\",\"dateModified\":\"2026-04-05T12:27:17+00:00\",\"breadcrumb\":{\"@id\":\"https:\/\/librairie7l.com\/en\/produit\/le-palais-garnier-150-ans-dun-theatre-mythique-2\/#breadcrumb\"},\"inLanguage\":\"en-US\",\"potentialAction\":[{\"@type\":\"ReadAction\",\"target\":[\"https:\/\/librairie7l.com\/en\/produit\/le-palais-garnier-150-ans-dun-theatre-mythique-2\/\"]}]},{\"@type\":\"BreadcrumbList\",\"@id\":\"https:\/\/librairie7l.com\/en\/produit\/le-palais-garnier-150-ans-dun-theatre-mythique-2\/#breadcrumb\",\"itemListElement\":[{\"@type\":\"ListItem\",\"position\":1,\"name\":\"Accueil\",\"item\":\"https:\/\/librairie7l.com\/en\/\"},{\"@type\":\"ListItem\",\"position\":2,\"name\":\"Shop\",\"item\":\"https:\/\/librairie7l.com\/en\/shop\/\"},{\"@type\":\"ListItem\",\"position\":3,\"name\":\"LE PALAIS GARNIER : 150 ANS D&#8217;UN TH\u00c9\u00c2TRE MYTHIQUE\"}]},{\"@type\":\"WebSite\",\"@id\":\"https:\/\/librairie7l.com\/en\/#website\",\"url\":\"https:\/\/librairie7l.com\/en\/\",\"name\":\"Librairie 7L\",\"description\":\"Librairie fond\u00e9e en 1999 par Karl Lagerfeld \u00e0 Paris\",\"publisher\":{\"@id\":\"https:\/\/librairie7l.com\/en\/#organization\"},\"potentialAction\":[{\"@type\":\"SearchAction\",\"target\":{\"@type\":\"EntryPoint\",\"urlTemplate\":\"https:\/\/librairie7l.com\/en\/?s={search_term_string}\"},\"query-input\":\"required name=search_term_string\"}],\"inLanguage\":\"en-US\"},{\"@type\":\"Organization\",\"@id\":\"https:\/\/librairie7l.com\/en\/#organization\",\"name\":\"Librairie 7L\",\"url\":\"https:\/\/librairie7l.com\/en\/\",\"logo\":{\"@type\":\"ImageObject\",\"inLanguage\":\"en-US\",\"@id\":\"https:\/\/librairie7l.com\/en\/#\/schema\/logo\/image\/\",\"url\":\"https:\/\/librairie7l.com\/wp-content\/uploads\/2022\/08\/logo-1.png\",\"contentUrl\":\"https:\/\/librairie7l.com\/wp-content\/uploads\/2022\/08\/logo-1.png\",\"width\":227,\"height\":301,\"caption\":\"Librairie 7L\"},\"image\":{\"@id\":\"https:\/\/librairie7l.com\/en\/#\/schema\/logo\/image\/\"}}]}<\/script>\n<!-- \/ Yoast SEO plugin. -->","yoast_head_json":{"title":"Le Palais Garnier : 150 ans d'un th\u00e9\u00e2tre mythique - Librairie 7L","robots":{"index":"index","follow":"follow","max-snippet":"max-snippet:-1","max-image-preview":"max-image-preview:large","max-video-preview":"max-video-preview:-1"},"canonical":"https:\/\/librairie7l.com\/en\/produit\/le-palais-garnier-150-ans-dun-theatre-mythique-2\/","og_locale":"en_US","og_type":"article","og_title":"Le Palais Garnier : 150 ans d'un th\u00e9\u00e2tre mythique - Librairie 7L","og_description":"Con\u00e7u \u00e0 l&#8217;origine pour l&#8217;art lyrique, haut lieu de la danse, le Palais Garnier a su nourrir les imaginations avant que le Fant\u00f4me de l&#8217;Op\u00e9ra de Gaston Leroux ne forge d\u00e9finitivement le mythe d&#8217;un palais f\u00e9erique, myst\u00e9rieux et inqui\u00e9tant. Symbole de la Capitale, habit\u00e9 de spectacles depuis 150 ans, sa l\u00e9gende n&#8217;est pas pr\u00e8s de [&hellip;]","og_url":"https:\/\/librairie7l.com\/en\/produit\/le-palais-garnier-150-ans-dun-theatre-mythique-2\/","og_site_name":"Librairie 7L","article_modified_time":"2026-04-05T12:27:17+00:00","og_image":[{"width":600,"height":729,"url":"https:\/\/librairie7l.com\/wp-content\/uploads\/2025\/06\/9782717730104_1_75.jpg","type":"image\/jpeg"}],"twitter_card":"summary_large_image","twitter_misc":{"Est. reading time":"2 minutes"},"schema":{"@context":"https:\/\/schema.org","@graph":[{"@type":"WebPage","@id":"https:\/\/librairie7l.com\/en\/produit\/le-palais-garnier-150-ans-dun-theatre-mythique-2\/","url":"https:\/\/librairie7l.com\/en\/produit\/le-palais-garnier-150-ans-dun-theatre-mythique-2\/","name":"Le Palais Garnier : 150 ans d'un th\u00e9\u00e2tre mythique - Librairie 7L","isPartOf":{"@id":"https:\/\/librairie7l.com\/en\/#website"},"datePublished":"2025-10-08T07:18:11+00:00","dateModified":"2026-04-05T12:27:17+00:00","breadcrumb":{"@id":"https:\/\/librairie7l.com\/en\/produit\/le-palais-garnier-150-ans-dun-theatre-mythique-2\/#breadcrumb"},"inLanguage":"en-US","potentialAction":[{"@type":"ReadAction","target":["https:\/\/librairie7l.com\/en\/produit\/le-palais-garnier-150-ans-dun-theatre-mythique-2\/"]}]},{"@type":"BreadcrumbList","@id":"https:\/\/librairie7l.com\/en\/produit\/le-palais-garnier-150-ans-dun-theatre-mythique-2\/#breadcrumb","itemListElement":[{"@type":"ListItem","position":1,"name":"Accueil","item":"https:\/\/librairie7l.com\/en\/"},{"@type":"ListItem","position":2,"name":"Shop","item":"https:\/\/librairie7l.com\/en\/shop\/"},{"@type":"ListItem","position":3,"name":"LE PALAIS GARNIER : 150 ANS D&#8217;UN TH\u00c9\u00c2TRE MYTHIQUE"}]},{"@type":"WebSite","@id":"https:\/\/librairie7l.com\/en\/#website","url":"https:\/\/librairie7l.com\/en\/","name":"Librairie 7L","description":"Librairie fond\u00e9e en 1999 par Karl Lagerfeld \u00e0 Paris","publisher":{"@id":"https:\/\/librairie7l.com\/en\/#organization"},"potentialAction":[{"@type":"SearchAction","target":{"@type":"EntryPoint","urlTemplate":"https:\/\/librairie7l.com\/en\/?s={search_term_string}"},"query-input":"required name=search_term_string"}],"inLanguage":"en-US"},{"@type":"Organization","@id":"https:\/\/librairie7l.com\/en\/#organization","name":"Librairie 7L","url":"https:\/\/librairie7l.com\/en\/","logo":{"@type":"ImageObject","inLanguage":"en-US","@id":"https:\/\/librairie7l.com\/en\/#\/schema\/logo\/image\/","url":"https:\/\/librairie7l.com\/wp-content\/uploads\/2022\/08\/logo-1.png","contentUrl":"https:\/\/librairie7l.com\/wp-content\/uploads\/2022\/08\/logo-1.png","width":227,"height":301,"caption":"Librairie 7L"},"image":{"@id":"https:\/\/librairie7l.com\/en\/#\/schema\/logo\/image\/"}}]}},"_links":{"self":[{"href":"https:\/\/librairie7l.com\/en\/wp-json\/wp\/v2\/product\/51207"}],"collection":[{"href":"https:\/\/librairie7l.com\/en\/wp-json\/wp\/v2\/product"}],"about":[{"href":"https:\/\/librairie7l.com\/en\/wp-json\/wp\/v2\/types\/product"}],"wp:featuredmedia":[{"embeddable":true,"href":"https:\/\/librairie7l.com\/en\/wp-json\/wp\/v2\/media\/51205"}],"wp:attachment":[{"href":"https:\/\/librairie7l.com\/en\/wp-json\/wp\/v2\/media?parent=51207"}],"wp:term":[{"taxonomy":"product_cat","embeddable":true,"href":"https:\/\/librairie7l.com\/en\/wp-json\/wp\/v2\/product_cat?post=51207"},{"taxonomy":"product_tag","embeddable":true,"href":"https:\/\/librairie7l.com\/en\/wp-json\/wp\/v2\/product_tag?post=51207"}],"curies":[{"name":"wp","href":"https:\/\/api.w.org\/{rel}","templated":true}]}}