{"id":51223,"date":"2025-10-08T09:18:23","date_gmt":"2025-10-08T07:18:23","guid":{"rendered":"https:\/\/librairie7l.com\/?post_type=product&#038;p=51223"},"modified":"2026-04-12T19:46:47","modified_gmt":"2026-04-12T17:46:47","slug":"amazonia-creations-et-futurs-autochtones-2","status":"publish","type":"product","link":"https:\/\/librairie7l.com\/en\/produit\/amazonia-creations-et-futurs-autochtones-2\/","title":{"rendered":"AMAZ\u00d4NIA : CR\u00c9ATIONS ET FUTURS AUTOCHTONES"},"content":{"rendered":"<p>Le catalogue Amaz\u00f4nia pr\u00e9sente la contemporan\u00e9it\u00e9 des mondes amazoniens \u00e0 travers le temps et l &#8216;espace, r\u00e9v\u00e9lant des conceptions historiques et esth\u00e9tiques singuli\u00e8res. Malgr\u00e9 sa c\u00e9l\u00e9brit\u00e9, cette partie du monde reste paradoxalement m\u00e9connue. Au-del\u00e0 de la for\u00eat vierge fantasm\u00e9e par l&#8217;Occident, cette publication pr\u00e9sente l&#8217;Amazonie comme un \u00e9cosyst\u00e8me complexe, \u00e0 travers le regard des peuples autochtones habitant la r\u00e9gion. Divers, pluriels, ils sont \u00e0 la fois anciens et contemporains. Au fil des mill\u00e9naires, ces peuples ont fa\u00e7onn\u00e9 cette for\u00eat partag\u00e9e avec les esprits, les animaux, ou encore les explorateurs. Ancr\u00e9s dans la tradition, menac\u00e9s par la modernit\u00e9 occidentale, l&#8217;Amazonie et ses peuples se sont tourn\u00e9s vers d&#8217;autres futurs possibles.<\/p>\n","protected":false},"excerpt":{"rendered":"<p>Le catalogue Amaz\u00f4nia pr\u00e9sente la contemporan\u00e9it\u00e9 des mondes amazoniens \u00e0 travers le temps et l &#8216;espace, r\u00e9v\u00e9lant des conceptions historiques et esth\u00e9tiques singuli\u00e8res. Malgr\u00e9 sa c\u00e9l\u00e9brit\u00e9, cette partie du monde reste paradoxalement m\u00e9connue. Au-del\u00e0 de la for\u00eat vierge fantasm\u00e9e par l&#8217;Occident, cette publication pr\u00e9sente l&#8217;Amazonie comme un \u00e9cosyst\u00e8me complexe, \u00e0 travers le regard des peuples [&hellip;]<\/p>\n","protected":false},"featured_media":51221,"template":"","meta":[],"product_cat":[2948,2953],"product_tag":[],"acf":[],"yoast_head":"<!-- This site is optimized with the Yoast SEO plugin v20.11 - https:\/\/yoast.com\/wordpress\/plugins\/seo\/ -->\n<title>Amaz\u00f4nia : Cr\u00e9ations et futurs autochtones - Librairie 7L<\/title>\n<meta name=\"robots\" content=\"index, follow, max-snippet:-1, max-image-preview:large, max-video-preview:-1\" \/>\n<link rel=\"canonical\" href=\"https:\/\/librairie7l.com\/en\/produit\/amazonia-creations-et-futurs-autochtones-2\/\" \/>\n<meta property=\"og:locale\" content=\"en_US\" \/>\n<meta property=\"og:type\" content=\"article\" \/>\n<meta property=\"og:title\" content=\"Amaz\u00f4nia : Cr\u00e9ations et futurs autochtones - Librairie 7L\" \/>\n<meta property=\"og:description\" content=\"Le catalogue Amaz\u00f4nia pr\u00e9sente la contemporan\u00e9it\u00e9 des mondes amazoniens \u00e0 travers le temps et l &#8216;espace, r\u00e9v\u00e9lant des conceptions historiques et esth\u00e9tiques singuli\u00e8res. Malgr\u00e9 sa c\u00e9l\u00e9brit\u00e9, cette partie du monde reste paradoxalement m\u00e9connue. Au-del\u00e0 de la for\u00eat vierge fantasm\u00e9e par l&#8217;Occident, cette publication pr\u00e9sente l&#8217;Amazonie comme un \u00e9cosyst\u00e8me complexe, \u00e0 travers le regard des peuples [&hellip;]\" \/>\n<meta property=\"og:url\" content=\"https:\/\/librairie7l.com\/en\/produit\/amazonia-creations-et-futurs-autochtones-2\/\" \/>\n<meta property=\"og:site_name\" content=\"Librairie 7L\" \/>\n<meta property=\"article:modified_time\" content=\"2026-04-12T17:46:47+00:00\" \/>\n<meta property=\"og:image\" content=\"https:\/\/librairie7l.com\/wp-content\/uploads\/2025\/09\/9782370742681_1_75.jpg\" \/>\n\t<meta property=\"og:image:width\" content=\"600\" \/>\n\t<meta property=\"og:image:height\" content=\"600\" \/>\n\t<meta property=\"og:image:type\" content=\"image\/jpeg\" \/>\n<meta name=\"twitter:card\" content=\"summary_large_image\" \/>\n<meta name=\"twitter:label1\" content=\"Est. reading time\" \/>\n\t<meta name=\"twitter:data1\" content=\"1 minute\" \/>\n<script type=\"application\/ld+json\" class=\"yoast-schema-graph\">{\"@context\":\"https:\/\/schema.org\",\"@graph\":[{\"@type\":\"WebPage\",\"@id\":\"https:\/\/librairie7l.com\/en\/produit\/amazonia-creations-et-futurs-autochtones-2\/\",\"url\":\"https:\/\/librairie7l.com\/en\/produit\/amazonia-creations-et-futurs-autochtones-2\/\",\"name\":\"Amaz\u00f4nia : Cr\u00e9ations et futurs autochtones - Librairie 7L\",\"isPartOf\":{\"@id\":\"https:\/\/librairie7l.com\/en\/#website\"},\"datePublished\":\"2025-10-08T07:18:23+00:00\",\"dateModified\":\"2026-04-12T17:46:47+00:00\",\"breadcrumb\":{\"@id\":\"https:\/\/librairie7l.com\/en\/produit\/amazonia-creations-et-futurs-autochtones-2\/#breadcrumb\"},\"inLanguage\":\"en-US\",\"potentialAction\":[{\"@type\":\"ReadAction\",\"target\":[\"https:\/\/librairie7l.com\/en\/produit\/amazonia-creations-et-futurs-autochtones-2\/\"]}]},{\"@type\":\"BreadcrumbList\",\"@id\":\"https:\/\/librairie7l.com\/en\/produit\/amazonia-creations-et-futurs-autochtones-2\/#breadcrumb\",\"itemListElement\":[{\"@type\":\"ListItem\",\"position\":1,\"name\":\"Accueil\",\"item\":\"https:\/\/librairie7l.com\/en\/\"},{\"@type\":\"ListItem\",\"position\":2,\"name\":\"Shop\",\"item\":\"https:\/\/librairie7l.com\/en\/shop\/\"},{\"@type\":\"ListItem\",\"position\":3,\"name\":\"AMAZ\u00d4NIA : CR\u00c9ATIONS ET FUTURS AUTOCHTONES\"}]},{\"@type\":\"WebSite\",\"@id\":\"https:\/\/librairie7l.com\/en\/#website\",\"url\":\"https:\/\/librairie7l.com\/en\/\",\"name\":\"Librairie 7L\",\"description\":\"Librairie fond\u00e9e en 1999 par Karl Lagerfeld \u00e0 Paris\",\"publisher\":{\"@id\":\"https:\/\/librairie7l.com\/en\/#organization\"},\"potentialAction\":[{\"@type\":\"SearchAction\",\"target\":{\"@type\":\"EntryPoint\",\"urlTemplate\":\"https:\/\/librairie7l.com\/en\/?s={search_term_string}\"},\"query-input\":\"required name=search_term_string\"}],\"inLanguage\":\"en-US\"},{\"@type\":\"Organization\",\"@id\":\"https:\/\/librairie7l.com\/en\/#organization\",\"name\":\"Librairie 7L\",\"url\":\"https:\/\/librairie7l.com\/en\/\",\"logo\":{\"@type\":\"ImageObject\",\"inLanguage\":\"en-US\",\"@id\":\"https:\/\/librairie7l.com\/en\/#\/schema\/logo\/image\/\",\"url\":\"https:\/\/librairie7l.com\/wp-content\/uploads\/2022\/08\/logo-1.png\",\"contentUrl\":\"https:\/\/librairie7l.com\/wp-content\/uploads\/2022\/08\/logo-1.png\",\"width\":227,\"height\":301,\"caption\":\"Librairie 7L\"},\"image\":{\"@id\":\"https:\/\/librairie7l.com\/en\/#\/schema\/logo\/image\/\"}}]}<\/script>\n<!-- \/ Yoast SEO plugin. -->","yoast_head_json":{"title":"Amaz\u00f4nia : Cr\u00e9ations et futurs autochtones - Librairie 7L","robots":{"index":"index","follow":"follow","max-snippet":"max-snippet:-1","max-image-preview":"max-image-preview:large","max-video-preview":"max-video-preview:-1"},"canonical":"https:\/\/librairie7l.com\/en\/produit\/amazonia-creations-et-futurs-autochtones-2\/","og_locale":"en_US","og_type":"article","og_title":"Amaz\u00f4nia : Cr\u00e9ations et futurs autochtones - Librairie 7L","og_description":"Le catalogue Amaz\u00f4nia pr\u00e9sente la contemporan\u00e9it\u00e9 des mondes amazoniens \u00e0 travers le temps et l &#8216;espace, r\u00e9v\u00e9lant des conceptions historiques et esth\u00e9tiques singuli\u00e8res. Malgr\u00e9 sa c\u00e9l\u00e9brit\u00e9, cette partie du monde reste paradoxalement m\u00e9connue. Au-del\u00e0 de la for\u00eat vierge fantasm\u00e9e par l&#8217;Occident, cette publication pr\u00e9sente l&#8217;Amazonie comme un \u00e9cosyst\u00e8me complexe, \u00e0 travers le regard des peuples [&hellip;]","og_url":"https:\/\/librairie7l.com\/en\/produit\/amazonia-creations-et-futurs-autochtones-2\/","og_site_name":"Librairie 7L","article_modified_time":"2026-04-12T17:46:47+00:00","og_image":[{"width":600,"height":600,"url":"https:\/\/librairie7l.com\/wp-content\/uploads\/2025\/09\/9782370742681_1_75.jpg","type":"image\/jpeg"}],"twitter_card":"summary_large_image","twitter_misc":{"Est. reading time":"1 minute"},"schema":{"@context":"https:\/\/schema.org","@graph":[{"@type":"WebPage","@id":"https:\/\/librairie7l.com\/en\/produit\/amazonia-creations-et-futurs-autochtones-2\/","url":"https:\/\/librairie7l.com\/en\/produit\/amazonia-creations-et-futurs-autochtones-2\/","name":"Amaz\u00f4nia : Cr\u00e9ations et futurs autochtones - Librairie 7L","isPartOf":{"@id":"https:\/\/librairie7l.com\/en\/#website"},"datePublished":"2025-10-08T07:18:23+00:00","dateModified":"2026-04-12T17:46:47+00:00","breadcrumb":{"@id":"https:\/\/librairie7l.com\/en\/produit\/amazonia-creations-et-futurs-autochtones-2\/#breadcrumb"},"inLanguage":"en-US","potentialAction":[{"@type":"ReadAction","target":["https:\/\/librairie7l.com\/en\/produit\/amazonia-creations-et-futurs-autochtones-2\/"]}]},{"@type":"BreadcrumbList","@id":"https:\/\/librairie7l.com\/en\/produit\/amazonia-creations-et-futurs-autochtones-2\/#breadcrumb","itemListElement":[{"@type":"ListItem","position":1,"name":"Accueil","item":"https:\/\/librairie7l.com\/en\/"},{"@type":"ListItem","position":2,"name":"Shop","item":"https:\/\/librairie7l.com\/en\/shop\/"},{"@type":"ListItem","position":3,"name":"AMAZ\u00d4NIA : CR\u00c9ATIONS ET FUTURS AUTOCHTONES"}]},{"@type":"WebSite","@id":"https:\/\/librairie7l.com\/en\/#website","url":"https:\/\/librairie7l.com\/en\/","name":"Librairie 7L","description":"Librairie fond\u00e9e en 1999 par Karl Lagerfeld \u00e0 Paris","publisher":{"@id":"https:\/\/librairie7l.com\/en\/#organization"},"potentialAction":[{"@type":"SearchAction","target":{"@type":"EntryPoint","urlTemplate":"https:\/\/librairie7l.com\/en\/?s={search_term_string}"},"query-input":"required name=search_term_string"}],"inLanguage":"en-US"},{"@type":"Organization","@id":"https:\/\/librairie7l.com\/en\/#organization","name":"Librairie 7L","url":"https:\/\/librairie7l.com\/en\/","logo":{"@type":"ImageObject","inLanguage":"en-US","@id":"https:\/\/librairie7l.com\/en\/#\/schema\/logo\/image\/","url":"https:\/\/librairie7l.com\/wp-content\/uploads\/2022\/08\/logo-1.png","contentUrl":"https:\/\/librairie7l.com\/wp-content\/uploads\/2022\/08\/logo-1.png","width":227,"height":301,"caption":"Librairie 7L"},"image":{"@id":"https:\/\/librairie7l.com\/en\/#\/schema\/logo\/image\/"}}]}},"_links":{"self":[{"href":"https:\/\/librairie7l.com\/en\/wp-json\/wp\/v2\/product\/51223"}],"collection":[{"href":"https:\/\/librairie7l.com\/en\/wp-json\/wp\/v2\/product"}],"about":[{"href":"https:\/\/librairie7l.com\/en\/wp-json\/wp\/v2\/types\/product"}],"wp:featuredmedia":[{"embeddable":true,"href":"https:\/\/librairie7l.com\/en\/wp-json\/wp\/v2\/media\/51221"}],"wp:attachment":[{"href":"https:\/\/librairie7l.com\/en\/wp-json\/wp\/v2\/media?parent=51223"}],"wp:term":[{"taxonomy":"product_cat","embeddable":true,"href":"https:\/\/librairie7l.com\/en\/wp-json\/wp\/v2\/product_cat?post=51223"},{"taxonomy":"product_tag","embeddable":true,"href":"https:\/\/librairie7l.com\/en\/wp-json\/wp\/v2\/product_tag?post=51223"}],"curies":[{"name":"wp","href":"https:\/\/api.w.org\/{rel}","templated":true}]}}