{"id":51231,"date":"2025-10-08T10:16:12","date_gmt":"2025-10-08T08:16:12","guid":{"rendered":"https:\/\/librairie7l.com\/?post_type=product&#038;p=51231"},"modified":"2026-04-17T04:24:04","modified_gmt":"2026-04-17T02:24:04","slug":"kandinsky-la-musique-des-couleurs-2","status":"publish","type":"product","link":"https:\/\/librairie7l.com\/en\/produit\/kandinsky-la-musique-des-couleurs-2\/","title":{"rendered":"KANDINSKY : LA MUSIQUE DES COULEURS"},"content":{"rendered":"<p>Le Centre Pompidou et le Mus\u00e9e de la musique-Philharmonie de Paris s&#8217;associent pour concevoir et produire une grande exposition sur l&#8217;imaginaire de la musique dans l&#8217;oeuvre de Vassily Kandinsky. Pr\u00e9sent\u00e9e \u00e0 la Philharmonie de Paris du 14 octobre 2025 au 1er f\u00e9vrier 2026, cette exposition rassemble pr\u00e8s de 200 oeuvres du ma\u00eetre et objets de son atelier (partitions, disques, livres, outils, etc&#8230;), qui tous expriment la place fondamentale de la musique dans son quotidien, dans sa vocation de peintre et dans l&#8217;\u00e9volution de sa pratique vers l&#8217;abstraction.<\/p>\n<p>Aucune exposition n&#8217;a jusqu&#8217;alors abord\u00e9 ce sujet dans sa globalit\u00e9, et surtout replac\u00e9 la production du peintre, des paysages russes aux oeuvres du Bauhaus, dans l&#8217;effervescence musicale de son temps. Nul doute pourtant que les exp\u00e9riences d&#8217;Alexandre Scriabine, Thomas von Hartmann, Arnold Sch\u00f6nberg ou encore Anton Webern d\u00e9finissent l&#8217;horizon d&#8217;\u00e9coute essentiel de la modernit\u00e9 et de l&#8217;abstraction picturales. Du \u00ab choc \u00bb Wagner qu&#8217;\u00e9prouve Kandinsky en 1896 lors d&#8217;une repr\u00e9sentation de Lohengrin \u00e0 Moscou, \u00e0 la d\u00e9couverte des oeuvres atonales de Sch\u00f6nberg en 1911 \u00e0 Munich, de ses tentatives d&#8217;une nouvelle forme d&#8217;\u00abart total\u00bb sur sc\u00e8ne \u00e0 l&#8217;enseignement prodigu\u00e9 au Bauhaus, la musique est une cl\u00e9 indispensable pour appr\u00e9cier l&#8217;oeuvre de l&#8217;artiste russe.<\/p>\n<p>Le catalogue de l&#8217;exposition rassemble des textes de nombreux sp\u00e9cialistes fran\u00e7ais et internationaux qui offrent une vision nouvelle des relations entre peinture et musique au cours de la premi\u00e8re moiti\u00e9 du 20e si\u00e8cle.<\/p>\n","protected":false},"excerpt":{"rendered":"<p>Le Centre Pompidou et le Mus\u00e9e de la musique-Philharmonie de Paris s&#8217;associent pour concevoir et produire une grande exposition sur l&#8217;imaginaire de la musique dans l&#8217;oeuvre de Vassily Kandinsky. Pr\u00e9sent\u00e9e \u00e0 la Philharmonie de Paris du 14 octobre 2025 au 1er f\u00e9vrier 2026, cette exposition rassemble pr\u00e8s de 200 oeuvres du ma\u00eetre et objets de [&hellip;]<\/p>\n","protected":false},"featured_media":51229,"template":"","meta":[],"product_cat":[2948,2953],"product_tag":[],"acf":[],"yoast_head":"<!-- This site is optimized with the Yoast SEO plugin v20.11 - https:\/\/yoast.com\/wordpress\/plugins\/seo\/ -->\n<title>Kandinsky : La musique des couleurs - Librairie 7L<\/title>\n<meta name=\"robots\" content=\"index, follow, max-snippet:-1, max-image-preview:large, max-video-preview:-1\" \/>\n<link rel=\"canonical\" href=\"https:\/\/librairie7l.com\/en\/produit\/kandinsky-la-musique-des-couleurs-2\/\" \/>\n<meta property=\"og:locale\" content=\"en_US\" \/>\n<meta property=\"og:type\" content=\"article\" \/>\n<meta property=\"og:title\" content=\"Kandinsky : La musique des couleurs - Librairie 7L\" \/>\n<meta property=\"og:description\" content=\"Le Centre Pompidou et le Mus\u00e9e de la musique-Philharmonie de Paris s&#8217;associent pour concevoir et produire une grande exposition sur l&#8217;imaginaire de la musique dans l&#8217;oeuvre de Vassily Kandinsky. Pr\u00e9sent\u00e9e \u00e0 la Philharmonie de Paris du 14 octobre 2025 au 1er f\u00e9vrier 2026, cette exposition rassemble pr\u00e8s de 200 oeuvres du ma\u00eetre et objets de [&hellip;]\" \/>\n<meta property=\"og:url\" content=\"https:\/\/librairie7l.com\/en\/produit\/kandinsky-la-musique-des-couleurs-2\/\" \/>\n<meta property=\"og:site_name\" content=\"Librairie 7L\" \/>\n<meta property=\"article:modified_time\" content=\"2026-04-17T02:24:04+00:00\" \/>\n<meta property=\"og:image\" content=\"https:\/\/librairie7l.com\/wp-content\/uploads\/2025\/05\/9782386540295_1_75.jpg\" \/>\n\t<meta property=\"og:image:width\" content=\"600\" \/>\n\t<meta property=\"og:image:height\" content=\"812\" \/>\n\t<meta property=\"og:image:type\" content=\"image\/jpeg\" \/>\n<meta name=\"twitter:card\" content=\"summary_large_image\" \/>\n<meta name=\"twitter:label1\" content=\"Est. reading time\" \/>\n\t<meta name=\"twitter:data1\" content=\"1 minute\" \/>\n<script type=\"application\/ld+json\" class=\"yoast-schema-graph\">{\"@context\":\"https:\/\/schema.org\",\"@graph\":[{\"@type\":\"WebPage\",\"@id\":\"https:\/\/librairie7l.com\/en\/produit\/kandinsky-la-musique-des-couleurs-2\/\",\"url\":\"https:\/\/librairie7l.com\/en\/produit\/kandinsky-la-musique-des-couleurs-2\/\",\"name\":\"Kandinsky : La musique des couleurs - Librairie 7L\",\"isPartOf\":{\"@id\":\"https:\/\/librairie7l.com\/en\/#website\"},\"datePublished\":\"2025-10-08T08:16:12+00:00\",\"dateModified\":\"2026-04-17T02:24:04+00:00\",\"breadcrumb\":{\"@id\":\"https:\/\/librairie7l.com\/en\/produit\/kandinsky-la-musique-des-couleurs-2\/#breadcrumb\"},\"inLanguage\":\"en-US\",\"potentialAction\":[{\"@type\":\"ReadAction\",\"target\":[\"https:\/\/librairie7l.com\/en\/produit\/kandinsky-la-musique-des-couleurs-2\/\"]}]},{\"@type\":\"BreadcrumbList\",\"@id\":\"https:\/\/librairie7l.com\/en\/produit\/kandinsky-la-musique-des-couleurs-2\/#breadcrumb\",\"itemListElement\":[{\"@type\":\"ListItem\",\"position\":1,\"name\":\"Accueil\",\"item\":\"https:\/\/librairie7l.com\/en\/\"},{\"@type\":\"ListItem\",\"position\":2,\"name\":\"Shop\",\"item\":\"https:\/\/librairie7l.com\/en\/shop\/\"},{\"@type\":\"ListItem\",\"position\":3,\"name\":\"KANDINSKY : LA MUSIQUE DES COULEURS\"}]},{\"@type\":\"WebSite\",\"@id\":\"https:\/\/librairie7l.com\/en\/#website\",\"url\":\"https:\/\/librairie7l.com\/en\/\",\"name\":\"Librairie 7L\",\"description\":\"Librairie fond\u00e9e en 1999 par Karl Lagerfeld \u00e0 Paris\",\"publisher\":{\"@id\":\"https:\/\/librairie7l.com\/en\/#organization\"},\"potentialAction\":[{\"@type\":\"SearchAction\",\"target\":{\"@type\":\"EntryPoint\",\"urlTemplate\":\"https:\/\/librairie7l.com\/en\/?s={search_term_string}\"},\"query-input\":\"required name=search_term_string\"}],\"inLanguage\":\"en-US\"},{\"@type\":\"Organization\",\"@id\":\"https:\/\/librairie7l.com\/en\/#organization\",\"name\":\"Librairie 7L\",\"url\":\"https:\/\/librairie7l.com\/en\/\",\"logo\":{\"@type\":\"ImageObject\",\"inLanguage\":\"en-US\",\"@id\":\"https:\/\/librairie7l.com\/en\/#\/schema\/logo\/image\/\",\"url\":\"https:\/\/librairie7l.com\/wp-content\/uploads\/2022\/08\/logo-1.png\",\"contentUrl\":\"https:\/\/librairie7l.com\/wp-content\/uploads\/2022\/08\/logo-1.png\",\"width\":227,\"height\":301,\"caption\":\"Librairie 7L\"},\"image\":{\"@id\":\"https:\/\/librairie7l.com\/en\/#\/schema\/logo\/image\/\"}}]}<\/script>\n<!-- \/ Yoast SEO plugin. -->","yoast_head_json":{"title":"Kandinsky : La musique des couleurs - Librairie 7L","robots":{"index":"index","follow":"follow","max-snippet":"max-snippet:-1","max-image-preview":"max-image-preview:large","max-video-preview":"max-video-preview:-1"},"canonical":"https:\/\/librairie7l.com\/en\/produit\/kandinsky-la-musique-des-couleurs-2\/","og_locale":"en_US","og_type":"article","og_title":"Kandinsky : La musique des couleurs - Librairie 7L","og_description":"Le Centre Pompidou et le Mus\u00e9e de la musique-Philharmonie de Paris s&#8217;associent pour concevoir et produire une grande exposition sur l&#8217;imaginaire de la musique dans l&#8217;oeuvre de Vassily Kandinsky. Pr\u00e9sent\u00e9e \u00e0 la Philharmonie de Paris du 14 octobre 2025 au 1er f\u00e9vrier 2026, cette exposition rassemble pr\u00e8s de 200 oeuvres du ma\u00eetre et objets de [&hellip;]","og_url":"https:\/\/librairie7l.com\/en\/produit\/kandinsky-la-musique-des-couleurs-2\/","og_site_name":"Librairie 7L","article_modified_time":"2026-04-17T02:24:04+00:00","og_image":[{"width":600,"height":812,"url":"https:\/\/librairie7l.com\/wp-content\/uploads\/2025\/05\/9782386540295_1_75.jpg","type":"image\/jpeg"}],"twitter_card":"summary_large_image","twitter_misc":{"Est. reading time":"1 minute"},"schema":{"@context":"https:\/\/schema.org","@graph":[{"@type":"WebPage","@id":"https:\/\/librairie7l.com\/en\/produit\/kandinsky-la-musique-des-couleurs-2\/","url":"https:\/\/librairie7l.com\/en\/produit\/kandinsky-la-musique-des-couleurs-2\/","name":"Kandinsky : La musique des couleurs - Librairie 7L","isPartOf":{"@id":"https:\/\/librairie7l.com\/en\/#website"},"datePublished":"2025-10-08T08:16:12+00:00","dateModified":"2026-04-17T02:24:04+00:00","breadcrumb":{"@id":"https:\/\/librairie7l.com\/en\/produit\/kandinsky-la-musique-des-couleurs-2\/#breadcrumb"},"inLanguage":"en-US","potentialAction":[{"@type":"ReadAction","target":["https:\/\/librairie7l.com\/en\/produit\/kandinsky-la-musique-des-couleurs-2\/"]}]},{"@type":"BreadcrumbList","@id":"https:\/\/librairie7l.com\/en\/produit\/kandinsky-la-musique-des-couleurs-2\/#breadcrumb","itemListElement":[{"@type":"ListItem","position":1,"name":"Accueil","item":"https:\/\/librairie7l.com\/en\/"},{"@type":"ListItem","position":2,"name":"Shop","item":"https:\/\/librairie7l.com\/en\/shop\/"},{"@type":"ListItem","position":3,"name":"KANDINSKY : LA MUSIQUE DES COULEURS"}]},{"@type":"WebSite","@id":"https:\/\/librairie7l.com\/en\/#website","url":"https:\/\/librairie7l.com\/en\/","name":"Librairie 7L","description":"Librairie fond\u00e9e en 1999 par Karl Lagerfeld \u00e0 Paris","publisher":{"@id":"https:\/\/librairie7l.com\/en\/#organization"},"potentialAction":[{"@type":"SearchAction","target":{"@type":"EntryPoint","urlTemplate":"https:\/\/librairie7l.com\/en\/?s={search_term_string}"},"query-input":"required name=search_term_string"}],"inLanguage":"en-US"},{"@type":"Organization","@id":"https:\/\/librairie7l.com\/en\/#organization","name":"Librairie 7L","url":"https:\/\/librairie7l.com\/en\/","logo":{"@type":"ImageObject","inLanguage":"en-US","@id":"https:\/\/librairie7l.com\/en\/#\/schema\/logo\/image\/","url":"https:\/\/librairie7l.com\/wp-content\/uploads\/2022\/08\/logo-1.png","contentUrl":"https:\/\/librairie7l.com\/wp-content\/uploads\/2022\/08\/logo-1.png","width":227,"height":301,"caption":"Librairie 7L"},"image":{"@id":"https:\/\/librairie7l.com\/en\/#\/schema\/logo\/image\/"}}]}},"_links":{"self":[{"href":"https:\/\/librairie7l.com\/en\/wp-json\/wp\/v2\/product\/51231"}],"collection":[{"href":"https:\/\/librairie7l.com\/en\/wp-json\/wp\/v2\/product"}],"about":[{"href":"https:\/\/librairie7l.com\/en\/wp-json\/wp\/v2\/types\/product"}],"wp:featuredmedia":[{"embeddable":true,"href":"https:\/\/librairie7l.com\/en\/wp-json\/wp\/v2\/media\/51229"}],"wp:attachment":[{"href":"https:\/\/librairie7l.com\/en\/wp-json\/wp\/v2\/media?parent=51231"}],"wp:term":[{"taxonomy":"product_cat","embeddable":true,"href":"https:\/\/librairie7l.com\/en\/wp-json\/wp\/v2\/product_cat?post=51231"},{"taxonomy":"product_tag","embeddable":true,"href":"https:\/\/librairie7l.com\/en\/wp-json\/wp\/v2\/product_tag?post=51231"}],"curies":[{"name":"wp","href":"https:\/\/api.w.org\/{rel}","templated":true}]}}