{"id":51271,"date":"2025-10-09T09:18:16","date_gmt":"2025-10-09T07:18:16","guid":{"rendered":"https:\/\/librairie7l.com\/?post_type=product&#038;p=51271"},"modified":"2026-04-05T07:26:02","modified_gmt":"2026-04-05T05:26:02","slug":"monographie-illustree-2","status":"publish","type":"product","link":"https:\/\/librairie7l.com\/en\/produit\/monographie-illustree-2\/","title":{"rendered":"MONOGRAPHIE ILLUSTR\u00c9E"},"content":{"rendered":"<p>L&#8217;architecture et ses repr\u00e9sentations foisonnent dans un ouvrage o\u00f9 l&#8217;iconographie g\u00e9n\u00e9reuse se parcourt comme un \u00e9pais roman litt\u00e9raire.Il est question d&#8217;un processus de pens\u00e9e, d&#8217;une architecture ne cachant pas son attirance pour l&#8217;art contemporain, par le truchement de fictions: autant de pas de c\u00f4t\u00e9 qui conduisent \u00e0 quatre livres-chapitres dans l&#8217;ouvrage qui, comme des concepts raisonn\u00e9s, \u00e9tablissent des attitudes et leurs cons\u00e9quences en architecture. Topographier Nous irons de surfaces en profondeurs pour \u00e9tablir que le dessous de la terre, souvent d\u00e9ni\u00e9, constitue une ressource environnementale et urbaine pour la fabrique de la ville durable et la protection des paysages. Cartographier Nous irons de b\u00e2timent en b\u00e2timent, qui, souvent participent \u00e0 d\u00e9finir la silhouette-skyline des villes toujours solidaires d&#8217;un quartier d\u00e9j\u00e0-l\u00e0 ou en devenir. Comme une chor\u00e9graphie, chacun adopte sa figure-posture pour entrer en r\u00e9sonnance de formes et de lieux. \u00c9crire A l&#8217;image d&#8217;un tableau des \u00e9l\u00e9ments p\u00e9riodiques de Dmitri Mendele\u00efev, la grille urbaine s&#8217;applique et se d\u00e9forme pour devenir, suivant les contextes, une m\u00e9galopole ou un fragment de la cit\u00e9. R\u00e9\u00e9crire Toute reprise d&#8217;un d\u00e9j\u00e0-l\u00e0 part du postulat de l&#8217;inach\u00e8vement de l&#8217;architecture. Le process reste toujours ouvert : l&#8217;objet architectural n&#8217;est pas fix\u00e9, non moins que son milieu urbain. Dans cette constellation de projets, de 2008 \u00e0 2028, le lecteur pourra se perdre avec d\u00e9lice et construire sa propre ville imaginaire, faite d&#8217;architectures construites ou non.<\/p>\n","protected":false},"excerpt":{"rendered":"<p>L&#8217;architecture et ses repr\u00e9sentations foisonnent dans un ouvrage o\u00f9 l&#8217;iconographie g\u00e9n\u00e9reuse se parcourt comme un \u00e9pais roman litt\u00e9raire.Il est question d&#8217;un processus de pens\u00e9e, d&#8217;une architecture ne cachant pas son attirance pour l&#8217;art contemporain, par le truchement de fictions: autant de pas de c\u00f4t\u00e9 qui conduisent \u00e0 quatre livres-chapitres dans l&#8217;ouvrage qui, comme des concepts [&hellip;]<\/p>\n","protected":false},"featured_media":51269,"template":"","meta":[],"product_cat":[2948,2950],"product_tag":[],"acf":[],"yoast_head":"<!-- This site is optimized with the Yoast SEO plugin v20.11 - https:\/\/yoast.com\/wordpress\/plugins\/seo\/ -->\n<title>Monographie illustr\u00e9e - Librairie 7L<\/title>\n<meta name=\"robots\" content=\"index, follow, max-snippet:-1, max-image-preview:large, max-video-preview:-1\" \/>\n<link rel=\"canonical\" href=\"https:\/\/librairie7l.com\/en\/produit\/monographie-illustree-2\/\" \/>\n<meta property=\"og:locale\" content=\"en_US\" \/>\n<meta property=\"og:type\" content=\"article\" \/>\n<meta property=\"og:title\" content=\"Monographie illustr\u00e9e - Librairie 7L\" \/>\n<meta property=\"og:description\" content=\"L&#8217;architecture et ses repr\u00e9sentations foisonnent dans un ouvrage o\u00f9 l&#8217;iconographie g\u00e9n\u00e9reuse se parcourt comme un \u00e9pais roman litt\u00e9raire.Il est question d&#8217;un processus de pens\u00e9e, d&#8217;une architecture ne cachant pas son attirance pour l&#8217;art contemporain, par le truchement de fictions: autant de pas de c\u00f4t\u00e9 qui conduisent \u00e0 quatre livres-chapitres dans l&#8217;ouvrage qui, comme des concepts [&hellip;]\" \/>\n<meta property=\"og:url\" content=\"https:\/\/librairie7l.com\/en\/produit\/monographie-illustree-2\/\" \/>\n<meta property=\"og:site_name\" content=\"Librairie 7L\" \/>\n<meta property=\"article:modified_time\" content=\"2026-04-05T05:26:02+00:00\" \/>\n<meta property=\"og:image\" content=\"https:\/\/librairie7l.com\/wp-content\/uploads\/2025\/05\/9782073067708_1_75.jpg\" \/>\n\t<meta property=\"og:image:width\" content=\"600\" \/>\n\t<meta property=\"og:image:height\" content=\"666\" \/>\n\t<meta property=\"og:image:type\" content=\"image\/jpeg\" \/>\n<meta name=\"twitter:card\" content=\"summary_large_image\" \/>\n<meta name=\"twitter:label1\" content=\"Est. reading time\" \/>\n\t<meta name=\"twitter:data1\" content=\"1 minute\" \/>\n<script type=\"application\/ld+json\" class=\"yoast-schema-graph\">{\"@context\":\"https:\/\/schema.org\",\"@graph\":[{\"@type\":\"WebPage\",\"@id\":\"https:\/\/librairie7l.com\/en\/produit\/monographie-illustree-2\/\",\"url\":\"https:\/\/librairie7l.com\/en\/produit\/monographie-illustree-2\/\",\"name\":\"Monographie illustr\u00e9e - Librairie 7L\",\"isPartOf\":{\"@id\":\"https:\/\/librairie7l.com\/en\/#website\"},\"datePublished\":\"2025-10-09T07:18:16+00:00\",\"dateModified\":\"2026-04-05T05:26:02+00:00\",\"breadcrumb\":{\"@id\":\"https:\/\/librairie7l.com\/en\/produit\/monographie-illustree-2\/#breadcrumb\"},\"inLanguage\":\"en-US\",\"potentialAction\":[{\"@type\":\"ReadAction\",\"target\":[\"https:\/\/librairie7l.com\/en\/produit\/monographie-illustree-2\/\"]}]},{\"@type\":\"BreadcrumbList\",\"@id\":\"https:\/\/librairie7l.com\/en\/produit\/monographie-illustree-2\/#breadcrumb\",\"itemListElement\":[{\"@type\":\"ListItem\",\"position\":1,\"name\":\"Accueil\",\"item\":\"https:\/\/librairie7l.com\/en\/\"},{\"@type\":\"ListItem\",\"position\":2,\"name\":\"Shop\",\"item\":\"https:\/\/librairie7l.com\/en\/shop\/\"},{\"@type\":\"ListItem\",\"position\":3,\"name\":\"MONOGRAPHIE ILLUSTR\u00c9E\"}]},{\"@type\":\"WebSite\",\"@id\":\"https:\/\/librairie7l.com\/en\/#website\",\"url\":\"https:\/\/librairie7l.com\/en\/\",\"name\":\"Librairie 7L\",\"description\":\"Librairie fond\u00e9e en 1999 par Karl Lagerfeld \u00e0 Paris\",\"publisher\":{\"@id\":\"https:\/\/librairie7l.com\/en\/#organization\"},\"potentialAction\":[{\"@type\":\"SearchAction\",\"target\":{\"@type\":\"EntryPoint\",\"urlTemplate\":\"https:\/\/librairie7l.com\/en\/?s={search_term_string}\"},\"query-input\":\"required name=search_term_string\"}],\"inLanguage\":\"en-US\"},{\"@type\":\"Organization\",\"@id\":\"https:\/\/librairie7l.com\/en\/#organization\",\"name\":\"Librairie 7L\",\"url\":\"https:\/\/librairie7l.com\/en\/\",\"logo\":{\"@type\":\"ImageObject\",\"inLanguage\":\"en-US\",\"@id\":\"https:\/\/librairie7l.com\/en\/#\/schema\/logo\/image\/\",\"url\":\"https:\/\/librairie7l.com\/wp-content\/uploads\/2022\/08\/logo-1.png\",\"contentUrl\":\"https:\/\/librairie7l.com\/wp-content\/uploads\/2022\/08\/logo-1.png\",\"width\":227,\"height\":301,\"caption\":\"Librairie 7L\"},\"image\":{\"@id\":\"https:\/\/librairie7l.com\/en\/#\/schema\/logo\/image\/\"}}]}<\/script>\n<!-- \/ Yoast SEO plugin. -->","yoast_head_json":{"title":"Monographie illustr\u00e9e - Librairie 7L","robots":{"index":"index","follow":"follow","max-snippet":"max-snippet:-1","max-image-preview":"max-image-preview:large","max-video-preview":"max-video-preview:-1"},"canonical":"https:\/\/librairie7l.com\/en\/produit\/monographie-illustree-2\/","og_locale":"en_US","og_type":"article","og_title":"Monographie illustr\u00e9e - Librairie 7L","og_description":"L&#8217;architecture et ses repr\u00e9sentations foisonnent dans un ouvrage o\u00f9 l&#8217;iconographie g\u00e9n\u00e9reuse se parcourt comme un \u00e9pais roman litt\u00e9raire.Il est question d&#8217;un processus de pens\u00e9e, d&#8217;une architecture ne cachant pas son attirance pour l&#8217;art contemporain, par le truchement de fictions: autant de pas de c\u00f4t\u00e9 qui conduisent \u00e0 quatre livres-chapitres dans l&#8217;ouvrage qui, comme des concepts [&hellip;]","og_url":"https:\/\/librairie7l.com\/en\/produit\/monographie-illustree-2\/","og_site_name":"Librairie 7L","article_modified_time":"2026-04-05T05:26:02+00:00","og_image":[{"width":600,"height":666,"url":"https:\/\/librairie7l.com\/wp-content\/uploads\/2025\/05\/9782073067708_1_75.jpg","type":"image\/jpeg"}],"twitter_card":"summary_large_image","twitter_misc":{"Est. reading time":"1 minute"},"schema":{"@context":"https:\/\/schema.org","@graph":[{"@type":"WebPage","@id":"https:\/\/librairie7l.com\/en\/produit\/monographie-illustree-2\/","url":"https:\/\/librairie7l.com\/en\/produit\/monographie-illustree-2\/","name":"Monographie illustr\u00e9e - Librairie 7L","isPartOf":{"@id":"https:\/\/librairie7l.com\/en\/#website"},"datePublished":"2025-10-09T07:18:16+00:00","dateModified":"2026-04-05T05:26:02+00:00","breadcrumb":{"@id":"https:\/\/librairie7l.com\/en\/produit\/monographie-illustree-2\/#breadcrumb"},"inLanguage":"en-US","potentialAction":[{"@type":"ReadAction","target":["https:\/\/librairie7l.com\/en\/produit\/monographie-illustree-2\/"]}]},{"@type":"BreadcrumbList","@id":"https:\/\/librairie7l.com\/en\/produit\/monographie-illustree-2\/#breadcrumb","itemListElement":[{"@type":"ListItem","position":1,"name":"Accueil","item":"https:\/\/librairie7l.com\/en\/"},{"@type":"ListItem","position":2,"name":"Shop","item":"https:\/\/librairie7l.com\/en\/shop\/"},{"@type":"ListItem","position":3,"name":"MONOGRAPHIE ILLUSTR\u00c9E"}]},{"@type":"WebSite","@id":"https:\/\/librairie7l.com\/en\/#website","url":"https:\/\/librairie7l.com\/en\/","name":"Librairie 7L","description":"Librairie fond\u00e9e en 1999 par Karl Lagerfeld \u00e0 Paris","publisher":{"@id":"https:\/\/librairie7l.com\/en\/#organization"},"potentialAction":[{"@type":"SearchAction","target":{"@type":"EntryPoint","urlTemplate":"https:\/\/librairie7l.com\/en\/?s={search_term_string}"},"query-input":"required name=search_term_string"}],"inLanguage":"en-US"},{"@type":"Organization","@id":"https:\/\/librairie7l.com\/en\/#organization","name":"Librairie 7L","url":"https:\/\/librairie7l.com\/en\/","logo":{"@type":"ImageObject","inLanguage":"en-US","@id":"https:\/\/librairie7l.com\/en\/#\/schema\/logo\/image\/","url":"https:\/\/librairie7l.com\/wp-content\/uploads\/2022\/08\/logo-1.png","contentUrl":"https:\/\/librairie7l.com\/wp-content\/uploads\/2022\/08\/logo-1.png","width":227,"height":301,"caption":"Librairie 7L"},"image":{"@id":"https:\/\/librairie7l.com\/en\/#\/schema\/logo\/image\/"}}]}},"_links":{"self":[{"href":"https:\/\/librairie7l.com\/en\/wp-json\/wp\/v2\/product\/51271"}],"collection":[{"href":"https:\/\/librairie7l.com\/en\/wp-json\/wp\/v2\/product"}],"about":[{"href":"https:\/\/librairie7l.com\/en\/wp-json\/wp\/v2\/types\/product"}],"wp:featuredmedia":[{"embeddable":true,"href":"https:\/\/librairie7l.com\/en\/wp-json\/wp\/v2\/media\/51269"}],"wp:attachment":[{"href":"https:\/\/librairie7l.com\/en\/wp-json\/wp\/v2\/media?parent=51271"}],"wp:term":[{"taxonomy":"product_cat","embeddable":true,"href":"https:\/\/librairie7l.com\/en\/wp-json\/wp\/v2\/product_cat?post=51271"},{"taxonomy":"product_tag","embeddable":true,"href":"https:\/\/librairie7l.com\/en\/wp-json\/wp\/v2\/product_tag?post=51271"}],"curies":[{"name":"wp","href":"https:\/\/api.w.org\/{rel}","templated":true}]}}