{"id":51283,"date":"2025-10-09T09:18:24","date_gmt":"2025-10-09T07:18:24","guid":{"rendered":"https:\/\/librairie7l.com\/?post_type=product&#038;p=51283"},"modified":"2026-04-14T16:23:06","modified_gmt":"2026-04-14T14:23:06","slug":"dictionnaire-des-outils-2","status":"publish","type":"product","link":"https:\/\/librairie7l.com\/en\/produit\/dictionnaire-des-outils-2\/","title":{"rendered":"DICTIONNAIRE DES OUTILS"},"content":{"rendered":"<p>Ce dictionnaire d&#8217;exception s&#8217;adresse tant aux connaisseurs passionn\u00e9s qu&#8217;aux chineurs, aux amateurs d&#8217;art populaire comme aux lecteurs curieux, intrigu\u00e9s par un outil inconnu ou aimant a` reconna\u00eetre dans ces objets fa\u00e7onn\u00e9s par la main de l&#8217;homme la destination, le geste et le savoir-faire.<br \/>\nGr\u00e2ce a` plus de 1 500 photos, plus de 600 outils \u00e9voquent le monde du travail des artisans, la complicit\u00e9 de l&#8217;homme avec ses outils, ses mouvements, mati\u00e8re contre mati\u00e8re. Il fait la part belle a` l&#8217;illustration : les outils sont r\u00e9pertori\u00e9s sous leur nom usuel qui, parfois, ne manquera pas de vous surprendre : louve, pasd&#8217;\u00e2ne ou encore tarabiscot&#8230; Les illustrations sont accompagn\u00e9es d&#8217;un descriptif qui fait mention du m\u00e9tier auquel les outils sont rattach\u00e9s, des \u00ab instruments \u00bb de travail qui nous rem\u00e9morent les usages de professions parfois menac\u00e9es d&#8217;oubli. Un large tour d&#8217;horizon ou` les activit\u00e9s li\u00e9es a` la terre et les mat\u00e9riaux &#8211; le bois, le m\u00e9tal, la pierre, le cuir et le verre &#8211; se c\u00f4toient comme par le pass\u00e9.<\/p>\n","protected":false},"excerpt":{"rendered":"<p>Ce dictionnaire d&#8217;exception s&#8217;adresse tant aux connaisseurs passionn\u00e9s qu&#8217;aux chineurs, aux amateurs d&#8217;art populaire comme aux lecteurs curieux, intrigu\u00e9s par un outil inconnu ou aimant a` reconna\u00eetre dans ces objets fa\u00e7onn\u00e9s par la main de l&#8217;homme la destination, le geste et le savoir-faire. Gr\u00e2ce a` plus de 1 500 photos, plus de 600 outils \u00e9voquent [&hellip;]<\/p>\n","protected":false},"featured_media":51281,"template":"","meta":[],"product_cat":[2948,2952],"product_tag":[],"acf":[],"yoast_head":"<!-- This site is optimized with the Yoast SEO plugin v20.11 - https:\/\/yoast.com\/wordpress\/plugins\/seo\/ -->\n<title>Dictionnaire des outils - Librairie 7L<\/title>\n<meta name=\"robots\" content=\"index, follow, max-snippet:-1, max-image-preview:large, max-video-preview:-1\" \/>\n<link rel=\"canonical\" href=\"https:\/\/librairie7l.com\/en\/produit\/dictionnaire-des-outils-2\/\" \/>\n<meta property=\"og:locale\" content=\"en_US\" \/>\n<meta property=\"og:type\" content=\"article\" \/>\n<meta property=\"og:title\" content=\"Dictionnaire des outils - Librairie 7L\" \/>\n<meta property=\"og:description\" content=\"Ce dictionnaire d&#8217;exception s&#8217;adresse tant aux connaisseurs passionn\u00e9s qu&#8217;aux chineurs, aux amateurs d&#8217;art populaire comme aux lecteurs curieux, intrigu\u00e9s par un outil inconnu ou aimant a` reconna\u00eetre dans ces objets fa\u00e7onn\u00e9s par la main de l&#8217;homme la destination, le geste et le savoir-faire. Gr\u00e2ce a` plus de 1 500 photos, plus de 600 outils \u00e9voquent [&hellip;]\" \/>\n<meta property=\"og:url\" content=\"https:\/\/librairie7l.com\/en\/produit\/dictionnaire-des-outils-2\/\" \/>\n<meta property=\"og:site_name\" content=\"Librairie 7L\" \/>\n<meta property=\"article:modified_time\" content=\"2026-04-14T14:23:06+00:00\" \/>\n<meta property=\"og:image\" content=\"https:\/\/librairie7l.com\/wp-content\/uploads\/2025\/05\/9782812940385_1_75.jpg\" \/>\n\t<meta property=\"og:image:width\" content=\"400\" \/>\n\t<meta property=\"og:image:height\" content=\"400\" \/>\n\t<meta property=\"og:image:type\" content=\"image\/jpeg\" \/>\n<meta name=\"twitter:card\" content=\"summary_large_image\" \/>\n<meta name=\"twitter:label1\" content=\"Est. reading time\" \/>\n\t<meta name=\"twitter:data1\" content=\"1 minute\" \/>\n<script type=\"application\/ld+json\" class=\"yoast-schema-graph\">{\"@context\":\"https:\/\/schema.org\",\"@graph\":[{\"@type\":\"WebPage\",\"@id\":\"https:\/\/librairie7l.com\/en\/produit\/dictionnaire-des-outils-2\/\",\"url\":\"https:\/\/librairie7l.com\/en\/produit\/dictionnaire-des-outils-2\/\",\"name\":\"Dictionnaire des outils - Librairie 7L\",\"isPartOf\":{\"@id\":\"https:\/\/librairie7l.com\/en\/#website\"},\"datePublished\":\"2025-10-09T07:18:24+00:00\",\"dateModified\":\"2026-04-14T14:23:06+00:00\",\"breadcrumb\":{\"@id\":\"https:\/\/librairie7l.com\/en\/produit\/dictionnaire-des-outils-2\/#breadcrumb\"},\"inLanguage\":\"en-US\",\"potentialAction\":[{\"@type\":\"ReadAction\",\"target\":[\"https:\/\/librairie7l.com\/en\/produit\/dictionnaire-des-outils-2\/\"]}]},{\"@type\":\"BreadcrumbList\",\"@id\":\"https:\/\/librairie7l.com\/en\/produit\/dictionnaire-des-outils-2\/#breadcrumb\",\"itemListElement\":[{\"@type\":\"ListItem\",\"position\":1,\"name\":\"Accueil\",\"item\":\"https:\/\/librairie7l.com\/en\/\"},{\"@type\":\"ListItem\",\"position\":2,\"name\":\"Shop\",\"item\":\"https:\/\/librairie7l.com\/en\/shop\/\"},{\"@type\":\"ListItem\",\"position\":3,\"name\":\"DICTIONNAIRE DES OUTILS\"}]},{\"@type\":\"WebSite\",\"@id\":\"https:\/\/librairie7l.com\/en\/#website\",\"url\":\"https:\/\/librairie7l.com\/en\/\",\"name\":\"Librairie 7L\",\"description\":\"Librairie fond\u00e9e en 1999 par Karl Lagerfeld \u00e0 Paris\",\"publisher\":{\"@id\":\"https:\/\/librairie7l.com\/en\/#organization\"},\"potentialAction\":[{\"@type\":\"SearchAction\",\"target\":{\"@type\":\"EntryPoint\",\"urlTemplate\":\"https:\/\/librairie7l.com\/en\/?s={search_term_string}\"},\"query-input\":\"required name=search_term_string\"}],\"inLanguage\":\"en-US\"},{\"@type\":\"Organization\",\"@id\":\"https:\/\/librairie7l.com\/en\/#organization\",\"name\":\"Librairie 7L\",\"url\":\"https:\/\/librairie7l.com\/en\/\",\"logo\":{\"@type\":\"ImageObject\",\"inLanguage\":\"en-US\",\"@id\":\"https:\/\/librairie7l.com\/en\/#\/schema\/logo\/image\/\",\"url\":\"https:\/\/librairie7l.com\/wp-content\/uploads\/2022\/08\/logo-1.png\",\"contentUrl\":\"https:\/\/librairie7l.com\/wp-content\/uploads\/2022\/08\/logo-1.png\",\"width\":227,\"height\":301,\"caption\":\"Librairie 7L\"},\"image\":{\"@id\":\"https:\/\/librairie7l.com\/en\/#\/schema\/logo\/image\/\"}}]}<\/script>\n<!-- \/ Yoast SEO plugin. -->","yoast_head_json":{"title":"Dictionnaire des outils - Librairie 7L","robots":{"index":"index","follow":"follow","max-snippet":"max-snippet:-1","max-image-preview":"max-image-preview:large","max-video-preview":"max-video-preview:-1"},"canonical":"https:\/\/librairie7l.com\/en\/produit\/dictionnaire-des-outils-2\/","og_locale":"en_US","og_type":"article","og_title":"Dictionnaire des outils - Librairie 7L","og_description":"Ce dictionnaire d&#8217;exception s&#8217;adresse tant aux connaisseurs passionn\u00e9s qu&#8217;aux chineurs, aux amateurs d&#8217;art populaire comme aux lecteurs curieux, intrigu\u00e9s par un outil inconnu ou aimant a` reconna\u00eetre dans ces objets fa\u00e7onn\u00e9s par la main de l&#8217;homme la destination, le geste et le savoir-faire. Gr\u00e2ce a` plus de 1 500 photos, plus de 600 outils \u00e9voquent [&hellip;]","og_url":"https:\/\/librairie7l.com\/en\/produit\/dictionnaire-des-outils-2\/","og_site_name":"Librairie 7L","article_modified_time":"2026-04-14T14:23:06+00:00","og_image":[{"width":400,"height":400,"url":"https:\/\/librairie7l.com\/wp-content\/uploads\/2025\/05\/9782812940385_1_75.jpg","type":"image\/jpeg"}],"twitter_card":"summary_large_image","twitter_misc":{"Est. reading time":"1 minute"},"schema":{"@context":"https:\/\/schema.org","@graph":[{"@type":"WebPage","@id":"https:\/\/librairie7l.com\/en\/produit\/dictionnaire-des-outils-2\/","url":"https:\/\/librairie7l.com\/en\/produit\/dictionnaire-des-outils-2\/","name":"Dictionnaire des outils - Librairie 7L","isPartOf":{"@id":"https:\/\/librairie7l.com\/en\/#website"},"datePublished":"2025-10-09T07:18:24+00:00","dateModified":"2026-04-14T14:23:06+00:00","breadcrumb":{"@id":"https:\/\/librairie7l.com\/en\/produit\/dictionnaire-des-outils-2\/#breadcrumb"},"inLanguage":"en-US","potentialAction":[{"@type":"ReadAction","target":["https:\/\/librairie7l.com\/en\/produit\/dictionnaire-des-outils-2\/"]}]},{"@type":"BreadcrumbList","@id":"https:\/\/librairie7l.com\/en\/produit\/dictionnaire-des-outils-2\/#breadcrumb","itemListElement":[{"@type":"ListItem","position":1,"name":"Accueil","item":"https:\/\/librairie7l.com\/en\/"},{"@type":"ListItem","position":2,"name":"Shop","item":"https:\/\/librairie7l.com\/en\/shop\/"},{"@type":"ListItem","position":3,"name":"DICTIONNAIRE DES OUTILS"}]},{"@type":"WebSite","@id":"https:\/\/librairie7l.com\/en\/#website","url":"https:\/\/librairie7l.com\/en\/","name":"Librairie 7L","description":"Librairie fond\u00e9e en 1999 par Karl Lagerfeld \u00e0 Paris","publisher":{"@id":"https:\/\/librairie7l.com\/en\/#organization"},"potentialAction":[{"@type":"SearchAction","target":{"@type":"EntryPoint","urlTemplate":"https:\/\/librairie7l.com\/en\/?s={search_term_string}"},"query-input":"required name=search_term_string"}],"inLanguage":"en-US"},{"@type":"Organization","@id":"https:\/\/librairie7l.com\/en\/#organization","name":"Librairie 7L","url":"https:\/\/librairie7l.com\/en\/","logo":{"@type":"ImageObject","inLanguage":"en-US","@id":"https:\/\/librairie7l.com\/en\/#\/schema\/logo\/image\/","url":"https:\/\/librairie7l.com\/wp-content\/uploads\/2022\/08\/logo-1.png","contentUrl":"https:\/\/librairie7l.com\/wp-content\/uploads\/2022\/08\/logo-1.png","width":227,"height":301,"caption":"Librairie 7L"},"image":{"@id":"https:\/\/librairie7l.com\/en\/#\/schema\/logo\/image\/"}}]}},"_links":{"self":[{"href":"https:\/\/librairie7l.com\/en\/wp-json\/wp\/v2\/product\/51283"}],"collection":[{"href":"https:\/\/librairie7l.com\/en\/wp-json\/wp\/v2\/product"}],"about":[{"href":"https:\/\/librairie7l.com\/en\/wp-json\/wp\/v2\/types\/product"}],"wp:featuredmedia":[{"embeddable":true,"href":"https:\/\/librairie7l.com\/en\/wp-json\/wp\/v2\/media\/51281"}],"wp:attachment":[{"href":"https:\/\/librairie7l.com\/en\/wp-json\/wp\/v2\/media?parent=51283"}],"wp:term":[{"taxonomy":"product_cat","embeddable":true,"href":"https:\/\/librairie7l.com\/en\/wp-json\/wp\/v2\/product_cat?post=51283"},{"taxonomy":"product_tag","embeddable":true,"href":"https:\/\/librairie7l.com\/en\/wp-json\/wp\/v2\/product_tag?post=51283"}],"curies":[{"name":"wp","href":"https:\/\/api.w.org\/{rel}","templated":true}]}}